{"id":1329,"date":"2023-10-10T18:46:56","date_gmt":"2023-10-10T16:46:56","guid":{"rendered":"https:\/\/www.fleximat.es\/?page_id=1329"},"modified":"2023-11-23T10:53:28","modified_gmt":"2023-11-23T09:53:28","slug":"politica-de-privacidad","status":"publish","type":"page","link":"https:\/\/www.fleximat.es\/sv\/politica-de-privacidad\/","title":{"rendered":"Integritetspolicy"},"content":{"rendered":"<p>Konfidentialitet och s\u00e4kerhet \u00e4r prim\u00e4ra v\u00e4rden f\u00f6r FLEXIMAT SL och f\u00f6ljaktligen tar vi p\u00e5 oss \u00e5tagandet att garantera Anv\u00e4ndarens integritet hela tiden och att inte samla in on\u00f6dig information. Nedan f\u00f6rser vi dig med all n\u00f6dv\u00e4ndig information om v\u00e5r integritetspolicy i relation till de personuppgifter vi samlar in, och f\u00f6rklarar:<\/p>\n\n\n\n<ul class=\"wp-block-list\">\n<li>Vem \u00e4r ansvarig f\u00f6r behandlingen av dina uppgifter.<\/li>\n\n\n\n<li>F\u00f6r vilka \u00e4ndam\u00e5l samlar vi in de uppgifter vi beg\u00e4r.<\/li>\n\n\n\n<li>Vad \u00e4r legitimiteten f\u00f6r din behandling.<\/li>\n\n\n\n<li>Hur l\u00e4nge beh\u00e5ller vi dem?<\/li>\n\n\n\n<li>Till vilka mottagare din data kommuniceras.<\/li>\n\n\n\n<li>Vilka \u00e4r dina r\u00e4ttigheter?<\/li>\n<\/ul>\n\n\n\n<p><strong>1. Ansvarig<\/strong><strong>:<\/strong><\/p>\n\n\n\n<p>FLEXIMAT SL (B61575379)<\/p>\n\n\n\n<ul class=\"wp-block-list\">\n<li>C\/ Marcel.li Massana, 20, 08206. Sabadell (Barcelona, SPANIEN)<\/li>\n\n\n\n<li>e-post:&nbsp;<a href=\"mailto:comercial@fleximat.es\">comercial@fleximat.es<\/a><\/li>\n<\/ul>\n\n\n\n<p><strong>2. Syfte, legitimitet och bevarande av behandlingen av data som skickas igenom<\/strong><strong>:<\/strong><\/p>\n\n\n\n<ul class=\"wp-block-list\">\n<li>KONTAKTFORMUL\u00c4R.<br>Syfte: F\u00f6rse dig med ett s\u00e4tt att du kan kontakta oss och svara p\u00e5 dina f\u00f6rfr\u00e5gningar om information, samt skicka dig kommunikation om v\u00e5ra produkter, tj\u00e4nster och aktiviteter, inklusive p\u00e5 elektronisk v\u00e4g (e-post, SMS, WhatsApp), om du kontrollerar l\u00e5dan acceptans.<br>Legitimation: Anv\u00e4ndarens samtycke n\u00e4r han beg\u00e4r information fr\u00e5n oss via v\u00e5rt kontaktformul\u00e4r och genom att markera rutan f\u00f6r att acceptera s\u00e4ndning av information.<br>Konservering: N\u00e4r din f\u00f6rfr\u00e5gan har skickats in via v\u00e5rt formul\u00e4r eller besvarats via e-post, om den inte har genererat en ny behandling, och om du har accepterat att ta emot kommersiella f\u00f6rs\u00e4ndelser, tills du beg\u00e4r att de avbryts.<\/li>\n<\/ul>\n\n\n\n<ul class=\"wp-block-list\">\n<li>SKICKA E-POST.<br>Syfte: Svara p\u00e5 dina f\u00f6rfr\u00e5gningar om information, svara p\u00e5 dina f\u00f6rfr\u00e5gningar och svara p\u00e5 dina fr\u00e5gor eller tvivel.<br>Legitimation: Anv\u00e4ndarens samtycke n\u00e4r han beg\u00e4r information fr\u00e5n oss via e-postadressen.<br>Konservering: N\u00e4r din f\u00f6rfr\u00e5gan har besvarats via e-post, om den inte har genererat en ny behandling.<\/li>\n<\/ul>\n\n\n\n<ul class=\"wp-block-list\">\n<li>ATT SKICKA CURRICULUM VITAE MED E-POST<br>Syfte: Ha ditt CV f\u00f6r att delta i v\u00e5ra personalvalsprocesser.<br>Legitimation: Anv\u00e4ndarens samtycke n\u00e4r han skickar sin personliga information och CV f\u00f6r v\u00e5ra personalvalsprocesser.<br>Konservering: Under utveckling av \u00f6ppna personalvalsprocesser och under 1 \u00e5r f\u00f6r framtida processer.<\/li>\n<\/ul>\n\n\n\n<p><strong>3. Mottagare av dina uppgifter<\/strong><\/p>\n\n\n\n<p>Dina uppgifter \u00e4r konfidentiella och kommer inte att \u00f6verf\u00f6ras till tredje part, s\u00e5vida det inte finns en juridisk skyldighet.<\/p>\n\n\n\n<p><strong>4. R\u00e4ttigheter i f\u00f6rh\u00e5llande till dina personuppgifter<\/strong><\/p>\n\n\n\n<p>Varje person kan n\u00e4r som helst \u00e5terkalla sitt samtycke n\u00e4r det har beviljats f\u00f6r behandlingen av deras uppgifter. I inget fall f\u00f6ruts\u00e4tter \u00e5terkallelsen av detta samtycke att prenumerationskontraktet genomf\u00f6rs eller de relationer som genererats tidigare.<\/p>\n\n\n\n<p>P\u00e5 samma s\u00e4tt kan du ut\u00f6va f\u00f6ljande r\u00e4ttigheter:<\/p>\n\n\n\n<ul class=\"wp-block-list\">\n<li>Beg\u00e4r tillg\u00e5ng till dina personuppgifter eller r\u00e4ttelse av dem n\u00e4r de \u00e4r felaktiga.<\/li>\n\n\n\n<li>Beg\u00e4r att den raderas n\u00e4r, bland annat, uppgifterna inte l\u00e4ngre \u00e4r n\u00f6dv\u00e4ndiga f\u00f6r de \u00e4ndam\u00e5l f\u00f6r vilka de samlades in.<\/li>\n\n\n\n<li>Beg\u00e4r begr\u00e4nsning av din behandling under vissa omst\u00e4ndigheter.<\/li>\n\n\n\n<li>Beg\u00e4r inv\u00e4ndning mot behandlingen av dina uppgifter av sk\u00e4l som \u00e4r relaterade till din specifika situation.<\/li>\n\n\n\n<li>Beg\u00e4r dataportabilitet i de fall som f\u00f6reskrivs i f\u00f6reskrifterna.<\/li>\n\n\n\n<li>Andra r\u00e4ttigheter erk\u00e4nda i till\u00e4mpliga regler.<\/li>\n<\/ul>\n\n\n\n<p>Var och hur du beg\u00e4r dina r\u00e4ttigheter: Genom att skriva till den ansvarige p\u00e5 dennes postadress eller elektroniska adress (anges i avsnitt A), ange referensen &quot;Personuppgifter&quot;, ange vilken r\u00e4tt du vill ut\u00f6va och med avseende p\u00e5 vilka personuppgifter .<\/p>\n\n\n\n<p>Om du inte \u00e4r \u00f6verens med f\u00f6retaget om behandlingen av dina uppgifter kan du l\u00e4mna in ett klagom\u00e5l till Dataskyddsmyndigheten (<a href=\"http:\/\/www.agpd.es\/\">www.agpd.es<\/a>).<\/p>\n\n\n\n<p><strong>5. Cookies<\/strong><\/p>\n\n\n\n<p>Denna webbplats anv\u00e4nder endast tekniska, personaliserings- och analyscookies, sina egna och tredje parter (Google Analytics), som inte i n\u00e5got fall behandlar personuppgifter eller f\u00e5ngar surfvanor f\u00f6r reklam\u00e4ndam\u00e5l.<\/p>\n\n\n\n<p>D\u00e4rf\u00f6r, n\u00e4r vi bes\u00f6ker v\u00e5r webbplats, i enlighet med artikel 22 i lagen om informationssamh\u00e4llets tj\u00e4nster, vid bearbetning av analyscookies, har vi beg\u00e4rt ditt samtycke f\u00f6r deras anv\u00e4ndning och tillhandah\u00e5llit information om dem, som i detta fall kommer att installeras efter en rimlig tidsperiod s\u00e5 att anv\u00e4ndaren har tid att best\u00e4mma sig f\u00f6r att ge sitt samtycke eller inte.<\/p>\n\n\n\n<p><strong>6. S\u00e4kerhet f\u00f6r dina personuppgifter<\/strong><\/p>\n\n\n\n<p>F\u00f6r att s\u00e4kerst\u00e4lla s\u00e4kerheten f\u00f6r dina personuppgifter informerar vi dig om att vi har vidtagit alla n\u00f6dv\u00e4ndiga tekniska och organisatoriska \u00e5tg\u00e4rder f\u00f6r att garantera s\u00e4kerheten f\u00f6r de personuppgifter som tillhandah\u00e5lls mot \u00e4ndring, f\u00f6rlust och otill\u00e5ten behandling eller \u00e5tkomst.<\/p>\n\n\n\n<p><strong>7. Uppdatera dina data<\/strong><\/p>\n\n\n\n<p>Det \u00e4r viktigt att s\u00e5 att vi kan h\u00e5lla dina personuppgifter uppdaterade, du alltid informerar oss om att det har skett n\u00e5gon \u00e4ndring av dem, annars \u00e4r vi inte ansvariga f\u00f6r deras sanning.<\/p>\n\n\n\n<p>Vi \u00e4r inte ansvariga f\u00f6r integritetspolicyn g\u00e4llande personuppgifter som du kan l\u00e4mna till tredje part via l\u00e4nkarna som finns p\u00e5 v\u00e5r webbplats.<\/p>\n\n\n\n<p>Denna integritetspolicy kan \u00e4ndras f\u00f6r att anpassa den till de \u00e4ndringar som sker p\u00e5 v\u00e5r webbplats, s\u00e5v\u00e4l som lag- eller r\u00e4ttsvetenskapliga \u00e4ndringar av personuppgifter som kan visas, varf\u00f6r den kr\u00e4ver att du l\u00e4ser den varje g\u00e5ng du ger oss dina uppgifter via denna webbplats .<\/p>","protected":false},"excerpt":{"rendered":"<p>La confidencialidad y la seguridad son valores primordiales de FLEXIMAT SL y, en consecuencia, asumimos el compromiso de garantizar la privacidad del Usuario en todo momento y de no recabar informaci\u00f3n innecesaria. A continuaci\u00f3n, le proporcionamos toda la informaci\u00f3n necesaria sobre nuestra Pol\u00edtica de Privacidad en relaci\u00f3n con los datos personales que recabamos, explic\u00e1ndole: 1&#8230;.<\/p>","protected":false},"author":1,"featured_media":0,"parent":0,"menu_order":16,"comment_status":"closed","ping_status":"closed","template":"","meta":{"_kad_blocks_custom_css":"","_kad_blocks_head_custom_js":"","_kad_blocks_body_custom_js":"","_kad_blocks_footer_custom_js":"","_kadence_starter_templates_imported_post":false,"_kad_post_transparent":"","_kad_post_title":"","_kad_post_layout":"","_kad_post_sidebar_id":"","_kad_post_content_style":"","_kad_post_vertical_padding":"","_kad_post_feature":"","_kad_post_feature_position":"","_kad_post_header":false,"_kad_post_footer":false,"footnotes":""},"class_list":["post-1329","page","type-page","status-publish","hentry"],"yoast_head":"<!-- This site is optimized with the Yoast SEO plugin v21.7 - https:\/\/yoast.com\/wordpress\/plugins\/seo\/ -->\n<title>Pol\u00edtica de privacidad - Fleximat<\/title>\n<meta name=\"robots\" content=\"index, follow, max-snippet:-1, max-image-preview:large, max-video-preview:-1\" \/>\n<link rel=\"canonical\" href=\"https:\/\/www.fleximat.es\/sv\/politica-de-privacidad\/\" \/>\n<meta property=\"og:locale\" content=\"sv_SE\" \/>\n<meta property=\"og:type\" content=\"article\" \/>\n<meta property=\"og:title\" content=\"Pol\u00edtica de privacidad - Fleximat\" \/>\n<meta property=\"og:description\" content=\"La confidencialidad y la seguridad son valores primordiales de FLEXIMAT SL y, en consecuencia, asumimos el compromiso de garantizar la privacidad del Usuario en todo momento y de no recabar informaci\u00f3n innecesaria. A continuaci\u00f3n, le proporcionamos toda la informaci\u00f3n necesaria sobre nuestra Pol\u00edtica de Privacidad en relaci\u00f3n con los datos personales que recabamos, explic\u00e1ndole: 1....\" \/>\n<meta property=\"og:url\" content=\"https:\/\/www.fleximat.es\/sv\/politica-de-privacidad\/\" \/>\n<meta property=\"og:site_name\" content=\"Fleximat\" \/>\n<meta property=\"article:modified_time\" content=\"2023-11-23T09:53:28+00:00\" \/>\n<meta name=\"twitter:card\" content=\"summary_large_image\" \/>\n<meta name=\"twitter:label1\" content=\"Ber\u00e4knad l\u00e4stid\" \/>\n\t<meta name=\"twitter:data1\" content=\"5 minuter\" \/>\n<script type=\"application\/ld+json\" class=\"yoast-schema-graph\">{\"@context\":\"https:\/\/schema.org\",\"@graph\":[{\"@type\":\"WebPage\",\"@id\":\"https:\/\/www.fleximat.es\/politica-de-privacidad\/\",\"url\":\"https:\/\/www.fleximat.es\/politica-de-privacidad\/\",\"name\":\"Pol\u00edtica de privacidad - Fleximat\",\"isPartOf\":{\"@id\":\"https:\/\/www.fleximat.es\/bn\/#website\"},\"datePublished\":\"2023-10-10T16:46:56+00:00\",\"dateModified\":\"2023-11-23T09:53:28+00:00\",\"breadcrumb\":{\"@id\":\"https:\/\/www.fleximat.es\/politica-de-privacidad\/#breadcrumb\"},\"inLanguage\":\"sv-SE\",\"potentialAction\":[{\"@type\":\"ReadAction\",\"target\":[\"https:\/\/www.fleximat.es\/politica-de-privacidad\/\"]}]},{\"@type\":\"BreadcrumbList\",\"@id\":\"https:\/\/www.fleximat.es\/politica-de-privacidad\/#breadcrumb\",\"itemListElement\":[{\"@type\":\"ListItem\",\"position\":1,\"name\":\"Portada\",\"item\":\"https:\/\/www.fleximat.es\/\"},{\"@type\":\"ListItem\",\"position\":2,\"name\":\"Pol\u00edtica de privacidad\"}]},{\"@type\":\"WebSite\",\"@id\":\"https:\/\/www.fleximat.es\/bn\/#website\",\"url\":\"https:\/\/www.fleximat.es\/bn\/\",\"name\":\"Fleximat\",\"description\":\"Tu soluci\u00f3n en prensaestopas y tubos flexibles\",\"publisher\":{\"@id\":\"https:\/\/www.fleximat.es\/bn\/#organization\"},\"potentialAction\":[{\"@type\":\"SearchAction\",\"target\":{\"@type\":\"EntryPoint\",\"urlTemplate\":\"https:\/\/www.fleximat.es\/bn\/?s={search_term_string}\"},\"query-input\":\"required name=search_term_string\"}],\"inLanguage\":\"sv-SE\"},{\"@type\":\"Organization\",\"@id\":\"https:\/\/www.fleximat.es\/bn\/#organization\",\"name\":\"Fleximat\",\"url\":\"https:\/\/www.fleximat.es\/bn\/\",\"logo\":{\"@type\":\"ImageObject\",\"inLanguage\":\"sv-SE\",\"@id\":\"https:\/\/www.fleximat.es\/bn\/#\/schema\/logo\/image\/\",\"url\":\"https:\/\/www.fleximat.es\/wp-content\/uploads\/2023\/11\/fleximat-logo-1.png\",\"contentUrl\":\"https:\/\/www.fleximat.es\/wp-content\/uploads\/2023\/11\/fleximat-logo-1.png\",\"width\":1169,\"height\":289,\"caption\":\"Fleximat\"},\"image\":{\"@id\":\"https:\/\/www.fleximat.es\/bn\/#\/schema\/logo\/image\/\"}}]}<\/script>\n<!-- \/ Yoast SEO plugin. -->","yoast_head_json":{"title":"Pol\u00edtica de privacidad - Fleximat","robots":{"index":"index","follow":"follow","max-snippet":"max-snippet:-1","max-image-preview":"max-image-preview:large","max-video-preview":"max-video-preview:-1"},"canonical":"https:\/\/www.fleximat.es\/sv\/politica-de-privacidad\/","og_locale":"sv_SE","og_type":"article","og_title":"Pol\u00edtica de privacidad - Fleximat","og_description":"La confidencialidad y la seguridad son valores primordiales de FLEXIMAT SL y, en consecuencia, asumimos el compromiso de garantizar la privacidad del Usuario en todo momento y de no recabar informaci\u00f3n innecesaria. A continuaci\u00f3n, le proporcionamos toda la informaci\u00f3n necesaria sobre nuestra Pol\u00edtica de Privacidad en relaci\u00f3n con los datos personales que recabamos, explic\u00e1ndole: 1....","og_url":"https:\/\/www.fleximat.es\/sv\/politica-de-privacidad\/","og_site_name":"Fleximat","article_modified_time":"2023-11-23T09:53:28+00:00","twitter_card":"summary_large_image","twitter_misc":{"Ber\u00e4knad l\u00e4stid":"5 minuter"},"schema":{"@context":"https:\/\/schema.org","@graph":[{"@type":"WebPage","@id":"https:\/\/www.fleximat.es\/politica-de-privacidad\/","url":"https:\/\/www.fleximat.es\/politica-de-privacidad\/","name":"Pol\u00edtica de privacidad - Fleximat","isPartOf":{"@id":"https:\/\/www.fleximat.es\/bn\/#website"},"datePublished":"2023-10-10T16:46:56+00:00","dateModified":"2023-11-23T09:53:28+00:00","breadcrumb":{"@id":"https:\/\/www.fleximat.es\/politica-de-privacidad\/#breadcrumb"},"inLanguage":"sv-SE","potentialAction":[{"@type":"ReadAction","target":["https:\/\/www.fleximat.es\/politica-de-privacidad\/"]}]},{"@type":"BreadcrumbList","@id":"https:\/\/www.fleximat.es\/politica-de-privacidad\/#breadcrumb","itemListElement":[{"@type":"ListItem","position":1,"name":"Portada","item":"https:\/\/www.fleximat.es\/"},{"@type":"ListItem","position":2,"name":"Pol\u00edtica de privacidad"}]},{"@type":"WebSite","@id":"https:\/\/www.fleximat.es\/bn\/#website","url":"https:\/\/www.fleximat.es\/bn\/","name":"Fleximat","description":"Tu soluci\u00f3n en prensaestopas y tubos flexibles","publisher":{"@id":"https:\/\/www.fleximat.es\/bn\/#organization"},"potentialAction":[{"@type":"SearchAction","target":{"@type":"EntryPoint","urlTemplate":"https:\/\/www.fleximat.es\/bn\/?s={search_term_string}"},"query-input":"required name=search_term_string"}],"inLanguage":"sv-SE"},{"@type":"Organization","@id":"https:\/\/www.fleximat.es\/bn\/#organization","name":"Fleximat","url":"https:\/\/www.fleximat.es\/bn\/","logo":{"@type":"ImageObject","inLanguage":"sv-SE","@id":"https:\/\/www.fleximat.es\/bn\/#\/schema\/logo\/image\/","url":"https:\/\/www.fleximat.es\/wp-content\/uploads\/2023\/11\/fleximat-logo-1.png","contentUrl":"https:\/\/www.fleximat.es\/wp-content\/uploads\/2023\/11\/fleximat-logo-1.png","width":1169,"height":289,"caption":"Fleximat"},"image":{"@id":"https:\/\/www.fleximat.es\/bn\/#\/schema\/logo\/image\/"}}]}},"taxonomy_info":[],"featured_image_src_large":false,"author_info":{"display_name":"eloi","author_link":"https:\/\/www.fleximat.es\/sv\/author\/eloi\/"},"comment_info":0,"_links":{"self":[{"href":"https:\/\/www.fleximat.es\/sv\/wp-json\/wp\/v2\/pages\/1329"}],"collection":[{"href":"https:\/\/www.fleximat.es\/sv\/wp-json\/wp\/v2\/pages"}],"about":[{"href":"https:\/\/www.fleximat.es\/sv\/wp-json\/wp\/v2\/types\/page"}],"author":[{"embeddable":true,"href":"https:\/\/www.fleximat.es\/sv\/wp-json\/wp\/v2\/users\/1"}],"replies":[{"embeddable":true,"href":"https:\/\/www.fleximat.es\/sv\/wp-json\/wp\/v2\/comments?post=1329"}],"version-history":[{"count":0,"href":"https:\/\/www.fleximat.es\/sv\/wp-json\/wp\/v2\/pages\/1329\/revisions"}],"wp:attachment":[{"href":"https:\/\/www.fleximat.es\/sv\/wp-json\/wp\/v2\/media?parent=1329"}],"curies":[{"name":"wp","href":"https:\/\/api.w.org\/{rel}","templated":true}]}}