{"id":1330,"date":"2023-10-10T18:47:04","date_gmt":"2023-10-10T16:47:04","guid":{"rendered":"https:\/\/www.fleximat.es\/?page_id=1330"},"modified":"2023-11-23T10:52:13","modified_gmt":"2023-11-23T09:52:13","slug":"politica-de-cookies","status":"publish","type":"page","link":"https:\/\/www.fleximat.es\/sv\/politica-de-cookies\/","title":{"rendered":"Cookies policy"},"content":{"rendered":"<h2 class=\"wp-block-heading\">Vad \u00e4r cookies?<\/h2>\n\n\n\n<p>Cookie \u00e4r en fil som laddas ner till din dator n\u00e4r du g\u00e5r in p\u00e5 vissa webbsidor. Cookies g\u00f6r att en webbplats bland annat kan lagra och h\u00e4mta information om en anv\u00e4ndares eller deras utrustnings surfvanor och, beroende p\u00e5 vilken information de inneh\u00e5ller och hur du anv\u00e4nder din utrustning, kan de anv\u00e4ndas f\u00f6r att k\u00e4nna igen f\u00f6r anv\u00e4ndaren. Anv\u00e4ndarens webbl\u00e4sare lagrar cookies p\u00e5 h\u00e5rddisken endast under den aktuella sessionen, tar minimalt med minnesutrymme och skadar inte datorn. Cookies inneh\u00e5ller ingen specifik personlig information, och de flesta av dem raderas fr\u00e5n h\u00e5rddisken i slutet av webbl\u00e4sarsessionen (s\u00e5 kallade sessionscookies).<\/p>\n\n\n\n<p>De flesta webbl\u00e4sare accepterar cookies som standard och, oberoende av dem, till\u00e5ter eller f\u00f6rhindrar tillf\u00e4lliga eller memorerade cookies i s\u00e4kerhetsinst\u00e4llningarna.<\/p>\n\n\n\n<p>Utan ditt uttryckliga samtycke \u2013 genom att aktivera cookies i din webbl\u00e4sare \u2013 kommer denna sida inte att l\u00e4nka i cookies den data som lagras med dina personuppgifter som angavs vid tidpunkten f\u00f6r registrering eller k\u00f6p.<\/p>\n\n\n\n<p><strong>Vilka typer av cookies anv\u00e4nder den h\u00e4r webbplatsen?<\/strong><\/p>\n\n\n\n<ul class=\"wp-block-list\">\n<li>Tekniska cookies: Dessa \u00e4r de som g\u00f6r det m\u00f6jligt f\u00f6r anv\u00e4ndaren att navigera genom en webbsida, plattform eller applikation och anv\u00e4nda de olika alternativen eller tj\u00e4nsterna som finns d\u00e4r, som till exempel styra trafik och datakommunikation, identifiera sessionen, \u00e5tkomstbegr\u00e4nsad \u00e5tkomst delar, komma ih\u00e5g de element som utg\u00f6r en best\u00e4llning, genomf\u00f6ra k\u00f6pprocessen av en best\u00e4llning, g\u00f6ra en beg\u00e4ran om registrering eller deltagande i ett evenemang, anv\u00e4nda s\u00e4kerhetselement under navigering, lagra inneh\u00e5ll f\u00f6r spridning av videor eller ljud eller dela inneh\u00e5ll via sociala medier n\u00e4tverk.<\/li>\n\n\n\n<li>Personaliseringscookies: Dessa \u00e4r de som g\u00f6r det m\u00f6jligt f\u00f6r anv\u00e4ndaren att f\u00e5 \u00e5tkomst till tj\u00e4nsten med vissa allm\u00e4nna egenskaper f\u00f6rdefinierade baserat p\u00e5 en serie kriterier p\u00e5 anv\u00e4ndarens terminal, s\u00e5som spr\u00e5ket, typen av webbl\u00e4sare genom vilken anv\u00e4ndaren f\u00e5r \u00e5tkomst till tj\u00e4nsten. , spr\u00e5ket varifr\u00e5n du kommer \u00e5t tj\u00e4nsten osv.<\/li>\n\n\n\n<li>Analyscookies: Dessa \u00e4r de som, v\u00e4l behandlade av oss eller av tredje part, g\u00f6r att vi kan kvantifiera antalet anv\u00e4ndare och p\u00e5 s\u00e5 s\u00e4tt utf\u00f6ra m\u00e4tningen och statistisk analys av anv\u00e4ndningen som g\u00f6rs av anv\u00e4ndare av den tj\u00e4nst som erbjuds. F\u00f6r att g\u00f6ra detta analyseras din navigering p\u00e5 v\u00e5r webbplats f\u00f6r att f\u00f6rb\u00e4ttra utbudet av produkter eller tj\u00e4nster som vi erbjuder.<\/li>\n\n\n\n<li>Annonscookies: Dessa \u00e4r s\u00e5dana som, oavsett om de behandlas av oss eller av tredje part, g\u00f6r det m\u00f6jligt f\u00f6r oss att p\u00e5 ett s\u00e5 effektivt s\u00e4tt som m\u00f6jligt hantera utbudet av annonsplatser p\u00e5 webbplatsen, anpassa inneh\u00e5llet i annonsen till inneh\u00e5llet i den beg\u00e4rda tj\u00e4nsten eller anv\u00e4ndningen som du g\u00f6r fr\u00e5n v\u00e5r webbplats. F\u00f6r att g\u00f6ra detta kan vi analysera dina surfvanor p\u00e5 Internet och vi kan visa dig reklam relaterad till din surfprofil.<\/li>\n\n\n\n<li>Beteendereklamcookies: Dessa \u00e4r s\u00e5dana som g\u00f6r det m\u00f6jligt att hantera, p\u00e5 ett s\u00e5 effektivt s\u00e4tt som m\u00f6jligt, av de annonsplatser som, i f\u00f6rekommande fall, redakt\u00f6ren har inkluderat i en webbsida, applikation eller plattform fr\u00e5n vilken den beg\u00e4rda tj\u00e4nsten tillhandah\u00e5lls. Dessa cookies lagrar information om anv\u00e4ndarbeteende som erh\u00e5llits genom kontinuerlig observation av deras surfvanor, vilket g\u00f6r det m\u00f6jligt att utveckla en specifik profil f\u00f6r att visa reklam baserad p\u00e5 den.<\/li>\n<\/ul>\n\n\n\n<h2 class=\"wp-block-heading\">Tredjepartscookies<\/h2>\n\n\n\n<p>Denna webbplats kan anv\u00e4nda tj\u00e4nster fr\u00e5n tredje part som samlar in information f\u00f6r statistiska \u00e4ndam\u00e5l, f\u00f6r anv\u00e4ndarens anv\u00e4ndning av webbplatsen och f\u00f6r tillhandah\u00e5llande av andra tj\u00e4nster relaterade till webbplatsens aktivitet och andra internettj\u00e4nster.<\/p>\n\n\n\n<p>Denna webbplats anv\u00e4nder s\u00e4rskilt:<\/p>\n\n\n\n<ul class=\"wp-block-list\">\n<li>Sm\u00e5kakor&nbsp;<a href=\"http:\/\/www.google.com\/intl\/es\/analytics\/privacyoverview.html\" target=\"_blank\" rel=\"noreferrer noopener\">Google Analytics<\/a>- anv\u00e4nds i syfte att analysera och m\u00e4ta hur bes\u00f6kare anv\u00e4nder denna webbplats. Informationen anv\u00e4nds f\u00f6r att f\u00f6rbereda rapporter som g\u00f6r att vi kan f\u00f6rb\u00e4ttra denna sida. \u00c4r<em>sm\u00e5kakor<\/em>samla in information anonymt, inklusive antalet bes\u00f6kare p\u00e5 webbplatsen, hur de kom till webbplatsen och vilka sidor du bes\u00f6kte n\u00e4r du surfade p\u00e5 v\u00e5r webbplats.<\/li>\n\n\n\n<li>Sm\u00e5kakor&nbsp;<a href=\"https:\/\/support.google.com\/youtube\/answer\/2407785?hl=es-419\" target=\"_blank\" rel=\"noreferrer noopener\">Youtube<\/a>: anv\u00e4nds f\u00f6r att r\u00e4kna antalet visningar av videor som \u00e4r inb\u00e4ddade p\u00e5 andra webbplatser.<\/li>\n\n\n\n<li>Sm\u00e5kakor&nbsp;<a href=\"http:\/\/www.addthis.com\/privacy\" target=\"_blank\" rel=\"noreferrer noopener\">L\u00e4gg till detta<\/a>: \u00e4r ett teknikf\u00f6retag som till\u00e5ter webbplatser och deras anv\u00e4ndare att enkelt dela inneh\u00e5ll med andra, genom att dela ikoner och destinationer f\u00f6r sociala bokm\u00e4rken. AddThis cookies anv\u00e4nds f\u00f6r att g\u00f6ra det m\u00f6jligt att dela inneh\u00e5ll. AddThis anv\u00e4nds ocks\u00e5 f\u00f6r att samla in information om hur webbplatsinneh\u00e5ll delas. Cookies hj\u00e4lper till att unikt identifiera en anv\u00e4ndare (\u00e4ven om inte personligen, men i termer av adress) f\u00f6r att inte upprepa uppgifter inom en angiven tidsperiod.<\/li>\n\n\n\n<li>Andra personaliseringscookies: Dessa cookies till\u00e5ter anv\u00e4ndaren att specificera eller anpassa vissa egenskaper hos webbplatsens allm\u00e4nna alternativ. Definiera till exempel spr\u00e5k, regionala inst\u00e4llningar eller webbl\u00e4sartyp.<a href=\"http:\/\/www.addthis.com\/privacy\" target=\"_blank\" rel=\"noreferrer noopener\">L\u00e4gg till detta<\/a><br><a href=\"https:\/\/es-es.facebook.com\/help\/cookies\" target=\"_blank\" rel=\"noreferrer noopener\">Facebook<\/a><br><a href=\"https:\/\/twitter.com\/privacy\" target=\"_blank\" rel=\"noreferrer noopener\">Twitter<\/a><br><a href=\"http:\/\/www.google.es\/intl\/es\/policies\/technologies\/types\/\" target=\"_blank\" rel=\"noreferrer noopener\">Google<\/a><br><a href=\"https:\/\/support.google.com\/youtube\/answer\/2407785?hl=es-419\" target=\"_blank\" rel=\"noreferrer noopener\">Youtube<\/a>Anv\u00e4ndaren accepterar uttryckligen, genom att anv\u00e4nda denna webbplats, behandlingen av den information som samlas in p\u00e5 det s\u00e4tt och f\u00f6r de \u00e4ndam\u00e5l som n\u00e4mns ovan. Och du erk\u00e4nner ocks\u00e5 att du k\u00e4nner till m\u00f6jligheten att avvisa behandlingen av s\u00e5dan data eller information genom att avvisa anv\u00e4ndningen av cookies genom att v\u00e4lja l\u00e4mpliga inst\u00e4llningar f\u00f6r detta \u00e4ndam\u00e5l i din webbl\u00e4sare. \u00c4ven om det h\u00e4r alternativet att blockera cookies i din webbl\u00e4sare kanske inte till\u00e5ter dig att fullt ut anv\u00e4nda alla funktioner p\u00e5 webbplatsen<\/li>\n<\/ul>\n\n\n\n<p>Du kan till\u00e5ta, blockera eller ta bort cookies installerade p\u00e5 din dator genom att konfigurera alternativen f\u00f6r webbl\u00e4saren som \u00e4r installerad p\u00e5 din dator:<\/p>\n\n\n\n<ul class=\"wp-block-list\">\n<li><a href=\"http:\/\/support.google.com\/chrome\/bin\/answer.py?hl=es&amp;answer=95647\" target=\"_blank\" rel=\"noreferrer noopener\">Krom<\/a><\/li>\n\n\n\n<li><a href=\"http:\/\/windows.microsoft.com\/es-es\/windows7\/how-to-manage-cookies-in-internet-explorer-9\" target=\"_blank\" rel=\"noreferrer noopener\">utforskare<\/a><\/li>\n\n\n\n<li><a href=\"http:\/\/support.mozilla.org\/es\/kb\/habilitar-y-deshabilitar-cookies-que-los-sitios-we\" target=\"_blank\" rel=\"noreferrer noopener\">Firefox<\/a><\/li>\n\n\n\n<li><a href=\"http:\/\/support.apple.com\/kb\/ph5042\" target=\"_blank\" rel=\"noreferrer noopener\">Safari<\/a><\/li>\n<\/ul>\n\n\n\n<p>Om du har fr\u00e5gor om denna cookiepolicy kan du kontakta oss p\u00e5&nbsp;<a href=\"mailto:comercial@fleximat.es\">comercial@fleximat.es<\/a><\/p>","protected":false},"excerpt":{"rendered":"<p>\u00bfQu\u00e9 son las cookies? Cookie es un fichero que se descarga en su ordenador al acceder a determinadas p\u00e1ginas web. Las cookies permiten a una p\u00e1gina web, entre otras cosas, almacenar y recuperar informaci\u00f3n sobre los h\u00e1bitos de navegaci\u00f3n de un usuario o de su equipo y, dependiendo de la informaci\u00f3n que contengan y de&#8230;<\/p>","protected":false},"author":1,"featured_media":0,"parent":0,"menu_order":17,"comment_status":"closed","ping_status":"closed","template":"","meta":{"_kad_blocks_custom_css":"","_kad_blocks_head_custom_js":"","_kad_blocks_body_custom_js":"","_kad_blocks_footer_custom_js":"","_kadence_starter_templates_imported_post":false,"_kad_post_transparent":"","_kad_post_title":"","_kad_post_layout":"","_kad_post_sidebar_id":"","_kad_post_content_style":"","_kad_post_vertical_padding":"","_kad_post_feature":"","_kad_post_feature_position":"","_kad_post_header":false,"_kad_post_footer":false,"footnotes":""},"class_list":["post-1330","page","type-page","status-publish","hentry"],"yoast_head":"<!-- This site is optimized with the Yoast SEO plugin v21.7 - https:\/\/yoast.com\/wordpress\/plugins\/seo\/ -->\n<title>Pol\u00edtica de Cookies - Fleximat<\/title>\n<meta name=\"robots\" content=\"index, follow, max-snippet:-1, max-image-preview:large, max-video-preview:-1\" \/>\n<link rel=\"canonical\" href=\"https:\/\/www.fleximat.es\/sv\/politica-de-cookies\/\" \/>\n<meta property=\"og:locale\" content=\"sv_SE\" \/>\n<meta property=\"og:type\" content=\"article\" \/>\n<meta property=\"og:title\" content=\"Pol\u00edtica de Cookies - Fleximat\" \/>\n<meta property=\"og:description\" content=\"\u00bfQu\u00e9 son las cookies? Cookie es un fichero que se descarga en su ordenador al acceder a determinadas p\u00e1ginas web. Las cookies permiten a una p\u00e1gina web, entre otras cosas, almacenar y recuperar informaci\u00f3n sobre los h\u00e1bitos de navegaci\u00f3n de un usuario o de su equipo y, dependiendo de la informaci\u00f3n que contengan y de...\" \/>\n<meta property=\"og:url\" content=\"https:\/\/www.fleximat.es\/sv\/politica-de-cookies\/\" \/>\n<meta property=\"og:site_name\" content=\"Fleximat\" \/>\n<meta property=\"article:modified_time\" content=\"2023-11-23T09:52:13+00:00\" \/>\n<meta name=\"twitter:card\" content=\"summary_large_image\" \/>\n<meta name=\"twitter:label1\" content=\"Ber\u00e4knad l\u00e4stid\" \/>\n\t<meta name=\"twitter:data1\" content=\"5 minuter\" \/>\n<script type=\"application\/ld+json\" class=\"yoast-schema-graph\">{\"@context\":\"https:\/\/schema.org\",\"@graph\":[{\"@type\":\"WebPage\",\"@id\":\"https:\/\/www.fleximat.es\/politica-de-cookies\/\",\"url\":\"https:\/\/www.fleximat.es\/politica-de-cookies\/\",\"name\":\"Pol\u00edtica de Cookies - Fleximat\",\"isPartOf\":{\"@id\":\"https:\/\/www.fleximat.es\/bn\/#website\"},\"datePublished\":\"2023-10-10T16:47:04+00:00\",\"dateModified\":\"2023-11-23T09:52:13+00:00\",\"breadcrumb\":{\"@id\":\"https:\/\/www.fleximat.es\/politica-de-cookies\/#breadcrumb\"},\"inLanguage\":\"sv-SE\",\"potentialAction\":[{\"@type\":\"ReadAction\",\"target\":[\"https:\/\/www.fleximat.es\/politica-de-cookies\/\"]}]},{\"@type\":\"BreadcrumbList\",\"@id\":\"https:\/\/www.fleximat.es\/politica-de-cookies\/#breadcrumb\",\"itemListElement\":[{\"@type\":\"ListItem\",\"position\":1,\"name\":\"Portada\",\"item\":\"https:\/\/www.fleximat.es\/\"},{\"@type\":\"ListItem\",\"position\":2,\"name\":\"Pol\u00edtica de Cookies\"}]},{\"@type\":\"WebSite\",\"@id\":\"https:\/\/www.fleximat.es\/bn\/#website\",\"url\":\"https:\/\/www.fleximat.es\/bn\/\",\"name\":\"Fleximat\",\"description\":\"Tu soluci\u00f3n en prensaestopas y tubos flexibles\",\"publisher\":{\"@id\":\"https:\/\/www.fleximat.es\/bn\/#organization\"},\"potentialAction\":[{\"@type\":\"SearchAction\",\"target\":{\"@type\":\"EntryPoint\",\"urlTemplate\":\"https:\/\/www.fleximat.es\/bn\/?s={search_term_string}\"},\"query-input\":\"required name=search_term_string\"}],\"inLanguage\":\"sv-SE\"},{\"@type\":\"Organization\",\"@id\":\"https:\/\/www.fleximat.es\/bn\/#organization\",\"name\":\"Fleximat\",\"url\":\"https:\/\/www.fleximat.es\/bn\/\",\"logo\":{\"@type\":\"ImageObject\",\"inLanguage\":\"sv-SE\",\"@id\":\"https:\/\/www.fleximat.es\/bn\/#\/schema\/logo\/image\/\",\"url\":\"https:\/\/www.fleximat.es\/wp-content\/uploads\/2023\/11\/fleximat-logo-1.png\",\"contentUrl\":\"https:\/\/www.fleximat.es\/wp-content\/uploads\/2023\/11\/fleximat-logo-1.png\",\"width\":1169,\"height\":289,\"caption\":\"Fleximat\"},\"image\":{\"@id\":\"https:\/\/www.fleximat.es\/bn\/#\/schema\/logo\/image\/\"}}]}<\/script>\n<!-- \/ Yoast SEO plugin. -->","yoast_head_json":{"title":"Pol\u00edtica de Cookies - Fleximat","robots":{"index":"index","follow":"follow","max-snippet":"max-snippet:-1","max-image-preview":"max-image-preview:large","max-video-preview":"max-video-preview:-1"},"canonical":"https:\/\/www.fleximat.es\/sv\/politica-de-cookies\/","og_locale":"sv_SE","og_type":"article","og_title":"Pol\u00edtica de Cookies - Fleximat","og_description":"\u00bfQu\u00e9 son las cookies? Cookie es un fichero que se descarga en su ordenador al acceder a determinadas p\u00e1ginas web. Las cookies permiten a una p\u00e1gina web, entre otras cosas, almacenar y recuperar informaci\u00f3n sobre los h\u00e1bitos de navegaci\u00f3n de un usuario o de su equipo y, dependiendo de la informaci\u00f3n que contengan y de...","og_url":"https:\/\/www.fleximat.es\/sv\/politica-de-cookies\/","og_site_name":"Fleximat","article_modified_time":"2023-11-23T09:52:13+00:00","twitter_card":"summary_large_image","twitter_misc":{"Ber\u00e4knad l\u00e4stid":"5 minuter"},"schema":{"@context":"https:\/\/schema.org","@graph":[{"@type":"WebPage","@id":"https:\/\/www.fleximat.es\/politica-de-cookies\/","url":"https:\/\/www.fleximat.es\/politica-de-cookies\/","name":"Pol\u00edtica de Cookies - Fleximat","isPartOf":{"@id":"https:\/\/www.fleximat.es\/bn\/#website"},"datePublished":"2023-10-10T16:47:04+00:00","dateModified":"2023-11-23T09:52:13+00:00","breadcrumb":{"@id":"https:\/\/www.fleximat.es\/politica-de-cookies\/#breadcrumb"},"inLanguage":"sv-SE","potentialAction":[{"@type":"ReadAction","target":["https:\/\/www.fleximat.es\/politica-de-cookies\/"]}]},{"@type":"BreadcrumbList","@id":"https:\/\/www.fleximat.es\/politica-de-cookies\/#breadcrumb","itemListElement":[{"@type":"ListItem","position":1,"name":"Portada","item":"https:\/\/www.fleximat.es\/"},{"@type":"ListItem","position":2,"name":"Pol\u00edtica de Cookies"}]},{"@type":"WebSite","@id":"https:\/\/www.fleximat.es\/bn\/#website","url":"https:\/\/www.fleximat.es\/bn\/","name":"Fleximat","description":"Tu soluci\u00f3n en prensaestopas y tubos flexibles","publisher":{"@id":"https:\/\/www.fleximat.es\/bn\/#organization"},"potentialAction":[{"@type":"SearchAction","target":{"@type":"EntryPoint","urlTemplate":"https:\/\/www.fleximat.es\/bn\/?s={search_term_string}"},"query-input":"required name=search_term_string"}],"inLanguage":"sv-SE"},{"@type":"Organization","@id":"https:\/\/www.fleximat.es\/bn\/#organization","name":"Fleximat","url":"https:\/\/www.fleximat.es\/bn\/","logo":{"@type":"ImageObject","inLanguage":"sv-SE","@id":"https:\/\/www.fleximat.es\/bn\/#\/schema\/logo\/image\/","url":"https:\/\/www.fleximat.es\/wp-content\/uploads\/2023\/11\/fleximat-logo-1.png","contentUrl":"https:\/\/www.fleximat.es\/wp-content\/uploads\/2023\/11\/fleximat-logo-1.png","width":1169,"height":289,"caption":"Fleximat"},"image":{"@id":"https:\/\/www.fleximat.es\/bn\/#\/schema\/logo\/image\/"}}]}},"taxonomy_info":[],"featured_image_src_large":false,"author_info":{"display_name":"eloi","author_link":"https:\/\/www.fleximat.es\/sv\/author\/eloi\/"},"comment_info":0,"_links":{"self":[{"href":"https:\/\/www.fleximat.es\/sv\/wp-json\/wp\/v2\/pages\/1330"}],"collection":[{"href":"https:\/\/www.fleximat.es\/sv\/wp-json\/wp\/v2\/pages"}],"about":[{"href":"https:\/\/www.fleximat.es\/sv\/wp-json\/wp\/v2\/types\/page"}],"author":[{"embeddable":true,"href":"https:\/\/www.fleximat.es\/sv\/wp-json\/wp\/v2\/users\/1"}],"replies":[{"embeddable":true,"href":"https:\/\/www.fleximat.es\/sv\/wp-json\/wp\/v2\/comments?post=1330"}],"version-history":[{"count":0,"href":"https:\/\/www.fleximat.es\/sv\/wp-json\/wp\/v2\/pages\/1330\/revisions"}],"wp:attachment":[{"href":"https:\/\/www.fleximat.es\/sv\/wp-json\/wp\/v2\/media?parent=1330"}],"curies":[{"name":"wp","href":"https:\/\/api.w.org\/{rel}","templated":true}]}}