{"id":1610,"date":"2023-10-18T17:53:14","date_gmt":"2023-10-18T15:53:14","guid":{"rendered":"https:\/\/www.fleximat.es\/?post_type=product&#038;p=1610"},"modified":"2023-12-03T13:10:10","modified_gmt":"2023-12-03T12:10:10","slug":"prensaestopas-a2-metrica-metalico-ip-54","status":"publish","type":"product","link":"https:\/\/www.fleximat.es\/sv\/produkt\/prensaestopas-a2-metrica-metalico-ip-54\/","title":{"rendered":"Kabelgenomf\u00f6ring A2 Metrisk Metallisk IP-54"},"content":{"rendered":"<h4>Egenskaper<\/h4>\n<p>Bra mekanisk stabilitet<br \/>\nOptimal kabeldragning<br \/>\nL\u00e4tt att montera<br \/>\nL\u00e5ngtr\u00e5dsversion<br \/>\nHalogenfri<\/p>\n<h3>Produktbeskrivning<\/h3>\n<p>En metallkabelf\u00f6rskruvning \u00e4r ett stycke som g\u00f6r att en kompressionst\u00e4tning kan g\u00f6ras i ena \u00e4nden samtidigt som den s\u00e4kerst\u00e4ller anslutningen till den andra \u00e4nden med en hang\u00e4nga.<\/p>\n<p>Metallkabelf\u00f6rskruvningar erbjuder en stor m\u00e5ngfald av egenskaper, oavsett om de \u00e4r mekaniska, kemiska eller prestanda. Kabelf\u00f6rskruvningarna \u00e4r snabba att montera och enkla att installera. De har ett brett arbetstemperaturomr\u00e5de.<\/p>\n<p>Mekaniskt t\u00e5l och absorberar de alla typer av drag, vibrationer och st\u00f6tar.<\/p>\n<p>A2 Metric Metallic IP-54 Cable Gland \u00e4r en \u00e4ldre version med en \u00e4ldre design \u00e4n den nya modellen.<\/p>\n<div class=\"table-responsive\">\n<table class=\"table table-bordered table-striped\">\n<thead>\n<tr>\n<td>Tr\u00e5d<\/td>\n<td>Koda<\/td>\n<td>Hmm<\/td>\n<td>GL mm<\/td>\n<td>mm<\/td>\n<td>mm<\/td>\n<\/tr>\n<\/thead>\n<tbody>\n<tr>\n<td>M 12 x 1,5<\/td>\n<td>S\u00d6N 01<\/td>\n<td>16<\/td>\n<td>5<\/td>\n<td>14<\/td>\n<td>3,5 &#8211; 6<\/td>\n<\/tr>\n<tr>\n<td>M 16 x 1,5<\/td>\n<td>S\u00d6N 02<\/td>\n<td>17<\/td>\n<td>5<\/td>\n<td>18<\/td>\n<td>4,5 &#8211; 7<\/td>\n<\/tr>\n<tr>\n<td>M 20 x 1,5<\/td>\n<td>S\u00d6N 03<\/td>\n<td>19<\/td>\n<td>6<\/td>\n<td>22<\/td>\n<td>9 &#8211; 12<\/td>\n<\/tr>\n<tr>\n<td>M 25 x 1,5<\/td>\n<td>S\u00d6N 04<\/td>\n<td>20,5<\/td>\n<td>7<\/td>\n<td>27<\/td>\n<td>11 &#8211; 14<\/td>\n<\/tr>\n<tr>\n<td>M 32 x 1,5<\/td>\n<td>S\u00d6N 05<\/td>\n<td>22,5<\/td>\n<td>8<\/td>\n<td>34<\/td>\n<td>14 &#8211; 18<\/td>\n<\/tr>\n<tr>\n<td>M 40 x 1,5<\/td>\n<td>S\u00d6N 06<\/td>\n<td>25<\/td>\n<td>8<\/td>\n<td>45<\/td>\n<td>18 &#8211; 25<\/td>\n<\/tr>\n<tr>\n<td>M 50 x 1,5<\/td>\n<td>S\u00d6N 07<\/td>\n<td>30<\/td>\n<td>9<\/td>\n<td>55<\/td>\n<td>25 &#8211; 32<\/td>\n<\/tr>\n<tr>\n<td>M 63 x 1,5<\/td>\n<td>S\u00d6N 08<\/td>\n<td>47<\/td>\n<td>15<\/td>\n<td>70<\/td>\n<td>38 &#8211; 44<\/td>\n<\/tr>\n<tr>\n<td>M 63 x 1,5<\/td>\n<td>S\u00d6N 09<\/td>\n<td>47<\/td>\n<td>15<\/td>\n<td>70<\/td>\n<td>40 &#8211; 49<\/td>\n<\/tr>\n<\/tbody>\n<\/table>\n<\/div>","protected":false},"excerpt":{"rendered":"<h3>Egenskaper<\/h3>\n<table>\n<tbody>\n<tr>\n<td><strong>H\u00e4tta<\/strong><\/td>\n<td>Nickelpl\u00e4terad m\u00e4ssing<\/td>\n<\/tr>\n<tr>\n<td><strong>T\u00e4tande packning<\/strong><\/td>\n<td>POS<\/td>\n<\/tr>\n<tr>\n<td><strong>O-ring<\/strong><\/td>\n<td>NBR<\/td>\n<\/tr>\n<tr>\n<td><strong>Typ av tr\u00e5d<\/strong><\/td>\n<td>Metrisk (EN 60423)<\/td>\n<\/tr>\n<tr>\n<td><strong>\u00c5tdragning<\/strong><\/td>\n<td>IP54<\/td>\n<\/tr>\n<tr>\n<td><strong>Kontinuerlig arbetstemperatur<\/strong><\/td>\n<td>-40 \u00baC +100 \u00baC +150 \u00baC (tillf\u00e4lligt)<\/td>\n<\/tr>\n<\/tbody>\n<\/table>","protected":false},"featured_media":3081,"template":"","meta":{"_kad_blocks_custom_css":"","_kad_blocks_head_custom_js":"","_kad_blocks_body_custom_js":"","_kad_blocks_footer_custom_js":"","_kadence_starter_templates_imported_post":false,"_kad_post_transparent":"default","_kad_post_title":"","_kad_post_layout":"default","_kad_post_sidebar_id":"","_kad_post_content_style":"default","_kad_post_vertical_padding":"default","_kad_post_feature":"","_kad_post_feature_position":"","_kad_post_header":false,"_kad_post_footer":false},"product_cat":[31,64],"product_tag":[],"class_list":{"0":"post-1610","1":"product","2":"type-product","3":"status-publish","4":"has-post-thumbnail","6":"product_cat-prensaestopas-y-accesorios-metalicos","7":"product_cat-prensaestopas-metalico-ip-54","9":"first","10":"instock","11":"shipping-taxable","12":"product-type-simple","13":"entry","14":"content-bg","15":"loop-entry"},"yoast_head":"<!-- This site is optimized with the Yoast SEO plugin v21.7 - https:\/\/yoast.com\/wordpress\/plugins\/seo\/ -->\n<title>Prensaestopas A2 M\u00e9trica Met\u00e1lico IP-54 - Fleximat<\/title>\n<meta name=\"robots\" content=\"index, follow, max-snippet:-1, max-image-preview:large, max-video-preview:-1\" \/>\n<link rel=\"canonical\" href=\"https:\/\/www.fleximat.es\/sv\/produkt\/prensaestopas-a2-metrica-metalico-ip-54\/\" \/>\n<meta property=\"og:locale\" content=\"sv_SE\" \/>\n<meta property=\"og:type\" content=\"article\" \/>\n<meta property=\"og:title\" content=\"Prensaestopas A2 M\u00e9trica Met\u00e1lico IP-54 - Fleximat\" \/>\n<meta property=\"og:description\" content=\"Caracter\u00edsticas    Sombrerete Lat\u00f3n Niquelado   Junta de sellado TPV   Junta t\u00f3rica NBR   Tipo de Rosca M\u00e9trica (EN 60423)   Estanqueidad IP54   Temperatura de trabajo continua -40 \u00baC +100 \u00baC +150 \u00baC (temporal)\" \/>\n<meta property=\"og:url\" content=\"https:\/\/www.fleximat.es\/sv\/produkt\/prensaestopas-a2-metrica-metalico-ip-54\/\" \/>\n<meta property=\"og:site_name\" content=\"Fleximat\" \/>\n<meta property=\"article:modified_time\" content=\"2023-12-03T12:10:10+00:00\" \/>\n<meta property=\"og:image\" content=\"https:\/\/www.fleximat.es\/wp-content\/uploads\/2023\/12\/th_crop_1571905478prensa-metalico-ip-54.png\" \/>\n\t<meta property=\"og:image:width\" content=\"600\" \/>\n\t<meta property=\"og:image:height\" content=\"600\" \/>\n\t<meta property=\"og:image:type\" content=\"image\/png\" \/>\n<meta name=\"twitter:card\" content=\"summary_large_image\" \/>\n<meta name=\"twitter:label1\" content=\"Ber\u00e4knad l\u00e4stid\" \/>\n\t<meta name=\"twitter:data1\" content=\"1 minut\" \/>\n<script type=\"application\/ld+json\" class=\"yoast-schema-graph\">{\"@context\":\"https:\/\/schema.org\",\"@graph\":[{\"@type\":\"WebPage\",\"@id\":\"https:\/\/www.fleximat.es\/producto\/prensaestopas-a2-metrica-metalico-ip-54\/\",\"url\":\"https:\/\/www.fleximat.es\/producto\/prensaestopas-a2-metrica-metalico-ip-54\/\",\"name\":\"Prensaestopas A2 M\u00e9trica Met\u00e1lico IP-54 - Fleximat\",\"isPartOf\":{\"@id\":\"https:\/\/www.fleximat.es\/bn\/#website\"},\"datePublished\":\"2023-10-18T15:53:14+00:00\",\"dateModified\":\"2023-12-03T12:10:10+00:00\",\"breadcrumb\":{\"@id\":\"https:\/\/www.fleximat.es\/producto\/prensaestopas-a2-metrica-metalico-ip-54\/#breadcrumb\"},\"inLanguage\":\"sv-SE\",\"potentialAction\":[{\"@type\":\"ReadAction\",\"target\":[\"https:\/\/www.fleximat.es\/producto\/prensaestopas-a2-metrica-metalico-ip-54\/\"]}]},{\"@type\":\"BreadcrumbList\",\"@id\":\"https:\/\/www.fleximat.es\/producto\/prensaestopas-a2-metrica-metalico-ip-54\/#breadcrumb\",\"itemListElement\":[{\"@type\":\"ListItem\",\"position\":1,\"name\":\"Portada\",\"item\":\"https:\/\/www.fleximat.es\/\"},{\"@type\":\"ListItem\",\"position\":2,\"name\":\"Productos\",\"item\":\"https:\/\/www.fleximat.es\/en\/productos\/\"},{\"@type\":\"ListItem\",\"position\":3,\"name\":\"Prensaestopas A2 M\u00e9trica Met\u00e1lico IP-54\"}]},{\"@type\":\"WebSite\",\"@id\":\"https:\/\/www.fleximat.es\/bn\/#website\",\"url\":\"https:\/\/www.fleximat.es\/bn\/\",\"name\":\"Fleximat\",\"description\":\"Tu soluci\u00f3n en prensaestopas y tubos flexibles\",\"publisher\":{\"@id\":\"https:\/\/www.fleximat.es\/bn\/#organization\"},\"potentialAction\":[{\"@type\":\"SearchAction\",\"target\":{\"@type\":\"EntryPoint\",\"urlTemplate\":\"https:\/\/www.fleximat.es\/bn\/?s={search_term_string}\"},\"query-input\":\"required name=search_term_string\"}],\"inLanguage\":\"sv-SE\"},{\"@type\":\"Organization\",\"@id\":\"https:\/\/www.fleximat.es\/bn\/#organization\",\"name\":\"Fleximat\",\"url\":\"https:\/\/www.fleximat.es\/bn\/\",\"logo\":{\"@type\":\"ImageObject\",\"inLanguage\":\"sv-SE\",\"@id\":\"https:\/\/www.fleximat.es\/bn\/#\/schema\/logo\/image\/\",\"url\":\"https:\/\/www.fleximat.es\/wp-content\/uploads\/2023\/11\/fleximat-logo-1.png\",\"contentUrl\":\"https:\/\/www.fleximat.es\/wp-content\/uploads\/2023\/11\/fleximat-logo-1.png\",\"width\":1169,\"height\":289,\"caption\":\"Fleximat\"},\"image\":{\"@id\":\"https:\/\/www.fleximat.es\/bn\/#\/schema\/logo\/image\/\"}}]}<\/script>\n<!-- \/ Yoast SEO plugin. -->","yoast_head_json":{"title":"Prensaestopas A2 M\u00e9trica Met\u00e1lico IP-54 - Fleximat","robots":{"index":"index","follow":"follow","max-snippet":"max-snippet:-1","max-image-preview":"max-image-preview:large","max-video-preview":"max-video-preview:-1"},"canonical":"https:\/\/www.fleximat.es\/sv\/produkt\/prensaestopas-a2-metrica-metalico-ip-54\/","og_locale":"sv_SE","og_type":"article","og_title":"Prensaestopas A2 M\u00e9trica Met\u00e1lico IP-54 - Fleximat","og_description":"Caracter\u00edsticas    Sombrerete Lat\u00f3n Niquelado   Junta de sellado TPV   Junta t\u00f3rica NBR   Tipo de Rosca M\u00e9trica (EN 60423)   Estanqueidad IP54   Temperatura de trabajo continua -40 \u00baC +100 \u00baC +150 \u00baC (temporal)","og_url":"https:\/\/www.fleximat.es\/sv\/produkt\/prensaestopas-a2-metrica-metalico-ip-54\/","og_site_name":"Fleximat","article_modified_time":"2023-12-03T12:10:10+00:00","og_image":[{"width":600,"height":600,"url":"https:\/\/www.fleximat.es\/wp-content\/uploads\/2023\/12\/th_crop_1571905478prensa-metalico-ip-54.png","type":"image\/png"}],"twitter_card":"summary_large_image","twitter_misc":{"Ber\u00e4knad l\u00e4stid":"1 minut"},"schema":{"@context":"https:\/\/schema.org","@graph":[{"@type":"WebPage","@id":"https:\/\/www.fleximat.es\/producto\/prensaestopas-a2-metrica-metalico-ip-54\/","url":"https:\/\/www.fleximat.es\/producto\/prensaestopas-a2-metrica-metalico-ip-54\/","name":"Prensaestopas A2 M\u00e9trica Met\u00e1lico IP-54 - Fleximat","isPartOf":{"@id":"https:\/\/www.fleximat.es\/bn\/#website"},"datePublished":"2023-10-18T15:53:14+00:00","dateModified":"2023-12-03T12:10:10+00:00","breadcrumb":{"@id":"https:\/\/www.fleximat.es\/producto\/prensaestopas-a2-metrica-metalico-ip-54\/#breadcrumb"},"inLanguage":"sv-SE","potentialAction":[{"@type":"ReadAction","target":["https:\/\/www.fleximat.es\/producto\/prensaestopas-a2-metrica-metalico-ip-54\/"]}]},{"@type":"BreadcrumbList","@id":"https:\/\/www.fleximat.es\/producto\/prensaestopas-a2-metrica-metalico-ip-54\/#breadcrumb","itemListElement":[{"@type":"ListItem","position":1,"name":"Portada","item":"https:\/\/www.fleximat.es\/"},{"@type":"ListItem","position":2,"name":"Productos","item":"https:\/\/www.fleximat.es\/en\/productos\/"},{"@type":"ListItem","position":3,"name":"Prensaestopas A2 M\u00e9trica Met\u00e1lico IP-54"}]},{"@type":"WebSite","@id":"https:\/\/www.fleximat.es\/bn\/#website","url":"https:\/\/www.fleximat.es\/bn\/","name":"Fleximat","description":"Tu soluci\u00f3n en prensaestopas y tubos flexibles","publisher":{"@id":"https:\/\/www.fleximat.es\/bn\/#organization"},"potentialAction":[{"@type":"SearchAction","target":{"@type":"EntryPoint","urlTemplate":"https:\/\/www.fleximat.es\/bn\/?s={search_term_string}"},"query-input":"required name=search_term_string"}],"inLanguage":"sv-SE"},{"@type":"Organization","@id":"https:\/\/www.fleximat.es\/bn\/#organization","name":"Fleximat","url":"https:\/\/www.fleximat.es\/bn\/","logo":{"@type":"ImageObject","inLanguage":"sv-SE","@id":"https:\/\/www.fleximat.es\/bn\/#\/schema\/logo\/image\/","url":"https:\/\/www.fleximat.es\/wp-content\/uploads\/2023\/11\/fleximat-logo-1.png","contentUrl":"https:\/\/www.fleximat.es\/wp-content\/uploads\/2023\/11\/fleximat-logo-1.png","width":1169,"height":289,"caption":"Fleximat"},"image":{"@id":"https:\/\/www.fleximat.es\/bn\/#\/schema\/logo\/image\/"}}]}},"taxonomy_info":{"product_cat":[{"value":31,"label":"Prensaestopas y accesorios met\u00e1licos"},{"value":64,"label":"Prensaestopas Met\u00e1lico IP-54"}]},"featured_image_src_large":["https:\/\/www.fleximat.es\/wp-content\/uploads\/2023\/12\/th_crop_1571905478prensa-metalico-ip-54.png",600,600,false],"author_info":[],"comment_info":"","_links":{"self":[{"href":"https:\/\/www.fleximat.es\/sv\/wp-json\/wp\/v2\/product\/1610"}],"collection":[{"href":"https:\/\/www.fleximat.es\/sv\/wp-json\/wp\/v2\/product"}],"about":[{"href":"https:\/\/www.fleximat.es\/sv\/wp-json\/wp\/v2\/types\/product"}],"wp:featuredmedia":[{"embeddable":true,"href":"https:\/\/www.fleximat.es\/sv\/wp-json\/wp\/v2\/media\/3081"}],"wp:attachment":[{"href":"https:\/\/www.fleximat.es\/sv\/wp-json\/wp\/v2\/media?parent=1610"}],"wp:term":[{"taxonomy":"product_cat","embeddable":true,"href":"https:\/\/www.fleximat.es\/sv\/wp-json\/wp\/v2\/product_cat?post=1610"},{"taxonomy":"product_tag","embeddable":true,"href":"https:\/\/www.fleximat.es\/sv\/wp-json\/wp\/v2\/product_tag?post=1610"}],"curies":[{"name":"wp","href":"https:\/\/api.w.org\/{rel}","templated":true}]}}