{"id":1746,"date":"2023-10-18T17:54:26","date_gmt":"2023-10-18T15:54:26","guid":{"rendered":"https:\/\/www.fleximat.es\/?post_type=product&#038;p=1746"},"modified":"2023-10-25T09:12:38","modified_gmt":"2023-10-25T07:12:38","slug":"tubo-pfa","status":"publish","type":"product","link":"https:\/\/www.fleximat.es\/sv\/produkt\/tubo-pfa\/","title":{"rendered":"PFA-r\u00f6r"},"content":{"rendered":"<h3>Produktbeskrivning<\/h3>\n<p>Flexibla polyamidr\u00f6r anv\u00e4nds f\u00f6r att skydda och ansluta kablar. Dessa polyamidr\u00f6r tillverkas genom en extruderingsprocess<\/p>\n<p>Flexibla polyamidr\u00f6r finns i en m\u00e4ngd olika storlekar, f\u00e4rger och sammans\u00e4ttningar som anpassar sig till varje projekts behov.<\/p>\n<p>Vi kan tillverka alla typer av flexibelt polyamidr\u00f6r p\u00e5 beg\u00e4ran.<\/p>\n<table width=\"380\">\n<tbody>\n<tr>\n<td width=\"122\">Nominell diameter<\/td>\n<td width=\"80\">\u00d8 Utv\u00e4ndigt mm<\/td>\n<td width=\"80\">Inv\u00e4ndig \u00d8 mm<\/td>\n<td width=\"98\">Meter per rulle<\/td>\n<\/tr>\n<tr>\n<td>4,5<\/td>\n<td>6,8<\/td>\n<td>4,35<\/td>\n<td>100<\/td>\n<\/tr>\n<tr>\n<td>5<\/td>\n<td>7,8<\/td>\n<td>5,1<\/td>\n<td>50<\/td>\n<\/tr>\n<tr>\n<td>5,5<\/td>\n<td>7,8<\/td>\n<td>5,5<\/td>\n<td>50<\/td>\n<\/tr>\n<tr>\n<td>6GM<\/td>\n<td>9,6<\/td>\n<td>6,3<\/td>\n<td>50<\/td>\n<\/tr>\n<tr>\n<td>7<\/td>\n<td>10<\/td>\n<td>7<\/td>\n<td>50<\/td>\n<\/tr>\n<tr>\n<td>7,5<\/td>\n<td>10,7<\/td>\n<td>7,6<\/td>\n<td>50<\/td>\n<\/tr>\n<tr>\n<td>9GM<\/td>\n<td>13,3<\/td>\n<td>9,4<\/td>\n<td>50<\/td>\n<\/tr>\n<tr>\n<td>10<\/td>\n<td>13<\/td>\n<td>9,8<\/td>\n<td>50<\/td>\n<\/tr>\n<tr>\n<td>11 GM<\/td>\n<td>16,4<\/td>\n<td>11,5<\/td>\n<td>50<\/td>\n<\/tr>\n<tr>\n<td>13<\/td>\n<td>16<\/td>\n<td>12,4<\/td>\n<td>50<\/td>\n<\/tr>\n<tr>\n<td>13 GM<\/td>\n<td>18,5<\/td>\n<td>13,7<\/td>\n<td>50<\/td>\n<\/tr>\n<tr>\n<td>14<\/td>\n<td>17,8<\/td>\n<td>13,8<\/td>\n<td>50<\/td>\n<\/tr>\n<tr>\n<td>16<\/td>\n<td>19,6<\/td>\n<td>15,5<\/td>\n<td>50<\/td>\n<\/tr>\n<tr>\n<td>16GM<\/td>\n<td>21,2<\/td>\n<td>16,3<\/td>\n<td>50<\/td>\n<\/tr>\n<tr>\n<td>17<\/td>\n<td>21,1<\/td>\n<td>16,6<\/td>\n<td>50<\/td>\n<\/tr>\n<tr>\n<td>19<\/td>\n<td>23,3<\/td>\n<td>18,6<\/td>\n<td>50<\/td>\n<\/tr>\n<tr>\n<td>19GM<\/td>\n<td>24,1<\/td>\n<td>19,1<\/td>\n<td>50<\/td>\n<\/tr>\n<tr>\n<td>21<\/td>\n<td>25<\/td>\n<td>20,1<\/td>\n<td>50<\/td>\n<\/tr>\n<tr>\n<td>23<\/td>\n<td>28,6<\/td>\n<td>23<\/td>\n<td>50<\/td>\n<\/tr>\n<tr>\n<td>23GM<\/td>\n<td>28,8<\/td>\n<td>23,6<\/td>\n<td>50<\/td>\n<\/tr>\n<tr>\n<td>26<\/td>\n<td>30,2<\/td>\n<td>24,9<\/td>\n<td>50<\/td>\n<\/tr>\n<\/tbody>\n<\/table>\n<p>&nbsp;<\/p>\n<p>&nbsp;<\/p>\n<p>PFA-r\u00f6r finns i:<\/p>\n<ul>\n<li>Svart<\/li>\n<li>Gr\u00e5<\/li>\n<li>Black Open<\/li>\n<li>Gr\u00e5 \u00f6ppen<\/li>\n<\/ul>","protected":false},"excerpt":{"rendered":"<h3>Egenskaper<\/h3>\n<table>\n<tbody>\n<tr>\n<td><strong>Kontinuerlig arbetstemperatur<\/strong><\/td>\n<td>-40 + 260\u00b0 kontinuerlig<\/td>\n<\/tr>\n<\/tbody>\n<\/table>","protected":false},"featured_media":1742,"template":"","meta":{"_kad_blocks_custom_css":"","_kad_blocks_head_custom_js":"","_kad_blocks_body_custom_js":"","_kad_blocks_footer_custom_js":"","_kadence_starter_templates_imported_post":false,"_kad_post_transparent":"default","_kad_post_title":"","_kad_post_layout":"default","_kad_post_sidebar_id":"","_kad_post_content_style":"default","_kad_post_vertical_padding":"default","_kad_post_feature":"","_kad_post_feature_position":"","_kad_post_header":false,"_kad_post_footer":false},"product_cat":[68,77,78],"product_tag":[],"class_list":{"0":"post-1746","1":"product","2":"type-product","3":"status-publish","4":"has-post-thumbnail","6":"product_cat-tubos-flexibles-racores-y-accesorios","7":"product_cat-tubos-flexibles-de-poliamida-y-accesorios","8":"product_cat-tubos-flexibles-poliamida-especiales","10":"first","11":"instock","12":"shipping-taxable","13":"product-type-simple","14":"entry","15":"content-bg","16":"loop-entry"},"yoast_head":"<!-- This site is optimized with the Yoast SEO plugin v21.7 - https:\/\/yoast.com\/wordpress\/plugins\/seo\/ -->\n<title>Tubo PFA - Fleximat<\/title>\n<meta name=\"robots\" content=\"index, follow, max-snippet:-1, max-image-preview:large, max-video-preview:-1\" \/>\n<link rel=\"canonical\" href=\"https:\/\/www.fleximat.es\/sv\/produkt\/tubo-pfa\/\" \/>\n<meta property=\"og:locale\" content=\"sv_SE\" \/>\n<meta property=\"og:type\" content=\"article\" \/>\n<meta property=\"og:title\" content=\"Tubo PFA - Fleximat\" \/>\n<meta property=\"og:description\" content=\"Caracter\u00edsticas    Temperatura de trabajo continua -40 + 260 \u00b0 en continuo\" \/>\n<meta property=\"og:url\" content=\"https:\/\/www.fleximat.es\/sv\/produkt\/tubo-pfa\/\" \/>\n<meta property=\"og:site_name\" content=\"Fleximat\" \/>\n<meta property=\"article:modified_time\" content=\"2023-10-25T07:12:38+00:00\" \/>\n<meta property=\"og:image\" content=\"https:\/\/www.fleximat.es\/wp-content\/uploads\/2023\/10\/th_crop_1572264382todos-tipos-tubos.jpg\" \/>\n\t<meta property=\"og:image:width\" content=\"600\" \/>\n\t<meta property=\"og:image:height\" content=\"600\" \/>\n\t<meta property=\"og:image:type\" content=\"image\/jpeg\" \/>\n<meta name=\"twitter:card\" content=\"summary_large_image\" \/>\n<script type=\"application\/ld+json\" class=\"yoast-schema-graph\">{\"@context\":\"https:\/\/schema.org\",\"@graph\":[{\"@type\":\"WebPage\",\"@id\":\"https:\/\/www.fleximat.es\/producto\/tubo-pfa\/\",\"url\":\"https:\/\/www.fleximat.es\/producto\/tubo-pfa\/\",\"name\":\"Tubo PFA - Fleximat\",\"isPartOf\":{\"@id\":\"https:\/\/www.fleximat.es\/bn\/#website\"},\"datePublished\":\"2023-10-18T15:54:26+00:00\",\"dateModified\":\"2023-10-25T07:12:38+00:00\",\"breadcrumb\":{\"@id\":\"https:\/\/www.fleximat.es\/producto\/tubo-pfa\/#breadcrumb\"},\"inLanguage\":\"sv-SE\",\"potentialAction\":[{\"@type\":\"ReadAction\",\"target\":[\"https:\/\/www.fleximat.es\/producto\/tubo-pfa\/\"]}]},{\"@type\":\"BreadcrumbList\",\"@id\":\"https:\/\/www.fleximat.es\/producto\/tubo-pfa\/#breadcrumb\",\"itemListElement\":[{\"@type\":\"ListItem\",\"position\":1,\"name\":\"Portada\",\"item\":\"https:\/\/www.fleximat.es\/\"},{\"@type\":\"ListItem\",\"position\":2,\"name\":\"Productos\",\"item\":\"https:\/\/www.fleximat.es\/en\/productos\/\"},{\"@type\":\"ListItem\",\"position\":3,\"name\":\"Tubo PFA\"}]},{\"@type\":\"WebSite\",\"@id\":\"https:\/\/www.fleximat.es\/bn\/#website\",\"url\":\"https:\/\/www.fleximat.es\/bn\/\",\"name\":\"Fleximat\",\"description\":\"Tu soluci\u00f3n en prensaestopas y tubos flexibles\",\"publisher\":{\"@id\":\"https:\/\/www.fleximat.es\/bn\/#organization\"},\"potentialAction\":[{\"@type\":\"SearchAction\",\"target\":{\"@type\":\"EntryPoint\",\"urlTemplate\":\"https:\/\/www.fleximat.es\/bn\/?s={search_term_string}\"},\"query-input\":\"required name=search_term_string\"}],\"inLanguage\":\"sv-SE\"},{\"@type\":\"Organization\",\"@id\":\"https:\/\/www.fleximat.es\/bn\/#organization\",\"name\":\"Fleximat\",\"url\":\"https:\/\/www.fleximat.es\/bn\/\",\"logo\":{\"@type\":\"ImageObject\",\"inLanguage\":\"sv-SE\",\"@id\":\"https:\/\/www.fleximat.es\/bn\/#\/schema\/logo\/image\/\",\"url\":\"https:\/\/www.fleximat.es\/wp-content\/uploads\/2023\/11\/fleximat-logo-1.png\",\"contentUrl\":\"https:\/\/www.fleximat.es\/wp-content\/uploads\/2023\/11\/fleximat-logo-1.png\",\"width\":1169,\"height\":289,\"caption\":\"Fleximat\"},\"image\":{\"@id\":\"https:\/\/www.fleximat.es\/bn\/#\/schema\/logo\/image\/\"}}]}<\/script>\n<!-- \/ Yoast SEO plugin. -->","yoast_head_json":{"title":"Tubo PFA - Fleximat","robots":{"index":"index","follow":"follow","max-snippet":"max-snippet:-1","max-image-preview":"max-image-preview:large","max-video-preview":"max-video-preview:-1"},"canonical":"https:\/\/www.fleximat.es\/sv\/produkt\/tubo-pfa\/","og_locale":"sv_SE","og_type":"article","og_title":"Tubo PFA - Fleximat","og_description":"Caracter\u00edsticas    Temperatura de trabajo continua -40 + 260 \u00b0 en continuo","og_url":"https:\/\/www.fleximat.es\/sv\/produkt\/tubo-pfa\/","og_site_name":"Fleximat","article_modified_time":"2023-10-25T07:12:38+00:00","og_image":[{"width":600,"height":600,"url":"https:\/\/www.fleximat.es\/wp-content\/uploads\/2023\/10\/th_crop_1572264382todos-tipos-tubos.jpg","type":"image\/jpeg"}],"twitter_card":"summary_large_image","schema":{"@context":"https:\/\/schema.org","@graph":[{"@type":"WebPage","@id":"https:\/\/www.fleximat.es\/producto\/tubo-pfa\/","url":"https:\/\/www.fleximat.es\/producto\/tubo-pfa\/","name":"Tubo PFA - Fleximat","isPartOf":{"@id":"https:\/\/www.fleximat.es\/bn\/#website"},"datePublished":"2023-10-18T15:54:26+00:00","dateModified":"2023-10-25T07:12:38+00:00","breadcrumb":{"@id":"https:\/\/www.fleximat.es\/producto\/tubo-pfa\/#breadcrumb"},"inLanguage":"sv-SE","potentialAction":[{"@type":"ReadAction","target":["https:\/\/www.fleximat.es\/producto\/tubo-pfa\/"]}]},{"@type":"BreadcrumbList","@id":"https:\/\/www.fleximat.es\/producto\/tubo-pfa\/#breadcrumb","itemListElement":[{"@type":"ListItem","position":1,"name":"Portada","item":"https:\/\/www.fleximat.es\/"},{"@type":"ListItem","position":2,"name":"Productos","item":"https:\/\/www.fleximat.es\/en\/productos\/"},{"@type":"ListItem","position":3,"name":"Tubo PFA"}]},{"@type":"WebSite","@id":"https:\/\/www.fleximat.es\/bn\/#website","url":"https:\/\/www.fleximat.es\/bn\/","name":"Fleximat","description":"Tu soluci\u00f3n en prensaestopas y tubos flexibles","publisher":{"@id":"https:\/\/www.fleximat.es\/bn\/#organization"},"potentialAction":[{"@type":"SearchAction","target":{"@type":"EntryPoint","urlTemplate":"https:\/\/www.fleximat.es\/bn\/?s={search_term_string}"},"query-input":"required name=search_term_string"}],"inLanguage":"sv-SE"},{"@type":"Organization","@id":"https:\/\/www.fleximat.es\/bn\/#organization","name":"Fleximat","url":"https:\/\/www.fleximat.es\/bn\/","logo":{"@type":"ImageObject","inLanguage":"sv-SE","@id":"https:\/\/www.fleximat.es\/bn\/#\/schema\/logo\/image\/","url":"https:\/\/www.fleximat.es\/wp-content\/uploads\/2023\/11\/fleximat-logo-1.png","contentUrl":"https:\/\/www.fleximat.es\/wp-content\/uploads\/2023\/11\/fleximat-logo-1.png","width":1169,"height":289,"caption":"Fleximat"},"image":{"@id":"https:\/\/www.fleximat.es\/bn\/#\/schema\/logo\/image\/"}}]}},"taxonomy_info":{"product_cat":[{"value":68,"label":"Tubos flexibles, racores y accesorios"},{"value":77,"label":"Tubos flexibles de poliamida y accesorios"},{"value":78,"label":"Tubos Flexibles Poliamida Especiales"}]},"featured_image_src_large":["https:\/\/www.fleximat.es\/wp-content\/uploads\/2023\/10\/th_crop_1572264382todos-tipos-tubos.jpg",600,600,false],"author_info":[],"comment_info":"","_links":{"self":[{"href":"https:\/\/www.fleximat.es\/sv\/wp-json\/wp\/v2\/product\/1746"}],"collection":[{"href":"https:\/\/www.fleximat.es\/sv\/wp-json\/wp\/v2\/product"}],"about":[{"href":"https:\/\/www.fleximat.es\/sv\/wp-json\/wp\/v2\/types\/product"}],"wp:featuredmedia":[{"embeddable":true,"href":"https:\/\/www.fleximat.es\/sv\/wp-json\/wp\/v2\/media\/1742"}],"wp:attachment":[{"href":"https:\/\/www.fleximat.es\/sv\/wp-json\/wp\/v2\/media?parent=1746"}],"wp:term":[{"taxonomy":"product_cat","embeddable":true,"href":"https:\/\/www.fleximat.es\/sv\/wp-json\/wp\/v2\/product_cat?post=1746"},{"taxonomy":"product_tag","embeddable":true,"href":"https:\/\/www.fleximat.es\/sv\/wp-json\/wp\/v2\/product_tag?post=1746"}],"curies":[{"name":"wp","href":"https:\/\/api.w.org\/{rel}","templated":true}]}}