{"id":1748,"date":"2023-10-18T17:54:26","date_gmt":"2023-10-18T15:54:26","guid":{"rendered":"https:\/\/www.fleximat.es\/?post_type=product&#038;p=1748"},"modified":"2023-11-27T10:53:45","modified_gmt":"2023-11-27T09:53:45","slug":"puntera-aislada-en-bobina","status":"publish","type":"product","link":"https:\/\/www.fleximat.es\/sv\/produkt\/puntera-aislada-en-bobina\/","title":{"rendered":"Isolerad spiral t\u00e5"},"content":{"rendered":"<h3>Produktbeskrivning<\/h3>\n<p>Una puntera aislada en bobina es un ligero tubo de metal blando que se engarza en el extremo de un cable trenzado para mejorar las caracter\u00edsticas de conexi\u00f3n del cable.<\/p>\n<p>La mayor\u00eda de las punteras aisladas en bobina est\u00e1n hechas de cobre, generalmente ba\u00f1adas en esta\u00f1o. Cada puntera es dise\u00f1ada para un calibre espec\u00edfico de alambre, tanto de su di\u00e1metro como de su longitud.<\/p>\n<p>Dessutom finns det flera typer av t\u00e5h\u00e4tta beroende p\u00e5 deras till\u00e4mpning.<\/p>\n<p>Dessa inkluderar spiralisolerade hylsor, dubbelisolerade hylsor, oisolerade hylsor och isolerade hylsor med jordanslutning. Till detta l\u00e4gger vi m\u00f6jligheten att applicera dem l\u00f6sa, i patron eller i olika storlekar av spolar. Vi har dem alla!<\/p>\n<h4>Peque\u00f1a<\/h4>\n<table width=\"536\">\n<tbody>\n<tr>\n<td width=\"89\">Sektion: mm2 \u2013<\/p>\n<p>L\u00e4ngd<\/td>\n<td width=\"47\">AWG<\/td>\n<td width=\"48\">Beh\u00e5llare<\/td>\n<td width=\"59\">F\u00e4rg<\/p>\n<p>D\u00c5N<\/td>\n<td width=\"51\">Art nr 1<\/td>\n<td width=\"62\">F\u00e4rg 1<\/td>\n<td width=\"55\">Art nr 2<\/td>\n<td width=\"69\">F\u00e4rg 2<\/td>\n<td width=\"56\">Art nr 3<\/td>\n<\/tr>\n<tr>\n<td>0,50-8<\/td>\n<td>20<\/td>\n<td>1.100<\/td>\n<td>vit<\/td>\n<td>K 310<\/td>\n<td>vit<\/td>\n<td>K 310<\/td>\n<td>orange<\/td>\n<td>K 210<\/td>\n<\/tr>\n<tr>\n<td>0,75-8<\/td>\n<td>18<\/td>\n<td>1.100<\/td>\n<td>gr\u00e5<\/td>\n<td>K 315<\/td>\n<td>Ljusbl\u00e5<\/td>\n<td>K 115<\/td>\n<td>vit<\/td>\n<td>K 215<\/td>\n<\/tr>\n<tr>\n<td>1,00-8<\/td>\n<td>18<\/td>\n<td>800<\/td>\n<td>r\u00f6d<\/td>\n<td>K 320<\/td>\n<td>r\u00f6d<\/td>\n<td>K 320<\/td>\n<td>gul<\/td>\n<td>K 220<\/td>\n<\/tr>\n<tr>\n<td>1,50-8<\/td>\n<td>16<\/td>\n<td>800<\/td>\n<td>svart<\/td>\n<td>K 330<\/td>\n<td>svart<\/td>\n<td>K 330<\/td>\n<td>bourdeos<\/td>\n<td>K 230<\/td>\n<\/tr>\n<tr>\n<td>2,50-8<\/td>\n<td>14<\/td>\n<td>500<\/td>\n<td>bl\u00e5<\/td>\n<td>K 340<\/td>\n<td>gr\u00e5<\/td>\n<td>K 140<\/td>\n<td>bl\u00e5<\/td>\n<td>K 340<\/td>\n<\/tr>\n<\/tbody>\n<\/table>\n<h4>Mediana<\/h4>\n<table width=\"536\">\n<tbody>\n<tr>\n<td width=\"89\">Sektion: mm2 \u2013<\/p>\n<p>L\u00e4ngd<\/td>\n<td width=\"47\">AWG<\/td>\n<td width=\"48\">Beh\u00e5llare<\/td>\n<td width=\"59\">F\u00e4rg<\/p>\n<p>D\u00c5N<\/td>\n<td width=\"51\">Art nr 1<\/td>\n<td width=\"62\">F\u00e4rg 1<\/td>\n<td width=\"55\">Art nr 2<\/td>\n<td width=\"69\">F\u00e4rg 2<\/td>\n<td width=\"56\">Art nr 3<\/td>\n<\/tr>\n<tr>\n<td>0,50-8<\/td>\n<td>20<\/td>\n<td>4.000<\/td>\n<td>vit<\/td>\n<td>C 310<\/td>\n<td>vit<\/td>\n<td>C 310<\/td>\n<td>orange<\/td>\n<td>C 210<\/td>\n<\/tr>\n<tr>\n<td>0,75-8<\/td>\n<td>18<\/td>\n<td>4.000<\/td>\n<td>gr\u00e5<\/td>\n<td>C 315<\/td>\n<td>Ljusbl\u00e5<\/td>\n<td>C 115<\/td>\n<td>vit<\/td>\n<td>C 215<\/td>\n<\/tr>\n<tr>\n<td>1,00-8<\/td>\n<td>18<\/td>\n<td>3.500<\/td>\n<td>r\u00f6d<\/td>\n<td>C 320<\/td>\n<td>r\u00f6d<\/td>\n<td>C 320<\/td>\n<td>gul<\/td>\n<td>C 220<\/td>\n<\/tr>\n<tr>\n<td>1,50-8<\/td>\n<td>16<\/td>\n<td>3.000<\/td>\n<td>svart<\/td>\n<td>C 330<\/td>\n<td>svart<\/td>\n<td>C 330<\/td>\n<td>rojo oscuro<\/td>\n<td>C 230<\/td>\n<\/tr>\n<tr>\n<td>2,50-8<\/td>\n<td>14<\/td>\n<td>2.500<\/td>\n<td>bl\u00e5<\/td>\n<td>C 340<\/td>\n<td>gr\u00e5<\/td>\n<td>C 140<\/td>\n<td>bl\u00e5<\/td>\n<td>C 340<\/td>\n<\/tr>\n<\/tbody>\n<\/table>\n<h4>Grande<\/h4>\n<table width=\"536\">\n<tbody>\n<tr>\n<td width=\"89\">Sektion: mm2 \u2013<\/p>\n<p>L\u00e4ngd<\/td>\n<td width=\"47\">AWG<\/td>\n<td width=\"48\">Beh\u00e5llare<\/td>\n<td width=\"59\">F\u00e4rg<\/p>\n<p>D\u00c5N<\/td>\n<td width=\"51\">Art nr 1<\/p>\n<p>&nbsp;<\/td>\n<td width=\"62\">F\u00e4rg 1<\/td>\n<td width=\"55\">Art nr 2<\/td>\n<td width=\"69\">F\u00e4rg 2<\/td>\n<td width=\"56\">Art nr 3<\/td>\n<\/tr>\n<tr>\n<td>0,50-8<\/td>\n<td>20<\/td>\n<td>10.000<\/td>\n<td>vit<\/td>\n<td>M 310<\/td>\n<td>vit<\/td>\n<td>M 310<\/td>\n<td>orange<\/td>\n<td>M 210<\/td>\n<\/tr>\n<tr>\n<td>0,75-8<\/td>\n<td>18<\/td>\n<td>10.000<\/td>\n<td>gr\u00e5<\/td>\n<td>M 315<\/td>\n<td>Ljusbl\u00e5<\/td>\n<td>M 115<\/td>\n<td>vit<\/td>\n<td>M 215<\/td>\n<\/tr>\n<tr>\n<td>1,00-8<\/td>\n<td>18<\/td>\n<td>7.500<\/td>\n<td>r\u00f6d<\/td>\n<td>M 320<\/td>\n<td>r\u00f6d<\/td>\n<td>M 320<\/td>\n<td>gul<\/td>\n<td>M 220<\/td>\n<\/tr>\n<tr>\n<td>1,50-8<\/td>\n<td>16<\/td>\n<td>7.500<\/td>\n<td>svart<\/td>\n<td>M 330<\/td>\n<td>svart<\/td>\n<td>M 330<\/td>\n<td>rojo oscuro<\/td>\n<td>M 230<\/td>\n<\/tr>\n<tr>\n<td>2,50-8<\/td>\n<td>14<\/td>\n<td>5.000<\/td>\n<td>bl\u00e5<\/td>\n<td>M 340<\/td>\n<td>gr\u00e5<\/td>\n<td>M 140<\/td>\n<td>bl\u00e5<\/td>\n<td>M 340<\/td>\n<\/tr>\n<\/tbody>\n<\/table>","protected":false},"excerpt":{"rendered":"<h3>Egenskaper<\/h3>\n<table>\n<tbody>\n<tr>\n<td><strong>Material<\/strong><\/td>\n<td>E-koppar \/ PP 105\u00b0<\/td>\n<\/tr>\n<tr>\n<td><strong>Yta<\/strong><\/td>\n<td>Cincada<\/td>\n<\/tr>\n<tr>\n<td><strong>Minimum badrum<\/strong><\/td>\n<td>3 \u00b5m<\/td>\n<\/tr>\n<\/tbody>\n<\/table>","protected":false},"featured_media":2985,"template":"","meta":{"_kad_blocks_custom_css":"","_kad_blocks_head_custom_js":"","_kad_blocks_body_custom_js":"","_kad_blocks_footer_custom_js":"","_kadence_starter_templates_imported_post":false,"_kad_post_transparent":"default","_kad_post_title":"","_kad_post_layout":"default","_kad_post_sidebar_id":"","_kad_post_content_style":"default","_kad_post_vertical_padding":"default","_kad_post_feature":"","_kad_post_feature_position":"","_kad_post_header":false,"_kad_post_footer":false},"product_cat":[75,76],"product_tag":[],"class_list":{"0":"post-1748","1":"product","2":"type-product","3":"status-publish","4":"has-post-thumbnail","6":"product_cat-punteras-de-conexion","7":"product_cat-punteras","9":"first","10":"instock","11":"shipping-taxable","12":"product-type-simple","13":"entry","14":"content-bg","15":"loop-entry"},"yoast_head":"<!-- This site is optimized with the Yoast SEO plugin v21.7 - https:\/\/yoast.com\/wordpress\/plugins\/seo\/ -->\n<title>Puntera Aislada en Bobina - Fleximat<\/title>\n<meta name=\"robots\" content=\"index, follow, max-snippet:-1, max-image-preview:large, max-video-preview:-1\" \/>\n<link rel=\"canonical\" href=\"https:\/\/www.fleximat.es\/sv\/produkt\/puntera-aislada-en-bobina\/\" \/>\n<meta property=\"og:locale\" content=\"sv_SE\" \/>\n<meta property=\"og:type\" content=\"article\" \/>\n<meta property=\"og:title\" content=\"Puntera Aislada en Bobina - Fleximat\" \/>\n<meta property=\"og:description\" content=\"Caracter\u00edsticas    Material E-Cobre \/ PP 105\u00b0   Superficie Cincada   Ba\u00f1o m\u00ednimo 3\u00b5m\" \/>\n<meta property=\"og:url\" content=\"https:\/\/www.fleximat.es\/sv\/produkt\/puntera-aislada-en-bobina\/\" \/>\n<meta property=\"og:site_name\" content=\"Fleximat\" \/>\n<meta property=\"article:modified_time\" content=\"2023-11-27T09:53:45+00:00\" \/>\n<meta property=\"og:image\" content=\"https:\/\/www.fleximat.es\/wp-content\/uploads\/2023\/10\/th_crop_1571679415puntera-aislada-bobina-1.png\" \/>\n\t<meta property=\"og:image:width\" content=\"700\" \/>\n\t<meta property=\"og:image:height\" content=\"700\" \/>\n\t<meta property=\"og:image:type\" content=\"image\/png\" \/>\n<meta name=\"twitter:card\" content=\"summary_large_image\" \/>\n<meta name=\"twitter:label1\" content=\"Ber\u00e4knad l\u00e4stid\" \/>\n\t<meta name=\"twitter:data1\" content=\"2 minuter\" \/>\n<script type=\"application\/ld+json\" class=\"yoast-schema-graph\">{\"@context\":\"https:\/\/schema.org\",\"@graph\":[{\"@type\":\"WebPage\",\"@id\":\"https:\/\/www.fleximat.es\/producto\/puntera-aislada-en-bobina\/\",\"url\":\"https:\/\/www.fleximat.es\/producto\/puntera-aislada-en-bobina\/\",\"name\":\"Puntera Aislada en Bobina - Fleximat\",\"isPartOf\":{\"@id\":\"https:\/\/www.fleximat.es\/bn\/#website\"},\"datePublished\":\"2023-10-18T15:54:26+00:00\",\"dateModified\":\"2023-11-27T09:53:45+00:00\",\"breadcrumb\":{\"@id\":\"https:\/\/www.fleximat.es\/producto\/puntera-aislada-en-bobina\/#breadcrumb\"},\"inLanguage\":\"sv-SE\",\"potentialAction\":[{\"@type\":\"ReadAction\",\"target\":[\"https:\/\/www.fleximat.es\/producto\/puntera-aislada-en-bobina\/\"]}]},{\"@type\":\"BreadcrumbList\",\"@id\":\"https:\/\/www.fleximat.es\/producto\/puntera-aislada-en-bobina\/#breadcrumb\",\"itemListElement\":[{\"@type\":\"ListItem\",\"position\":1,\"name\":\"Portada\",\"item\":\"https:\/\/www.fleximat.es\/\"},{\"@type\":\"ListItem\",\"position\":2,\"name\":\"Productos\",\"item\":\"https:\/\/www.fleximat.es\/en\/productos\/\"},{\"@type\":\"ListItem\",\"position\":3,\"name\":\"Puntera Aislada en Bobina\"}]},{\"@type\":\"WebSite\",\"@id\":\"https:\/\/www.fleximat.es\/bn\/#website\",\"url\":\"https:\/\/www.fleximat.es\/bn\/\",\"name\":\"Fleximat\",\"description\":\"Tu soluci\u00f3n en prensaestopas y tubos flexibles\",\"publisher\":{\"@id\":\"https:\/\/www.fleximat.es\/bn\/#organization\"},\"potentialAction\":[{\"@type\":\"SearchAction\",\"target\":{\"@type\":\"EntryPoint\",\"urlTemplate\":\"https:\/\/www.fleximat.es\/bn\/?s={search_term_string}\"},\"query-input\":\"required name=search_term_string\"}],\"inLanguage\":\"sv-SE\"},{\"@type\":\"Organization\",\"@id\":\"https:\/\/www.fleximat.es\/bn\/#organization\",\"name\":\"Fleximat\",\"url\":\"https:\/\/www.fleximat.es\/bn\/\",\"logo\":{\"@type\":\"ImageObject\",\"inLanguage\":\"sv-SE\",\"@id\":\"https:\/\/www.fleximat.es\/bn\/#\/schema\/logo\/image\/\",\"url\":\"https:\/\/www.fleximat.es\/wp-content\/uploads\/2023\/11\/fleximat-logo-1.png\",\"contentUrl\":\"https:\/\/www.fleximat.es\/wp-content\/uploads\/2023\/11\/fleximat-logo-1.png\",\"width\":1169,\"height\":289,\"caption\":\"Fleximat\"},\"image\":{\"@id\":\"https:\/\/www.fleximat.es\/bn\/#\/schema\/logo\/image\/\"}}]}<\/script>\n<!-- \/ Yoast SEO plugin. -->","yoast_head_json":{"title":"Puntera Aislada en Bobina - Fleximat","robots":{"index":"index","follow":"follow","max-snippet":"max-snippet:-1","max-image-preview":"max-image-preview:large","max-video-preview":"max-video-preview:-1"},"canonical":"https:\/\/www.fleximat.es\/sv\/produkt\/puntera-aislada-en-bobina\/","og_locale":"sv_SE","og_type":"article","og_title":"Puntera Aislada en Bobina - Fleximat","og_description":"Caracter\u00edsticas    Material E-Cobre \/ PP 105\u00b0   Superficie Cincada   Ba\u00f1o m\u00ednimo 3\u00b5m","og_url":"https:\/\/www.fleximat.es\/sv\/produkt\/puntera-aislada-en-bobina\/","og_site_name":"Fleximat","article_modified_time":"2023-11-27T09:53:45+00:00","og_image":[{"width":700,"height":700,"url":"https:\/\/www.fleximat.es\/wp-content\/uploads\/2023\/10\/th_crop_1571679415puntera-aislada-bobina-1.png","type":"image\/png"}],"twitter_card":"summary_large_image","twitter_misc":{"Ber\u00e4knad l\u00e4stid":"2 minuter"},"schema":{"@context":"https:\/\/schema.org","@graph":[{"@type":"WebPage","@id":"https:\/\/www.fleximat.es\/producto\/puntera-aislada-en-bobina\/","url":"https:\/\/www.fleximat.es\/producto\/puntera-aislada-en-bobina\/","name":"Puntera Aislada en Bobina - Fleximat","isPartOf":{"@id":"https:\/\/www.fleximat.es\/bn\/#website"},"datePublished":"2023-10-18T15:54:26+00:00","dateModified":"2023-11-27T09:53:45+00:00","breadcrumb":{"@id":"https:\/\/www.fleximat.es\/producto\/puntera-aislada-en-bobina\/#breadcrumb"},"inLanguage":"sv-SE","potentialAction":[{"@type":"ReadAction","target":["https:\/\/www.fleximat.es\/producto\/puntera-aislada-en-bobina\/"]}]},{"@type":"BreadcrumbList","@id":"https:\/\/www.fleximat.es\/producto\/puntera-aislada-en-bobina\/#breadcrumb","itemListElement":[{"@type":"ListItem","position":1,"name":"Portada","item":"https:\/\/www.fleximat.es\/"},{"@type":"ListItem","position":2,"name":"Productos","item":"https:\/\/www.fleximat.es\/en\/productos\/"},{"@type":"ListItem","position":3,"name":"Puntera Aislada en Bobina"}]},{"@type":"WebSite","@id":"https:\/\/www.fleximat.es\/bn\/#website","url":"https:\/\/www.fleximat.es\/bn\/","name":"Fleximat","description":"Tu soluci\u00f3n en prensaestopas y tubos flexibles","publisher":{"@id":"https:\/\/www.fleximat.es\/bn\/#organization"},"potentialAction":[{"@type":"SearchAction","target":{"@type":"EntryPoint","urlTemplate":"https:\/\/www.fleximat.es\/bn\/?s={search_term_string}"},"query-input":"required name=search_term_string"}],"inLanguage":"sv-SE"},{"@type":"Organization","@id":"https:\/\/www.fleximat.es\/bn\/#organization","name":"Fleximat","url":"https:\/\/www.fleximat.es\/bn\/","logo":{"@type":"ImageObject","inLanguage":"sv-SE","@id":"https:\/\/www.fleximat.es\/bn\/#\/schema\/logo\/image\/","url":"https:\/\/www.fleximat.es\/wp-content\/uploads\/2023\/11\/fleximat-logo-1.png","contentUrl":"https:\/\/www.fleximat.es\/wp-content\/uploads\/2023\/11\/fleximat-logo-1.png","width":1169,"height":289,"caption":"Fleximat"},"image":{"@id":"https:\/\/www.fleximat.es\/bn\/#\/schema\/logo\/image\/"}}]}},"taxonomy_info":{"product_cat":[{"value":75,"label":"Punteras de conexi\u00f3n"},{"value":76,"label":"Punteras"}]},"featured_image_src_large":["https:\/\/www.fleximat.es\/wp-content\/uploads\/2023\/10\/th_crop_1571679415puntera-aislada-bobina-1.png",700,700,false],"author_info":[],"comment_info":"","_links":{"self":[{"href":"https:\/\/www.fleximat.es\/sv\/wp-json\/wp\/v2\/product\/1748"}],"collection":[{"href":"https:\/\/www.fleximat.es\/sv\/wp-json\/wp\/v2\/product"}],"about":[{"href":"https:\/\/www.fleximat.es\/sv\/wp-json\/wp\/v2\/types\/product"}],"wp:featuredmedia":[{"embeddable":true,"href":"https:\/\/www.fleximat.es\/sv\/wp-json\/wp\/v2\/media\/2985"}],"wp:attachment":[{"href":"https:\/\/www.fleximat.es\/sv\/wp-json\/wp\/v2\/media?parent=1748"}],"wp:term":[{"taxonomy":"product_cat","embeddable":true,"href":"https:\/\/www.fleximat.es\/sv\/wp-json\/wp\/v2\/product_cat?post=1748"},{"taxonomy":"product_tag","embeddable":true,"href":"https:\/\/www.fleximat.es\/sv\/wp-json\/wp\/v2\/product_tag?post=1748"}],"curies":[{"name":"wp","href":"https:\/\/api.w.org\/{rel}","templated":true}]}}