{"id":1769,"date":"2023-10-18T17:54:28","date_gmt":"2023-10-18T15:54:28","guid":{"rendered":"https:\/\/www.fleximat.es\/?post_type=product&#038;p=1769"},"modified":"2023-11-29T09:15:39","modified_gmt":"2023-11-29T08:15:39","slug":"prensaestopas-atex-poliamida-azul","status":"publish","type":"product","link":"https:\/\/www.fleximat.es\/sv\/produkt\/prensaestopas-atex-poliamida-azul\/","title":{"rendered":"ATEX kabelgenomf\u00f6ring polyamidbl\u00e5"},"content":{"rendered":"<h4>Egenskaper<\/h4>\n<p>UV-best\u00e4ndighet<br \/>\nL\u00e4tt att montera<br \/>\nHalogenfri<br \/>\nApplicera med PA- eller PP-r\u00f6r<\/p>\n<h3>Produktbeskrivning<\/h3>\n<p><span style=\"font-weight: 400;\">ATEX kabelgenomf\u00f6ringar \u00e4r en typ av specialf\u00f6rst\u00e4rkta kabelf\u00f6rskruvningar f\u00f6r klassificerade farliga milj\u00f6er. ATEX kabelgenomf\u00f6ringar, vanligtvis gjorda av nickelpl\u00e4terad m\u00e4ssing eller rostfritt st\u00e5l, uppfyller specifikationerna f\u00f6r europeiska och internationella direktiv och standarder som certifierar en utm\u00e4rkt skyddsniv\u00e5.<\/span><\/p>\n<p><span style=\"font-weight: 400;\">Anv\u00e4ndning av ATEX-kabelf\u00f6rskruvningar och tillbeh\u00f6r anges vanligtvis av s\u00e4kerhetsf\u00f6reskrifterna och instruktionerna f\u00f6r installation och arbetsmilj\u00f6.\u00a0<\/span><span style=\"font-weight: 400;\">ATEX kabelf\u00f6rskruvningar och tillbeh\u00f6r installeras ofta i industri- eller energiprojekt.<\/span><\/p>\n<p><span style=\"font-weight: 400;\">N\u00e5gra exempel p\u00e5 applikationer f\u00f6r ATEX-produkter \u00e4r: lager f\u00f6r kemiska material, f\u00e4rgboxar, explosiva v\u00e4tskehanteringsomr\u00e5den, kvarnar, kolreningsverk, konstg\u00f6dselanl\u00e4ggningar.<\/span><\/p>\n<table width=\"446\">\n<tbody>\n<tr>\n<td class=\"xl66\" width=\"54\" height=\"60\">Tr\u00e5d<\/td>\n<td class=\"xl66\" width=\"136\">Bl\u00e5 kod<\/td>\n<td class=\"xl66\" width=\"64\">Hmm<\/td>\n<td class=\"xl66\" width=\"64\">GL mm<\/td>\n<td class=\"xl66\" width=\"64\">Bredd mellan ansikten<\/td>\n<td class=\"xl66\" width=\"64\">Kabelkapacitet<\/td>\n<\/tr>\n<tr>\n<td height=\"20\">PG-7<\/td>\n<td>ExOXXORM 01<\/td>\n<td>24<\/td>\n<td>8<\/td>\n<td>15<\/td>\n<td>3 &#8211; 6,5<\/td>\n<\/tr>\n<tr>\n<td height=\"20\">PG-9<\/td>\n<td>ExOXXORM 02<\/td>\n<td>28<\/td>\n<td>8<\/td>\n<td>19<\/td>\n<td>4 &#8211; 8<\/td>\n<\/tr>\n<tr>\n<td height=\"20\">PG-11<\/td>\n<td>ExOXXORM 03<\/td>\n<td>29<\/td>\n<td>8<\/td>\n<td>22<\/td>\n<td>5 &#8211; 10<\/td>\n<\/tr>\n<tr>\n<td height=\"20\">PG-13,5<\/td>\n<td>ExOXXORM 04RS<\/td>\n<td>29<\/td>\n<td>9<\/td>\n<td>24<\/td>\n<td>4 &#8211; 10<\/td>\n<\/tr>\n<tr>\n<td height=\"20\">PG-13,5<\/td>\n<td>ExOXXORM 04<\/td>\n<td>29<\/td>\n<td>9<\/td>\n<td>24<\/td>\n<td>6 &#8211; 12<\/td>\n<\/tr>\n<tr>\n<td height=\"20\">PG-16<\/td>\n<td>ExOXXORM 05<\/td>\n<td>33<\/td>\n<td>9<\/td>\n<td>27<\/td>\n<td>10 &#8211; 14<\/td>\n<\/tr>\n<tr>\n<td height=\"20\">PG-21<\/td>\n<td>ExOXXORM 06<\/td>\n<td>38<\/td>\n<td>11<\/td>\n<td>33<\/td>\n<td>13 &#8211; 18<\/td>\n<\/tr>\n<tr>\n<td height=\"20\">PG-21<\/td>\n<td>ExOXXORBM 06\/9-17<\/td>\n<td>38<\/td>\n<td>11<\/td>\n<td>33<\/td>\n<td>9 &#8211; 17<\/td>\n<\/tr>\n<tr>\n<td height=\"20\">PG-29<\/td>\n<td>ExOXXORM 07<\/td>\n<td>41<\/td>\n<td>11<\/td>\n<td>42<\/td>\n<td>18 &#8211; 25<\/td>\n<\/tr>\n<tr>\n<td height=\"20\">PG-36<\/td>\n<td>ExOXXORM 08<\/td>\n<td>51<\/td>\n<td>11<\/td>\n<td>53<\/td>\n<td>22 &#8211; 32<\/td>\n<\/tr>\n<tr>\n<td height=\"20\">PG-42<\/td>\n<td>ExOXXORM 09<\/td>\n<td>53<\/td>\n<td>11<\/td>\n<td>60<\/td>\n<td>30 &#8211; 38<\/td>\n<\/tr>\n<tr>\n<td height=\"20\">PG-48<\/td>\n<td>ExOXXORM 10<\/td>\n<td>55<\/td>\n<td>14<\/td>\n<td>65<\/td>\n<td>34 &#8211; 44<\/td>\n<\/tr>\n<\/tbody>\n<\/table>\n<table class=\"table table-bordered table-striped\">\n<thead>\n<tr>\n<td>L\u00e5ng tr\u00e5d<\/td>\n<td>Code Grey<\/td>\n<td>Kod Svart<\/td>\n<td>F\u00f6r tub<\/td>\n<td>GL mm.<\/td>\n<td>mm.<\/td>\n<td>mm.<\/td>\n<\/tr>\n<\/thead>\n<tbody>\n<tr>\n<td>PG 7<\/td>\n<td>ODGR10-PG7<\/td>\n<td>OBGR10-PG7<\/td>\n<td>6,5x10<\/td>\n<td>8<\/td>\n<td>15<\/td>\n<td>3,5 &#8211; 6<\/td>\n<\/tr>\n<tr>\n<td>PG 7<\/td>\n<td>ODGR12-PG7<\/td>\n<td>OBGR12-PG7<\/td>\n<td>8,5x12<\/td>\n<td>8<\/td>\n<td>15<\/td>\n<td>3,5 &#8211; 6<\/td>\n<\/tr>\n<tr>\n<td>PG 9<\/td>\n<td>ODGR13-PG9<\/td>\n<td>OBGR13-PG9<\/td>\n<td>10x13<\/td>\n<td>8<\/td>\n<td>19<\/td>\n<td>4,5 &#8211; 7<\/td>\n<\/tr>\n<tr>\n<td>PG 9<\/td>\n<td>ODGR15-PG9<\/td>\n<td>OBGR15-PG9<\/td>\n<td>12x15,8<\/td>\n<td>8<\/td>\n<td>19<\/td>\n<td>4,5 &#8211; 7<\/td>\n<\/tr>\n<tr>\n<td>PG 9<\/td>\n<td>ODGR18-PG9<\/td>\n<td>OBGR18-PG9<\/td>\n<td>14,2 x 18,4<\/td>\n<td>8<\/td>\n<td>19<\/td>\n<td>4,5 &#8211; 7<\/td>\n<\/tr>\n<tr>\n<td>PG 11<\/td>\n<td>ODGR13-PG11<\/td>\n<td>OBGR13-PG11<\/td>\n<td>10x13<\/td>\n<td>8<\/td>\n<td>22<\/td>\n<td>6 &#8211; 9<\/td>\n<\/tr>\n<tr>\n<td>PG 11<\/td>\n<td>ODGR15-PG11<\/td>\n<td>OBGR15-PG11<\/td>\n<td>12x15,8<\/td>\n<td>8<\/td>\n<td>22<\/td>\n<td>6 &#8211; 9<\/td>\n<\/tr>\n<tr>\n<td>PG 11<\/td>\n<td>ODGR18-PG11<\/td>\n<td>OBGR18-PG11<\/td>\n<td>14,2 x 18,4<\/td>\n<td>8<\/td>\n<td>22<\/td>\n<td>6 &#8211; 9<\/td>\n<\/tr>\n<tr>\n<td>GP 13,5<\/td>\n<td>ODGR13-PG13.5<\/td>\n<td>OBGR13-PG13.5<\/td>\n<td>10x13<\/td>\n<td>9<\/td>\n<td>24<\/td>\n<td>9 &#8211; 12<\/td>\n<\/tr>\n<tr>\n<td>GP 13,5<\/td>\n<td>ODGR15-PG13.5<\/td>\n<td>OBGR15-PG13.5<\/td>\n<td>12x15,8<\/td>\n<td>9<\/td>\n<td>24<\/td>\n<td>9 &#8211; 12<\/td>\n<\/tr>\n<tr>\n<td>GP 13,5<\/td>\n<td>ODGR18-PG13.5<\/td>\n<td>OBGR18-PG13.5<\/td>\n<td>14,2 x 18,4<\/td>\n<td>9<\/td>\n<td>24<\/td>\n<td>9 &#8211; 12<\/td>\n<\/tr>\n<tr>\n<td>GP 13,5<\/td>\n<td>ODGR21-PG13.5<\/td>\n<td>OBGR21-PG13.5<\/td>\n<td>16,5 x 21,2<\/td>\n<td>9<\/td>\n<td>24<\/td>\n<td>9 &#8211; 12<\/td>\n<\/tr>\n<tr>\n<td>PG 16<\/td>\n<td>ODGR21-PG16<\/td>\n<td>OBGR21-PG16<\/td>\n<td>16,5 x 21,2<\/td>\n<td>10<\/td>\n<td>27<\/td>\n<td>11 &#8211; 14<\/td>\n<\/tr>\n<tr>\n<td>PG 21<\/td>\n<td>ODGR28-PG21<\/td>\n<td>OBGR28-PG21<\/td>\n<td>23 x 28,4<\/td>\n<td>11<\/td>\n<td>33<\/td>\n<td>14 &#8211; 18<\/td>\n<\/tr>\n<tr>\n<td>PG 29<\/td>\n<td>ODGR34-PG29<\/td>\n<td>OBGR34-PG29<\/td>\n<td>29 x 34,5<\/td>\n<td>11<\/td>\n<td>42<\/td>\n<td>18 &#8211; 25<\/td>\n<\/tr>\n<tr>\n<td>PG 36<\/td>\n<td>ODGR42-PG36<\/td>\n<td>OBGR42-PG36<\/td>\n<td>36 x 42,5<\/td>\n<td>13<\/td>\n<td>53<\/td>\n<td>25 &#8211; 32<\/td>\n<\/tr>\n<\/tbody>\n<\/table>","protected":false},"excerpt":{"rendered":"<h3>Egenskaper<\/h3>\n<table>\n<tbody>\n<tr>\n<td><strong>Skyddsniv\u00e5<\/strong><\/td>\n<td>:<\/td>\n<td>II 2G Ex eb IIC Gb II 2D Ex tb IIIC Db<\/td>\n<\/tr>\n<tr>\n<td><strong>Certifikat\u00a0<\/strong><\/td>\n<td>:<\/td>\n<td>IEP 20 ATEX 0750 X ATEX, ROHS, CE, PT, TUV<\/td>\n<\/tr>\n<tr>\n<td><strong>Kropp<\/strong><\/td>\n<td>:<\/td>\n<td>Polyamid PA6<\/td>\n<\/tr>\n<tr>\n<td><strong>Tr\u00e5d<\/strong><\/td>\n<td>:<\/td>\n<td>PG (DIN 40430)<\/td>\n<\/tr>\n<tr>\n<td><strong>F\u00e4rg<\/strong><\/td>\n<td>:<\/td>\n<td>Bl\u00e5 (RAL 5012)<\/td>\n<\/tr>\n<tr>\n<td><strong>Standard<\/strong><\/td>\n<td>:<\/td>\n<td>EN 60079-0, 60079-7, 60079-31<\/td>\n<\/tr>\n<tr>\n<td><strong>\u00c5tdragning<\/strong><\/td>\n<td>:<\/td>\n<td>IP68 5 bar<\/td>\n<\/tr>\n<tr>\n<td><strong>Arbetstemperatur<\/strong><\/td>\n<td>:<\/td>\n<td>-30\u00b0C +100\u00b0C<\/td>\n<\/tr>\n<tr>\n<td><strong>Ans\u00f6kningar<\/strong><\/td>\n<td>:<\/td>\n<td>ZONE1, ZONE2, ZONE21, ZONE22, Gas Group IIA, IIB, IIC<\/td>\n<\/tr>\n<\/tbody>\n<\/table>","protected":false},"featured_media":3015,"template":"","meta":{"_kad_blocks_custom_css":"","_kad_blocks_head_custom_js":"","_kad_blocks_body_custom_js":"","_kad_blocks_footer_custom_js":"","_kadence_starter_templates_imported_post":false,"_kad_post_transparent":"default","_kad_post_title":"","_kad_post_layout":"default","_kad_post_sidebar_id":"","_kad_post_content_style":"default","_kad_post_vertical_padding":"default","_kad_post_feature":"","_kad_post_feature_position":"","_kad_post_header":false,"_kad_post_footer":false},"product_cat":[84,85],"product_tag":[],"class_list":{"0":"post-1769","1":"product","2":"type-product","3":"status-publish","4":"has-post-thumbnail","6":"product_cat-prensaestopas-y-accesorios-atex","7":"product_cat-prensaestopas-atex","9":"first","10":"instock","11":"shipping-taxable","12":"product-type-simple","13":"entry","14":"content-bg","15":"loop-entry"},"yoast_head":"<!-- This site is optimized with the Yoast SEO plugin v21.7 - https:\/\/yoast.com\/wordpress\/plugins\/seo\/ -->\n<title>Prensaestopas ATEX Poliamida Azul - Fleximat<\/title>\n<meta name=\"robots\" content=\"index, follow, max-snippet:-1, max-image-preview:large, max-video-preview:-1\" \/>\n<link rel=\"canonical\" href=\"https:\/\/www.fleximat.es\/sv\/produkt\/prensaestopas-atex-poliamida-azul\/\" \/>\n<meta property=\"og:locale\" content=\"sv_SE\" \/>\n<meta property=\"og:type\" content=\"article\" \/>\n<meta property=\"og:title\" content=\"Prensaestopas ATEX Poliamida Azul - Fleximat\" \/>\n<meta property=\"og:description\" content=\"Caracter\u00edsticas    Nivel Protecci\u00f3n : II 2G Ex eb IIC Gb II 2D Ex tb IIIC Db   Certificado\u00a0 : IEP 20 ATEX 0750 X ATEX, ROHS, CE, PT, TUV   Cuerpo : Poliamida PA6   Rosca : PG (DIN 40430)   Color : Azul (RAL 5012)   Est\u00e1ndar : EN 60079-0, 60079-7, 60079-31   Estanqueidad : IP68 5 Bar   Temperatura de trabajo : -30 \u00b0C +100 \u00b0C   Aplicaciones : ZONE1, ZONE2, ZONE21, ZONE22, Gas Group IIA, IIB, IIC\" \/>\n<meta property=\"og:url\" content=\"https:\/\/www.fleximat.es\/sv\/produkt\/prensaestopas-atex-poliamida-azul\/\" \/>\n<meta property=\"og:site_name\" content=\"Fleximat\" \/>\n<meta property=\"article:modified_time\" content=\"2023-11-29T08:15:39+00:00\" \/>\n<meta property=\"og:image\" content=\"https:\/\/www.fleximat.es\/wp-content\/uploads\/2023\/10\/Prensaestopas-ATEX-Poliamida-Azul-500x500-1-1-1.png\" \/>\n\t<meta property=\"og:image:width\" content=\"500\" \/>\n\t<meta property=\"og:image:height\" content=\"500\" \/>\n\t<meta property=\"og:image:type\" content=\"image\/png\" \/>\n<meta name=\"twitter:card\" content=\"summary_large_image\" \/>\n<meta name=\"twitter:label1\" content=\"Ber\u00e4knad l\u00e4stid\" \/>\n\t<meta name=\"twitter:data1\" content=\"2 minuter\" \/>\n<script type=\"application\/ld+json\" class=\"yoast-schema-graph\">{\"@context\":\"https:\/\/schema.org\",\"@graph\":[{\"@type\":\"WebPage\",\"@id\":\"https:\/\/www.fleximat.es\/producto\/prensaestopas-atex-poliamida-azul\/\",\"url\":\"https:\/\/www.fleximat.es\/producto\/prensaestopas-atex-poliamida-azul\/\",\"name\":\"Prensaestopas ATEX Poliamida Azul - Fleximat\",\"isPartOf\":{\"@id\":\"https:\/\/www.fleximat.es\/bn\/#website\"},\"datePublished\":\"2023-10-18T15:54:28+00:00\",\"dateModified\":\"2023-11-29T08:15:39+00:00\",\"breadcrumb\":{\"@id\":\"https:\/\/www.fleximat.es\/producto\/prensaestopas-atex-poliamida-azul\/#breadcrumb\"},\"inLanguage\":\"sv-SE\",\"potentialAction\":[{\"@type\":\"ReadAction\",\"target\":[\"https:\/\/www.fleximat.es\/producto\/prensaestopas-atex-poliamida-azul\/\"]}]},{\"@type\":\"BreadcrumbList\",\"@id\":\"https:\/\/www.fleximat.es\/producto\/prensaestopas-atex-poliamida-azul\/#breadcrumb\",\"itemListElement\":[{\"@type\":\"ListItem\",\"position\":1,\"name\":\"Portada\",\"item\":\"https:\/\/www.fleximat.es\/\"},{\"@type\":\"ListItem\",\"position\":2,\"name\":\"Productos\",\"item\":\"https:\/\/www.fleximat.es\/en\/productos\/\"},{\"@type\":\"ListItem\",\"position\":3,\"name\":\"Prensaestopas ATEX Poliamida Azul\"}]},{\"@type\":\"WebSite\",\"@id\":\"https:\/\/www.fleximat.es\/bn\/#website\",\"url\":\"https:\/\/www.fleximat.es\/bn\/\",\"name\":\"Fleximat\",\"description\":\"Tu soluci\u00f3n en prensaestopas y tubos flexibles\",\"publisher\":{\"@id\":\"https:\/\/www.fleximat.es\/bn\/#organization\"},\"potentialAction\":[{\"@type\":\"SearchAction\",\"target\":{\"@type\":\"EntryPoint\",\"urlTemplate\":\"https:\/\/www.fleximat.es\/bn\/?s={search_term_string}\"},\"query-input\":\"required name=search_term_string\"}],\"inLanguage\":\"sv-SE\"},{\"@type\":\"Organization\",\"@id\":\"https:\/\/www.fleximat.es\/bn\/#organization\",\"name\":\"Fleximat\",\"url\":\"https:\/\/www.fleximat.es\/bn\/\",\"logo\":{\"@type\":\"ImageObject\",\"inLanguage\":\"sv-SE\",\"@id\":\"https:\/\/www.fleximat.es\/bn\/#\/schema\/logo\/image\/\",\"url\":\"https:\/\/www.fleximat.es\/wp-content\/uploads\/2023\/11\/fleximat-logo-1.png\",\"contentUrl\":\"https:\/\/www.fleximat.es\/wp-content\/uploads\/2023\/11\/fleximat-logo-1.png\",\"width\":1169,\"height\":289,\"caption\":\"Fleximat\"},\"image\":{\"@id\":\"https:\/\/www.fleximat.es\/bn\/#\/schema\/logo\/image\/\"}}]}<\/script>\n<!-- \/ Yoast SEO plugin. -->","yoast_head_json":{"title":"Prensaestopas ATEX Poliamida Azul - Fleximat","robots":{"index":"index","follow":"follow","max-snippet":"max-snippet:-1","max-image-preview":"max-image-preview:large","max-video-preview":"max-video-preview:-1"},"canonical":"https:\/\/www.fleximat.es\/sv\/produkt\/prensaestopas-atex-poliamida-azul\/","og_locale":"sv_SE","og_type":"article","og_title":"Prensaestopas ATEX Poliamida Azul - Fleximat","og_description":"Caracter\u00edsticas    Nivel Protecci\u00f3n : II 2G Ex eb IIC Gb II 2D Ex tb IIIC Db   Certificado\u00a0 : IEP 20 ATEX 0750 X ATEX, ROHS, CE, PT, TUV   Cuerpo : Poliamida PA6   Rosca : PG (DIN 40430)   Color : Azul (RAL 5012)   Est\u00e1ndar : EN 60079-0, 60079-7, 60079-31   Estanqueidad : IP68 5 Bar   Temperatura de trabajo : -30 \u00b0C +100 \u00b0C   Aplicaciones : ZONE1, ZONE2, ZONE21, ZONE22, Gas Group IIA, IIB, IIC","og_url":"https:\/\/www.fleximat.es\/sv\/produkt\/prensaestopas-atex-poliamida-azul\/","og_site_name":"Fleximat","article_modified_time":"2023-11-29T08:15:39+00:00","og_image":[{"width":500,"height":500,"url":"https:\/\/www.fleximat.es\/wp-content\/uploads\/2023\/10\/Prensaestopas-ATEX-Poliamida-Azul-500x500-1-1-1.png","type":"image\/png"}],"twitter_card":"summary_large_image","twitter_misc":{"Ber\u00e4knad l\u00e4stid":"2 minuter"},"schema":{"@context":"https:\/\/schema.org","@graph":[{"@type":"WebPage","@id":"https:\/\/www.fleximat.es\/producto\/prensaestopas-atex-poliamida-azul\/","url":"https:\/\/www.fleximat.es\/producto\/prensaestopas-atex-poliamida-azul\/","name":"Prensaestopas ATEX Poliamida Azul - Fleximat","isPartOf":{"@id":"https:\/\/www.fleximat.es\/bn\/#website"},"datePublished":"2023-10-18T15:54:28+00:00","dateModified":"2023-11-29T08:15:39+00:00","breadcrumb":{"@id":"https:\/\/www.fleximat.es\/producto\/prensaestopas-atex-poliamida-azul\/#breadcrumb"},"inLanguage":"sv-SE","potentialAction":[{"@type":"ReadAction","target":["https:\/\/www.fleximat.es\/producto\/prensaestopas-atex-poliamida-azul\/"]}]},{"@type":"BreadcrumbList","@id":"https:\/\/www.fleximat.es\/producto\/prensaestopas-atex-poliamida-azul\/#breadcrumb","itemListElement":[{"@type":"ListItem","position":1,"name":"Portada","item":"https:\/\/www.fleximat.es\/"},{"@type":"ListItem","position":2,"name":"Productos","item":"https:\/\/www.fleximat.es\/en\/productos\/"},{"@type":"ListItem","position":3,"name":"Prensaestopas ATEX Poliamida Azul"}]},{"@type":"WebSite","@id":"https:\/\/www.fleximat.es\/bn\/#website","url":"https:\/\/www.fleximat.es\/bn\/","name":"Fleximat","description":"Tu soluci\u00f3n en prensaestopas y tubos flexibles","publisher":{"@id":"https:\/\/www.fleximat.es\/bn\/#organization"},"potentialAction":[{"@type":"SearchAction","target":{"@type":"EntryPoint","urlTemplate":"https:\/\/www.fleximat.es\/bn\/?s={search_term_string}"},"query-input":"required name=search_term_string"}],"inLanguage":"sv-SE"},{"@type":"Organization","@id":"https:\/\/www.fleximat.es\/bn\/#organization","name":"Fleximat","url":"https:\/\/www.fleximat.es\/bn\/","logo":{"@type":"ImageObject","inLanguage":"sv-SE","@id":"https:\/\/www.fleximat.es\/bn\/#\/schema\/logo\/image\/","url":"https:\/\/www.fleximat.es\/wp-content\/uploads\/2023\/11\/fleximat-logo-1.png","contentUrl":"https:\/\/www.fleximat.es\/wp-content\/uploads\/2023\/11\/fleximat-logo-1.png","width":1169,"height":289,"caption":"Fleximat"},"image":{"@id":"https:\/\/www.fleximat.es\/bn\/#\/schema\/logo\/image\/"}}]}},"taxonomy_info":{"product_cat":[{"value":84,"label":"Prensaestopas y accesorios ATEX"},{"value":85,"label":"Prensaestopas ATEX"}]},"featured_image_src_large":["https:\/\/www.fleximat.es\/wp-content\/uploads\/2023\/10\/Prensaestopas-ATEX-Poliamida-Azul-500x500-1-1-1.png",500,500,false],"author_info":[],"comment_info":"","_links":{"self":[{"href":"https:\/\/www.fleximat.es\/sv\/wp-json\/wp\/v2\/product\/1769"}],"collection":[{"href":"https:\/\/www.fleximat.es\/sv\/wp-json\/wp\/v2\/product"}],"about":[{"href":"https:\/\/www.fleximat.es\/sv\/wp-json\/wp\/v2\/types\/product"}],"wp:featuredmedia":[{"embeddable":true,"href":"https:\/\/www.fleximat.es\/sv\/wp-json\/wp\/v2\/media\/3015"}],"wp:attachment":[{"href":"https:\/\/www.fleximat.es\/sv\/wp-json\/wp\/v2\/media?parent=1769"}],"wp:term":[{"taxonomy":"product_cat","embeddable":true,"href":"https:\/\/www.fleximat.es\/sv\/wp-json\/wp\/v2\/product_cat?post=1769"},{"taxonomy":"product_tag","embeddable":true,"href":"https:\/\/www.fleximat.es\/sv\/wp-json\/wp\/v2\/product_tag?post=1769"}],"curies":[{"name":"wp","href":"https:\/\/api.w.org\/{rel}","templated":true}]}}