{"id":1771,"date":"2023-10-18T17:54:28","date_gmt":"2023-10-18T15:54:28","guid":{"rendered":"https:\/\/www.fleximat.es\/?post_type=product&#038;p=1771"},"modified":"2023-12-04T17:56:17","modified_gmt":"2023-12-04T16:56:17","slug":"prensaestopas-atex-sin-armar-uag","status":"publish","type":"product","link":"https:\/\/www.fleximat.es\/sv\/produkt\/prensaestopas-atex-sin-armar-uag\/","title":{"rendered":"Omonterade ATEX kabelgenomf\u00f6ringar UAG"},"content":{"rendered":"<h4>Egenskaper<\/h4>\n<p>Med spiraltopp f\u00f6r b\u00f6jmotst\u00e5nd<br \/>\nF\u00f6r mycket mobila flexibla kablar L\u00e4tt att montera<br \/>\nHalogenfri<\/p>\n<h3>Produktbeskrivning<\/h3>\n<p><span style=\"font-weight: 400;\">En kabelgenomf\u00f6ring av metall \u00e4r en speciell typ av kabelgenomf\u00f6ring f\u00f6r applikationer d\u00e4r kabeln ansluten till kabelgenomf\u00f6ringen \u00e4r i kontinuerlig r\u00f6relse.<\/span><\/p>\n<p><span style=\"font-weight: 400;\">Tack vare k\u00e5pans design skyddar den vridbara kabelgenomf\u00f6ringen av metall den f\u00f6rsta delen av kabeln och ger s\u00e4kerhet mot r\u00f6relser och friktion som kan uppst\u00e5 fr\u00e5n driften av utrustningen.\u00a0<\/span><\/p>\n<p>Packboxarna <span style=\"font-weight: 400;\">Metallisk anti-vridning har utm\u00e4rkt mekaniskt motst\u00e5nd.<\/span><\/p>\n<p><span style=\"font-weight: 400;\">Anti-t\u00f6jningskabelf\u00f6rskruvningar finns i ett stort antal storlekar och typer av g\u00e4ngor, s\u00e5v\u00e4l som konfigurationer f\u00f6r specifika applikationer per sektor. De \u00e4r gjorda av polyamid 6, ett material som ger r\u00f6rlighet och skydd p\u00e5 samma g\u00e5ng.<\/span><\/p>\n<p><span style=\"font-weight: 400;\">Kabelf\u00f6rskruvningar anv\u00e4nds i alla typer av installationer, maskiner eller utrustningar som kr\u00e4ver kontinuerlig elf\u00f6rs\u00f6rjning och ansvarar f\u00f6r att s\u00e4kerst\u00e4lla dess anslutning.<\/span><\/p>\n<table class=\"table table-bordered table-striped\" width=\"545\">\n<thead>\n<tr>\n<td>Tr\u00e5d<\/td>\n<td>Koda<\/td>\n<td>Hmm<\/td>\n<td>GL mm<\/td>\n<td>dmm<\/td>\n<td>b mm<\/td>\n<td>c mm<\/td>\n<td>mm<\/td>\n<\/tr>\n<\/thead>\n<tbody>\n<tr>\n<td>M 12 x 1,5<\/td>\n<td>STCG 01<\/td>\n<td>55<\/td>\n<td>6<\/td>\n<td>6,8<\/td>\n<td>14<\/td>\n<td>14<\/td>\n<td>3 &#8211; 6,5<\/td>\n<\/tr>\n<tr>\n<td>M 16 x 1,5<\/td>\n<td>STCG 02<\/td>\n<td>66<\/td>\n<td>7<\/td>\n<td>8,2<\/td>\n<td>18<\/td>\n<td>17<\/td>\n<td>4 &#8211; 8<\/td>\n<\/tr>\n<tr>\n<td>M 20 x 1,5<\/td>\n<td>STCG 03<\/td>\n<td>88<\/td>\n<td>8<\/td>\n<td>12,3<\/td>\n<td>22<\/td>\n<td>22<\/td>\n<td>6 &#8211; 12<\/td>\n<\/tr>\n<tr>\n<td>M 25 x 1,5<\/td>\n<td>STCG 04<\/td>\n<td>98<\/td>\n<td>8<\/td>\n<td>14,3<\/td>\n<td>27<\/td>\n<td>24<\/td>\n<td>10 &#8211; 14<\/td>\n<\/tr>\n<tr>\n<td>M 32 x 1,5<\/td>\n<td>STCG 05<\/td>\n<td>111<\/td>\n<td>9<\/td>\n<td>18,4<\/td>\n<td>34<\/td>\n<td>30<\/td>\n<td>13 &#8211; 18<\/td>\n<\/tr>\n<\/tbody>\n<\/table>","protected":false},"excerpt":{"rendered":"<h3>Egenskaper<\/h3>\n<table>\n<tbody>\n<tr>\n<td><strong>H\u00e4tta<\/strong><\/td>\n<td>Nickelpl\u00e4terad m\u00e4ssing<\/td>\n<\/tr>\n<tr>\n<td><strong>T\u00e4tande packning<\/strong><\/td>\n<td>POS<\/td>\n<\/tr>\n<tr>\n<td><strong>O-ring<\/strong><\/td>\n<td>NBR<\/td>\n<\/tr>\n<tr>\n<td><strong>Typ av tr\u00e5d<\/strong><\/td>\n<td>Metrisk (EN 60423)<\/td>\n<\/tr>\n<tr>\n<td><strong>\u00c5tdragning<\/strong><\/td>\n<td>IP68<\/td>\n<\/tr>\n<tr>\n<td><strong>Kontinuerlig arbetstemperatur<\/strong><\/td>\n<td>-40 \u00baC +100 \u00baC<\/td>\n<\/tr>\n<\/tbody>\n<\/table>","protected":false},"featured_media":3114,"template":"","meta":{"_kad_blocks_custom_css":"","_kad_blocks_head_custom_js":"","_kad_blocks_body_custom_js":"","_kad_blocks_footer_custom_js":"","_kadence_starter_templates_imported_post":false,"_kad_post_transparent":"default","_kad_post_title":"","_kad_post_layout":"default","_kad_post_sidebar_id":"","_kad_post_content_style":"default","_kad_post_vertical_padding":"default","_kad_post_feature":"","_kad_post_feature_position":"","_kad_post_header":false,"_kad_post_footer":false},"product_cat":[84,85],"product_tag":[],"class_list":{"0":"post-1771","1":"product","2":"type-product","3":"status-publish","4":"has-post-thumbnail","6":"product_cat-prensaestopas-y-accesorios-atex","7":"product_cat-prensaestopas-atex","9":"first","10":"instock","11":"shipping-taxable","12":"product-type-simple","13":"entry","14":"content-bg","15":"loop-entry"},"yoast_head":"<!-- This site is optimized with the Yoast SEO plugin v21.7 - https:\/\/yoast.com\/wordpress\/plugins\/seo\/ -->\n<title>Prensaestopas ATEX Sin Armar UAG - Fleximat<\/title>\n<meta name=\"robots\" content=\"index, follow, max-snippet:-1, max-image-preview:large, max-video-preview:-1\" \/>\n<link rel=\"canonical\" href=\"https:\/\/www.fleximat.es\/sv\/produkt\/prensaestopas-atex-sin-armar-uag\/\" \/>\n<meta property=\"og:locale\" content=\"sv_SE\" \/>\n<meta property=\"og:type\" content=\"article\" \/>\n<meta property=\"og:title\" content=\"Prensaestopas ATEX Sin Armar UAG - Fleximat\" \/>\n<meta property=\"og:description\" content=\"Caracter\u00edsticas    Sombrerete Lat\u00f3n Niquelado   Junta de sellado TPV   Junta t\u00f3rica NBR   Tipo de Rosca M\u00e9trica (EN 60423)   Estanqueidad IP68   Temperatura de trabajo continua -40 \u00baC +100 \u00baC\" \/>\n<meta property=\"og:url\" content=\"https:\/\/www.fleximat.es\/sv\/produkt\/prensaestopas-atex-sin-armar-uag\/\" \/>\n<meta property=\"og:site_name\" content=\"Fleximat\" \/>\n<meta property=\"article:modified_time\" content=\"2023-12-04T16:56:17+00:00\" \/>\n<meta property=\"og:image\" content=\"https:\/\/www.fleximat.es\/wp-content\/uploads\/2023\/12\/prensaestopas-atex-sin-armar-uag-1-1024x838-1.png\" \/>\n\t<meta property=\"og:image:width\" content=\"838\" \/>\n\t<meta property=\"og:image:height\" content=\"838\" \/>\n\t<meta property=\"og:image:type\" content=\"image\/png\" \/>\n<meta name=\"twitter:card\" content=\"summary_large_image\" \/>\n<meta name=\"twitter:label1\" content=\"Ber\u00e4knad l\u00e4stid\" \/>\n\t<meta name=\"twitter:data1\" content=\"1 minut\" \/>\n<script type=\"application\/ld+json\" class=\"yoast-schema-graph\">{\"@context\":\"https:\/\/schema.org\",\"@graph\":[{\"@type\":\"WebPage\",\"@id\":\"https:\/\/www.fleximat.es\/producto\/prensaestopas-atex-sin-armar-uag\/\",\"url\":\"https:\/\/www.fleximat.es\/producto\/prensaestopas-atex-sin-armar-uag\/\",\"name\":\"Prensaestopas ATEX Sin Armar UAG - Fleximat\",\"isPartOf\":{\"@id\":\"https:\/\/www.fleximat.es\/bn\/#website\"},\"datePublished\":\"2023-10-18T15:54:28+00:00\",\"dateModified\":\"2023-12-04T16:56:17+00:00\",\"breadcrumb\":{\"@id\":\"https:\/\/www.fleximat.es\/producto\/prensaestopas-atex-sin-armar-uag\/#breadcrumb\"},\"inLanguage\":\"sv-SE\",\"potentialAction\":[{\"@type\":\"ReadAction\",\"target\":[\"https:\/\/www.fleximat.es\/producto\/prensaestopas-atex-sin-armar-uag\/\"]}]},{\"@type\":\"BreadcrumbList\",\"@id\":\"https:\/\/www.fleximat.es\/producto\/prensaestopas-atex-sin-armar-uag\/#breadcrumb\",\"itemListElement\":[{\"@type\":\"ListItem\",\"position\":1,\"name\":\"Portada\",\"item\":\"https:\/\/www.fleximat.es\/\"},{\"@type\":\"ListItem\",\"position\":2,\"name\":\"Productos\",\"item\":\"https:\/\/www.fleximat.es\/en\/productos\/\"},{\"@type\":\"ListItem\",\"position\":3,\"name\":\"Prensaestopas ATEX Sin Armar UAG\"}]},{\"@type\":\"WebSite\",\"@id\":\"https:\/\/www.fleximat.es\/bn\/#website\",\"url\":\"https:\/\/www.fleximat.es\/bn\/\",\"name\":\"Fleximat\",\"description\":\"Tu soluci\u00f3n en prensaestopas y tubos flexibles\",\"publisher\":{\"@id\":\"https:\/\/www.fleximat.es\/bn\/#organization\"},\"potentialAction\":[{\"@type\":\"SearchAction\",\"target\":{\"@type\":\"EntryPoint\",\"urlTemplate\":\"https:\/\/www.fleximat.es\/bn\/?s={search_term_string}\"},\"query-input\":\"required name=search_term_string\"}],\"inLanguage\":\"sv-SE\"},{\"@type\":\"Organization\",\"@id\":\"https:\/\/www.fleximat.es\/bn\/#organization\",\"name\":\"Fleximat\",\"url\":\"https:\/\/www.fleximat.es\/bn\/\",\"logo\":{\"@type\":\"ImageObject\",\"inLanguage\":\"sv-SE\",\"@id\":\"https:\/\/www.fleximat.es\/bn\/#\/schema\/logo\/image\/\",\"url\":\"https:\/\/www.fleximat.es\/wp-content\/uploads\/2023\/11\/fleximat-logo-1.png\",\"contentUrl\":\"https:\/\/www.fleximat.es\/wp-content\/uploads\/2023\/11\/fleximat-logo-1.png\",\"width\":1169,\"height\":289,\"caption\":\"Fleximat\"},\"image\":{\"@id\":\"https:\/\/www.fleximat.es\/bn\/#\/schema\/logo\/image\/\"}}]}<\/script>\n<!-- \/ Yoast SEO plugin. -->","yoast_head_json":{"title":"Prensaestopas ATEX Sin Armar UAG - Fleximat","robots":{"index":"index","follow":"follow","max-snippet":"max-snippet:-1","max-image-preview":"max-image-preview:large","max-video-preview":"max-video-preview:-1"},"canonical":"https:\/\/www.fleximat.es\/sv\/produkt\/prensaestopas-atex-sin-armar-uag\/","og_locale":"sv_SE","og_type":"article","og_title":"Prensaestopas ATEX Sin Armar UAG - Fleximat","og_description":"Caracter\u00edsticas    Sombrerete Lat\u00f3n Niquelado   Junta de sellado TPV   Junta t\u00f3rica NBR   Tipo de Rosca M\u00e9trica (EN 60423)   Estanqueidad IP68   Temperatura de trabajo continua -40 \u00baC +100 \u00baC","og_url":"https:\/\/www.fleximat.es\/sv\/produkt\/prensaestopas-atex-sin-armar-uag\/","og_site_name":"Fleximat","article_modified_time":"2023-12-04T16:56:17+00:00","og_image":[{"width":838,"height":838,"url":"https:\/\/www.fleximat.es\/wp-content\/uploads\/2023\/12\/prensaestopas-atex-sin-armar-uag-1-1024x838-1.png","type":"image\/png"}],"twitter_card":"summary_large_image","twitter_misc":{"Ber\u00e4knad l\u00e4stid":"1 minut"},"schema":{"@context":"https:\/\/schema.org","@graph":[{"@type":"WebPage","@id":"https:\/\/www.fleximat.es\/producto\/prensaestopas-atex-sin-armar-uag\/","url":"https:\/\/www.fleximat.es\/producto\/prensaestopas-atex-sin-armar-uag\/","name":"Prensaestopas ATEX Sin Armar UAG - Fleximat","isPartOf":{"@id":"https:\/\/www.fleximat.es\/bn\/#website"},"datePublished":"2023-10-18T15:54:28+00:00","dateModified":"2023-12-04T16:56:17+00:00","breadcrumb":{"@id":"https:\/\/www.fleximat.es\/producto\/prensaestopas-atex-sin-armar-uag\/#breadcrumb"},"inLanguage":"sv-SE","potentialAction":[{"@type":"ReadAction","target":["https:\/\/www.fleximat.es\/producto\/prensaestopas-atex-sin-armar-uag\/"]}]},{"@type":"BreadcrumbList","@id":"https:\/\/www.fleximat.es\/producto\/prensaestopas-atex-sin-armar-uag\/#breadcrumb","itemListElement":[{"@type":"ListItem","position":1,"name":"Portada","item":"https:\/\/www.fleximat.es\/"},{"@type":"ListItem","position":2,"name":"Productos","item":"https:\/\/www.fleximat.es\/en\/productos\/"},{"@type":"ListItem","position":3,"name":"Prensaestopas ATEX Sin Armar UAG"}]},{"@type":"WebSite","@id":"https:\/\/www.fleximat.es\/bn\/#website","url":"https:\/\/www.fleximat.es\/bn\/","name":"Fleximat","description":"Tu soluci\u00f3n en prensaestopas y tubos flexibles","publisher":{"@id":"https:\/\/www.fleximat.es\/bn\/#organization"},"potentialAction":[{"@type":"SearchAction","target":{"@type":"EntryPoint","urlTemplate":"https:\/\/www.fleximat.es\/bn\/?s={search_term_string}"},"query-input":"required name=search_term_string"}],"inLanguage":"sv-SE"},{"@type":"Organization","@id":"https:\/\/www.fleximat.es\/bn\/#organization","name":"Fleximat","url":"https:\/\/www.fleximat.es\/bn\/","logo":{"@type":"ImageObject","inLanguage":"sv-SE","@id":"https:\/\/www.fleximat.es\/bn\/#\/schema\/logo\/image\/","url":"https:\/\/www.fleximat.es\/wp-content\/uploads\/2023\/11\/fleximat-logo-1.png","contentUrl":"https:\/\/www.fleximat.es\/wp-content\/uploads\/2023\/11\/fleximat-logo-1.png","width":1169,"height":289,"caption":"Fleximat"},"image":{"@id":"https:\/\/www.fleximat.es\/bn\/#\/schema\/logo\/image\/"}}]}},"taxonomy_info":{"product_cat":[{"value":84,"label":"Prensaestopas y accesorios ATEX"},{"value":85,"label":"Prensaestopas ATEX"}]},"featured_image_src_large":["https:\/\/www.fleximat.es\/wp-content\/uploads\/2023\/12\/prensaestopas-atex-sin-armar-uag-1-1024x838-1.png",838,838,false],"author_info":[],"comment_info":"","_links":{"self":[{"href":"https:\/\/www.fleximat.es\/sv\/wp-json\/wp\/v2\/product\/1771"}],"collection":[{"href":"https:\/\/www.fleximat.es\/sv\/wp-json\/wp\/v2\/product"}],"about":[{"href":"https:\/\/www.fleximat.es\/sv\/wp-json\/wp\/v2\/types\/product"}],"wp:featuredmedia":[{"embeddable":true,"href":"https:\/\/www.fleximat.es\/sv\/wp-json\/wp\/v2\/media\/3114"}],"wp:attachment":[{"href":"https:\/\/www.fleximat.es\/sv\/wp-json\/wp\/v2\/media?parent=1771"}],"wp:term":[{"taxonomy":"product_cat","embeddable":true,"href":"https:\/\/www.fleximat.es\/sv\/wp-json\/wp\/v2\/product_cat?post=1771"},{"taxonomy":"product_tag","embeddable":true,"href":"https:\/\/www.fleximat.es\/sv\/wp-json\/wp\/v2\/product_tag?post=1771"}],"curies":[{"name":"wp","href":"https:\/\/api.w.org\/{rel}","templated":true}]}}