{"id":1328,"date":"2023-10-10T18:46:51","date_gmt":"2023-10-10T16:46:51","guid":{"rendered":"https:\/\/www.fleximat.es\/?page_id=1328"},"modified":"2023-11-23T10:51:40","modified_gmt":"2023-11-23T09:51:40","slug":"aviso-legal","status":"publish","type":"page","link":"https:\/\/www.fleximat.es\/tr\/aviso-legal\/","title":{"rendered":"Yasal uyar\u0131"},"content":{"rendered":"<p><strong>Vergi verileri<\/strong><\/p>\n\n\n\n<ul class=\"wp-block-list\">\n<li>Sahibi: FLEXIMAT SL<\/li>\n\n\n\n<li>NIF: B61575379<\/li>\n\n\n\n<li>Adres: C\/ Marcel.li Massana, 20, 08206. Sabadell (Barselona, \u0130SPANYA)<\/li>\n\n\n\n<li>Telefon: +34 93 724 71 70<\/li>\n<\/ul>\n\n\n\n<p><strong>Ki\u015fisel verilerin korunmas\u0131<\/strong><\/p>\n\n\n\n<p>Web sitesi arac\u0131l\u0131\u011f\u0131yla toplanan ki\u015fisel veriler, yaln\u0131zca talep edilen hizmetlerin sa\u011flanmas\u0131 ve bunlar\u0131n faturaland\u0131r\u0131lmas\u0131 amac\u0131yla kullan\u0131lmaktad\u0131r. Verileriniz faturaland\u0131rma amac\u0131yla FLEXIMAT SL&#039;nin sahip oldu\u011fu dosyalarda saklanacak ve yasal olarak gerekli s\u00fcre boyunca ar\u015fivlenecektir. Eri\u015fim, d\u00fczeltme, iptal ve itiraz haklar\u0131n\u0131z\u0131, C\/ Marcel.li Massana, 20, 08206. Sabadell (Barcelona, \u0130SPANYA) adresindeki FLEXIMAT SL&#039;ye yaz\u0131l\u0131 olarak uygulayabilirsiniz.<\/p>\n\n\n\n<p><strong>Fikri m\u00fclkiyet ve i\u00e7erik sorumlulu\u011fu<\/strong><\/p>\n\n\n\n<p>Web sitesinin t\u00fcm i\u00e7eri\u011finin, \u00f6zellikle metinlerin, tasar\u0131m\u0131n ve kaynak kodunun, sahiplerinin a\u00e7\u0131k izni olmadan kullan\u0131lmas\u0131 yasakt\u0131r. Herhangi bir izinsiz kullan\u0131m, yasal sahipler taraf\u0131ndan usul\u00fcne uygun olarak kovu\u015fturulacakt\u0131r.<\/p>\n\n\n\n<p>LSSICE&#039;\u0131n 17. maddesinde belirlenene g\u00f6re sitenin sahibi, \u00fczerinde yer alan ba\u011flant\u0131lar\u0131n y\u00f6nlendirildi\u011fi i\u00e7eriklerden sorumlu de\u011fildir.<\/p>","protected":false},"excerpt":{"rendered":"<p>Datos fiscales Protecci\u00f3n de datos personales Los datos de car\u00e1cter personal que se recogen a trav\u00e9s de la p\u00e1gina web, son \u00fanicamente utilizados a efectos de prestar los servicios solicitados as\u00ed como proceder a la facturaci\u00f3n de los mismos. Sus datos ser\u00e1n ubicados en ficheros titularidad de FLEXIMAT SL a efectos de facturaci\u00f3n y ser\u00e1n&#8230;<\/p>","protected":false},"author":1,"featured_media":0,"parent":0,"menu_order":20,"comment_status":"closed","ping_status":"closed","template":"","meta":{"_kad_blocks_custom_css":"","_kad_blocks_head_custom_js":"","_kad_blocks_body_custom_js":"","_kad_blocks_footer_custom_js":"","_kadence_starter_templates_imported_post":false,"_kad_post_transparent":"","_kad_post_title":"","_kad_post_layout":"","_kad_post_sidebar_id":"","_kad_post_content_style":"","_kad_post_vertical_padding":"","_kad_post_feature":"","_kad_post_feature_position":"","_kad_post_header":false,"_kad_post_footer":false,"footnotes":""},"class_list":["post-1328","page","type-page","status-publish","hentry"],"yoast_head":"<!-- This site is optimized with the Yoast SEO plugin v21.7 - https:\/\/yoast.com\/wordpress\/plugins\/seo\/ -->\n<title>Aviso legal - Fleximat<\/title>\n<meta name=\"robots\" content=\"index, follow, max-snippet:-1, max-image-preview:large, max-video-preview:-1\" \/>\n<link rel=\"canonical\" href=\"https:\/\/www.fleximat.es\/tr\/aviso-legal\/\" \/>\n<meta property=\"og:locale\" content=\"tr_TR\" \/>\n<meta property=\"og:type\" content=\"article\" \/>\n<meta property=\"og:title\" content=\"Aviso legal - Fleximat\" \/>\n<meta property=\"og:description\" content=\"Datos fiscales Protecci\u00f3n de datos personales Los datos de car\u00e1cter personal que se recogen a trav\u00e9s de la p\u00e1gina web, son \u00fanicamente utilizados a efectos de prestar los servicios solicitados as\u00ed como proceder a la facturaci\u00f3n de los mismos. Sus datos ser\u00e1n ubicados en ficheros titularidad de FLEXIMAT SL a efectos de facturaci\u00f3n y ser\u00e1n...\" \/>\n<meta property=\"og:url\" content=\"https:\/\/www.fleximat.es\/tr\/aviso-legal\/\" \/>\n<meta property=\"og:site_name\" content=\"Fleximat\" \/>\n<meta property=\"article:modified_time\" content=\"2023-11-23T09:51:40+00:00\" \/>\n<meta name=\"twitter:card\" content=\"summary_large_image\" \/>\n<meta name=\"twitter:label1\" content=\"Tahmini okuma s\u00fcresi\" \/>\n\t<meta name=\"twitter:data1\" content=\"1 dakika\" \/>\n<script type=\"application\/ld+json\" class=\"yoast-schema-graph\">{\"@context\":\"https:\/\/schema.org\",\"@graph\":[{\"@type\":\"WebPage\",\"@id\":\"https:\/\/www.fleximat.es\/aviso-legal\/\",\"url\":\"https:\/\/www.fleximat.es\/aviso-legal\/\",\"name\":\"Aviso legal - Fleximat\",\"isPartOf\":{\"@id\":\"https:\/\/www.fleximat.es\/bn\/#website\"},\"datePublished\":\"2023-10-10T16:46:51+00:00\",\"dateModified\":\"2023-11-23T09:51:40+00:00\",\"breadcrumb\":{\"@id\":\"https:\/\/www.fleximat.es\/aviso-legal\/#breadcrumb\"},\"inLanguage\":\"tr\",\"potentialAction\":[{\"@type\":\"ReadAction\",\"target\":[\"https:\/\/www.fleximat.es\/aviso-legal\/\"]}]},{\"@type\":\"BreadcrumbList\",\"@id\":\"https:\/\/www.fleximat.es\/aviso-legal\/#breadcrumb\",\"itemListElement\":[{\"@type\":\"ListItem\",\"position\":1,\"name\":\"Portada\",\"item\":\"https:\/\/www.fleximat.es\/\"},{\"@type\":\"ListItem\",\"position\":2,\"name\":\"Aviso legal\"}]},{\"@type\":\"WebSite\",\"@id\":\"https:\/\/www.fleximat.es\/bn\/#website\",\"url\":\"https:\/\/www.fleximat.es\/bn\/\",\"name\":\"Fleximat\",\"description\":\"Tu soluci\u00f3n en prensaestopas y tubos flexibles\",\"publisher\":{\"@id\":\"https:\/\/www.fleximat.es\/bn\/#organization\"},\"potentialAction\":[{\"@type\":\"SearchAction\",\"target\":{\"@type\":\"EntryPoint\",\"urlTemplate\":\"https:\/\/www.fleximat.es\/bn\/?s={search_term_string}\"},\"query-input\":\"required name=search_term_string\"}],\"inLanguage\":\"tr\"},{\"@type\":\"Organization\",\"@id\":\"https:\/\/www.fleximat.es\/bn\/#organization\",\"name\":\"Fleximat\",\"url\":\"https:\/\/www.fleximat.es\/bn\/\",\"logo\":{\"@type\":\"ImageObject\",\"inLanguage\":\"tr\",\"@id\":\"https:\/\/www.fleximat.es\/bn\/#\/schema\/logo\/image\/\",\"url\":\"https:\/\/www.fleximat.es\/wp-content\/uploads\/2023\/11\/fleximat-logo-1.png\",\"contentUrl\":\"https:\/\/www.fleximat.es\/wp-content\/uploads\/2023\/11\/fleximat-logo-1.png\",\"width\":1169,\"height\":289,\"caption\":\"Fleximat\"},\"image\":{\"@id\":\"https:\/\/www.fleximat.es\/bn\/#\/schema\/logo\/image\/\"}}]}<\/script>\n<!-- \/ Yoast SEO plugin. -->","yoast_head_json":{"title":"Aviso legal - Fleximat","robots":{"index":"index","follow":"follow","max-snippet":"max-snippet:-1","max-image-preview":"max-image-preview:large","max-video-preview":"max-video-preview:-1"},"canonical":"https:\/\/www.fleximat.es\/tr\/aviso-legal\/","og_locale":"tr_TR","og_type":"article","og_title":"Aviso legal - Fleximat","og_description":"Datos fiscales Protecci\u00f3n de datos personales Los datos de car\u00e1cter personal que se recogen a trav\u00e9s de la p\u00e1gina web, son \u00fanicamente utilizados a efectos de prestar los servicios solicitados as\u00ed como proceder a la facturaci\u00f3n de los mismos. Sus datos ser\u00e1n ubicados en ficheros titularidad de FLEXIMAT SL a efectos de facturaci\u00f3n y ser\u00e1n...","og_url":"https:\/\/www.fleximat.es\/tr\/aviso-legal\/","og_site_name":"Fleximat","article_modified_time":"2023-11-23T09:51:40+00:00","twitter_card":"summary_large_image","twitter_misc":{"Tahmini okuma s\u00fcresi":"1 dakika"},"schema":{"@context":"https:\/\/schema.org","@graph":[{"@type":"WebPage","@id":"https:\/\/www.fleximat.es\/aviso-legal\/","url":"https:\/\/www.fleximat.es\/aviso-legal\/","name":"Aviso legal - Fleximat","isPartOf":{"@id":"https:\/\/www.fleximat.es\/bn\/#website"},"datePublished":"2023-10-10T16:46:51+00:00","dateModified":"2023-11-23T09:51:40+00:00","breadcrumb":{"@id":"https:\/\/www.fleximat.es\/aviso-legal\/#breadcrumb"},"inLanguage":"tr","potentialAction":[{"@type":"ReadAction","target":["https:\/\/www.fleximat.es\/aviso-legal\/"]}]},{"@type":"BreadcrumbList","@id":"https:\/\/www.fleximat.es\/aviso-legal\/#breadcrumb","itemListElement":[{"@type":"ListItem","position":1,"name":"Portada","item":"https:\/\/www.fleximat.es\/"},{"@type":"ListItem","position":2,"name":"Aviso legal"}]},{"@type":"WebSite","@id":"https:\/\/www.fleximat.es\/bn\/#website","url":"https:\/\/www.fleximat.es\/bn\/","name":"Fleximat","description":"Tu soluci\u00f3n en prensaestopas y tubos flexibles","publisher":{"@id":"https:\/\/www.fleximat.es\/bn\/#organization"},"potentialAction":[{"@type":"SearchAction","target":{"@type":"EntryPoint","urlTemplate":"https:\/\/www.fleximat.es\/bn\/?s={search_term_string}"},"query-input":"required name=search_term_string"}],"inLanguage":"tr"},{"@type":"Organization","@id":"https:\/\/www.fleximat.es\/bn\/#organization","name":"Fleximat","url":"https:\/\/www.fleximat.es\/bn\/","logo":{"@type":"ImageObject","inLanguage":"tr","@id":"https:\/\/www.fleximat.es\/bn\/#\/schema\/logo\/image\/","url":"https:\/\/www.fleximat.es\/wp-content\/uploads\/2023\/11\/fleximat-logo-1.png","contentUrl":"https:\/\/www.fleximat.es\/wp-content\/uploads\/2023\/11\/fleximat-logo-1.png","width":1169,"height":289,"caption":"Fleximat"},"image":{"@id":"https:\/\/www.fleximat.es\/bn\/#\/schema\/logo\/image\/"}}]}},"taxonomy_info":[],"featured_image_src_large":false,"author_info":{"display_name":"eloi","author_link":"https:\/\/www.fleximat.es\/tr\/author\/eloi\/"},"comment_info":0,"_links":{"self":[{"href":"https:\/\/www.fleximat.es\/tr\/wp-json\/wp\/v2\/pages\/1328"}],"collection":[{"href":"https:\/\/www.fleximat.es\/tr\/wp-json\/wp\/v2\/pages"}],"about":[{"href":"https:\/\/www.fleximat.es\/tr\/wp-json\/wp\/v2\/types\/page"}],"author":[{"embeddable":true,"href":"https:\/\/www.fleximat.es\/tr\/wp-json\/wp\/v2\/users\/1"}],"replies":[{"embeddable":true,"href":"https:\/\/www.fleximat.es\/tr\/wp-json\/wp\/v2\/comments?post=1328"}],"version-history":[{"count":0,"href":"https:\/\/www.fleximat.es\/tr\/wp-json\/wp\/v2\/pages\/1328\/revisions"}],"wp:attachment":[{"href":"https:\/\/www.fleximat.es\/tr\/wp-json\/wp\/v2\/media?parent=1328"}],"curies":[{"name":"wp","href":"https:\/\/api.w.org\/{rel}","templated":true}]}}