{"id":1330,"date":"2023-10-10T18:47:04","date_gmt":"2023-10-10T16:47:04","guid":{"rendered":"https:\/\/www.fleximat.es\/?page_id=1330"},"modified":"2023-11-23T10:52:13","modified_gmt":"2023-11-23T09:52:13","slug":"politica-de-cookies","status":"publish","type":"page","link":"https:\/\/www.fleximat.es\/tr\/politica-de-cookies\/","title":{"rendered":"\u00c7erez politikas\u0131"},"content":{"rendered":"<h2 class=\"wp-block-heading\">\u00c7erezler nedir?<\/h2>\n\n\n\n<p>\u00c7erez, belirli web sayfalar\u0131na eri\u015fti\u011finizde bilgisayar\u0131n\u0131za indirilen bir dosyad\u0131r. \u00c7erezler, bir web sitesinin, di\u011fer \u015feylerin yan\u0131 s\u0131ra, bir kullan\u0131c\u0131n\u0131n gezinme al\u0131\u015fkanl\u0131klar\u0131 veya ekipman\u0131 hakk\u0131ndaki bilgileri saklamas\u0131na ve almas\u0131na olanak tan\u0131r ve i\u00e7erdikleri bilgilere ve ekipman\u0131n\u0131z\u0131 kullanma \u015feklinize ba\u011fl\u0131 olarak kullan\u0131c\u0131y\u0131 tan\u0131mak i\u00e7in kullan\u0131labilirler. Kullan\u0131c\u0131n\u0131n taray\u0131c\u0131s\u0131, \u00e7erezleri yaln\u0131zca ge\u00e7erli oturum s\u0131ras\u0131nda sabit s\u00fcr\u00fcc\u00fcde saklar, minimum bellek alan\u0131 kaplar ve bilgisayara zarar vermez. \u00c7erezler herhangi bir \u00f6zel ki\u015fisel bilgi i\u00e7ermez ve bunlar\u0131n \u00e7o\u011fu, taray\u0131c\u0131 oturumunun sonunda sabit diskten silinir (oturum \u00e7erezleri denir).<\/p>\n\n\n\n<p>\u00c7o\u011fu taray\u0131c\u0131, \u00e7erezleri standart olarak kabul eder ve bunlardan ba\u011f\u0131ms\u0131z olarak, g\u00fcvenlik ayarlar\u0131nda ge\u00e7ici veya ezberlenmi\u015f \u00e7erezlere izin verir veya engeller.<\/p>\n\n\n\n<p>A\u00e7\u0131k izniniz olmadan - taray\u0131c\u0131n\u0131zda \u00e7erezleri etkinle\u015ftirerek - bu sayfa, kay\u0131t veya sat\u0131n alma s\u0131ras\u0131nda sa\u011flad\u0131\u011f\u0131n\u0131z ki\u015fisel verilerinizle saklanan verileri \u00e7erezlerde ba\u011flamayacakt\u0131r.<\/p>\n\n\n\n<p><strong>Bu web sitesi ne t\u00fcr \u00e7erezler kullan\u0131yor?<\/strong><\/p>\n\n\n\n<ul class=\"wp-block-list\">\n<li>Teknik \u00e7erezler: Kullan\u0131c\u0131n\u0131n bir web sayfas\u0131, platform veya uygulamada gezinmesine ve burada mevcut olan farkl\u0131 se\u00e7enekleri veya hizmetleri kullanmas\u0131na olanak tan\u0131yan, \u00f6rne\u011fin trafi\u011fin ve veri ileti\u015fiminin kontrol edilmesi, oturumun tan\u0131mlanmas\u0131, k\u0131s\u0131tl\u0131 eri\u015fime eri\u015fim sa\u011flayan \u00e7erezlerdir. par\u00e7alar\u0131 hat\u0131rlama, sipari\u015fi olu\u015fturan \u00f6\u011feleri hat\u0131rlama, bir sipari\u015fin sat\u0131n alma s\u00fcrecini y\u00fcr\u00fctme, bir etkinli\u011fe kay\u0131t veya kat\u0131l\u0131m talebinde bulunma, navigasyon s\u0131ras\u0131nda g\u00fcvenlik unsurlar\u0131n\u0131 kullanma, video veya ses yaymak i\u00e7in i\u00e7erik saklama veya sosyal medya arac\u0131l\u0131\u011f\u0131yla i\u00e7erik payla\u015fma a\u011flar.<\/li>\n\n\n\n<li>Ki\u015fiselle\u015ftirme \u00e7erezleri: Kullan\u0131c\u0131n\u0131n, dil, kullan\u0131c\u0131n\u0131n hizmete eri\u015fti\u011fi taray\u0131c\u0131n\u0131n t\u00fcr\u00fc, yerel ayar gibi kullan\u0131c\u0131 terminalindeki bir dizi kritere dayal\u0131 olarak \u00f6nceden tan\u0131mlanm\u0131\u015f baz\u0131 genel \u00f6zelliklere sahip hizmete eri\u015fmesine olanak tan\u0131yan \u00e7erezlerdir. Hizmete nereden eri\u015fti\u011finiz vb.<\/li>\n\n\n\n<li>Analiz \u00e7erezleri: Bunlar, taraf\u0131m\u0131zdan veya \u00fc\u00e7\u00fcnc\u00fc taraflarca iyi de\u011ferlendirilen, kullan\u0131c\u0131 say\u0131s\u0131n\u0131 belirlememize ve b\u00f6ylece sunulan hizmetin kullan\u0131c\u0131lar taraf\u0131ndan nas\u0131l kullan\u0131ld\u0131\u011f\u0131na ili\u015fkin \u00f6l\u00e7\u00fcm ve istatistiksel analiz yapmam\u0131za olanak tan\u0131yan \u00e7erezlerdir. Bunu yapmak i\u00e7in, sundu\u011fumuz \u00fcr\u00fcn veya hizmetlerin teklifini iyile\u015ftirmek amac\u0131yla web sitemizdeki gezinmeniz analiz edilir.<\/li>\n\n\n\n<li>Reklam \u00e7erezleri: Bunlar, ister bizim taraf\u0131m\u0131zdan ister \u00fc\u00e7\u00fcnc\u00fc taraflarca de\u011ferlendirilsin, web sitesindeki reklam alanlar\u0131 teklifini m\u00fcmk\u00fcn olan en verimli \u015fekilde y\u00f6netmemize, reklam\u0131n i\u00e7eri\u011fini talep edilen hizmetin i\u00e7eri\u011fine uyarlamam\u0131za veya reklam\u0131n i\u00e7eri\u011fini istenen hizmetin i\u00e7eri\u011fine uyarlamam\u0131za olanak tan\u0131yan \u00e7erezlerdir. Web sitemizden yapt\u0131\u011f\u0131n\u0131z kullan\u0131m. Bunu yapmak i\u00e7in \u0130nternet&#039;te gezinme al\u0131\u015fkanl\u0131klar\u0131n\u0131z\u0131 analiz edebilir ve size tarama profilinizle ilgili reklamlar g\u00f6sterebiliriz.<\/li>\n\n\n\n<li>Davran\u0131\u015fsal reklam \u00e7erezleri: Uygun durumlarda edit\u00f6r\u00fcn talep edilen hizmetin verildi\u011fi web sayfas\u0131, uygulama veya platforma dahil etti\u011fi reklam alanlar\u0131n\u0131n en verimli \u015fekilde y\u00f6netilmesini sa\u011flayan \u00e7erezlerdir. Bu \u00e7erezler, gezinme al\u0131\u015fkanl\u0131klar\u0131n\u0131n s\u00fcrekli g\u00f6zlemlenmesi yoluyla elde edilen kullan\u0131c\u0131 davran\u0131\u015f\u0131na ili\u015fkin bilgileri saklar ve bu, buna dayal\u0131 olarak reklamlar\u0131n g\u00f6r\u00fcnt\u00fclenmesi i\u00e7in belirli bir profilin geli\u015ftirilmesine olanak tan\u0131r.<\/li>\n<\/ul>\n\n\n\n<h2 class=\"wp-block-heading\">\u00dc\u00e7\u00fcnc\u00fc taraf \u00e7erezleri<\/h2>\n\n\n\n<p>Bu web sitesi, istatistiksel ama\u00e7larla, Sitenin kullan\u0131c\u0131 taraf\u0131ndan kullan\u0131m\u0131 ve Web Sitesinin ve di\u011fer \u0130nternet hizmetlerinin faaliyetleriyle ilgili di\u011fer hizmetlerin sa\u011flanmas\u0131 i\u00e7in bilgi toplayacak \u00fc\u00e7\u00fcnc\u00fc taraf hizmetlerini kullanabilir.<\/p>\n\n\n\n<p>Bu web sitesi \u00f6zellikle \u015funlar\u0131 kullan\u0131r:<\/p>\n\n\n\n<ul class=\"wp-block-list\">\n<li>Kurabiye&nbsp;<a href=\"http:\/\/www.google.com\/intl\/es\/analytics\/privacyoverview.html\" target=\"_blank\" rel=\"noreferrer noopener\">Google Analytics<\/a>- ziyaret\u00e7ilerin bu web sitesini nas\u0131l kulland\u0131\u011f\u0131n\u0131 analiz etmek ve \u00f6l\u00e7mek amac\u0131yla kullan\u0131l\u0131r. Bilgiler, bu siteyi geli\u015ftirmemize olanak tan\u0131yan raporlar\u0131 haz\u0131rlamak i\u00e7in kullan\u0131l\u0131r. \u00f6yle mi<em>kurabiye<\/em>Siteyi ziyaret edenlerin say\u0131s\u0131, siteye nas\u0131l ula\u015ft\u0131klar\u0131 ve web sitemizde gezinirken ziyaret etti\u011finiz sayfalar dahil olmak \u00fczere bilgileri anonim olarak toplar\u0131z.<\/li>\n\n\n\n<li>Kurabiye&nbsp;<a href=\"https:\/\/support.google.com\/youtube\/answer\/2407785?hl=es-419\" target=\"_blank\" rel=\"noreferrer noopener\">Youtube<\/a>: Di\u011fer web sitelerine yerle\u015ftirilmi\u015f videolar\u0131n izlenme say\u0131s\u0131n\u0131 saymak i\u00e7in kullan\u0131l\u0131r.<\/li>\n\n\n\n<li>Kurabiye&nbsp;<a href=\"http:\/\/www.addthis.com\/privacy\" target=\"_blank\" rel=\"noreferrer noopener\">Bunu ekle<\/a>: web sitelerinin ve kullan\u0131c\u0131lar\u0131n\u0131n, simgeleri ve sosyal yer imi hedeflerini payla\u015farak i\u00e7eri\u011fi ba\u015fkalar\u0131yla kolayca payla\u015fmalar\u0131na olanak tan\u0131yan bir teknoloji \u015firketidir. AddThis \u00e7erezleri i\u00e7eri\u011fin payla\u015f\u0131lmas\u0131n\u0131 sa\u011flamak i\u00e7in kullan\u0131l\u0131r. AddThis ayr\u0131ca web sitesi i\u00e7eri\u011finin nas\u0131l payla\u015f\u0131ld\u0131\u011f\u0131 hakk\u0131nda bilgi toplamak i\u00e7in de kullan\u0131l\u0131r. \u00c7erezler, g\u00f6revlerin belirli bir s\u00fcre i\u00e7inde tekrarlanmamas\u0131 i\u00e7in bir kullan\u0131c\u0131y\u0131 (ki\u015fisel olarak olmasa da adres a\u00e7\u0131s\u0131ndan) benzersiz \u015fekilde tan\u0131mlamaya yard\u0131mc\u0131 olur.<\/li>\n\n\n\n<li>Di\u011fer ki\u015fiselle\u015ftirme \u00e7erezleri: Bu \u00e7erezler, kullan\u0131c\u0131n\u0131n web sitesinin genel se\u00e7eneklerinin baz\u0131 \u00f6zelliklerini belirlemesine veya ki\u015fiselle\u015ftirmesine olanak tan\u0131r. \u00d6rne\u011fin dili, b\u00f6lgesel ayarlar\u0131 veya taray\u0131c\u0131 t\u00fcr\u00fcn\u00fc tan\u0131mlay\u0131n.<a href=\"http:\/\/www.addthis.com\/privacy\" target=\"_blank\" rel=\"noreferrer noopener\">Bunu ekle<\/a><br><a href=\"https:\/\/es-es.facebook.com\/help\/cookies\" target=\"_blank\" rel=\"noreferrer noopener\">Facebook<\/a><br><a href=\"https:\/\/twitter.com\/privacy\" target=\"_blank\" rel=\"noreferrer noopener\">heyecan<\/a><br><a href=\"http:\/\/www.google.es\/intl\/es\/policies\/technologies\/types\/\" target=\"_blank\" rel=\"noreferrer noopener\">Google<\/a><br><a href=\"https:\/\/support.google.com\/youtube\/answer\/2407785?hl=es-419\" target=\"_blank\" rel=\"noreferrer noopener\">Youtube<\/a>Kullan\u0131c\u0131, bu Siteyi kullanarak, toplanan bilgilerin yukar\u0131da belirtilen \u015fekilde ve ama\u00e7larla i\u015flenmesini a\u00e7\u0131k\u00e7a kabul eder. Ayr\u0131ca, taray\u0131c\u0131n\u0131zda bu ama\u00e7 i\u00e7in uygun ayarlar\u0131 se\u00e7erek \u00c7erezlerin kullan\u0131m\u0131n\u0131 reddederek bu t\u00fcr veri veya bilgilerin i\u015flenmesini reddetme olas\u0131l\u0131\u011f\u0131n\u0131 bildi\u011finizi de kabul edersiniz. Her ne kadar taray\u0131c\u0131n\u0131zda \u00c7erezleri engellemeye y\u00f6nelik bu se\u00e7enek Web Sitesinin t\u00fcm \u00f6zelliklerini tam olarak kullanman\u0131za izin vermese de<\/li>\n<\/ul>\n\n\n\n<p>Bilgisayar\u0131n\u0131zda y\u00fckl\u00fc olan taray\u0131c\u0131n\u0131n se\u00e7eneklerini yap\u0131land\u0131rarak, bilgisayar\u0131n\u0131za y\u00fcklenen \u00e7erezlere izin verebilir, engelleyebilir veya silebilirsiniz:<\/p>\n\n\n\n<ul class=\"wp-block-list\">\n<li><a href=\"http:\/\/support.google.com\/chrome\/bin\/answer.py?hl=es&amp;answer=95647\" target=\"_blank\" rel=\"noreferrer noopener\">Krom<\/a><\/li>\n\n\n\n<li><a href=\"http:\/\/windows.microsoft.com\/es-es\/windows7\/how-to-manage-cookies-in-internet-explorer-9\" target=\"_blank\" rel=\"noreferrer noopener\">ka\u015fif<\/a><\/li>\n\n\n\n<li><a href=\"http:\/\/support.mozilla.org\/es\/kb\/habilitar-y-deshabilitar-cookies-que-los-sitios-we\" target=\"_blank\" rel=\"noreferrer noopener\">Firefox<\/a><\/li>\n\n\n\n<li><a href=\"http:\/\/support.apple.com\/kb\/ph5042\" target=\"_blank\" rel=\"noreferrer noopener\">Safari<\/a><\/li>\n<\/ul>\n\n\n\n<p>Bu \u00e7erez politikas\u0131 hakk\u0131nda sorular\u0131n\u0131z varsa bizimle \u015fu adresten ileti\u015fime ge\u00e7ebilirsiniz:&nbsp;<a href=\"mailto:comercial@fleximat.es\">ticari@fleximat.es<\/a><\/p>","protected":false},"excerpt":{"rendered":"<p>\u00bfQu\u00e9 son las cookies? Cookie es un fichero que se descarga en su ordenador al acceder a determinadas p\u00e1ginas web. Las cookies permiten a una p\u00e1gina web, entre otras cosas, almacenar y recuperar informaci\u00f3n sobre los h\u00e1bitos de navegaci\u00f3n de un usuario o de su equipo y, dependiendo de la informaci\u00f3n que contengan y de&#8230;<\/p>","protected":false},"author":1,"featured_media":0,"parent":0,"menu_order":17,"comment_status":"closed","ping_status":"closed","template":"","meta":{"_kad_blocks_custom_css":"","_kad_blocks_head_custom_js":"","_kad_blocks_body_custom_js":"","_kad_blocks_footer_custom_js":"","_kadence_starter_templates_imported_post":false,"_kad_post_transparent":"","_kad_post_title":"","_kad_post_layout":"","_kad_post_sidebar_id":"","_kad_post_content_style":"","_kad_post_vertical_padding":"","_kad_post_feature":"","_kad_post_feature_position":"","_kad_post_header":false,"_kad_post_footer":false,"footnotes":""},"class_list":["post-1330","page","type-page","status-publish","hentry"],"yoast_head":"<!-- This site is optimized with the Yoast SEO plugin v21.7 - https:\/\/yoast.com\/wordpress\/plugins\/seo\/ -->\n<title>Pol\u00edtica de Cookies - Fleximat<\/title>\n<meta name=\"robots\" content=\"index, follow, max-snippet:-1, max-image-preview:large, max-video-preview:-1\" \/>\n<link rel=\"canonical\" href=\"https:\/\/www.fleximat.es\/tr\/politica-de-cookies\/\" \/>\n<meta property=\"og:locale\" content=\"tr_TR\" \/>\n<meta property=\"og:type\" content=\"article\" \/>\n<meta property=\"og:title\" content=\"Pol\u00edtica de Cookies - Fleximat\" \/>\n<meta property=\"og:description\" content=\"\u00bfQu\u00e9 son las cookies? Cookie es un fichero que se descarga en su ordenador al acceder a determinadas p\u00e1ginas web. Las cookies permiten a una p\u00e1gina web, entre otras cosas, almacenar y recuperar informaci\u00f3n sobre los h\u00e1bitos de navegaci\u00f3n de un usuario o de su equipo y, dependiendo de la informaci\u00f3n que contengan y de...\" \/>\n<meta property=\"og:url\" content=\"https:\/\/www.fleximat.es\/tr\/politica-de-cookies\/\" \/>\n<meta property=\"og:site_name\" content=\"Fleximat\" \/>\n<meta property=\"article:modified_time\" content=\"2023-11-23T09:52:13+00:00\" \/>\n<meta name=\"twitter:card\" content=\"summary_large_image\" \/>\n<meta name=\"twitter:label1\" content=\"Tahmini okuma s\u00fcresi\" \/>\n\t<meta name=\"twitter:data1\" content=\"5 dakika\" \/>\n<script type=\"application\/ld+json\" class=\"yoast-schema-graph\">{\"@context\":\"https:\/\/schema.org\",\"@graph\":[{\"@type\":\"WebPage\",\"@id\":\"https:\/\/www.fleximat.es\/politica-de-cookies\/\",\"url\":\"https:\/\/www.fleximat.es\/politica-de-cookies\/\",\"name\":\"Pol\u00edtica de Cookies - Fleximat\",\"isPartOf\":{\"@id\":\"https:\/\/www.fleximat.es\/bn\/#website\"},\"datePublished\":\"2023-10-10T16:47:04+00:00\",\"dateModified\":\"2023-11-23T09:52:13+00:00\",\"breadcrumb\":{\"@id\":\"https:\/\/www.fleximat.es\/politica-de-cookies\/#breadcrumb\"},\"inLanguage\":\"tr\",\"potentialAction\":[{\"@type\":\"ReadAction\",\"target\":[\"https:\/\/www.fleximat.es\/politica-de-cookies\/\"]}]},{\"@type\":\"BreadcrumbList\",\"@id\":\"https:\/\/www.fleximat.es\/politica-de-cookies\/#breadcrumb\",\"itemListElement\":[{\"@type\":\"ListItem\",\"position\":1,\"name\":\"Portada\",\"item\":\"https:\/\/www.fleximat.es\/\"},{\"@type\":\"ListItem\",\"position\":2,\"name\":\"Pol\u00edtica de Cookies\"}]},{\"@type\":\"WebSite\",\"@id\":\"https:\/\/www.fleximat.es\/bn\/#website\",\"url\":\"https:\/\/www.fleximat.es\/bn\/\",\"name\":\"Fleximat\",\"description\":\"Tu soluci\u00f3n en prensaestopas y tubos flexibles\",\"publisher\":{\"@id\":\"https:\/\/www.fleximat.es\/bn\/#organization\"},\"potentialAction\":[{\"@type\":\"SearchAction\",\"target\":{\"@type\":\"EntryPoint\",\"urlTemplate\":\"https:\/\/www.fleximat.es\/bn\/?s={search_term_string}\"},\"query-input\":\"required name=search_term_string\"}],\"inLanguage\":\"tr\"},{\"@type\":\"Organization\",\"@id\":\"https:\/\/www.fleximat.es\/bn\/#organization\",\"name\":\"Fleximat\",\"url\":\"https:\/\/www.fleximat.es\/bn\/\",\"logo\":{\"@type\":\"ImageObject\",\"inLanguage\":\"tr\",\"@id\":\"https:\/\/www.fleximat.es\/bn\/#\/schema\/logo\/image\/\",\"url\":\"https:\/\/www.fleximat.es\/wp-content\/uploads\/2023\/11\/fleximat-logo-1.png\",\"contentUrl\":\"https:\/\/www.fleximat.es\/wp-content\/uploads\/2023\/11\/fleximat-logo-1.png\",\"width\":1169,\"height\":289,\"caption\":\"Fleximat\"},\"image\":{\"@id\":\"https:\/\/www.fleximat.es\/bn\/#\/schema\/logo\/image\/\"}}]}<\/script>\n<!-- \/ Yoast SEO plugin. -->","yoast_head_json":{"title":"Pol\u00edtica de Cookies - Fleximat","robots":{"index":"index","follow":"follow","max-snippet":"max-snippet:-1","max-image-preview":"max-image-preview:large","max-video-preview":"max-video-preview:-1"},"canonical":"https:\/\/www.fleximat.es\/tr\/politica-de-cookies\/","og_locale":"tr_TR","og_type":"article","og_title":"Pol\u00edtica de Cookies - Fleximat","og_description":"\u00bfQu\u00e9 son las cookies? Cookie es un fichero que se descarga en su ordenador al acceder a determinadas p\u00e1ginas web. Las cookies permiten a una p\u00e1gina web, entre otras cosas, almacenar y recuperar informaci\u00f3n sobre los h\u00e1bitos de navegaci\u00f3n de un usuario o de su equipo y, dependiendo de la informaci\u00f3n que contengan y de...","og_url":"https:\/\/www.fleximat.es\/tr\/politica-de-cookies\/","og_site_name":"Fleximat","article_modified_time":"2023-11-23T09:52:13+00:00","twitter_card":"summary_large_image","twitter_misc":{"Tahmini okuma s\u00fcresi":"5 dakika"},"schema":{"@context":"https:\/\/schema.org","@graph":[{"@type":"WebPage","@id":"https:\/\/www.fleximat.es\/politica-de-cookies\/","url":"https:\/\/www.fleximat.es\/politica-de-cookies\/","name":"Pol\u00edtica de Cookies - Fleximat","isPartOf":{"@id":"https:\/\/www.fleximat.es\/bn\/#website"},"datePublished":"2023-10-10T16:47:04+00:00","dateModified":"2023-11-23T09:52:13+00:00","breadcrumb":{"@id":"https:\/\/www.fleximat.es\/politica-de-cookies\/#breadcrumb"},"inLanguage":"tr","potentialAction":[{"@type":"ReadAction","target":["https:\/\/www.fleximat.es\/politica-de-cookies\/"]}]},{"@type":"BreadcrumbList","@id":"https:\/\/www.fleximat.es\/politica-de-cookies\/#breadcrumb","itemListElement":[{"@type":"ListItem","position":1,"name":"Portada","item":"https:\/\/www.fleximat.es\/"},{"@type":"ListItem","position":2,"name":"Pol\u00edtica de Cookies"}]},{"@type":"WebSite","@id":"https:\/\/www.fleximat.es\/bn\/#website","url":"https:\/\/www.fleximat.es\/bn\/","name":"Fleximat","description":"Tu soluci\u00f3n en prensaestopas y tubos flexibles","publisher":{"@id":"https:\/\/www.fleximat.es\/bn\/#organization"},"potentialAction":[{"@type":"SearchAction","target":{"@type":"EntryPoint","urlTemplate":"https:\/\/www.fleximat.es\/bn\/?s={search_term_string}"},"query-input":"required name=search_term_string"}],"inLanguage":"tr"},{"@type":"Organization","@id":"https:\/\/www.fleximat.es\/bn\/#organization","name":"Fleximat","url":"https:\/\/www.fleximat.es\/bn\/","logo":{"@type":"ImageObject","inLanguage":"tr","@id":"https:\/\/www.fleximat.es\/bn\/#\/schema\/logo\/image\/","url":"https:\/\/www.fleximat.es\/wp-content\/uploads\/2023\/11\/fleximat-logo-1.png","contentUrl":"https:\/\/www.fleximat.es\/wp-content\/uploads\/2023\/11\/fleximat-logo-1.png","width":1169,"height":289,"caption":"Fleximat"},"image":{"@id":"https:\/\/www.fleximat.es\/bn\/#\/schema\/logo\/image\/"}}]}},"taxonomy_info":[],"featured_image_src_large":false,"author_info":{"display_name":"eloi","author_link":"https:\/\/www.fleximat.es\/tr\/author\/eloi\/"},"comment_info":0,"_links":{"self":[{"href":"https:\/\/www.fleximat.es\/tr\/wp-json\/wp\/v2\/pages\/1330"}],"collection":[{"href":"https:\/\/www.fleximat.es\/tr\/wp-json\/wp\/v2\/pages"}],"about":[{"href":"https:\/\/www.fleximat.es\/tr\/wp-json\/wp\/v2\/types\/page"}],"author":[{"embeddable":true,"href":"https:\/\/www.fleximat.es\/tr\/wp-json\/wp\/v2\/users\/1"}],"replies":[{"embeddable":true,"href":"https:\/\/www.fleximat.es\/tr\/wp-json\/wp\/v2\/comments?post=1330"}],"version-history":[{"count":0,"href":"https:\/\/www.fleximat.es\/tr\/wp-json\/wp\/v2\/pages\/1330\/revisions"}],"wp:attachment":[{"href":"https:\/\/www.fleximat.es\/tr\/wp-json\/wp\/v2\/media?parent=1330"}],"curies":[{"name":"wp","href":"https:\/\/api.w.org\/{rel}","templated":true}]}}