{"id":1331,"date":"2023-10-10T18:47:12","date_gmt":"2023-10-10T16:47:12","guid":{"rendered":"https:\/\/www.fleximat.es\/?page_id=1331"},"modified":"2024-01-24T10:27:40","modified_gmt":"2024-01-24T09:27:40","slug":"declaracion-de-accesibilidad","status":"publish","type":"page","link":"https:\/\/www.fleximat.es\/tr\/declaracion-de-accesibilidad\/","title":{"rendered":"Eri\u015filebilirlik bildirimi"},"content":{"rendered":"<p>Fleximat, kamu sekt\u00f6r\u00fcndeki mobil cihazlara y\u00f6nelik web sitelerinin ve uygulamalar\u0131n eri\u015filebilirli\u011fine ili\u015fkin 7 Eyl\u00fcl tarih ve 1112\/2018 Kraliyet Kararnamesi uyar\u0131nca web sitesini eri\u015filebilir k\u0131lmay\u0131 taahh\u00fct etmi\u015ftir.<\/p>\n\n\n\n<p>Bu eri\u015filebilirlik bildirimi bu web sitesi i\u00e7in ge\u00e7erlidir.<\/p>\n\n\n\n<h2 class=\"wp-block-heading\">Uyumluluk durumu<\/h2>\n\n\n\n<p>Bu web sitesi RD 1112\/2018&#039;e uygun olarak geli\u015ftirilmi\u015ftir.<\/p>\n\n\n\n<h2 class=\"wp-block-heading\">Bir sonraki eri\u015filebilirlik beyan\u0131na haz\u0131rl\u0131k<\/h2>\n\n\n\n<p>Bu a\u00e7\u0131klama 20 May\u0131s 2023&#039;te haz\u0131rland\u0131.<\/p>\n\n\n\n<p>Bildirinin haz\u0131rlanmas\u0131nda kullan\u0131lan y\u00f6ntem bir \u00f6z de\u011ferlendirme olmu\u015ftur.<\/p>\n\n\n\n<h2 class=\"wp-block-heading\">G\u00f6zlemler ve ileti\u015fim bilgileri<\/h2>\n\n\n\n<p>Eri\u015filebilirlik gereklilikleri hakk\u0131nda (RD 1112\/2018&#039;in 10.2.a maddesi) a\u015fa\u011f\u0131daki gibi ileti\u015fimler yapabilirsiniz:<\/p>\n\n\n\n<ul class=\"wp-block-list\">\n<li>Bu web sitesinin olas\u0131 ihlallerini bildirin<\/li>\n\n\n\n<li>Di\u011fer i\u00e7eri\u011fe eri\u015fim zorluklar\u0131n\u0131 iletin<\/li>\n\n\n\n<li>Web sitesinin eri\u015filebilirli\u011fine ili\u015fkin iyile\u015ftirmeye y\u00f6nelik di\u011fer herhangi bir sorgu veya \u00f6neriyi a\u015fa\u011f\u0131dakiler arac\u0131l\u0131\u011f\u0131yla form\u00fcle edin:\u00a0<a href=\"https:\/\/www.fleximat.es\/tr\/contacto\/\">\u0130leti\u015fim Formu<\/a>\u00a0Bu web sitesinden veya 635 72 78 47 numaral\u0131 telefondan<\/li>\n<\/ul>\n\n\n\n<p>\u015eunlar\u0131 sunabilirsiniz:<\/p>\n\n\n\n<ul class=\"wp-block-list\">\n<li>RD 1112\/2018 gerekliliklerine uygunluk konusunda \u015fikayet<\/li>\n\n\n\n<li>A\u015fa\u011f\u0131dakilerle ilgili eri\u015filebilir bilgi talebi:\n<ul class=\"wp-block-list\">\n<li>Madde 3, b\u00f6l\u00fcm 4&#039;te belirlenenlere g\u00f6re RD 1112\/2018&#039;in uygulama kapsam\u0131 d\u0131\u015f\u0131nda kalan i\u00e7erikler<\/li>\n\n\n\n<li>Orant\u0131s\u0131z bir y\u00fck getirmek amac\u0131yla eri\u015filebilirlik gereksinimlerine uyumdan muaf tutulan i\u00e7erik<\/li>\n\n\n\n<li>Eri\u015filebilir bilgi talebinde, makul ve me\u015fru bir talep oldu\u011funun do\u011frulanmas\u0131na imkan verecek \u015fekilde, ger\u00e7ekler, nedenler ve talebin a\u00e7\u0131k\u00e7a belirtilmesi gerekir.<\/li>\n<\/ul>\n<\/li>\n<\/ul>\n\n\n\n<p>Eri\u015filebilir bilgilere ili\u015fkin \u015fikayet ve talepler elektronik merkez (<a href=\"https:\/\/sede.red.gob.es\/procedimientos\/quejas-y-sugerencias\" target=\"_blank\" rel=\"noreferrer noopener\">https:\/\/sede.red.gob.es\/procedimientos\/quejas-y-sugerencias<\/a>) ve Red.es&#039;in Bilgi Sistemleri alan\u0131 taraf\u0131ndan al\u0131nacak ve i\u015flenecektir.<\/p>\n\n\n\n<h2 class=\"wp-block-heading\">\u0130ste\u011fe ba\u011fl\u0131 i\u00e7erik<\/h2>\n\n\n\n<ul class=\"wp-block-list\">\n<li>Ana grafik taray\u0131c\u0131larda metnin yaz\u0131 tipi boyutunu de\u011fi\u015ftirmek istiyorsan\u0131z a\u015fa\u011f\u0131daki men\u00fcleri kullan\u0131n:<\/li>\n\n\n\n<li>Safari: G\u00f6r\u00fcn\u00fcm &gt; Metni b\u00fcy\u00fct<\/li>\n\n\n\n<li>Chrome: Ge\u00e7erli sayfay\u0131 kontrol et &gt; Metin boyutu<\/li>\n<\/ul>\n\n\n\n<p>Sayfadaki her \u015feyi yeniden boyutland\u0131rmak i\u00e7in:<\/p>\n\n\n\n<ul class=\"wp-block-list\">\n<li>Artt\u0131rmak i\u00e7in Ctrl++<\/li>\n\n\n\n<li>Ctrl + \u2013 azaltmak i\u00e7in<\/li>\n\n\n\n<li>Ctrl + 0 orijinal metin boyutunu geri y\u00fckler<\/li>\n\n\n\n<li>Stil sayfas\u0131n\u0131 ge\u00e7ersiz k\u0131lmak veya metin rengini de\u011fi\u015ftirmek istiyorsan\u0131z, WAI&#039;nin Metin Boyutu veya Renkleri Nas\u0131l De\u011fi\u015ftirilir sayfas\u0131na ba\u015fvurabilirsiniz; bu sayfa, Metin boyutu veya renkleri nas\u0131l de\u011fi\u015ftirilir? b\u00f6l\u00fcm\u00fcnde \u0130spanyolcaya \u00e7evrilerek okunabilir.<\/li>\n<\/ul>","protected":false},"excerpt":{"rendered":"<p>Fleximat&nbsp;se ha comprometido a hacer accesible su sitio web, de conformidad con el Real Decreto 1112\/2018, de 7 de septiembre, sobre accesibilidad de los sitios web y aplicaciones para dispositivos m\u00f3viles del sector p\u00fablico. Esta declaraci\u00f3n de accesibilidad se aplica a esta web. Situaci\u00f3n de cumplimiento Este sitio web est\u00e1 desarrollado de acuerdo con el&#8230;<\/p>","protected":false},"author":1,"featured_media":0,"parent":0,"menu_order":19,"comment_status":"closed","ping_status":"closed","template":"","meta":{"_kad_blocks_custom_css":"","_kad_blocks_head_custom_js":"","_kad_blocks_body_custom_js":"","_kad_blocks_footer_custom_js":"","_kadence_starter_templates_imported_post":false,"_kad_post_transparent":"","_kad_post_title":"","_kad_post_layout":"","_kad_post_sidebar_id":"","_kad_post_content_style":"","_kad_post_vertical_padding":"","_kad_post_feature":"","_kad_post_feature_position":"","_kad_post_header":false,"_kad_post_footer":false,"footnotes":""},"class_list":["post-1331","page","type-page","status-publish","hentry"],"yoast_head":"<!-- This site is optimized with the Yoast SEO plugin v21.7 - https:\/\/yoast.com\/wordpress\/plugins\/seo\/ -->\n<title>Declaraci\u00f3n de accesibilidad - Fleximat<\/title>\n<meta name=\"robots\" content=\"index, follow, max-snippet:-1, max-image-preview:large, max-video-preview:-1\" \/>\n<link rel=\"canonical\" href=\"https:\/\/www.fleximat.es\/tr\/declaracion-de-accesibilidad\/\" \/>\n<meta property=\"og:locale\" content=\"tr_TR\" \/>\n<meta property=\"og:type\" content=\"article\" \/>\n<meta property=\"og:title\" content=\"Declaraci\u00f3n de accesibilidad - Fleximat\" \/>\n<meta property=\"og:description\" content=\"Fleximat&nbsp;se ha comprometido a hacer accesible su sitio web, de conformidad con el Real Decreto 1112\/2018, de 7 de septiembre, sobre accesibilidad de los sitios web y aplicaciones para dispositivos m\u00f3viles del sector p\u00fablico. Esta declaraci\u00f3n de accesibilidad se aplica a esta web. Situaci\u00f3n de cumplimiento Este sitio web est\u00e1 desarrollado de acuerdo con el...\" \/>\n<meta property=\"og:url\" content=\"https:\/\/www.fleximat.es\/tr\/declaracion-de-accesibilidad\/\" \/>\n<meta property=\"og:site_name\" content=\"Fleximat\" \/>\n<meta property=\"article:modified_time\" content=\"2024-01-24T09:27:40+00:00\" \/>\n<meta name=\"twitter:card\" content=\"summary_large_image\" \/>\n<meta name=\"twitter:label1\" content=\"Tahmini okuma s\u00fcresi\" \/>\n\t<meta name=\"twitter:data1\" content=\"2 dakika\" \/>\n<script type=\"application\/ld+json\" class=\"yoast-schema-graph\">{\"@context\":\"https:\/\/schema.org\",\"@graph\":[{\"@type\":\"WebPage\",\"@id\":\"https:\/\/www.fleximat.es\/declaracion-de-accesibilidad\/\",\"url\":\"https:\/\/www.fleximat.es\/declaracion-de-accesibilidad\/\",\"name\":\"Declaraci\u00f3n de accesibilidad - Fleximat\",\"isPartOf\":{\"@id\":\"https:\/\/www.fleximat.es\/bn\/#website\"},\"datePublished\":\"2023-10-10T16:47:12+00:00\",\"dateModified\":\"2024-01-24T09:27:40+00:00\",\"breadcrumb\":{\"@id\":\"https:\/\/www.fleximat.es\/declaracion-de-accesibilidad\/#breadcrumb\"},\"inLanguage\":\"tr\",\"potentialAction\":[{\"@type\":\"ReadAction\",\"target\":[\"https:\/\/www.fleximat.es\/declaracion-de-accesibilidad\/\"]}]},{\"@type\":\"BreadcrumbList\",\"@id\":\"https:\/\/www.fleximat.es\/declaracion-de-accesibilidad\/#breadcrumb\",\"itemListElement\":[{\"@type\":\"ListItem\",\"position\":1,\"name\":\"Portada\",\"item\":\"https:\/\/www.fleximat.es\/\"},{\"@type\":\"ListItem\",\"position\":2,\"name\":\"Declaraci\u00f3n de accesibilidad\"}]},{\"@type\":\"WebSite\",\"@id\":\"https:\/\/www.fleximat.es\/bn\/#website\",\"url\":\"https:\/\/www.fleximat.es\/bn\/\",\"name\":\"Fleximat\",\"description\":\"Tu soluci\u00f3n en prensaestopas y tubos flexibles\",\"publisher\":{\"@id\":\"https:\/\/www.fleximat.es\/bn\/#organization\"},\"potentialAction\":[{\"@type\":\"SearchAction\",\"target\":{\"@type\":\"EntryPoint\",\"urlTemplate\":\"https:\/\/www.fleximat.es\/bn\/?s={search_term_string}\"},\"query-input\":\"required name=search_term_string\"}],\"inLanguage\":\"tr\"},{\"@type\":\"Organization\",\"@id\":\"https:\/\/www.fleximat.es\/bn\/#organization\",\"name\":\"Fleximat\",\"url\":\"https:\/\/www.fleximat.es\/bn\/\",\"logo\":{\"@type\":\"ImageObject\",\"inLanguage\":\"tr\",\"@id\":\"https:\/\/www.fleximat.es\/bn\/#\/schema\/logo\/image\/\",\"url\":\"https:\/\/www.fleximat.es\/wp-content\/uploads\/2023\/11\/fleximat-logo-1.png\",\"contentUrl\":\"https:\/\/www.fleximat.es\/wp-content\/uploads\/2023\/11\/fleximat-logo-1.png\",\"width\":1169,\"height\":289,\"caption\":\"Fleximat\"},\"image\":{\"@id\":\"https:\/\/www.fleximat.es\/bn\/#\/schema\/logo\/image\/\"}}]}<\/script>\n<!-- \/ Yoast SEO plugin. -->","yoast_head_json":{"title":"Declaraci\u00f3n de accesibilidad - Fleximat","robots":{"index":"index","follow":"follow","max-snippet":"max-snippet:-1","max-image-preview":"max-image-preview:large","max-video-preview":"max-video-preview:-1"},"canonical":"https:\/\/www.fleximat.es\/tr\/declaracion-de-accesibilidad\/","og_locale":"tr_TR","og_type":"article","og_title":"Declaraci\u00f3n de accesibilidad - Fleximat","og_description":"Fleximat&nbsp;se ha comprometido a hacer accesible su sitio web, de conformidad con el Real Decreto 1112\/2018, de 7 de septiembre, sobre accesibilidad de los sitios web y aplicaciones para dispositivos m\u00f3viles del sector p\u00fablico. Esta declaraci\u00f3n de accesibilidad se aplica a esta web. Situaci\u00f3n de cumplimiento Este sitio web est\u00e1 desarrollado de acuerdo con el...","og_url":"https:\/\/www.fleximat.es\/tr\/declaracion-de-accesibilidad\/","og_site_name":"Fleximat","article_modified_time":"2024-01-24T09:27:40+00:00","twitter_card":"summary_large_image","twitter_misc":{"Tahmini okuma s\u00fcresi":"2 dakika"},"schema":{"@context":"https:\/\/schema.org","@graph":[{"@type":"WebPage","@id":"https:\/\/www.fleximat.es\/declaracion-de-accesibilidad\/","url":"https:\/\/www.fleximat.es\/declaracion-de-accesibilidad\/","name":"Declaraci\u00f3n de accesibilidad - Fleximat","isPartOf":{"@id":"https:\/\/www.fleximat.es\/bn\/#website"},"datePublished":"2023-10-10T16:47:12+00:00","dateModified":"2024-01-24T09:27:40+00:00","breadcrumb":{"@id":"https:\/\/www.fleximat.es\/declaracion-de-accesibilidad\/#breadcrumb"},"inLanguage":"tr","potentialAction":[{"@type":"ReadAction","target":["https:\/\/www.fleximat.es\/declaracion-de-accesibilidad\/"]}]},{"@type":"BreadcrumbList","@id":"https:\/\/www.fleximat.es\/declaracion-de-accesibilidad\/#breadcrumb","itemListElement":[{"@type":"ListItem","position":1,"name":"Portada","item":"https:\/\/www.fleximat.es\/"},{"@type":"ListItem","position":2,"name":"Declaraci\u00f3n de accesibilidad"}]},{"@type":"WebSite","@id":"https:\/\/www.fleximat.es\/bn\/#website","url":"https:\/\/www.fleximat.es\/bn\/","name":"Fleximat","description":"Tu soluci\u00f3n en prensaestopas y tubos flexibles","publisher":{"@id":"https:\/\/www.fleximat.es\/bn\/#organization"},"potentialAction":[{"@type":"SearchAction","target":{"@type":"EntryPoint","urlTemplate":"https:\/\/www.fleximat.es\/bn\/?s={search_term_string}"},"query-input":"required name=search_term_string"}],"inLanguage":"tr"},{"@type":"Organization","@id":"https:\/\/www.fleximat.es\/bn\/#organization","name":"Fleximat","url":"https:\/\/www.fleximat.es\/bn\/","logo":{"@type":"ImageObject","inLanguage":"tr","@id":"https:\/\/www.fleximat.es\/bn\/#\/schema\/logo\/image\/","url":"https:\/\/www.fleximat.es\/wp-content\/uploads\/2023\/11\/fleximat-logo-1.png","contentUrl":"https:\/\/www.fleximat.es\/wp-content\/uploads\/2023\/11\/fleximat-logo-1.png","width":1169,"height":289,"caption":"Fleximat"},"image":{"@id":"https:\/\/www.fleximat.es\/bn\/#\/schema\/logo\/image\/"}}]}},"taxonomy_info":[],"featured_image_src_large":false,"author_info":{"display_name":"eloi","author_link":"https:\/\/www.fleximat.es\/tr\/author\/eloi\/"},"comment_info":0,"_links":{"self":[{"href":"https:\/\/www.fleximat.es\/tr\/wp-json\/wp\/v2\/pages\/1331"}],"collection":[{"href":"https:\/\/www.fleximat.es\/tr\/wp-json\/wp\/v2\/pages"}],"about":[{"href":"https:\/\/www.fleximat.es\/tr\/wp-json\/wp\/v2\/types\/page"}],"author":[{"embeddable":true,"href":"https:\/\/www.fleximat.es\/tr\/wp-json\/wp\/v2\/users\/1"}],"replies":[{"embeddable":true,"href":"https:\/\/www.fleximat.es\/tr\/wp-json\/wp\/v2\/comments?post=1331"}],"version-history":[{"count":1,"href":"https:\/\/www.fleximat.es\/tr\/wp-json\/wp\/v2\/pages\/1331\/revisions"}],"predecessor-version":[{"id":3622,"href":"https:\/\/www.fleximat.es\/tr\/wp-json\/wp\/v2\/pages\/1331\/revisions\/3622"}],"wp:attachment":[{"href":"https:\/\/www.fleximat.es\/tr\/wp-json\/wp\/v2\/media?parent=1331"}],"curies":[{"name":"wp","href":"https:\/\/api.w.org\/{rel}","templated":true}]}}