{"id":1507,"date":"2023-10-18T17:52:26","date_gmt":"2023-10-18T15:52:26","guid":{"rendered":"https:\/\/www.fleximat.es\/?post_type=product&#038;p=1507"},"modified":"2023-12-03T12:54:20","modified_gmt":"2023-12-03T11:54:20","slug":"prensaestopas-metrica-rosca-larga-metalico-ip-68","status":"publish","type":"product","link":"https:\/\/www.fleximat.es\/tr\/urun\/prensaestopas-metrica-rosca-larga-metalico-ip-68\/","title":{"rendered":"Metrik Kablo Rakoru Uzun Di\u015fli Metalik IP-68"},"content":{"rendered":"<h4>\u00d6zellikler<\/h4>\n<p>Kolay Montaj<br \/>\nHalojen i\u00e7ermez<br \/>\nUzun iplik halinde mevcuttur<\/p>\n<h3>\u00dcr\u00fcn A\u00e7\u0131klamas\u0131<\/h3>\n<p>Metal kablo rakoru, bir ucunda s\u0131k\u0131\u015ft\u0131rma contas\u0131 yap\u0131l\u0131rken di\u011fer ucuna erkek di\u015f kullan\u0131larak ba\u011flant\u0131 yap\u0131lmas\u0131na olanak sa\u011flayan bir par\u00e7ad\u0131r.<\/p>\n<p>Metal kablo rakorlar\u0131 mekanik, kimyasal veya performans a\u00e7\u0131s\u0131ndan \u00e7ok \u00e7e\u015fitli \u00f6zellikler sunar. Kablo rakorlar\u0131n\u0131n montaj\u0131 h\u0131zl\u0131 ve kurulumu kolayd\u0131r. Geni\u015f bir \u00e7al\u0131\u015fma s\u0131cakl\u0131\u011f\u0131 aral\u0131\u011f\u0131na sahiptirler.<\/p>\n<p>Mekanik olarak her t\u00fcrl\u00fc \u00e7ekme, titre\u015fim ve \u015foka dayan\u0131r ve bunlar\u0131 emer.<\/p>\n<p>Metal kablo rakoru, s\u00fcrekli elektrik beslemesi gerektiren her t\u00fcrl\u00fc tesisat, makine veya ekipmanda bulunur ve ba\u011flant\u0131s\u0131n\u0131n sa\u011flanmas\u0131ndan sorumludur.<\/p>\n<div class=\"table-responsive\">\n<table class=\"table table-bordered table-striped\">\n<tbody>\n<tr>\n<td colspan=\"7\">PRENSAESTOPAS MET\u00c1LICOS ROSCA LARGA<\/td>\n<\/tr>\n<tr>\n<td>E 12x1,5<\/td>\n<td>OMBG 09<\/td>\n<td>22<\/td>\n<td>12<\/td>\n<td>14<\/td>\n<td>14<\/td>\n<td>3 &#8211; 6,5<\/td>\n<\/tr>\n<tr>\n<td>E 16x1,5<\/td>\n<td>OMBG10<\/td>\n<td>23<\/td>\n<td>12<\/td>\n<td>18<\/td>\n<td>17<\/td>\n<td>4 &#8211; 8<\/td>\n<\/tr>\n<tr>\n<td>E 20x1,5<\/td>\n<td>OMBG 11RS<\/td>\n<td>26,5<\/td>\n<td>12<\/td>\n<td>22<\/td>\n<td>22<\/td>\n<td>4 &#8211; 10<\/td>\n<\/tr>\n<tr>\n<td>E 20x1,5<\/td>\n<td>OMBG 11<\/td>\n<td>26,5<\/td>\n<td>12<\/td>\n<td>22<\/td>\n<td>22<\/td>\n<td>6 &#8211; 12<\/td>\n<\/tr>\n<tr>\n<td>E 25x1,5<\/td>\n<td>OMBG 12<\/td>\n<td>28<\/td>\n<td>12<\/td>\n<td>27<\/td>\n<td>24<\/td>\n<td>10 &#8211; 14<\/td>\n<\/tr>\n<tr>\n<td>M32x1,5<\/td>\n<td>Aman Tanr\u0131m 13<\/td>\n<td>31,5<\/td>\n<td>14<\/td>\n<td>34<\/td>\n<td>30<\/td>\n<td>13 &#8211; 18<\/td>\n<\/tr>\n<tr>\n<td>E 40x1,5<\/td>\n<td>Aman Tanr\u0131m 14<\/td>\n<td>38<\/td>\n<td>14<\/td>\n<td>43<\/td>\n<td>40<\/td>\n<td>18 &#8211; 25<\/td>\n<\/tr>\n<tr>\n<td>E 50x1,5<\/td>\n<td>Aman Tanr\u0131m 15<\/td>\n<td>43<\/td>\n<td>14<\/td>\n<td>55<\/td>\n<td>50<\/td>\n<td>22 &#8211; 32<\/td>\n<\/tr>\n<tr>\n<td>E 63x1,5<\/td>\n<td>OMRG 16<\/td>\n<td>48<\/td>\n<td>18<\/td>\n<td>68<\/td>\n<td>64<\/td>\n<td>33 &#8211; 44<\/td>\n<\/tr>\n<\/tbody>\n<\/table>\n<\/div>","protected":false},"excerpt":{"rendered":"<h3>Malzeme<\/h3>\n<table>\n<tbody>\n<tr>\n<td><strong>Kaput<\/strong><\/td>\n<td>Nikel kaplamal\u0131 pirin\u00e7<\/td>\n<\/tr>\n<tr>\n<td><strong>S\u0131zd\u0131rmazl\u0131k contas\u0131<\/strong><\/td>\n<td>POS<\/td>\n<\/tr>\n<tr>\n<td><strong>O-halkas\u0131<\/strong><\/td>\n<td>NBR<\/td>\n<\/tr>\n<tr>\n<td><strong>Konu T\u00fcr\u00fc<\/strong><\/td>\n<td>Metrik (EN 60423)<\/td>\n<\/tr>\n<tr>\n<td><strong>S\u0131zd\u0131rmazl\u0131k<\/strong><\/td>\n<td>IP68 \u2013 5 bar<\/td>\n<\/tr>\n<tr>\n<td><strong>S\u00fcrekli \u00e7al\u0131\u015fma s\u0131cakl\u0131\u011f\u0131<\/strong><\/td>\n<td>-40 \u00b0C +100 \u00b0C +150 \u00b0C (ge\u00e7ici)<\/td>\n<\/tr>\n<\/tbody>\n<\/table>","protected":false},"featured_media":3075,"template":"","meta":{"_kad_blocks_custom_css":"","_kad_blocks_head_custom_js":"","_kad_blocks_body_custom_js":"","_kad_blocks_footer_custom_js":"","_kadence_starter_templates_imported_post":false,"_kad_post_transparent":"default","_kad_post_title":"","_kad_post_layout":"default","_kad_post_sidebar_id":"","_kad_post_content_style":"default","_kad_post_vertical_padding":"default","_kad_post_feature":"","_kad_post_feature_position":"","_kad_post_header":false,"_kad_post_footer":false},"product_cat":[31,33],"product_tag":[],"class_list":{"0":"post-1507","1":"product","2":"type-product","3":"status-publish","4":"has-post-thumbnail","6":"product_cat-prensaestopas-y-accesorios-metalicos","7":"product_cat-prensaestopas-metalicos-rosca-larga-y-extralarga","9":"first","10":"instock","11":"shipping-taxable","12":"product-type-simple","13":"entry","14":"content-bg","15":"loop-entry"},"yoast_head":"<!-- This site is optimized with the Yoast SEO plugin v21.7 - https:\/\/yoast.com\/wordpress\/plugins\/seo\/ -->\n<title>Prensaestopas M\u00e9trica Rosca Larga Met\u00e1lico IP-68 - Fleximat<\/title>\n<meta name=\"robots\" content=\"index, follow, max-snippet:-1, max-image-preview:large, max-video-preview:-1\" \/>\n<link rel=\"canonical\" href=\"https:\/\/www.fleximat.es\/tr\/product\/prensaestopas-metrica-rosca-larga-metalico-ip-68\/\" \/>\n<meta property=\"og:locale\" content=\"tr_TR\" \/>\n<meta property=\"og:type\" content=\"article\" \/>\n<meta property=\"og:title\" content=\"Prensaestopas M\u00e9trica Rosca Larga Met\u00e1lico IP-68 - Fleximat\" \/>\n<meta property=\"og:description\" content=\"Material    Sombrerete Lat\u00f3n Niquelado   Junta de sellado TPV   Junta t\u00f3rica NBR   Tipo de Rosca M\u00e9trica (EN 60423)   Estanqueidad IP68 - 5 bar   Temperatura de trabajo continua -40 \u00baC +100 \u00baC +150 \u00baC\u00a0 (temporal)\" \/>\n<meta property=\"og:url\" content=\"https:\/\/www.fleximat.es\/tr\/product\/prensaestopas-metrica-rosca-larga-metalico-ip-68\/\" \/>\n<meta property=\"og:site_name\" content=\"Fleximat\" \/>\n<meta property=\"article:modified_time\" content=\"2023-12-03T11:54:20+00:00\" \/>\n<meta property=\"og:image\" content=\"https:\/\/www.fleximat.es\/wp-content\/uploads\/2023\/12\/prensaestopas-metalico-ip-68-700x566-1.png\" \/>\n\t<meta property=\"og:image:width\" content=\"700\" \/>\n\t<meta property=\"og:image:height\" content=\"700\" \/>\n\t<meta property=\"og:image:type\" content=\"image\/png\" \/>\n<meta name=\"twitter:card\" content=\"summary_large_image\" \/>\n<meta name=\"twitter:label1\" content=\"Tahmini okuma s\u00fcresi\" \/>\n\t<meta name=\"twitter:data1\" content=\"1 dakika\" \/>\n<script type=\"application\/ld+json\" class=\"yoast-schema-graph\">{\"@context\":\"https:\/\/schema.org\",\"@graph\":[{\"@type\":\"WebPage\",\"@id\":\"https:\/\/www.fleximat.es\/zh\/product\/prensaestopas-metrica-rosca-larga-metalico-ip-68\/\",\"url\":\"https:\/\/www.fleximat.es\/zh\/product\/prensaestopas-metrica-rosca-larga-metalico-ip-68\/\",\"name\":\"Prensaestopas M\u00e9trica Rosca Larga Met\u00e1lico IP-68 - Fleximat\",\"isPartOf\":{\"@id\":\"https:\/\/www.fleximat.es\/bn\/#website\"},\"datePublished\":\"2023-10-18T15:52:26+00:00\",\"dateModified\":\"2023-12-03T11:54:20+00:00\",\"breadcrumb\":{\"@id\":\"https:\/\/www.fleximat.es\/zh\/product\/prensaestopas-metrica-rosca-larga-metalico-ip-68\/#breadcrumb\"},\"inLanguage\":\"tr\",\"potentialAction\":[{\"@type\":\"ReadAction\",\"target\":[\"https:\/\/www.fleximat.es\/zh\/product\/prensaestopas-metrica-rosca-larga-metalico-ip-68\/\"]}]},{\"@type\":\"BreadcrumbList\",\"@id\":\"https:\/\/www.fleximat.es\/zh\/product\/prensaestopas-metrica-rosca-larga-metalico-ip-68\/#breadcrumb\",\"itemListElement\":[{\"@type\":\"ListItem\",\"position\":1,\"name\":\"Portada\",\"item\":\"https:\/\/www.fleximat.es\/\"},{\"@type\":\"ListItem\",\"position\":2,\"name\":\"Productos\",\"item\":\"https:\/\/www.fleximat.es\/en\/productos\/\"},{\"@type\":\"ListItem\",\"position\":3,\"name\":\"Prensaestopas M\u00e9trica Rosca Larga Met\u00e1lico IP-68\"}]},{\"@type\":\"WebSite\",\"@id\":\"https:\/\/www.fleximat.es\/bn\/#website\",\"url\":\"https:\/\/www.fleximat.es\/bn\/\",\"name\":\"Fleximat\",\"description\":\"Tu soluci\u00f3n en prensaestopas y tubos flexibles\",\"publisher\":{\"@id\":\"https:\/\/www.fleximat.es\/bn\/#organization\"},\"potentialAction\":[{\"@type\":\"SearchAction\",\"target\":{\"@type\":\"EntryPoint\",\"urlTemplate\":\"https:\/\/www.fleximat.es\/bn\/?s={search_term_string}\"},\"query-input\":\"required name=search_term_string\"}],\"inLanguage\":\"tr\"},{\"@type\":\"Organization\",\"@id\":\"https:\/\/www.fleximat.es\/bn\/#organization\",\"name\":\"Fleximat\",\"url\":\"https:\/\/www.fleximat.es\/bn\/\",\"logo\":{\"@type\":\"ImageObject\",\"inLanguage\":\"tr\",\"@id\":\"https:\/\/www.fleximat.es\/bn\/#\/schema\/logo\/image\/\",\"url\":\"https:\/\/www.fleximat.es\/wp-content\/uploads\/2023\/11\/fleximat-logo-1.png\",\"contentUrl\":\"https:\/\/www.fleximat.es\/wp-content\/uploads\/2023\/11\/fleximat-logo-1.png\",\"width\":1169,\"height\":289,\"caption\":\"Fleximat\"},\"image\":{\"@id\":\"https:\/\/www.fleximat.es\/bn\/#\/schema\/logo\/image\/\"}}]}<\/script>\n<!-- \/ Yoast SEO plugin. -->","yoast_head_json":{"title":"Prensaestopas M\u00e9trica Rosca Larga Met\u00e1lico IP-68 - Fleximat","robots":{"index":"index","follow":"follow","max-snippet":"max-snippet:-1","max-image-preview":"max-image-preview:large","max-video-preview":"max-video-preview:-1"},"canonical":"https:\/\/www.fleximat.es\/tr\/product\/prensaestopas-metrica-rosca-larga-metalico-ip-68\/","og_locale":"tr_TR","og_type":"article","og_title":"Prensaestopas M\u00e9trica Rosca Larga Met\u00e1lico IP-68 - Fleximat","og_description":"Material    Sombrerete Lat\u00f3n Niquelado   Junta de sellado TPV   Junta t\u00f3rica NBR   Tipo de Rosca M\u00e9trica (EN 60423)   Estanqueidad IP68 - 5 bar   Temperatura de trabajo continua -40 \u00baC +100 \u00baC +150 \u00baC\u00a0 (temporal)","og_url":"https:\/\/www.fleximat.es\/tr\/product\/prensaestopas-metrica-rosca-larga-metalico-ip-68\/","og_site_name":"Fleximat","article_modified_time":"2023-12-03T11:54:20+00:00","og_image":[{"width":700,"height":700,"url":"https:\/\/www.fleximat.es\/wp-content\/uploads\/2023\/12\/prensaestopas-metalico-ip-68-700x566-1.png","type":"image\/png"}],"twitter_card":"summary_large_image","twitter_misc":{"Tahmini okuma s\u00fcresi":"1 dakika"},"schema":{"@context":"https:\/\/schema.org","@graph":[{"@type":"WebPage","@id":"https:\/\/www.fleximat.es\/zh\/product\/prensaestopas-metrica-rosca-larga-metalico-ip-68\/","url":"https:\/\/www.fleximat.es\/zh\/product\/prensaestopas-metrica-rosca-larga-metalico-ip-68\/","name":"Prensaestopas M\u00e9trica Rosca Larga Met\u00e1lico IP-68 - Fleximat","isPartOf":{"@id":"https:\/\/www.fleximat.es\/bn\/#website"},"datePublished":"2023-10-18T15:52:26+00:00","dateModified":"2023-12-03T11:54:20+00:00","breadcrumb":{"@id":"https:\/\/www.fleximat.es\/zh\/product\/prensaestopas-metrica-rosca-larga-metalico-ip-68\/#breadcrumb"},"inLanguage":"tr","potentialAction":[{"@type":"ReadAction","target":["https:\/\/www.fleximat.es\/zh\/product\/prensaestopas-metrica-rosca-larga-metalico-ip-68\/"]}]},{"@type":"BreadcrumbList","@id":"https:\/\/www.fleximat.es\/zh\/product\/prensaestopas-metrica-rosca-larga-metalico-ip-68\/#breadcrumb","itemListElement":[{"@type":"ListItem","position":1,"name":"Portada","item":"https:\/\/www.fleximat.es\/"},{"@type":"ListItem","position":2,"name":"Productos","item":"https:\/\/www.fleximat.es\/en\/productos\/"},{"@type":"ListItem","position":3,"name":"Prensaestopas M\u00e9trica Rosca Larga Met\u00e1lico IP-68"}]},{"@type":"WebSite","@id":"https:\/\/www.fleximat.es\/bn\/#website","url":"https:\/\/www.fleximat.es\/bn\/","name":"Fleximat","description":"Tu soluci\u00f3n en prensaestopas y tubos flexibles","publisher":{"@id":"https:\/\/www.fleximat.es\/bn\/#organization"},"potentialAction":[{"@type":"SearchAction","target":{"@type":"EntryPoint","urlTemplate":"https:\/\/www.fleximat.es\/bn\/?s={search_term_string}"},"query-input":"required name=search_term_string"}],"inLanguage":"tr"},{"@type":"Organization","@id":"https:\/\/www.fleximat.es\/bn\/#organization","name":"Fleximat","url":"https:\/\/www.fleximat.es\/bn\/","logo":{"@type":"ImageObject","inLanguage":"tr","@id":"https:\/\/www.fleximat.es\/bn\/#\/schema\/logo\/image\/","url":"https:\/\/www.fleximat.es\/wp-content\/uploads\/2023\/11\/fleximat-logo-1.png","contentUrl":"https:\/\/www.fleximat.es\/wp-content\/uploads\/2023\/11\/fleximat-logo-1.png","width":1169,"height":289,"caption":"Fleximat"},"image":{"@id":"https:\/\/www.fleximat.es\/bn\/#\/schema\/logo\/image\/"}}]}},"taxonomy_info":{"product_cat":[{"value":31,"label":"Prensaestopas y accesorios met\u00e1licos"},{"value":33,"label":"Prensaestopas Met\u00e1licos Rosca Larga y Extralarga"}]},"featured_image_src_large":["https:\/\/www.fleximat.es\/wp-content\/uploads\/2023\/12\/prensaestopas-metalico-ip-68-700x566-1.png",700,700,false],"author_info":[],"comment_info":"","_links":{"self":[{"href":"https:\/\/www.fleximat.es\/tr\/wp-json\/wp\/v2\/product\/1507"}],"collection":[{"href":"https:\/\/www.fleximat.es\/tr\/wp-json\/wp\/v2\/product"}],"about":[{"href":"https:\/\/www.fleximat.es\/tr\/wp-json\/wp\/v2\/types\/product"}],"wp:featuredmedia":[{"embeddable":true,"href":"https:\/\/www.fleximat.es\/tr\/wp-json\/wp\/v2\/media\/3075"}],"wp:attachment":[{"href":"https:\/\/www.fleximat.es\/tr\/wp-json\/wp\/v2\/media?parent=1507"}],"wp:term":[{"taxonomy":"product_cat","embeddable":true,"href":"https:\/\/www.fleximat.es\/tr\/wp-json\/wp\/v2\/product_cat?post=1507"},{"taxonomy":"product_tag","embeddable":true,"href":"https:\/\/www.fleximat.es\/tr\/wp-json\/wp\/v2\/product_tag?post=1507"}],"curies":[{"name":"wp","href":"https:\/\/api.w.org\/{rel}","templated":true}]}}