{"id":1556,"date":"2023-10-18T17:52:50","date_gmt":"2023-10-18T15:52:50","guid":{"rendered":"https:\/\/www.fleximat.es\/?post_type=product&#038;p=1556"},"modified":"2023-12-01T11:04:39","modified_gmt":"2023-12-01T10:04:39","slug":"prensaestopas-pg-multihole-poliamida-ip-68-gris-claro","status":"publish","type":"product","link":"https:\/\/www.fleximat.es\/tr\/urun\/prensaestopas-pg-multihole-poliamida-ip-68-gris-claro\/","title":{"rendered":"PG \u00c7ok Delikli Kablo Rakoru Polyamid IP-68 A\u00e7\u0131k Gri"},"content":{"rendered":"<h4>\u00d6zellikler<\/h4>\n<p>Titre\u015fim \u00f6nleyici<br \/>\n\u00c7ekme \u00f6nleyiciY\u00fcksek UV direnci<br \/>\nKolay montajVDE sertifikal\u0131 (40030037)<br \/>\nHalojen i\u00e7ermez<\/p>\n<h3>\u00dcr\u00fcn A\u00e7\u0131klamas\u0131<\/h3>\n<p>\u00c7oklu kablo rakoru, belirli say\u0131da elektrik kablosunu ge\u00e7irmek i\u00e7in delikli bir dahili ba\u011flant\u0131 i\u00e7eren ortak kablo rakorunun bir \u00e7e\u015fididir.<\/p>\n<p>\u00c7oklu kablo rakoru veya duvar rondelas\u0131, kablo ba\u011flant\u0131s\u0131n\u0131 korumak i\u00e7in kullan\u0131l\u0131r. Tasar\u0131m\u0131 ve mekanik bile\u015fenleri, dahili bir elastomerik contay\u0131 mahfazan\u0131n i\u00e7ine s\u0131k\u0131\u015ft\u0131r\u0131r. Buna kar\u015f\u0131l\u0131k i\u00e7 ba\u011flant\u0131, kablolar\u0131 proje \u00f6zelliklerine g\u00f6re da\u011f\u0131t\u0131r.<\/p>\n<p>\u00c7e\u015fitli kablolara y\u00f6nelik kablo rakorlar\u0131 mekanik, kimyasal veya performans a\u00e7\u0131s\u0131ndan \u00e7ok \u00e7e\u015fitli \u00f6zellikler sunar ve hem plastik malzeme hem de metalik versiyonda mevcuttur.<\/p>\n<p>\u00c7oklu kablo rakorlar\u0131, birle\u015fimlerindeki delikler i\u00e7in gereken \u00e7ok geni\u015f bir kablo say\u0131s\u0131 ve \u00e7ap aral\u0131\u011f\u0131nda mevcuttur.<\/p>\n<table class=\"table table-bordered table-striped\">\n<thead>\n<tr>\n<td colspan=\"3\">\u0130\u015f Par\u00e7ac\u0131\u011f\u0131<\/td>\n<td>Kod<\/td>\n<td>Delik say\u0131s\u0131<\/td>\n<td>\u00d8 mm kablolar i\u00e7in<\/td>\n<\/tr>\n<\/thead>\n<tbody>\n<tr>\n<td colspan=\"3\">PG 9<\/td>\n<td>KBB 02A3<\/td>\n<td>2<\/td>\n<td>3<\/td>\n<\/tr>\n<tr>\n<td colspan=\"3\">PG 9<\/td>\n<td>KBB 02B3<\/td>\n<td>3<\/td>\n<td>3<\/td>\n<\/tr>\n<tr>\n<td colspan=\"3\">PG 9<\/td>\n<td>KBB 02C3<\/td>\n<td>4<\/td>\n<td>3<\/td>\n<\/tr>\n<tr>\n<td colspan=\"3\">PG 11<\/td>\n<td>KBB 03A4<\/td>\n<td>2<\/td>\n<td>4<\/td>\n<\/tr>\n<tr>\n<td colspan=\"3\">PG 11<\/td>\n<td>KBB 03A5<\/td>\n<td>2<\/td>\n<td>5<\/td>\n<\/tr>\n<tr>\n<td colspan=\"3\">PG 11<\/td>\n<td>KBB 03B4<\/td>\n<td>3<\/td>\n<td>4<\/td>\n<\/tr>\n<tr>\n<td colspan=\"3\">PG 11<\/td>\n<td>KBB 03B5<\/td>\n<td>3<\/td>\n<td>5<\/td>\n<\/tr>\n<tr>\n<td colspan=\"3\">GP 13.5<\/td>\n<td>KBB 04A5<\/td>\n<td>2<\/td>\n<td>5<\/td>\n<\/tr>\n<tr>\n<td colspan=\"3\">GP 13.5<\/td>\n<td>KBB 04A6<\/td>\n<td>2<\/td>\n<td>6<\/td>\n<\/tr>\n<tr>\n<td colspan=\"3\">GP 13.5<\/td>\n<td>KBB 04B4<\/td>\n<td>3<\/td>\n<td>4<\/td>\n<\/tr>\n<tr>\n<td colspan=\"3\">GP 13.5<\/td>\n<td>KBB 04B5<\/td>\n<td>3<\/td>\n<td>5<\/td>\n<\/tr>\n<tr>\n<td colspan=\"3\">PG 16<\/td>\n<td>KBB 05A4<\/td>\n<td>2<\/td>\n<td>4<\/td>\n<\/tr>\n<tr>\n<td colspan=\"3\">PG 16<\/td>\n<td>KBB 05A7<\/td>\n<td>2<\/td>\n<td>7<\/td>\n<\/tr>\n<tr>\n<td colspan=\"3\">PG 16<\/td>\n<td>KBB 05B4<\/td>\n<td>3<\/td>\n<td>4<\/td>\n<\/tr>\n<tr>\n<td colspan=\"3\">PG 16<\/td>\n<td>KBB 05B6<\/td>\n<td>3<\/td>\n<td>6<\/td>\n<\/tr>\n<tr>\n<td colspan=\"3\">PG 16<\/td>\n<td>KBB 05C5<\/td>\n<td>4<\/td>\n<td>5<\/td>\n<\/tr>\n<tr>\n<td colspan=\"3\">PG 21<\/td>\n<td>KBB 06A8<\/td>\n<td>2<\/td>\n<td>8<\/td>\n<\/tr>\n<tr>\n<td colspan=\"3\">PG 21<\/td>\n<td>KBB 06A9<\/td>\n<td>2<\/td>\n<td>9<\/td>\n<\/tr>\n<tr>\n<td colspan=\"3\">PG 21<\/td>\n<td>KBB 06B5<\/td>\n<td>5<\/td>\n<td>6<\/td>\n<\/tr>\n<tr>\n<td colspan=\"3\">PG 21<\/td>\n<td>KBB 06B7<\/td>\n<td>3<\/td>\n<td>7<\/td>\n<\/tr>\n<tr>\n<td colspan=\"3\">PG 21<\/td>\n<td>KBB 06B8<\/td>\n<td>3<\/td>\n<td>8<\/td>\n<\/tr>\n<tr>\n<td colspan=\"3\">PG 21<\/td>\n<td>KBB 06C7<\/td>\n<td>4<\/td>\n<td>7<\/td>\n<\/tr>\n<tr>\n<td colspan=\"3\">PG 21<\/td>\n<td>KBB 06G3<\/td>\n<td>8<\/td>\n<td>3<\/td>\n<\/tr>\n<tr>\n<td colspan=\"3\">PG 21<\/td>\n<td>KBB 06G4<\/td>\n<td>8<\/td>\n<td>4<\/td>\n<\/tr>\n<tr>\n<td colspan=\"3\">PG 29<\/td>\n<td>KBB 07C9<\/td>\n<td>4<\/td>\n<td>9<\/td>\n<\/tr>\n<tr>\n<td colspan=\"3\">PG 29<\/td>\n<td>ORL 0703<\/td>\n<td>3<\/td>\n<td>16<\/td>\n<\/tr>\n<tr>\n<td colspan=\"3\">PG 36<\/td>\n<td>KBB 08E8<\/td>\n<td>6<\/td>\n<td>8<\/td>\n<\/tr>\n<tr>\n<td colspan=\"6\">YASSI KABLO \u0130\u00c7\u0130N KABLO Rakoru<\/td>\n<\/tr>\n<tr>\n<td colspan=\"3\">PG 16<\/td>\n<td>YML 05<\/td>\n<td>7<\/td>\n<td>13<\/td>\n<\/tr>\n<tr>\n<td colspan=\"3\">PG 21<\/td>\n<td>YML 06<\/td>\n<td>7<\/td>\n<td>15<\/td>\n<\/tr>\n<tr>\n<td colspan=\"3\">PG 29<\/td>\n<td>YML 07<\/td>\n<td>8<\/td>\n<td>22<\/td>\n<\/tr>\n<tr>\n<td colspan=\"3\">PG 36<\/td>\n<td>YML 08<\/td>\n<td>10<\/td>\n<td>28<\/td>\n<\/tr>\n<tr>\n<td colspan=\"3\">PG 42<\/td>\n<td>YML 09<\/td>\n<td>12<\/td>\n<td>33<\/td>\n<\/tr>\n<tr>\n<td colspan=\"3\">PG 48<\/td>\n<td>YML 10<\/td>\n<td>14<\/td>\n<td>45<\/td>\n<\/tr>\n<\/tbody>\n<\/table>","protected":false},"excerpt":{"rendered":"<h3>Malzeme<\/h3>\n<table>\n<tbody>\n<tr>\n<td><strong>Kaput<\/strong><\/td>\n<td>Poliamid PA6 V2<\/td>\n<\/tr>\n<tr>\n<td><strong>S\u0131zd\u0131rmazl\u0131k contas\u0131<\/strong><\/td>\n<td>\u00c7oklu kablolar ve d\u00fcz kablolar i\u00e7in \u00f6zel TPV conta<\/td>\n<\/tr>\n<tr>\n<td><strong>V\u00fccut<\/strong><\/td>\n<td>Poliamid PA6 V2<\/td>\n<\/tr>\n<tr>\n<td><strong>O-halkas\u0131<\/strong><\/td>\n<td>NBR (iste\u011fe ba\u011fl\u0131)<\/td>\n<\/tr>\n<tr>\n<td><strong>Konu T\u00fcr\u00fc<\/strong><\/td>\n<td>PG (DIN 40430)<\/td>\n<\/tr>\n<tr>\n<td><strong>S\u0131zd\u0131rmazl\u0131k<\/strong><\/td>\n<td>IP68<\/td>\n<\/tr>\n<tr>\n<td><strong>S\u00fcrekli \u00e7al\u0131\u015fma s\u0131cakl\u0131\u011f\u0131<\/strong><\/td>\n<td>-30 \u00b0C +80 \u00b0C +150 \u00b0C (ge\u00e7ici)<\/td>\n<\/tr>\n<\/tbody>\n<\/table>","protected":false},"featured_media":2901,"template":"","meta":{"_kad_blocks_custom_css":"","_kad_blocks_head_custom_js":"","_kad_blocks_body_custom_js":"","_kad_blocks_footer_custom_js":"","_kadence_starter_templates_imported_post":false,"_kad_post_transparent":"default","_kad_post_title":"","_kad_post_layout":"default","_kad_post_sidebar_id":"","_kad_post_content_style":"default","_kad_post_vertical_padding":"default","_kad_post_feature":"","_kad_post_feature_position":"","_kad_post_header":false,"_kad_post_footer":false},"product_cat":[29,49],"product_tag":[],"class_list":{"0":"post-1556","1":"product","2":"type-product","3":"status-publish","4":"has-post-thumbnail","6":"product_cat-prensaestopas-y-accesorios-plasticos-de-poliamida","7":"product_cat-prensaestopas-para-multiples-cables-poliamida-ip-65","9":"first","10":"instock","11":"shipping-taxable","12":"product-type-simple","13":"entry","14":"content-bg","15":"loop-entry"},"yoast_head":"<!-- This site is optimized with the Yoast SEO plugin v21.7 - https:\/\/yoast.com\/wordpress\/plugins\/seo\/ -->\n<title>Prensaestopas PG Multihole Poliamida IP-68 Gris Claro - Fleximat<\/title>\n<meta name=\"robots\" content=\"index, follow, max-snippet:-1, max-image-preview:large, max-video-preview:-1\" \/>\n<link rel=\"canonical\" href=\"https:\/\/www.fleximat.es\/tr\/urun\/prensaestopas-pg-multihole-poliamida-ip-68-gris-claro\/\" \/>\n<meta property=\"og:locale\" content=\"tr_TR\" \/>\n<meta property=\"og:type\" content=\"article\" \/>\n<meta property=\"og:title\" content=\"Prensaestopas PG Multihole Poliamida IP-68 Gris Claro - Fleximat\" \/>\n<meta property=\"og:description\" content=\"Material    Sombrerete Poliamida PA6 V2   Junta de sellado Junta TPV especial para m\u00faltiples cables y cables planos   Cuerpo Poliamida PA6 V2   Junta t\u00f3rica NBR (opcional)   Tipo de Rosca PG (DIN 40430)   Estanqueidad IP68   Temperatura de trabajo continua -30 \u00baC +80 \u00baC +150 \u00baC (temporal)\" \/>\n<meta property=\"og:url\" content=\"https:\/\/www.fleximat.es\/tr\/urun\/prensaestopas-pg-multihole-poliamida-ip-68-gris-claro\/\" \/>\n<meta property=\"og:site_name\" content=\"Fleximat\" \/>\n<meta property=\"article:modified_time\" content=\"2023-12-01T10:04:39+00:00\" \/>\n<meta property=\"og:image\" content=\"https:\/\/www.fleximat.es\/wp-content\/uploads\/2023\/10\/fleximat-prensa-multihole-poliamida.png\" \/>\n\t<meta property=\"og:image:width\" content=\"600\" \/>\n\t<meta property=\"og:image:height\" content=\"600\" \/>\n\t<meta property=\"og:image:type\" content=\"image\/png\" \/>\n<meta name=\"twitter:card\" content=\"summary_large_image\" \/>\n<meta name=\"twitter:label1\" content=\"Tahmini okuma s\u00fcresi\" \/>\n\t<meta name=\"twitter:data1\" content=\"1 dakika\" \/>\n<script type=\"application\/ld+json\" class=\"yoast-schema-graph\">{\"@context\":\"https:\/\/schema.org\",\"@graph\":[{\"@type\":\"WebPage\",\"@id\":\"https:\/\/www.fleximat.es\/producto\/prensaestopas-pg-multihole-poliamida-ip-68-gris-claro\/\",\"url\":\"https:\/\/www.fleximat.es\/producto\/prensaestopas-pg-multihole-poliamida-ip-68-gris-claro\/\",\"name\":\"Prensaestopas PG Multihole Poliamida IP-68 Gris Claro - Fleximat\",\"isPartOf\":{\"@id\":\"https:\/\/www.fleximat.es\/bn\/#website\"},\"datePublished\":\"2023-10-18T15:52:50+00:00\",\"dateModified\":\"2023-12-01T10:04:39+00:00\",\"breadcrumb\":{\"@id\":\"https:\/\/www.fleximat.es\/producto\/prensaestopas-pg-multihole-poliamida-ip-68-gris-claro\/#breadcrumb\"},\"inLanguage\":\"tr\",\"potentialAction\":[{\"@type\":\"ReadAction\",\"target\":[\"https:\/\/www.fleximat.es\/producto\/prensaestopas-pg-multihole-poliamida-ip-68-gris-claro\/\"]}]},{\"@type\":\"BreadcrumbList\",\"@id\":\"https:\/\/www.fleximat.es\/producto\/prensaestopas-pg-multihole-poliamida-ip-68-gris-claro\/#breadcrumb\",\"itemListElement\":[{\"@type\":\"ListItem\",\"position\":1,\"name\":\"Portada\",\"item\":\"https:\/\/www.fleximat.es\/\"},{\"@type\":\"ListItem\",\"position\":2,\"name\":\"Productos\",\"item\":\"https:\/\/www.fleximat.es\/en\/productos\/\"},{\"@type\":\"ListItem\",\"position\":3,\"name\":\"Prensaestopas PG Multihole Poliamida IP-68 Gris Claro\"}]},{\"@type\":\"WebSite\",\"@id\":\"https:\/\/www.fleximat.es\/bn\/#website\",\"url\":\"https:\/\/www.fleximat.es\/bn\/\",\"name\":\"Fleximat\",\"description\":\"Tu soluci\u00f3n en prensaestopas y tubos flexibles\",\"publisher\":{\"@id\":\"https:\/\/www.fleximat.es\/bn\/#organization\"},\"potentialAction\":[{\"@type\":\"SearchAction\",\"target\":{\"@type\":\"EntryPoint\",\"urlTemplate\":\"https:\/\/www.fleximat.es\/bn\/?s={search_term_string}\"},\"query-input\":\"required name=search_term_string\"}],\"inLanguage\":\"tr\"},{\"@type\":\"Organization\",\"@id\":\"https:\/\/www.fleximat.es\/bn\/#organization\",\"name\":\"Fleximat\",\"url\":\"https:\/\/www.fleximat.es\/bn\/\",\"logo\":{\"@type\":\"ImageObject\",\"inLanguage\":\"tr\",\"@id\":\"https:\/\/www.fleximat.es\/bn\/#\/schema\/logo\/image\/\",\"url\":\"https:\/\/www.fleximat.es\/wp-content\/uploads\/2023\/11\/fleximat-logo-1.png\",\"contentUrl\":\"https:\/\/www.fleximat.es\/wp-content\/uploads\/2023\/11\/fleximat-logo-1.png\",\"width\":1169,\"height\":289,\"caption\":\"Fleximat\"},\"image\":{\"@id\":\"https:\/\/www.fleximat.es\/bn\/#\/schema\/logo\/image\/\"}}]}<\/script>\n<!-- \/ Yoast SEO plugin. -->","yoast_head_json":{"title":"Prensaestopas PG Multihole Poliamida IP-68 Gris Claro - Fleximat","robots":{"index":"index","follow":"follow","max-snippet":"max-snippet:-1","max-image-preview":"max-image-preview:large","max-video-preview":"max-video-preview:-1"},"canonical":"https:\/\/www.fleximat.es\/tr\/urun\/prensaestopas-pg-multihole-poliamida-ip-68-gris-claro\/","og_locale":"tr_TR","og_type":"article","og_title":"Prensaestopas PG Multihole Poliamida IP-68 Gris Claro - Fleximat","og_description":"Material    Sombrerete Poliamida PA6 V2   Junta de sellado Junta TPV especial para m\u00faltiples cables y cables planos   Cuerpo Poliamida PA6 V2   Junta t\u00f3rica NBR (opcional)   Tipo de Rosca PG (DIN 40430)   Estanqueidad IP68   Temperatura de trabajo continua -30 \u00baC +80 \u00baC +150 \u00baC (temporal)","og_url":"https:\/\/www.fleximat.es\/tr\/urun\/prensaestopas-pg-multihole-poliamida-ip-68-gris-claro\/","og_site_name":"Fleximat","article_modified_time":"2023-12-01T10:04:39+00:00","og_image":[{"width":600,"height":600,"url":"https:\/\/www.fleximat.es\/wp-content\/uploads\/2023\/10\/fleximat-prensa-multihole-poliamida.png","type":"image\/png"}],"twitter_card":"summary_large_image","twitter_misc":{"Tahmini okuma s\u00fcresi":"1 dakika"},"schema":{"@context":"https:\/\/schema.org","@graph":[{"@type":"WebPage","@id":"https:\/\/www.fleximat.es\/producto\/prensaestopas-pg-multihole-poliamida-ip-68-gris-claro\/","url":"https:\/\/www.fleximat.es\/producto\/prensaestopas-pg-multihole-poliamida-ip-68-gris-claro\/","name":"Prensaestopas PG Multihole Poliamida IP-68 Gris Claro - Fleximat","isPartOf":{"@id":"https:\/\/www.fleximat.es\/bn\/#website"},"datePublished":"2023-10-18T15:52:50+00:00","dateModified":"2023-12-01T10:04:39+00:00","breadcrumb":{"@id":"https:\/\/www.fleximat.es\/producto\/prensaestopas-pg-multihole-poliamida-ip-68-gris-claro\/#breadcrumb"},"inLanguage":"tr","potentialAction":[{"@type":"ReadAction","target":["https:\/\/www.fleximat.es\/producto\/prensaestopas-pg-multihole-poliamida-ip-68-gris-claro\/"]}]},{"@type":"BreadcrumbList","@id":"https:\/\/www.fleximat.es\/producto\/prensaestopas-pg-multihole-poliamida-ip-68-gris-claro\/#breadcrumb","itemListElement":[{"@type":"ListItem","position":1,"name":"Portada","item":"https:\/\/www.fleximat.es\/"},{"@type":"ListItem","position":2,"name":"Productos","item":"https:\/\/www.fleximat.es\/en\/productos\/"},{"@type":"ListItem","position":3,"name":"Prensaestopas PG Multihole Poliamida IP-68 Gris Claro"}]},{"@type":"WebSite","@id":"https:\/\/www.fleximat.es\/bn\/#website","url":"https:\/\/www.fleximat.es\/bn\/","name":"Fleximat","description":"Tu soluci\u00f3n en prensaestopas y tubos flexibles","publisher":{"@id":"https:\/\/www.fleximat.es\/bn\/#organization"},"potentialAction":[{"@type":"SearchAction","target":{"@type":"EntryPoint","urlTemplate":"https:\/\/www.fleximat.es\/bn\/?s={search_term_string}"},"query-input":"required name=search_term_string"}],"inLanguage":"tr"},{"@type":"Organization","@id":"https:\/\/www.fleximat.es\/bn\/#organization","name":"Fleximat","url":"https:\/\/www.fleximat.es\/bn\/","logo":{"@type":"ImageObject","inLanguage":"tr","@id":"https:\/\/www.fleximat.es\/bn\/#\/schema\/logo\/image\/","url":"https:\/\/www.fleximat.es\/wp-content\/uploads\/2023\/11\/fleximat-logo-1.png","contentUrl":"https:\/\/www.fleximat.es\/wp-content\/uploads\/2023\/11\/fleximat-logo-1.png","width":1169,"height":289,"caption":"Fleximat"},"image":{"@id":"https:\/\/www.fleximat.es\/bn\/#\/schema\/logo\/image\/"}}]}},"taxonomy_info":{"product_cat":[{"value":29,"label":"Prensaestopas y accesorios pl\u00e1sticos de Poliamida"},{"value":49,"label":"Prensaestopas para m\u00faltiples cables poliamida IP-65"}]},"featured_image_src_large":["https:\/\/www.fleximat.es\/wp-content\/uploads\/2023\/10\/fleximat-prensa-multihole-poliamida.png",600,600,false],"author_info":[],"comment_info":"","_links":{"self":[{"href":"https:\/\/www.fleximat.es\/tr\/wp-json\/wp\/v2\/product\/1556"}],"collection":[{"href":"https:\/\/www.fleximat.es\/tr\/wp-json\/wp\/v2\/product"}],"about":[{"href":"https:\/\/www.fleximat.es\/tr\/wp-json\/wp\/v2\/types\/product"}],"wp:featuredmedia":[{"embeddable":true,"href":"https:\/\/www.fleximat.es\/tr\/wp-json\/wp\/v2\/media\/2901"}],"wp:attachment":[{"href":"https:\/\/www.fleximat.es\/tr\/wp-json\/wp\/v2\/media?parent=1556"}],"wp:term":[{"taxonomy":"product_cat","embeddable":true,"href":"https:\/\/www.fleximat.es\/tr\/wp-json\/wp\/v2\/product_cat?post=1556"},{"taxonomy":"product_tag","embeddable":true,"href":"https:\/\/www.fleximat.es\/tr\/wp-json\/wp\/v2\/product_tag?post=1556"}],"curies":[{"name":"wp","href":"https:\/\/api.w.org\/{rel}","templated":true}]}}