{"id":1596,"date":"2023-10-18T17:53:12","date_gmt":"2023-10-18T15:53:12","guid":{"rendered":"https:\/\/www.fleximat.es\/?post_type=product&#038;p=1596"},"modified":"2023-12-03T13:01:12","modified_gmt":"2023-12-03T12:01:12","slug":"prensaestopas-metrica-altas-temperaturas-metalico-ip-68","status":"publish","type":"product","link":"https:\/\/www.fleximat.es\/tr\/urun\/prensaestopas-metrica-altas-temperaturas-metalico-ip-68\/","title":{"rendered":"Metrik Y\u00fcksek S\u0131cakl\u0131k Kablo Rakorlar\u0131 Metalik IP-68"},"content":{"rendered":"<h4>\u00d6zellikler<\/h4>\n<p>Y\u00fcksek s\u0131cakl\u0131klara kar\u015f\u0131 y\u00fcksek veya d\u00fc\u015f\u00fck diren\u00e7<br \/>\nMontaj\u0131 kolay<br \/>\nD\u00fcz y\u00fczey<br \/>\nUzun iplik versiyonlar\u0131<br \/>\nHalojensiz<\/p>\n<h3>\u00dcr\u00fcn A\u00e7\u0131klamas\u0131<\/h3>\n<p><span style=\"font-weight: 400;\">Y\u00fcksek s\u0131cakl\u0131k rakoru, \u00e7ok \u00f6zel plastik veya kau\u00e7uk bile\u015fiminden yap\u0131lm\u0131\u015f bir i\u00e7 conta i\u00e7eren metal rakorlar\u0131n bir \u00e7e\u015fididir.<\/span><\/p>\n<p>Y\u00fcksek s\u0131cakl\u0131klara y\u00f6nelik kablo rakorlar\u0131 m\u00fc\u015fterinin ihtiyac\u0131na g\u00f6re nikel kapl\u0131 pirin\u00e7 veya paslanmaz \u00e7elikten yap\u0131labilir.<\/p>\n<p>Y\u00fcksek s\u0131cakl\u0131k salmastra kutular\u0131 \u00e7ok \u00f6zel \u00f6zelliklere sahip olup Savunma, Jet Ta\u015f\u0131mac\u0131l\u0131\u011f\u0131 ve \u00c7ok A\u011f\u0131r Makina gibi sekt\u00f6rlerde olduk\u00e7a de\u011ferlidir.<\/p>\n<div class=\"table-responsive\">\n<table class=\"table table-bordered table-striped\" width=\"483\">\n<thead>\n<tr>\n<td>\u0130plik<\/td>\n<td>Kod<\/td>\n<td>Hmm<\/td>\n<td>GL mm<\/td>\n<td>B mm<\/td>\n<td>C mm<\/td>\n<td>mm<\/td>\n<\/tr>\n<\/thead>\n<tbody>\n<tr>\n<td>E 12x1,5<\/td>\n<td>MBGS 01<\/td>\n<td>22<\/td>\n<td>6<\/td>\n<td>14<\/td>\n<td>14<\/td>\n<td>3 &#8211; 6,5<\/td>\n<\/tr>\n<tr>\n<td>E 16x1,5<\/td>\n<td>MBGS 02<\/td>\n<td>23<\/td>\n<td>7<\/td>\n<td>18<\/td>\n<td>17<\/td>\n<td>4-8<\/td>\n<\/tr>\n<tr>\n<td>E 20x1,5<\/td>\n<td>MBGS 03<\/td>\n<td>26,5<\/td>\n<td>8<\/td>\n<td>22<\/td>\n<td>22<\/td>\n<td>6-12<\/td>\n<\/tr>\n<tr>\n<td>E 25x1,5<\/td>\n<td>MBGS 04<\/td>\n<td>28<\/td>\n<td>8<\/td>\n<td>27<\/td>\n<td>24<\/td>\n<td>10-14<\/td>\n<\/tr>\n<tr>\n<td>M32x1,5<\/td>\n<td>MBGS 05<\/td>\n<td>31,5<\/td>\n<td>9<\/td>\n<td>34<\/td>\n<td>30<\/td>\n<td>13-18<\/td>\n<\/tr>\n<tr>\n<td>E 40x1,5<\/td>\n<td>MBGS 06<\/td>\n<td>38<\/td>\n<td>9<\/td>\n<td>43<\/td>\n<td>40<\/td>\n<td>18-25<\/td>\n<\/tr>\n<tr>\n<td>E 50x1,5<\/td>\n<td>MBGS 07<\/td>\n<td>43<\/td>\n<td>9<\/td>\n<td>55<\/td>\n<td>50<\/td>\n<td>22-32<\/td>\n<\/tr>\n<tr>\n<td>E 63x1,5<\/td>\n<td>MBGS 08<\/td>\n<td>48<\/td>\n<td>14<\/td>\n<td>68<\/td>\n<td>64<\/td>\n<td>33-34<\/td>\n<\/tr>\n<\/tbody>\n<\/table>\n<\/div>","protected":false},"excerpt":{"rendered":"<h3>\u00d6zellikler<\/h3>\n<table>\n<tbody>\n<tr>\n<td><strong>Kaput<\/strong><\/td>\n<td>Nikel kaplamal\u0131 pirin\u00e7<\/td>\n<\/tr>\n<tr>\n<td><strong>S\u0131zd\u0131rmazl\u0131k contas\u0131<\/strong><\/td>\n<td>Silikon<\/td>\n<\/tr>\n<tr>\n<td><strong>V\u00fccut<\/strong><\/td>\n<td>Paslanmaz \u00e7elik<\/td>\n<\/tr>\n<tr>\n<td><strong>O-halkas\u0131<\/strong><\/td>\n<td>Silikon<\/td>\n<\/tr>\n<tr>\n<td><strong>Konu T\u00fcr\u00fc<\/strong><\/td>\n<td>Metrik (EN 60423)<\/td>\n<\/tr>\n<tr>\n<td><strong>S\u0131zd\u0131rmazl\u0131k<\/strong><\/td>\n<td>IP68 \u2013 5 bar<\/td>\n<\/tr>\n<tr>\n<td><strong>S\u00fcrekli \u00e7al\u0131\u015fma s\u0131cakl\u0131\u011f\u0131<\/strong><\/td>\n<td>-40\u00b0C +200\u00b0C<\/td>\n<\/tr>\n<\/tbody>\n<\/table>","protected":false},"featured_media":1626,"template":"","meta":{"_kad_blocks_custom_css":"","_kad_blocks_head_custom_js":"","_kad_blocks_body_custom_js":"","_kad_blocks_footer_custom_js":"","_kadence_starter_templates_imported_post":false,"_kad_post_transparent":"default","_kad_post_title":"","_kad_post_layout":"default","_kad_post_sidebar_id":"","_kad_post_content_style":"default","_kad_post_vertical_padding":"default","_kad_post_feature":"","_kad_post_feature_position":"","_kad_post_header":false,"_kad_post_footer":false},"product_cat":[31,57],"product_tag":[],"class_list":{"0":"post-1596","1":"product","2":"type-product","3":"status-publish","4":"has-post-thumbnail","6":"product_cat-prensaestopas-y-accesorios-metalicos","7":"product_cat-prensaestopas-metalico-para-altas-temperaturas","9":"first","10":"instock","11":"shipping-taxable","12":"product-type-simple","13":"entry","14":"content-bg","15":"loop-entry"},"yoast_head":"<!-- This site is optimized with the Yoast SEO plugin v21.7 - https:\/\/yoast.com\/wordpress\/plugins\/seo\/ -->\n<title>Prensaestopas M\u00e9trica Altas Temperaturas Met\u00e1lico IP-68 - Fleximat<\/title>\n<meta name=\"robots\" content=\"index, follow, max-snippet:-1, max-image-preview:large, max-video-preview:-1\" \/>\n<link rel=\"canonical\" href=\"https:\/\/www.fleximat.es\/tr\/urun\/prensaestopas-metrica-altas-temperaturas-metalico-ip-68\/\" \/>\n<meta property=\"og:locale\" content=\"tr_TR\" \/>\n<meta property=\"og:type\" content=\"article\" \/>\n<meta property=\"og:title\" content=\"Prensaestopas M\u00e9trica Altas Temperaturas Met\u00e1lico IP-68 - Fleximat\" \/>\n<meta property=\"og:description\" content=\"Caracter\u00edsticas    Sombrerete Lat\u00f3n Niquelado   Junta de sellado Silicona   Cuerpo Acero Inoxidable   Junta t\u00f3rica Silicona   Tipo de Rosca Metrica(EN 60423)   Estanqueidad IP68 - 5 bar   Temperatura de trabajo continua -40 \u00baC +200 \u00baC\" \/>\n<meta property=\"og:url\" content=\"https:\/\/www.fleximat.es\/tr\/urun\/prensaestopas-metrica-altas-temperaturas-metalico-ip-68\/\" \/>\n<meta property=\"og:site_name\" content=\"Fleximat\" \/>\n<meta property=\"article:modified_time\" content=\"2023-12-03T12:01:12+00:00\" \/>\n<meta property=\"og:image\" content=\"https:\/\/www.fleximat.es\/wp-content\/uploads\/2023\/10\/th_crop_1571848062prensaestopas-para-altas-temperaturas-1.jpg\" \/>\n\t<meta property=\"og:image:width\" content=\"600\" \/>\n\t<meta property=\"og:image:height\" content=\"600\" \/>\n\t<meta property=\"og:image:type\" content=\"image\/jpeg\" \/>\n<meta name=\"twitter:card\" content=\"summary_large_image\" \/>\n<meta name=\"twitter:label1\" content=\"Tahmini okuma s\u00fcresi\" \/>\n\t<meta name=\"twitter:data1\" content=\"1 dakika\" \/>\n<script type=\"application\/ld+json\" class=\"yoast-schema-graph\">{\"@context\":\"https:\/\/schema.org\",\"@graph\":[{\"@type\":\"WebPage\",\"@id\":\"https:\/\/www.fleximat.es\/producto\/prensaestopas-metrica-altas-temperaturas-metalico-ip-68\/\",\"url\":\"https:\/\/www.fleximat.es\/producto\/prensaestopas-metrica-altas-temperaturas-metalico-ip-68\/\",\"name\":\"Prensaestopas M\u00e9trica Altas Temperaturas Met\u00e1lico IP-68 - Fleximat\",\"isPartOf\":{\"@id\":\"https:\/\/www.fleximat.es\/bn\/#website\"},\"datePublished\":\"2023-10-18T15:53:12+00:00\",\"dateModified\":\"2023-12-03T12:01:12+00:00\",\"breadcrumb\":{\"@id\":\"https:\/\/www.fleximat.es\/producto\/prensaestopas-metrica-altas-temperaturas-metalico-ip-68\/#breadcrumb\"},\"inLanguage\":\"tr\",\"potentialAction\":[{\"@type\":\"ReadAction\",\"target\":[\"https:\/\/www.fleximat.es\/producto\/prensaestopas-metrica-altas-temperaturas-metalico-ip-68\/\"]}]},{\"@type\":\"BreadcrumbList\",\"@id\":\"https:\/\/www.fleximat.es\/producto\/prensaestopas-metrica-altas-temperaturas-metalico-ip-68\/#breadcrumb\",\"itemListElement\":[{\"@type\":\"ListItem\",\"position\":1,\"name\":\"Portada\",\"item\":\"https:\/\/www.fleximat.es\/\"},{\"@type\":\"ListItem\",\"position\":2,\"name\":\"Productos\",\"item\":\"https:\/\/www.fleximat.es\/en\/productos\/\"},{\"@type\":\"ListItem\",\"position\":3,\"name\":\"Prensaestopas M\u00e9trica Altas Temperaturas Met\u00e1lico IP-68\"}]},{\"@type\":\"WebSite\",\"@id\":\"https:\/\/www.fleximat.es\/bn\/#website\",\"url\":\"https:\/\/www.fleximat.es\/bn\/\",\"name\":\"Fleximat\",\"description\":\"Tu soluci\u00f3n en prensaestopas y tubos flexibles\",\"publisher\":{\"@id\":\"https:\/\/www.fleximat.es\/bn\/#organization\"},\"potentialAction\":[{\"@type\":\"SearchAction\",\"target\":{\"@type\":\"EntryPoint\",\"urlTemplate\":\"https:\/\/www.fleximat.es\/bn\/?s={search_term_string}\"},\"query-input\":\"required name=search_term_string\"}],\"inLanguage\":\"tr\"},{\"@type\":\"Organization\",\"@id\":\"https:\/\/www.fleximat.es\/bn\/#organization\",\"name\":\"Fleximat\",\"url\":\"https:\/\/www.fleximat.es\/bn\/\",\"logo\":{\"@type\":\"ImageObject\",\"inLanguage\":\"tr\",\"@id\":\"https:\/\/www.fleximat.es\/bn\/#\/schema\/logo\/image\/\",\"url\":\"https:\/\/www.fleximat.es\/wp-content\/uploads\/2023\/11\/fleximat-logo-1.png\",\"contentUrl\":\"https:\/\/www.fleximat.es\/wp-content\/uploads\/2023\/11\/fleximat-logo-1.png\",\"width\":1169,\"height\":289,\"caption\":\"Fleximat\"},\"image\":{\"@id\":\"https:\/\/www.fleximat.es\/bn\/#\/schema\/logo\/image\/\"}}]}<\/script>\n<!-- \/ Yoast SEO plugin. -->","yoast_head_json":{"title":"Prensaestopas M\u00e9trica Altas Temperaturas Met\u00e1lico IP-68 - Fleximat","robots":{"index":"index","follow":"follow","max-snippet":"max-snippet:-1","max-image-preview":"max-image-preview:large","max-video-preview":"max-video-preview:-1"},"canonical":"https:\/\/www.fleximat.es\/tr\/urun\/prensaestopas-metrica-altas-temperaturas-metalico-ip-68\/","og_locale":"tr_TR","og_type":"article","og_title":"Prensaestopas M\u00e9trica Altas Temperaturas Met\u00e1lico IP-68 - Fleximat","og_description":"Caracter\u00edsticas    Sombrerete Lat\u00f3n Niquelado   Junta de sellado Silicona   Cuerpo Acero Inoxidable   Junta t\u00f3rica Silicona   Tipo de Rosca Metrica(EN 60423)   Estanqueidad IP68 - 5 bar   Temperatura de trabajo continua -40 \u00baC +200 \u00baC","og_url":"https:\/\/www.fleximat.es\/tr\/urun\/prensaestopas-metrica-altas-temperaturas-metalico-ip-68\/","og_site_name":"Fleximat","article_modified_time":"2023-12-03T12:01:12+00:00","og_image":[{"width":600,"height":600,"url":"https:\/\/www.fleximat.es\/wp-content\/uploads\/2023\/10\/th_crop_1571848062prensaestopas-para-altas-temperaturas-1.jpg","type":"image\/jpeg"}],"twitter_card":"summary_large_image","twitter_misc":{"Tahmini okuma s\u00fcresi":"1 dakika"},"schema":{"@context":"https:\/\/schema.org","@graph":[{"@type":"WebPage","@id":"https:\/\/www.fleximat.es\/producto\/prensaestopas-metrica-altas-temperaturas-metalico-ip-68\/","url":"https:\/\/www.fleximat.es\/producto\/prensaestopas-metrica-altas-temperaturas-metalico-ip-68\/","name":"Prensaestopas M\u00e9trica Altas Temperaturas Met\u00e1lico IP-68 - Fleximat","isPartOf":{"@id":"https:\/\/www.fleximat.es\/bn\/#website"},"datePublished":"2023-10-18T15:53:12+00:00","dateModified":"2023-12-03T12:01:12+00:00","breadcrumb":{"@id":"https:\/\/www.fleximat.es\/producto\/prensaestopas-metrica-altas-temperaturas-metalico-ip-68\/#breadcrumb"},"inLanguage":"tr","potentialAction":[{"@type":"ReadAction","target":["https:\/\/www.fleximat.es\/producto\/prensaestopas-metrica-altas-temperaturas-metalico-ip-68\/"]}]},{"@type":"BreadcrumbList","@id":"https:\/\/www.fleximat.es\/producto\/prensaestopas-metrica-altas-temperaturas-metalico-ip-68\/#breadcrumb","itemListElement":[{"@type":"ListItem","position":1,"name":"Portada","item":"https:\/\/www.fleximat.es\/"},{"@type":"ListItem","position":2,"name":"Productos","item":"https:\/\/www.fleximat.es\/en\/productos\/"},{"@type":"ListItem","position":3,"name":"Prensaestopas M\u00e9trica Altas Temperaturas Met\u00e1lico IP-68"}]},{"@type":"WebSite","@id":"https:\/\/www.fleximat.es\/bn\/#website","url":"https:\/\/www.fleximat.es\/bn\/","name":"Fleximat","description":"Tu soluci\u00f3n en prensaestopas y tubos flexibles","publisher":{"@id":"https:\/\/www.fleximat.es\/bn\/#organization"},"potentialAction":[{"@type":"SearchAction","target":{"@type":"EntryPoint","urlTemplate":"https:\/\/www.fleximat.es\/bn\/?s={search_term_string}"},"query-input":"required name=search_term_string"}],"inLanguage":"tr"},{"@type":"Organization","@id":"https:\/\/www.fleximat.es\/bn\/#organization","name":"Fleximat","url":"https:\/\/www.fleximat.es\/bn\/","logo":{"@type":"ImageObject","inLanguage":"tr","@id":"https:\/\/www.fleximat.es\/bn\/#\/schema\/logo\/image\/","url":"https:\/\/www.fleximat.es\/wp-content\/uploads\/2023\/11\/fleximat-logo-1.png","contentUrl":"https:\/\/www.fleximat.es\/wp-content\/uploads\/2023\/11\/fleximat-logo-1.png","width":1169,"height":289,"caption":"Fleximat"},"image":{"@id":"https:\/\/www.fleximat.es\/bn\/#\/schema\/logo\/image\/"}}]}},"taxonomy_info":{"product_cat":[{"value":31,"label":"Prensaestopas y accesorios met\u00e1licos"},{"value":57,"label":"Prensaestopas Met\u00e1lico para Altas Temperaturas"}]},"featured_image_src_large":["https:\/\/www.fleximat.es\/wp-content\/uploads\/2023\/10\/th_crop_1571848062prensaestopas-para-altas-temperaturas-1.jpg",600,600,false],"author_info":[],"comment_info":"","_links":{"self":[{"href":"https:\/\/www.fleximat.es\/tr\/wp-json\/wp\/v2\/product\/1596"}],"collection":[{"href":"https:\/\/www.fleximat.es\/tr\/wp-json\/wp\/v2\/product"}],"about":[{"href":"https:\/\/www.fleximat.es\/tr\/wp-json\/wp\/v2\/types\/product"}],"wp:featuredmedia":[{"embeddable":true,"href":"https:\/\/www.fleximat.es\/tr\/wp-json\/wp\/v2\/media\/1626"}],"wp:attachment":[{"href":"https:\/\/www.fleximat.es\/tr\/wp-json\/wp\/v2\/media?parent=1596"}],"wp:term":[{"taxonomy":"product_cat","embeddable":true,"href":"https:\/\/www.fleximat.es\/tr\/wp-json\/wp\/v2\/product_cat?post=1596"},{"taxonomy":"product_tag","embeddable":true,"href":"https:\/\/www.fleximat.es\/tr\/wp-json\/wp\/v2\/product_tag?post=1596"}],"curies":[{"name":"wp","href":"https:\/\/api.w.org\/{rel}","templated":true}]}}