{"id":1608,"date":"2023-10-18T17:53:14","date_gmt":"2023-10-18T15:53:14","guid":{"rendered":"https:\/\/www.fleximat.es\/?post_type=product&#038;p=1608"},"modified":"2023-12-03T12:59:00","modified_gmt":"2023-12-03T11:59:00","slug":"prensaestopas-pg-multihole-metalico-ip-65","status":"publish","type":"product","link":"https:\/\/www.fleximat.es\/tr\/urun\/prensaestopas-pg-multihole-metalico-ip-65\/","title":{"rendered":"PG \u00c7ok Delikli Metal Kablo Rakoru IP-65"},"content":{"rendered":"<h4>\u00d6zellikler<\/h4>\n<p>\u00c7oklu kablolar veya d\u00fcz kablolar i\u00e7in<br \/>\nMontaj\u0131 kolay<br \/>\nUzun iplik versiyonlar\u0131<br \/>\nHalojensiz<\/p>\n<h3>\u00dcr\u00fcn A\u00e7\u0131klamas\u0131<\/h3>\n<p>Metal \u00e7oklu kablo rakoru, belirli say\u0131da elektrik kablosunu ge\u00e7irmek i\u00e7in delikli bir dahili ba\u011flant\u0131 i\u00e7eren ortak kablo rakorunun bir \u00e7e\u015fididir.<\/p>\n<p>Metal \u00e7oklu kablo rakoru veya duvar rondelas\u0131, kablo ba\u011flant\u0131s\u0131n\u0131 korumak i\u00e7in kullan\u0131l\u0131r. Tasar\u0131m\u0131 ve mekanik bile\u015fenleri, mahfaza i\u00e7indeki dahili elastomerik contay\u0131 s\u0131k\u0131\u015ft\u0131r\u0131r. Buna kar\u015f\u0131l\u0131k i\u00e7 ba\u011flant\u0131, kablolar\u0131 proje \u00f6zelliklerine g\u00f6re da\u011f\u0131t\u0131r.<\/p>\n<p>\u00c7e\u015fitli kablolara y\u00f6nelik kablo rakorlar\u0131 mekanik, kimyasal veya performans a\u00e7\u0131s\u0131ndan \u00e7ok \u00e7e\u015fitli \u00f6zellikler sunar ve hem plastik malzeme hem de metalik versiyonda mevcuttur.<\/p>\n<p>Metalik \u00e7oklu kablo rakorlar\u0131, birle\u015fim yerlerindeki delikler i\u00e7in gereken \u00e7ok \u00e7e\u015fitli kablo say\u0131s\u0131 ve \u00e7apta mevcuttur.<\/p>\n<table class=\"table table-bordered table-striped\">\n<thead>\n<tr>\n<td>\u0130plik<\/td>\n<td>Kod<\/td>\n<td>Delik Say\u0131s\u0131<\/td>\n<td>C mm<\/td>\n<\/tr>\n<\/thead>\n<tbody>\n<tr>\n<td>PG 9<\/td>\n<td>OPBG 02A3<\/td>\n<td>2<\/td>\n<td>3<\/td>\n<\/tr>\n<tr>\n<td>PG 9<\/td>\n<td>OPBG 02B3<\/td>\n<td>3<\/td>\n<td>3<\/td>\n<\/tr>\n<tr>\n<td>PG 9<\/td>\n<td>OPBG 02C3<\/td>\n<td>4<\/td>\n<td>3<\/td>\n<\/tr>\n<tr>\n<td>PG 11<\/td>\n<td>OPBG 03A4<\/td>\n<td>2<\/td>\n<td>4<\/td>\n<\/tr>\n<tr>\n<td>PG 11<\/td>\n<td>OPBG 03A5<\/td>\n<td>2<\/td>\n<td>5<\/td>\n<\/tr>\n<tr>\n<td>PG 11<\/td>\n<td>OPBG 03B4<\/td>\n<td>3<\/td>\n<td>4<\/td>\n<\/tr>\n<tr>\n<td>PG 11<\/td>\n<td>OPBG 03B5<\/td>\n<td>3<\/td>\n<td>5<\/td>\n<\/tr>\n<tr>\n<td>GP 13.5<\/td>\n<td>OPBG 04A5<\/td>\n<td>2<\/td>\n<td>5<\/td>\n<\/tr>\n<tr>\n<td>GP 13.5<\/td>\n<td>OPBG 04A6<\/td>\n<td>2<\/td>\n<td>6<\/td>\n<\/tr>\n<tr>\n<td>GP 13.5<\/td>\n<td>OPBG 04B4<\/td>\n<td>3<\/td>\n<td>4<\/td>\n<\/tr>\n<tr>\n<td>GP 13.5<\/td>\n<td>OPBG 04B5<\/td>\n<td>3<\/td>\n<td>5<\/td>\n<\/tr>\n<tr>\n<td>PG 16<\/td>\n<td>OPBG 05A4<\/td>\n<td>2<\/td>\n<td>4<\/td>\n<\/tr>\n<tr>\n<td>PG 16<\/td>\n<td>OPBG 05A7<\/td>\n<td>2<\/td>\n<td>7<\/td>\n<\/tr>\n<tr>\n<td>PG 16<\/td>\n<td>OPBG 05B4<\/td>\n<td>3<\/td>\n<td>7<\/td>\n<\/tr>\n<tr>\n<td>PG 16<\/td>\n<td>OPBG 05B6<\/td>\n<td>3<\/td>\n<td>6<\/td>\n<\/tr>\n<tr>\n<td>PG 16<\/td>\n<td>OPBG 05C5<\/td>\n<td>4<\/td>\n<td>5<\/td>\n<\/tr>\n<tr>\n<td>PG 21<\/td>\n<td>OPBG 06A8<\/td>\n<td>2<\/td>\n<td>8<\/td>\n<\/tr>\n<tr>\n<td>PG 21<\/td>\n<td>OPBG 06A9<\/td>\n<td>2<\/td>\n<td>9<\/td>\n<\/tr>\n<tr>\n<td>PG 21<\/td>\n<td>OPBG 06B7<\/td>\n<td>3<\/td>\n<td>7<\/td>\n<\/tr>\n<tr>\n<td>PG 21<\/td>\n<td>OPBG 06B8<\/td>\n<td>3<\/td>\n<td>8<\/td>\n<\/tr>\n<tr>\n<td>PG 21<\/td>\n<td>OPBG 06C7<\/td>\n<td>4<\/td>\n<td>7<\/td>\n<\/tr>\n<tr>\n<td>PG 21<\/td>\n<td>OPBG 06G3<\/td>\n<td>8<\/td>\n<td>3<\/td>\n<\/tr>\n<tr>\n<td>PG 21<\/td>\n<td>OPBG 06G4<\/td>\n<td>8<\/td>\n<td>4<\/td>\n<\/tr>\n<tr>\n<td>PG 21<\/td>\n<td>OPBG 06A5<\/td>\n<td>2<\/td>\n<td>5<\/td>\n<\/tr>\n<tr>\n<td>PG 21<\/td>\n<td>OPBG 06D6<\/td>\n<td>5<\/td>\n<td>6<\/td>\n<\/tr>\n<tr>\n<td>PG 21<\/td>\n<td>OPBG 09F4<\/td>\n<td>9<\/td>\n<td>4<\/td>\n<\/tr>\n<tr>\n<td>PG 29<\/td>\n<td>OPBG 07C9<\/td>\n<td>4<\/td>\n<td>9<\/td>\n<\/tr>\n<tr>\n<td>PG 29<\/td>\n<td>OPBG 0703<\/td>\n<td>16<\/td>\n<td>3<\/td>\n<\/tr>\n<tr>\n<td>PG 36<\/td>\n<td>OPBG 06E8<\/td>\n<td>6<\/td>\n<td>8<\/td>\n<\/tr>\n<tr>\n<td colspan=\"8\">\u00c7oklu Kablolar<\/td>\n<\/tr>\n<tr>\n<td>PG 16<\/td>\n<td>YPG 05<\/td>\n<td>7<\/td>\n<td>13<\/td>\n<\/tr>\n<tr>\n<td>PG 21<\/td>\n<td>YPBG 06<\/td>\n<td>7<\/td>\n<td>15<\/td>\n<\/tr>\n<tr>\n<td>PG 29<\/td>\n<td>YPG 07<\/td>\n<td>8<\/td>\n<td>22<\/td>\n<\/tr>\n<tr>\n<td>PG 36<\/td>\n<td>YPBG 08<\/td>\n<td>10<\/td>\n<td>28<\/td>\n<\/tr>\n<tr>\n<td>PG 42<\/td>\n<td>YPBG 09<\/td>\n<td>12<\/td>\n<td>33<\/td>\n<\/tr>\n<tr>\n<td>PG 48<\/td>\n<td>YPBG10<\/td>\n<td>14<\/td>\n<td>45<\/td>\n<\/tr>\n<\/tbody>\n<\/table>","protected":false},"excerpt":{"rendered":"<h3>\u00d6zellikler<\/h3>\n<table>\n<tbody>\n<tr>\n<td><strong>Kaput<\/strong><\/td>\n<td>Nikel kaplamal\u0131 pirin\u00e7<\/td>\n<\/tr>\n<tr>\n<td><strong>S\u0131zd\u0131rmazl\u0131k contas\u0131<\/strong><\/td>\n<td>POS<\/td>\n<\/tr>\n<tr>\n<td><strong>O-halkas\u0131<\/strong><\/td>\n<td>NBR<\/td>\n<\/tr>\n<tr>\n<td><strong>Konu T\u00fcr\u00fc<\/strong><\/td>\n<td>Metrik (EN 60423)<\/td>\n<\/tr>\n<tr>\n<td><strong>S\u0131zd\u0131rmazl\u0131k<\/strong><\/td>\n<td>IP65<\/td>\n<\/tr>\n<tr>\n<td><strong>S\u00fcrekli \u00e7al\u0131\u015fma s\u0131cakl\u0131\u011f\u0131<\/strong><\/td>\n<td>-40\u00b0C +100\u00b0C<\/td>\n<\/tr>\n<\/tbody>\n<\/table>","protected":false},"featured_media":1636,"template":"","meta":{"_kad_blocks_custom_css":"","_kad_blocks_head_custom_js":"","_kad_blocks_body_custom_js":"","_kad_blocks_footer_custom_js":"","_kadence_starter_templates_imported_post":false,"_kad_post_transparent":"default","_kad_post_title":"","_kad_post_layout":"default","_kad_post_sidebar_id":"","_kad_post_content_style":"default","_kad_post_vertical_padding":"default","_kad_post_feature":"","_kad_post_feature_position":"","_kad_post_header":false,"_kad_post_footer":false},"product_cat":[31,63],"product_tag":[],"class_list":{"0":"post-1608","1":"product","2":"type-product","3":"status-publish","4":"has-post-thumbnail","6":"product_cat-prensaestopas-y-accesorios-metalicos","7":"product_cat-prensaestopas-ip-65-multihole","9":"first","10":"instock","11":"shipping-taxable","12":"product-type-simple","13":"entry","14":"content-bg","15":"loop-entry"},"yoast_head":"<!-- This site is optimized with the Yoast SEO plugin v21.7 - https:\/\/yoast.com\/wordpress\/plugins\/seo\/ -->\n<title>Prensaestopas PG Multihole Met\u00e1lico IP-65 - Fleximat<\/title>\n<meta name=\"robots\" content=\"index, follow, max-snippet:-1, max-image-preview:large, max-video-preview:-1\" \/>\n<link rel=\"canonical\" href=\"https:\/\/www.fleximat.es\/tr\/urun\/prensaestopas-pg-multihole-metalico-ip-65\/\" \/>\n<meta property=\"og:locale\" content=\"tr_TR\" \/>\n<meta property=\"og:type\" content=\"article\" \/>\n<meta property=\"og:title\" content=\"Prensaestopas PG Multihole Met\u00e1lico IP-65 - Fleximat\" \/>\n<meta property=\"og:description\" content=\"Caracter\u00edsticas    Sombrerete Lat\u00f3n Niquelado   Junta de sellado TPV   Junta t\u00f3rica NBR   Tipo de Rosca M\u00e9trica (EN 60423)   Estanqueidad IP65   Temperatura de trabajo continua -40 \u00baC +100 \u00baC\" \/>\n<meta property=\"og:url\" content=\"https:\/\/www.fleximat.es\/tr\/urun\/prensaestopas-pg-multihole-metalico-ip-65\/\" \/>\n<meta property=\"og:site_name\" content=\"Fleximat\" \/>\n<meta property=\"article:modified_time\" content=\"2023-12-03T11:59:00+00:00\" \/>\n<meta property=\"og:image\" content=\"https:\/\/www.fleximat.es\/wp-content\/uploads\/2023\/10\/th_crop_1571759856multihole-metalico.jpg\" \/>\n\t<meta property=\"og:image:width\" content=\"600\" \/>\n\t<meta property=\"og:image:height\" content=\"600\" \/>\n\t<meta property=\"og:image:type\" content=\"image\/jpeg\" \/>\n<meta name=\"twitter:card\" content=\"summary_large_image\" \/>\n<meta name=\"twitter:label1\" content=\"Tahmini okuma s\u00fcresi\" \/>\n\t<meta name=\"twitter:data1\" content=\"1 dakika\" \/>\n<script type=\"application\/ld+json\" class=\"yoast-schema-graph\">{\"@context\":\"https:\/\/schema.org\",\"@graph\":[{\"@type\":\"WebPage\",\"@id\":\"https:\/\/www.fleximat.es\/producto\/prensaestopas-pg-multihole-metalico-ip-65\/\",\"url\":\"https:\/\/www.fleximat.es\/producto\/prensaestopas-pg-multihole-metalico-ip-65\/\",\"name\":\"Prensaestopas PG Multihole Met\u00e1lico IP-65 - Fleximat\",\"isPartOf\":{\"@id\":\"https:\/\/www.fleximat.es\/bn\/#website\"},\"datePublished\":\"2023-10-18T15:53:14+00:00\",\"dateModified\":\"2023-12-03T11:59:00+00:00\",\"breadcrumb\":{\"@id\":\"https:\/\/www.fleximat.es\/producto\/prensaestopas-pg-multihole-metalico-ip-65\/#breadcrumb\"},\"inLanguage\":\"tr\",\"potentialAction\":[{\"@type\":\"ReadAction\",\"target\":[\"https:\/\/www.fleximat.es\/producto\/prensaestopas-pg-multihole-metalico-ip-65\/\"]}]},{\"@type\":\"BreadcrumbList\",\"@id\":\"https:\/\/www.fleximat.es\/producto\/prensaestopas-pg-multihole-metalico-ip-65\/#breadcrumb\",\"itemListElement\":[{\"@type\":\"ListItem\",\"position\":1,\"name\":\"Portada\",\"item\":\"https:\/\/www.fleximat.es\/\"},{\"@type\":\"ListItem\",\"position\":2,\"name\":\"Productos\",\"item\":\"https:\/\/www.fleximat.es\/en\/productos\/\"},{\"@type\":\"ListItem\",\"position\":3,\"name\":\"Prensaestopas PG Multihole Met\u00e1lico IP-65\"}]},{\"@type\":\"WebSite\",\"@id\":\"https:\/\/www.fleximat.es\/bn\/#website\",\"url\":\"https:\/\/www.fleximat.es\/bn\/\",\"name\":\"Fleximat\",\"description\":\"Tu soluci\u00f3n en prensaestopas y tubos flexibles\",\"publisher\":{\"@id\":\"https:\/\/www.fleximat.es\/bn\/#organization\"},\"potentialAction\":[{\"@type\":\"SearchAction\",\"target\":{\"@type\":\"EntryPoint\",\"urlTemplate\":\"https:\/\/www.fleximat.es\/bn\/?s={search_term_string}\"},\"query-input\":\"required name=search_term_string\"}],\"inLanguage\":\"tr\"},{\"@type\":\"Organization\",\"@id\":\"https:\/\/www.fleximat.es\/bn\/#organization\",\"name\":\"Fleximat\",\"url\":\"https:\/\/www.fleximat.es\/bn\/\",\"logo\":{\"@type\":\"ImageObject\",\"inLanguage\":\"tr\",\"@id\":\"https:\/\/www.fleximat.es\/bn\/#\/schema\/logo\/image\/\",\"url\":\"https:\/\/www.fleximat.es\/wp-content\/uploads\/2023\/11\/fleximat-logo-1.png\",\"contentUrl\":\"https:\/\/www.fleximat.es\/wp-content\/uploads\/2023\/11\/fleximat-logo-1.png\",\"width\":1169,\"height\":289,\"caption\":\"Fleximat\"},\"image\":{\"@id\":\"https:\/\/www.fleximat.es\/bn\/#\/schema\/logo\/image\/\"}}]}<\/script>\n<!-- \/ Yoast SEO plugin. -->","yoast_head_json":{"title":"Prensaestopas PG Multihole Met\u00e1lico IP-65 - Fleximat","robots":{"index":"index","follow":"follow","max-snippet":"max-snippet:-1","max-image-preview":"max-image-preview:large","max-video-preview":"max-video-preview:-1"},"canonical":"https:\/\/www.fleximat.es\/tr\/urun\/prensaestopas-pg-multihole-metalico-ip-65\/","og_locale":"tr_TR","og_type":"article","og_title":"Prensaestopas PG Multihole Met\u00e1lico IP-65 - Fleximat","og_description":"Caracter\u00edsticas    Sombrerete Lat\u00f3n Niquelado   Junta de sellado TPV   Junta t\u00f3rica NBR   Tipo de Rosca M\u00e9trica (EN 60423)   Estanqueidad IP65   Temperatura de trabajo continua -40 \u00baC +100 \u00baC","og_url":"https:\/\/www.fleximat.es\/tr\/urun\/prensaestopas-pg-multihole-metalico-ip-65\/","og_site_name":"Fleximat","article_modified_time":"2023-12-03T11:59:00+00:00","og_image":[{"width":600,"height":600,"url":"https:\/\/www.fleximat.es\/wp-content\/uploads\/2023\/10\/th_crop_1571759856multihole-metalico.jpg","type":"image\/jpeg"}],"twitter_card":"summary_large_image","twitter_misc":{"Tahmini okuma s\u00fcresi":"1 dakika"},"schema":{"@context":"https:\/\/schema.org","@graph":[{"@type":"WebPage","@id":"https:\/\/www.fleximat.es\/producto\/prensaestopas-pg-multihole-metalico-ip-65\/","url":"https:\/\/www.fleximat.es\/producto\/prensaestopas-pg-multihole-metalico-ip-65\/","name":"Prensaestopas PG Multihole Met\u00e1lico IP-65 - Fleximat","isPartOf":{"@id":"https:\/\/www.fleximat.es\/bn\/#website"},"datePublished":"2023-10-18T15:53:14+00:00","dateModified":"2023-12-03T11:59:00+00:00","breadcrumb":{"@id":"https:\/\/www.fleximat.es\/producto\/prensaestopas-pg-multihole-metalico-ip-65\/#breadcrumb"},"inLanguage":"tr","potentialAction":[{"@type":"ReadAction","target":["https:\/\/www.fleximat.es\/producto\/prensaestopas-pg-multihole-metalico-ip-65\/"]}]},{"@type":"BreadcrumbList","@id":"https:\/\/www.fleximat.es\/producto\/prensaestopas-pg-multihole-metalico-ip-65\/#breadcrumb","itemListElement":[{"@type":"ListItem","position":1,"name":"Portada","item":"https:\/\/www.fleximat.es\/"},{"@type":"ListItem","position":2,"name":"Productos","item":"https:\/\/www.fleximat.es\/en\/productos\/"},{"@type":"ListItem","position":3,"name":"Prensaestopas PG Multihole Met\u00e1lico IP-65"}]},{"@type":"WebSite","@id":"https:\/\/www.fleximat.es\/bn\/#website","url":"https:\/\/www.fleximat.es\/bn\/","name":"Fleximat","description":"Tu soluci\u00f3n en prensaestopas y tubos flexibles","publisher":{"@id":"https:\/\/www.fleximat.es\/bn\/#organization"},"potentialAction":[{"@type":"SearchAction","target":{"@type":"EntryPoint","urlTemplate":"https:\/\/www.fleximat.es\/bn\/?s={search_term_string}"},"query-input":"required name=search_term_string"}],"inLanguage":"tr"},{"@type":"Organization","@id":"https:\/\/www.fleximat.es\/bn\/#organization","name":"Fleximat","url":"https:\/\/www.fleximat.es\/bn\/","logo":{"@type":"ImageObject","inLanguage":"tr","@id":"https:\/\/www.fleximat.es\/bn\/#\/schema\/logo\/image\/","url":"https:\/\/www.fleximat.es\/wp-content\/uploads\/2023\/11\/fleximat-logo-1.png","contentUrl":"https:\/\/www.fleximat.es\/wp-content\/uploads\/2023\/11\/fleximat-logo-1.png","width":1169,"height":289,"caption":"Fleximat"},"image":{"@id":"https:\/\/www.fleximat.es\/bn\/#\/schema\/logo\/image\/"}}]}},"taxonomy_info":{"product_cat":[{"value":31,"label":"Prensaestopas y accesorios met\u00e1licos"},{"value":63,"label":"Prensaestopas IP-65 Multihole"}]},"featured_image_src_large":["https:\/\/www.fleximat.es\/wp-content\/uploads\/2023\/10\/th_crop_1571759856multihole-metalico.jpg",600,600,false],"author_info":[],"comment_info":"","_links":{"self":[{"href":"https:\/\/www.fleximat.es\/tr\/wp-json\/wp\/v2\/product\/1608"}],"collection":[{"href":"https:\/\/www.fleximat.es\/tr\/wp-json\/wp\/v2\/product"}],"about":[{"href":"https:\/\/www.fleximat.es\/tr\/wp-json\/wp\/v2\/types\/product"}],"wp:featuredmedia":[{"embeddable":true,"href":"https:\/\/www.fleximat.es\/tr\/wp-json\/wp\/v2\/media\/1636"}],"wp:attachment":[{"href":"https:\/\/www.fleximat.es\/tr\/wp-json\/wp\/v2\/media?parent=1608"}],"wp:term":[{"taxonomy":"product_cat","embeddable":true,"href":"https:\/\/www.fleximat.es\/tr\/wp-json\/wp\/v2\/product_cat?post=1608"},{"taxonomy":"product_tag","embeddable":true,"href":"https:\/\/www.fleximat.es\/tr\/wp-json\/wp\/v2\/product_tag?post=1608"}],"curies":[{"name":"wp","href":"https:\/\/api.w.org\/{rel}","templated":true}]}}