{"id":1649,"date":"2023-10-18T17:53:39","date_gmt":"2023-10-18T15:53:39","guid":{"rendered":"https:\/\/www.fleximat.es\/?post_type=product&#038;p=1649"},"modified":"2023-12-04T17:21:49","modified_gmt":"2023-12-04T16:21:49","slug":"tapon-ventilacion-pg-acero-inoxidable-ip-68","status":"publish","type":"product","link":"https:\/\/www.fleximat.es\/tr\/urun\/tapon-ventilacion-pg-acero-inoxidable-ip-68\/","title":{"rendered":"PG Paslanmaz \u00c7elik Havaland\u0131rma Tapas\u0131 IP-68"},"content":{"rendered":"<h4>\u00d6zellikler<\/h4>\n<p>Havaland\u0131rma sistemi: Naylon destek \u00fczerinde Akrilik Ko-Polimer (hidrofobik-oleofobik).<\/p>\n<p>Sistemin i\u00e7 ve d\u0131\u015f bas\u0131nc\u0131n\u0131n e\u015fitlenmesi. M\u00fckemmel havaland\u0131rma ak\u0131\u015f\u0131.<\/p>\n<p>Cihaz i\u00e7erisinde korozyonu ve su yo\u011fu\u015fmas\u0131n\u0131 \u00f6nler \u00c7ift fonksiyonlu: Salmastra kutusu\/havaland\u0131rma eleman\u0131. Uyguland\u0131\u011f\u0131 yerde \u00fcr\u00fcn\u00fcn \u00f6mr\u00fcn\u00fc uzat\u0131r.<\/p>\n<p>Dayan\u0131kl\u0131l\u0131k: UV, \u00c7ekme \u00f6nleyici, Kimyasal \u00fcr\u00fcnler, Titre\u015fim \u00f6nleyici Kolay montaj ve Halojen i\u00e7ermez.<\/p>\n<p>Uygulamalar: Ayd\u0131nlatma ekipmanlar\u0131, g\u00fcne\u015f panelleri, elektronik ekipmanlar, otomasyon, otomotiv ve demiryolu end\u00fcstrisi<\/p>\n<h3>\u00dcr\u00fcn A\u00e7\u0131klamas\u0131<\/h3>\n<p>Ekipmanlar\u0131 s\u0131cakl\u0131k de\u011fi\u015fimlerinden dolay\u0131 olu\u015fabilecek oksidasyon ve k\u0131r\u0131lmalardan korumak i\u00e7in havaland\u0131rma veya yo\u011fu\u015fma \u00f6nleyici tapalar kullan\u0131l\u0131r.<\/p>\n<p>Havaland\u0131rma tapalar\u0131, uygun hava ak\u0131\u015f\u0131na izin vermek ve bas\u0131nc\u0131 e\u015fitlemek i\u00e7in bir polimer valf kullan\u0131r.<\/p>\n<p>Bu yo\u011fu\u015fma \u00f6nleyici tapalar genellikle a\u00e7\u0131k havada \u00e7al\u0131\u015fan ekipmanlarda kullan\u0131l\u0131r ve bunlar\u0131 ba\u015fta ayd\u0131nlatma sekt\u00f6r\u00fc olmak \u00fczere her t\u00fcrl\u00fc uygulama i\u00e7in \u00f6neriyoruz.<\/p>\n<table class=\"table table-striped table-bordered\">\n<thead>\n<tr>\n<td>\u0130plik<\/td>\n<td>Kod<\/td>\n<td>H<\/p>\n<p>mm.<\/td>\n<td>G.L.<\/p>\n<p>mm.<\/td>\n<td>anahtar \u00e7ap\u0131<\/p>\n<p>mm.<\/td>\n<td>Di\u015f \u00e7ap\u0131<\/p>\n<p>mm.<\/td>\n<td>Delik \u00e7ap\u0131<\/p>\n<p>mm.<\/td>\n<td>Hava ak\u0131\u015f\u0131 \/ I\/H<\/td>\n<td>su giri\u015fi<\/p>\n<p>kehribar<\/td>\n<\/tr>\n<\/thead>\n<tbody>\n<tr>\n<td>M12 x 1,5<\/td>\n<td>OMSVP01S<\/td>\n<td>14<\/td>\n<td>6<\/td>\n<td>17<\/td>\n<td>12<\/td>\n<td>12,3<\/td>\n<td>16<\/td>\n<td>0,8<\/td>\n<\/tr>\n<tr>\n<td>M12 x 1,5<\/td>\n<td>OMSVP01M<\/td>\n<td>14<\/td>\n<td>6<\/td>\n<td>17<\/td>\n<td>12<\/td>\n<td>12,3<\/td>\n<td>25<\/td>\n<td>0,5<\/td>\n<\/tr>\n<tr>\n<td>M12 x 1,5<\/td>\n<td>OMSVP01H<\/td>\n<td>14<\/td>\n<td>6<\/td>\n<td>17<\/td>\n<td>12<\/td>\n<td>12,3<\/td>\n<td>133<\/td>\n<td>0,2<\/td>\n<\/tr>\n<tr>\n<td>M12 x 1,5<\/td>\n<td>OMSVP01UH<\/td>\n<td>14<\/td>\n<td>6<\/td>\n<td>17<\/td>\n<td>12<\/td>\n<td>12,3<\/td>\n<td>300<\/td>\n<td>0,1<\/td>\n<\/tr>\n<tr>\n<td>M12 x 1,5<\/td>\n<td>OMSVP01SL<\/td>\n<td>18<\/td>\n<td>10<\/td>\n<td>17<\/td>\n<td>12<\/td>\n<td>12,3<\/td>\n<td>16<\/td>\n<td>0,8<\/td>\n<\/tr>\n<tr>\n<td>M12 x 1,5<\/td>\n<td>OMSVP01ML<\/td>\n<td>18<\/td>\n<td>10<\/td>\n<td>17<\/td>\n<td>12<\/td>\n<td>12,3<\/td>\n<td>25<\/td>\n<td>0,5<\/td>\n<\/tr>\n<tr>\n<td>M12 x 1,5<\/td>\n<td>OMSVP01HL<\/td>\n<td>18<\/td>\n<td>10<\/td>\n<td>17<\/td>\n<td>12<\/td>\n<td>12,3<\/td>\n<td>133<\/td>\n<td>0,2<\/td>\n<\/tr>\n<tr>\n<td>M12 x 1,5<\/td>\n<td>OMSVP01UHL<\/td>\n<td>18<\/td>\n<td>10<\/td>\n<td>17<\/td>\n<td>12<\/td>\n<td>12,3<\/td>\n<td>300<\/td>\n<td>0,1<\/td>\n<\/tr>\n<\/tbody>\n<\/table>","protected":false},"excerpt":{"rendered":"<h3>\u00d6zellikler<\/h3>\n<table>\n<tbody>\n<tr>\n<td><strong>S\u0131zd\u0131rmazl\u0131k<\/strong><\/td>\n<td>IP68<\/td>\n<\/tr>\n<tr>\n<td><strong>S\u00fcrekli \u00e7al\u0131\u015fma s\u0131cakl\u0131\u011f\u0131<\/strong><\/td>\n<td>-40\u00b0C +105\u00b0C<\/td>\n<\/tr>\n<\/tbody>\n<\/table>","protected":false},"featured_media":3088,"template":"","meta":{"_kad_blocks_custom_css":"","_kad_blocks_head_custom_js":"","_kad_blocks_body_custom_js":"","_kad_blocks_footer_custom_js":"","_kadence_starter_templates_imported_post":false,"_kad_post_transparent":"default","_kad_post_title":"","_kad_post_layout":"default","_kad_post_sidebar_id":"","_kad_post_content_style":"default","_kad_post_vertical_padding":"default","_kad_post_feature":"","_kad_post_feature_position":"","_kad_post_header":false,"_kad_post_footer":false},"product_cat":[65,67],"product_tag":[],"class_list":{"0":"post-1649","1":"product","2":"type-product","3":"status-publish","4":"has-post-thumbnail","6":"product_cat-prensaestopas-y-tapones-de-ventilacion","7":"product_cat-tapon-de-ventilacion","9":"first","10":"instock","11":"shipping-taxable","12":"product-type-simple","13":"entry","14":"content-bg","15":"loop-entry"},"yoast_head":"<!-- This site is optimized with the Yoast SEO plugin v21.7 - https:\/\/yoast.com\/wordpress\/plugins\/seo\/ -->\n<title>Tap\u00f3n Ventilaci\u00f3n PG Acero Inoxidable IP-68 - Fleximat<\/title>\n<meta name=\"robots\" content=\"index, follow, max-snippet:-1, max-image-preview:large, max-video-preview:-1\" \/>\n<link rel=\"canonical\" href=\"https:\/\/www.fleximat.es\/tr\/urun\/tapon-ventilacion-pg-acero-inoxidable-ip-68\/\" \/>\n<meta property=\"og:locale\" content=\"tr_TR\" \/>\n<meta property=\"og:type\" content=\"article\" \/>\n<meta property=\"og:title\" content=\"Tap\u00f3n Ventilaci\u00f3n PG Acero Inoxidable IP-68 - Fleximat\" \/>\n<meta property=\"og:description\" content=\"Caracter\u00edsticas    Estanqueidad IP68   Temperatura de trabajo continua -40 \u00b0C +105 \u00b0C\" \/>\n<meta property=\"og:url\" content=\"https:\/\/www.fleximat.es\/tr\/urun\/tapon-ventilacion-pg-acero-inoxidable-ip-68\/\" \/>\n<meta property=\"og:site_name\" content=\"Fleximat\" \/>\n<meta property=\"article:modified_time\" content=\"2023-12-04T16:21:49+00:00\" \/>\n<meta property=\"og:image\" content=\"https:\/\/www.fleximat.es\/wp-content\/uploads\/2023\/12\/tapon-ventilacion-acero-inoxidable-ip-68-gris.png\" \/>\n\t<meta property=\"og:image:width\" content=\"700\" \/>\n\t<meta property=\"og:image:height\" content=\"700\" \/>\n\t<meta property=\"og:image:type\" content=\"image\/png\" \/>\n<meta name=\"twitter:card\" content=\"summary_large_image\" \/>\n<meta name=\"twitter:label1\" content=\"Tahmini okuma s\u00fcresi\" \/>\n\t<meta name=\"twitter:data1\" content=\"1 dakika\" \/>\n<script type=\"application\/ld+json\" class=\"yoast-schema-graph\">{\"@context\":\"https:\/\/schema.org\",\"@graph\":[{\"@type\":\"WebPage\",\"@id\":\"https:\/\/www.fleximat.es\/producto\/tapon-ventilacion-pg-acero-inoxidable-ip-68\/\",\"url\":\"https:\/\/www.fleximat.es\/producto\/tapon-ventilacion-pg-acero-inoxidable-ip-68\/\",\"name\":\"Tap\u00f3n Ventilaci\u00f3n PG Acero Inoxidable IP-68 - Fleximat\",\"isPartOf\":{\"@id\":\"https:\/\/www.fleximat.es\/bn\/#website\"},\"datePublished\":\"2023-10-18T15:53:39+00:00\",\"dateModified\":\"2023-12-04T16:21:49+00:00\",\"breadcrumb\":{\"@id\":\"https:\/\/www.fleximat.es\/producto\/tapon-ventilacion-pg-acero-inoxidable-ip-68\/#breadcrumb\"},\"inLanguage\":\"tr\",\"potentialAction\":[{\"@type\":\"ReadAction\",\"target\":[\"https:\/\/www.fleximat.es\/producto\/tapon-ventilacion-pg-acero-inoxidable-ip-68\/\"]}]},{\"@type\":\"BreadcrumbList\",\"@id\":\"https:\/\/www.fleximat.es\/producto\/tapon-ventilacion-pg-acero-inoxidable-ip-68\/#breadcrumb\",\"itemListElement\":[{\"@type\":\"ListItem\",\"position\":1,\"name\":\"Portada\",\"item\":\"https:\/\/www.fleximat.es\/\"},{\"@type\":\"ListItem\",\"position\":2,\"name\":\"Productos\",\"item\":\"https:\/\/www.fleximat.es\/en\/productos\/\"},{\"@type\":\"ListItem\",\"position\":3,\"name\":\"Tap\u00f3n Ventilaci\u00f3n PG Acero Inoxidable IP-68\"}]},{\"@type\":\"WebSite\",\"@id\":\"https:\/\/www.fleximat.es\/bn\/#website\",\"url\":\"https:\/\/www.fleximat.es\/bn\/\",\"name\":\"Fleximat\",\"description\":\"Tu soluci\u00f3n en prensaestopas y tubos flexibles\",\"publisher\":{\"@id\":\"https:\/\/www.fleximat.es\/bn\/#organization\"},\"potentialAction\":[{\"@type\":\"SearchAction\",\"target\":{\"@type\":\"EntryPoint\",\"urlTemplate\":\"https:\/\/www.fleximat.es\/bn\/?s={search_term_string}\"},\"query-input\":\"required name=search_term_string\"}],\"inLanguage\":\"tr\"},{\"@type\":\"Organization\",\"@id\":\"https:\/\/www.fleximat.es\/bn\/#organization\",\"name\":\"Fleximat\",\"url\":\"https:\/\/www.fleximat.es\/bn\/\",\"logo\":{\"@type\":\"ImageObject\",\"inLanguage\":\"tr\",\"@id\":\"https:\/\/www.fleximat.es\/bn\/#\/schema\/logo\/image\/\",\"url\":\"https:\/\/www.fleximat.es\/wp-content\/uploads\/2023\/11\/fleximat-logo-1.png\",\"contentUrl\":\"https:\/\/www.fleximat.es\/wp-content\/uploads\/2023\/11\/fleximat-logo-1.png\",\"width\":1169,\"height\":289,\"caption\":\"Fleximat\"},\"image\":{\"@id\":\"https:\/\/www.fleximat.es\/bn\/#\/schema\/logo\/image\/\"}}]}<\/script>\n<!-- \/ Yoast SEO plugin. -->","yoast_head_json":{"title":"Tap\u00f3n Ventilaci\u00f3n PG Acero Inoxidable IP-68 - Fleximat","robots":{"index":"index","follow":"follow","max-snippet":"max-snippet:-1","max-image-preview":"max-image-preview:large","max-video-preview":"max-video-preview:-1"},"canonical":"https:\/\/www.fleximat.es\/tr\/urun\/tapon-ventilacion-pg-acero-inoxidable-ip-68\/","og_locale":"tr_TR","og_type":"article","og_title":"Tap\u00f3n Ventilaci\u00f3n PG Acero Inoxidable IP-68 - Fleximat","og_description":"Caracter\u00edsticas    Estanqueidad IP68   Temperatura de trabajo continua -40 \u00b0C +105 \u00b0C","og_url":"https:\/\/www.fleximat.es\/tr\/urun\/tapon-ventilacion-pg-acero-inoxidable-ip-68\/","og_site_name":"Fleximat","article_modified_time":"2023-12-04T16:21:49+00:00","og_image":[{"width":700,"height":700,"url":"https:\/\/www.fleximat.es\/wp-content\/uploads\/2023\/12\/tapon-ventilacion-acero-inoxidable-ip-68-gris.png","type":"image\/png"}],"twitter_card":"summary_large_image","twitter_misc":{"Tahmini okuma s\u00fcresi":"1 dakika"},"schema":{"@context":"https:\/\/schema.org","@graph":[{"@type":"WebPage","@id":"https:\/\/www.fleximat.es\/producto\/tapon-ventilacion-pg-acero-inoxidable-ip-68\/","url":"https:\/\/www.fleximat.es\/producto\/tapon-ventilacion-pg-acero-inoxidable-ip-68\/","name":"Tap\u00f3n Ventilaci\u00f3n PG Acero Inoxidable IP-68 - Fleximat","isPartOf":{"@id":"https:\/\/www.fleximat.es\/bn\/#website"},"datePublished":"2023-10-18T15:53:39+00:00","dateModified":"2023-12-04T16:21:49+00:00","breadcrumb":{"@id":"https:\/\/www.fleximat.es\/producto\/tapon-ventilacion-pg-acero-inoxidable-ip-68\/#breadcrumb"},"inLanguage":"tr","potentialAction":[{"@type":"ReadAction","target":["https:\/\/www.fleximat.es\/producto\/tapon-ventilacion-pg-acero-inoxidable-ip-68\/"]}]},{"@type":"BreadcrumbList","@id":"https:\/\/www.fleximat.es\/producto\/tapon-ventilacion-pg-acero-inoxidable-ip-68\/#breadcrumb","itemListElement":[{"@type":"ListItem","position":1,"name":"Portada","item":"https:\/\/www.fleximat.es\/"},{"@type":"ListItem","position":2,"name":"Productos","item":"https:\/\/www.fleximat.es\/en\/productos\/"},{"@type":"ListItem","position":3,"name":"Tap\u00f3n Ventilaci\u00f3n PG Acero Inoxidable IP-68"}]},{"@type":"WebSite","@id":"https:\/\/www.fleximat.es\/bn\/#website","url":"https:\/\/www.fleximat.es\/bn\/","name":"Fleximat","description":"Tu soluci\u00f3n en prensaestopas y tubos flexibles","publisher":{"@id":"https:\/\/www.fleximat.es\/bn\/#organization"},"potentialAction":[{"@type":"SearchAction","target":{"@type":"EntryPoint","urlTemplate":"https:\/\/www.fleximat.es\/bn\/?s={search_term_string}"},"query-input":"required name=search_term_string"}],"inLanguage":"tr"},{"@type":"Organization","@id":"https:\/\/www.fleximat.es\/bn\/#organization","name":"Fleximat","url":"https:\/\/www.fleximat.es\/bn\/","logo":{"@type":"ImageObject","inLanguage":"tr","@id":"https:\/\/www.fleximat.es\/bn\/#\/schema\/logo\/image\/","url":"https:\/\/www.fleximat.es\/wp-content\/uploads\/2023\/11\/fleximat-logo-1.png","contentUrl":"https:\/\/www.fleximat.es\/wp-content\/uploads\/2023\/11\/fleximat-logo-1.png","width":1169,"height":289,"caption":"Fleximat"},"image":{"@id":"https:\/\/www.fleximat.es\/bn\/#\/schema\/logo\/image\/"}}]}},"taxonomy_info":{"product_cat":[{"value":65,"label":"Prensaestopas y tapones de ventilaci\u00f3n"},{"value":67,"label":"Tap\u00f3n de ventilaci\u00f3n"}]},"featured_image_src_large":["https:\/\/www.fleximat.es\/wp-content\/uploads\/2023\/12\/tapon-ventilacion-acero-inoxidable-ip-68-gris.png",700,700,false],"author_info":[],"comment_info":"","_links":{"self":[{"href":"https:\/\/www.fleximat.es\/tr\/wp-json\/wp\/v2\/product\/1649"}],"collection":[{"href":"https:\/\/www.fleximat.es\/tr\/wp-json\/wp\/v2\/product"}],"about":[{"href":"https:\/\/www.fleximat.es\/tr\/wp-json\/wp\/v2\/types\/product"}],"wp:featuredmedia":[{"embeddable":true,"href":"https:\/\/www.fleximat.es\/tr\/wp-json\/wp\/v2\/media\/3088"}],"wp:attachment":[{"href":"https:\/\/www.fleximat.es\/tr\/wp-json\/wp\/v2\/media?parent=1649"}],"wp:term":[{"taxonomy":"product_cat","embeddable":true,"href":"https:\/\/www.fleximat.es\/tr\/wp-json\/wp\/v2\/product_cat?post=1649"},{"taxonomy":"product_tag","embeddable":true,"href":"https:\/\/www.fleximat.es\/tr\/wp-json\/wp\/v2\/product_tag?post=1649"}],"curies":[{"name":"wp","href":"https:\/\/api.w.org\/{rel}","templated":true}]}}