{"id":1667,"date":"2023-10-18T17:53:40","date_gmt":"2023-10-18T15:53:40","guid":{"rendered":"https:\/\/www.fleximat.es\/?post_type=product&#038;p=1667"},"modified":"2023-10-25T09:23:21","modified_gmt":"2023-10-25T07:23:21","slug":"tubo-espiral-liquid-tight-acero-galvanizado-con-recubrimiento-pvc-y-malla-metalica","status":"publish","type":"product","link":"https:\/\/www.fleximat.es\/tr\/urun\/tubo-espiral-liquid-tight-acero-galvanizado-con-recubrimiento-pvc-y-malla-metalica\/","title":{"rendered":"SIVI GE\u00c7\u0130RMEZ Spiral Boru PVC kaplamal\u0131 ve Metal Mesh ile Galvanizli \u00c7elik"},"content":{"rendered":"<h4>\u00d6zellikler<\/h4>\n<p>Y\u00fcksek darbe dayan\u0131m\u0131<br \/>\nKendili\u011finden s\u00f6nen<br \/>\nY\u00fcksek UV dayan\u0131m\u0131 (siyah)<br \/>\nTamamen k\u00fc\u00e7\u00fclt\u00fclm\u00fc\u015f ambalaj<\/p>\n<h3>\u00dcr\u00fcn A\u00e7\u0131klamas\u0131<\/h3>\n<p>SIVI GE\u00c7\u0130RMEZ Spiral Boru PVC kaplamal\u0131 ve Metal Meshli Galvanizli \u00c7elik, gerekli kurulum i\u00e7in kal\u0131plan\u0131p uyarlanabildi\u011fi gibi bir\u00e7ok mekanik \u00f6zelli\u011fe de sahiptir.<\/p>\n<p>SIVI GE\u00c7\u0130RMEZ Spiral Boru PVC kaplamal\u0131 ve Metal Meshli Galvanizli \u00c7elik, \u00f6zel olan ve klasik esnek poliamid borudan ayr\u0131lan esnek metal borular ailesine aittir.<\/p>\n<p>SIVI GE\u00c7\u0130RMEZ Spiral Boru PVC kaplamal\u0131 Galvanizli \u00c7elik ve Metal Mesh bir\u00e7ok \u00e7apta mevcuttur. \u00d6zel istekleriniz i\u00e7in bizimle ileti\u015fime ge\u00e7in.<\/p>\n<p>Talep \u00fczerine her renkte boru kesim ve esnek boru imalat hizmeti sunmaktay\u0131z.<\/p>\n<table class=\"table table-bordered table-striped\">\n<thead>\n<tr>\n<td>Kod<\/td>\n<td>Kapsam<\/td>\n<td>dmm<\/td>\n<td>d1mm<\/td>\n<td>Rulo uzunlu\u011fu (metre)<\/td>\n<\/tr>\n<\/thead>\n<tbody>\n<tr>\n<td>LGT10<\/td>\n<td>1\/4&#8243;<\/td>\n<td>10,3 \u00a0 10,5<\/td>\n<td>15,5 \u00a0 16<\/td>\n<td>30<\/td>\n<\/tr>\n<tr>\n<td>LGT12<\/td>\n<td>3\/8&#8243;<\/td>\n<td>12,3\u00a0 12,7<\/td>\n<td>17,5 \u00a0 18<\/td>\n<td>30<\/td>\n<\/tr>\n<tr>\n<td>LGT16<\/td>\n<td>1\/2&#8243;<\/td>\n<td>15,5 \u00a0 16,3<\/td>\n<td>20,8 \u00a0 21,4<\/td>\n<td>30<\/td>\n<\/tr>\n<tr>\n<td>LGT21<\/td>\n<td>3\/4&#8243;<\/td>\n<td>20,9 \u00a0 21,3<\/td>\n<td>26,2 \u00a0 26,5<\/td>\n<td>30<\/td>\n<\/tr>\n<tr>\n<td>LGT27<\/td>\n<td>1&#8243;<\/td>\n<td>26,5 \u00a0 27<\/td>\n<td>32,7 \u00a0 33,3<\/td>\n<td>30<\/td>\n<\/tr>\n<tr>\n<td>LGT35<\/td>\n<td>1 1\/4&#8243;<\/td>\n<td>35 \u00a0 35,5<\/td>\n<td>41,5 \u00a0 42<\/td>\n<td>15<\/td>\n<\/tr>\n<tr>\n<td>LGT40<\/td>\n<td>1 1\/2&#8243;<\/td>\n<td>40 \u00a0 40,5<\/td>\n<td>47,3 \u00a0 48,2<\/td>\n<td>15<\/td>\n<\/tr>\n<tr>\n<td>LGT 51<\/td>\n<td>2&#8243;<\/td>\n<td>51,5 \u00a0 51,9<\/td>\n<td>59,5 \u00a060<\/td>\n<td>15<\/td>\n<\/tr>\n<tr>\n<td>LGT63<\/td>\n<td>2 1\/2&#8243;<\/td>\n<td>63 \u00a0 63,5<\/td>\n<td>72,2 \u00a0 73<\/td>\n<td>7,5<\/td>\n<\/tr>\n<tr>\n<td>LGT78<\/td>\n<td>3&#8243;<\/td>\n<td>78 \u00a0 78,5<\/td>\n<td>88 \u00a0 88,5<\/td>\n<td>7,5<\/td>\n<\/tr>\n<tr>\n<td>LGT91<\/td>\n<td>3 1\/2&#8243;<\/td>\n<td>88,9 \u00a0 89,9<\/td>\n<td>100,6 \u00a0 101,6<\/td>\n<td>7,5<\/td>\n<\/tr>\n<tr>\n<td>LGT102<\/td>\n<td>4&#8243;<\/td>\n<td>101,6 \u00a0 102,6<\/td>\n<td>113,3 \u00a0 114,3<\/td>\n<td>7,5<\/td>\n<\/tr>\n<\/tbody>\n<\/table>","protected":false},"excerpt":{"rendered":"<h3>\u00d6zellikler<\/h3>\n<table>\n<tbody>\n<tr>\n<td><strong>S\u0131zd\u0131rmazl\u0131k<\/strong><\/td>\n<td>IP40<\/td>\n<\/tr>\n<tr>\n<td><strong>S\u00fcrekli \u00e7al\u0131\u015fma s\u0131cakl\u0131\u011f\u0131<\/strong><\/td>\n<td>-100\u00b0C +300\u00b0C<\/td>\n<\/tr>\n<\/tbody>\n<\/table>","protected":false},"featured_media":1690,"template":"","meta":{"_kad_blocks_custom_css":"","_kad_blocks_head_custom_js":"","_kad_blocks_body_custom_js":"","_kad_blocks_footer_custom_js":"","_kadence_starter_templates_imported_post":false,"_kad_post_transparent":"default","_kad_post_title":"","_kad_post_layout":"default","_kad_post_sidebar_id":"","_kad_post_content_style":"default","_kad_post_vertical_padding":"default","_kad_post_feature":"","_kad_post_feature_position":"","_kad_post_header":false,"_kad_post_footer":false},"product_cat":[68,69],"product_tag":[],"class_list":{"0":"post-1667","1":"product","2":"type-product","3":"status-publish","4":"has-post-thumbnail","6":"product_cat-tubos-flexibles-racores-y-accesorios","7":"product_cat-tubos-flexibles-metalicos","9":"first","10":"instock","11":"shipping-taxable","12":"product-type-simple","13":"entry","14":"content-bg","15":"loop-entry"},"yoast_head":"<!-- This site is optimized with the Yoast SEO plugin v21.7 - https:\/\/yoast.com\/wordpress\/plugins\/seo\/ -->\n<title>Tubo Espiral LIQUID TIGHT Acero Galvanizado con recubrimiento PVC y Malla Met\u00e1lica - Fleximat<\/title>\n<meta name=\"robots\" content=\"index, follow, max-snippet:-1, max-image-preview:large, max-video-preview:-1\" \/>\n<link rel=\"canonical\" href=\"https:\/\/www.fleximat.es\/tr\/produkt\/tubo-espiral-liquid-tight-acero-galvanizado-con-recubrimiento-pvc-y-malla-metalica\/\" \/>\n<meta property=\"og:locale\" content=\"tr_TR\" \/>\n<meta property=\"og:type\" content=\"article\" \/>\n<meta property=\"og:title\" content=\"Tubo Espiral LIQUID TIGHT Acero Galvanizado con recubrimiento PVC y Malla Met\u00e1lica - Fleximat\" \/>\n<meta property=\"og:description\" content=\"Caracter\u00edsticas    Estanqueidad IP40   Temperatura de trabajo continua -100 \u00baC +300 \u00baC\" \/>\n<meta property=\"og:url\" content=\"https:\/\/www.fleximat.es\/tr\/produkt\/tubo-espiral-liquid-tight-acero-galvanizado-con-recubrimiento-pvc-y-malla-metalica\/\" \/>\n<meta property=\"og:site_name\" content=\"Fleximat\" \/>\n<meta property=\"article:modified_time\" content=\"2023-10-25T07:23:21+00:00\" \/>\n<meta property=\"og:image\" content=\"https:\/\/www.fleximat.es\/wp-content\/uploads\/2023\/10\/tubo-espiral-acero-galvanizado-con-recubrimiento-pvc11-1.jpg\" \/>\n\t<meta property=\"og:image:width\" content=\"500\" \/>\n\t<meta property=\"og:image:height\" content=\"500\" \/>\n\t<meta property=\"og:image:type\" content=\"image\/jpeg\" \/>\n<meta name=\"twitter:card\" content=\"summary_large_image\" \/>\n<meta name=\"twitter:label1\" content=\"Tahmini okuma s\u00fcresi\" \/>\n\t<meta name=\"twitter:data1\" content=\"1 dakika\" \/>\n<script type=\"application\/ld+json\" class=\"yoast-schema-graph\">{\"@context\":\"https:\/\/schema.org\",\"@graph\":[{\"@type\":\"WebPage\",\"@id\":\"https:\/\/www.fleximat.es\/nb\/produkt\/tubo-espiral-liquid-tight-acero-galvanizado-con-recubrimiento-pvc-y-malla-metalica\/\",\"url\":\"https:\/\/www.fleximat.es\/nb\/produkt\/tubo-espiral-liquid-tight-acero-galvanizado-con-recubrimiento-pvc-y-malla-metalica\/\",\"name\":\"Tubo Espiral LIQUID TIGHT Acero Galvanizado con recubrimiento PVC y Malla Met\u00e1lica - Fleximat\",\"isPartOf\":{\"@id\":\"https:\/\/www.fleximat.es\/bn\/#website\"},\"datePublished\":\"2023-10-18T15:53:40+00:00\",\"dateModified\":\"2023-10-25T07:23:21+00:00\",\"breadcrumb\":{\"@id\":\"https:\/\/www.fleximat.es\/nb\/produkt\/tubo-espiral-liquid-tight-acero-galvanizado-con-recubrimiento-pvc-y-malla-metalica\/#breadcrumb\"},\"inLanguage\":\"tr\",\"potentialAction\":[{\"@type\":\"ReadAction\",\"target\":[\"https:\/\/www.fleximat.es\/nb\/produkt\/tubo-espiral-liquid-tight-acero-galvanizado-con-recubrimiento-pvc-y-malla-metalica\/\"]}]},{\"@type\":\"BreadcrumbList\",\"@id\":\"https:\/\/www.fleximat.es\/nb\/produkt\/tubo-espiral-liquid-tight-acero-galvanizado-con-recubrimiento-pvc-y-malla-metalica\/#breadcrumb\",\"itemListElement\":[{\"@type\":\"ListItem\",\"position\":1,\"name\":\"Portada\",\"item\":\"https:\/\/www.fleximat.es\/\"},{\"@type\":\"ListItem\",\"position\":2,\"name\":\"Productos\",\"item\":\"https:\/\/www.fleximat.es\/en\/productos\/\"},{\"@type\":\"ListItem\",\"position\":3,\"name\":\"Tubo Espiral LIQUID TIGHT Acero Galvanizado con recubrimiento PVC y Malla Met\u00e1lica\"}]},{\"@type\":\"WebSite\",\"@id\":\"https:\/\/www.fleximat.es\/bn\/#website\",\"url\":\"https:\/\/www.fleximat.es\/bn\/\",\"name\":\"Fleximat\",\"description\":\"Tu soluci\u00f3n en prensaestopas y tubos flexibles\",\"publisher\":{\"@id\":\"https:\/\/www.fleximat.es\/bn\/#organization\"},\"potentialAction\":[{\"@type\":\"SearchAction\",\"target\":{\"@type\":\"EntryPoint\",\"urlTemplate\":\"https:\/\/www.fleximat.es\/bn\/?s={search_term_string}\"},\"query-input\":\"required name=search_term_string\"}],\"inLanguage\":\"tr\"},{\"@type\":\"Organization\",\"@id\":\"https:\/\/www.fleximat.es\/bn\/#organization\",\"name\":\"Fleximat\",\"url\":\"https:\/\/www.fleximat.es\/bn\/\",\"logo\":{\"@type\":\"ImageObject\",\"inLanguage\":\"tr\",\"@id\":\"https:\/\/www.fleximat.es\/bn\/#\/schema\/logo\/image\/\",\"url\":\"https:\/\/www.fleximat.es\/wp-content\/uploads\/2023\/11\/fleximat-logo-1.png\",\"contentUrl\":\"https:\/\/www.fleximat.es\/wp-content\/uploads\/2023\/11\/fleximat-logo-1.png\",\"width\":1169,\"height\":289,\"caption\":\"Fleximat\"},\"image\":{\"@id\":\"https:\/\/www.fleximat.es\/bn\/#\/schema\/logo\/image\/\"}}]}<\/script>\n<!-- \/ Yoast SEO plugin. -->","yoast_head_json":{"title":"Tubo Espiral LIQUID TIGHT Acero Galvanizado con recubrimiento PVC y Malla Met\u00e1lica - Fleximat","robots":{"index":"index","follow":"follow","max-snippet":"max-snippet:-1","max-image-preview":"max-image-preview:large","max-video-preview":"max-video-preview:-1"},"canonical":"https:\/\/www.fleximat.es\/tr\/produkt\/tubo-espiral-liquid-tight-acero-galvanizado-con-recubrimiento-pvc-y-malla-metalica\/","og_locale":"tr_TR","og_type":"article","og_title":"Tubo Espiral LIQUID TIGHT Acero Galvanizado con recubrimiento PVC y Malla Met\u00e1lica - Fleximat","og_description":"Caracter\u00edsticas    Estanqueidad IP40   Temperatura de trabajo continua -100 \u00baC +300 \u00baC","og_url":"https:\/\/www.fleximat.es\/tr\/produkt\/tubo-espiral-liquid-tight-acero-galvanizado-con-recubrimiento-pvc-y-malla-metalica\/","og_site_name":"Fleximat","article_modified_time":"2023-10-25T07:23:21+00:00","og_image":[{"width":500,"height":500,"url":"https:\/\/www.fleximat.es\/wp-content\/uploads\/2023\/10\/tubo-espiral-acero-galvanizado-con-recubrimiento-pvc11-1.jpg","type":"image\/jpeg"}],"twitter_card":"summary_large_image","twitter_misc":{"Tahmini okuma s\u00fcresi":"1 dakika"},"schema":{"@context":"https:\/\/schema.org","@graph":[{"@type":"WebPage","@id":"https:\/\/www.fleximat.es\/nb\/produkt\/tubo-espiral-liquid-tight-acero-galvanizado-con-recubrimiento-pvc-y-malla-metalica\/","url":"https:\/\/www.fleximat.es\/nb\/produkt\/tubo-espiral-liquid-tight-acero-galvanizado-con-recubrimiento-pvc-y-malla-metalica\/","name":"Tubo Espiral LIQUID TIGHT Acero Galvanizado con recubrimiento PVC y Malla Met\u00e1lica - Fleximat","isPartOf":{"@id":"https:\/\/www.fleximat.es\/bn\/#website"},"datePublished":"2023-10-18T15:53:40+00:00","dateModified":"2023-10-25T07:23:21+00:00","breadcrumb":{"@id":"https:\/\/www.fleximat.es\/nb\/produkt\/tubo-espiral-liquid-tight-acero-galvanizado-con-recubrimiento-pvc-y-malla-metalica\/#breadcrumb"},"inLanguage":"tr","potentialAction":[{"@type":"ReadAction","target":["https:\/\/www.fleximat.es\/nb\/produkt\/tubo-espiral-liquid-tight-acero-galvanizado-con-recubrimiento-pvc-y-malla-metalica\/"]}]},{"@type":"BreadcrumbList","@id":"https:\/\/www.fleximat.es\/nb\/produkt\/tubo-espiral-liquid-tight-acero-galvanizado-con-recubrimiento-pvc-y-malla-metalica\/#breadcrumb","itemListElement":[{"@type":"ListItem","position":1,"name":"Portada","item":"https:\/\/www.fleximat.es\/"},{"@type":"ListItem","position":2,"name":"Productos","item":"https:\/\/www.fleximat.es\/en\/productos\/"},{"@type":"ListItem","position":3,"name":"Tubo Espiral LIQUID TIGHT Acero Galvanizado con recubrimiento PVC y Malla Met\u00e1lica"}]},{"@type":"WebSite","@id":"https:\/\/www.fleximat.es\/bn\/#website","url":"https:\/\/www.fleximat.es\/bn\/","name":"Fleximat","description":"Tu soluci\u00f3n en prensaestopas y tubos flexibles","publisher":{"@id":"https:\/\/www.fleximat.es\/bn\/#organization"},"potentialAction":[{"@type":"SearchAction","target":{"@type":"EntryPoint","urlTemplate":"https:\/\/www.fleximat.es\/bn\/?s={search_term_string}"},"query-input":"required name=search_term_string"}],"inLanguage":"tr"},{"@type":"Organization","@id":"https:\/\/www.fleximat.es\/bn\/#organization","name":"Fleximat","url":"https:\/\/www.fleximat.es\/bn\/","logo":{"@type":"ImageObject","inLanguage":"tr","@id":"https:\/\/www.fleximat.es\/bn\/#\/schema\/logo\/image\/","url":"https:\/\/www.fleximat.es\/wp-content\/uploads\/2023\/11\/fleximat-logo-1.png","contentUrl":"https:\/\/www.fleximat.es\/wp-content\/uploads\/2023\/11\/fleximat-logo-1.png","width":1169,"height":289,"caption":"Fleximat"},"image":{"@id":"https:\/\/www.fleximat.es\/bn\/#\/schema\/logo\/image\/"}}]}},"taxonomy_info":{"product_cat":[{"value":68,"label":"Tubos flexibles, racores y accesorios"},{"value":69,"label":"Tubos flexibles met\u00e1licos"}]},"featured_image_src_large":["https:\/\/www.fleximat.es\/wp-content\/uploads\/2023\/10\/tubo-espiral-acero-galvanizado-con-recubrimiento-pvc11-1.jpg",500,500,false],"author_info":[],"comment_info":"","_links":{"self":[{"href":"https:\/\/www.fleximat.es\/tr\/wp-json\/wp\/v2\/product\/1667"}],"collection":[{"href":"https:\/\/www.fleximat.es\/tr\/wp-json\/wp\/v2\/product"}],"about":[{"href":"https:\/\/www.fleximat.es\/tr\/wp-json\/wp\/v2\/types\/product"}],"wp:featuredmedia":[{"embeddable":true,"href":"https:\/\/www.fleximat.es\/tr\/wp-json\/wp\/v2\/media\/1690"}],"wp:attachment":[{"href":"https:\/\/www.fleximat.es\/tr\/wp-json\/wp\/v2\/media?parent=1667"}],"wp:term":[{"taxonomy":"product_cat","embeddable":true,"href":"https:\/\/www.fleximat.es\/tr\/wp-json\/wp\/v2\/product_cat?post=1667"},{"taxonomy":"product_tag","embeddable":true,"href":"https:\/\/www.fleximat.es\/tr\/wp-json\/wp\/v2\/product_tag?post=1667"}],"curies":[{"name":"wp","href":"https:\/\/api.w.org\/{rel}","templated":true}]}}