{"id":1720,"date":"2023-10-18T17:54:06","date_gmt":"2023-10-18T15:54:06","guid":{"rendered":"https:\/\/www.fleximat.es\/?post_type=product&#038;p=1720"},"modified":"2023-11-27T11:01:38","modified_gmt":"2023-11-27T10:01:38","slug":"anillo-estanqueidad-jumbo","status":"publish","type":"product","link":"https:\/\/www.fleximat.es\/tr\/urun\/anillo-estanqueidad-jumbo\/","title":{"rendered":"JUMBO S\u0131zd\u0131rmazl\u0131k Halkas\u0131"},"content":{"rendered":"<h4>\u00d6zellikler<\/h4>\n<p>NBR<br \/>\nS\u00fcrekli \u00e7al\u0131\u015fma s\u0131cakl\u0131\u011f\u0131 -25\u00b0C + 120\u00b0C Halojensiz<br \/>\nRoHS (Tehlikeli Maddelerin K\u0131s\u0131tlanmas\u0131) d\u00fczenlemelerine uygundur.Talep \u00fczerine daha fazla malzeme mevcuttur.<\/p>\n<h3>\u00dcr\u00fcn A\u00e7\u0131klamas\u0131<\/h3>\n<p>S\u0131zd\u0131rmazl\u0131k halkas\u0131 s\u0131zd\u0131rmazl\u0131\u011f\u0131 sa\u011flayan basit bir aksesuard\u0131r, kablo rakorlar\u0131na, ba\u011flant\u0131 par\u00e7alar\u0131na ve di\u011fer aksesuarlara uyguluyoruz.<\/p>\n<p>O-ringler talep \u00fczerine her t\u00fcrl\u00fc malzemede mevcuttur.<\/p>\n<p>Dev halkalar, b\u00fcy\u00fck kablolar\u0131 korumak i\u00e7in ba\u011flant\u0131 sisteminin bir par\u00e7as\u0131d\u0131r.<\/p>\n<p>Jumbo serisi DN 56&#039;dan DN 100&#039;e kadar mevcuttur.<\/p>\n<p>Ki\u015fiselle\u015ftirilmi\u015f tavsiye i\u00e7in bizimle ileti\u015fime ge\u00e7in.<\/p>\n<table border=\"1\">\n<tbody>\n<tr>\n<td>Referans<\/td>\n<td>T\u00fcp i\u00e7in<\/td>\n<\/tr>\n<tr>\n<td>RR00056<\/td>\n<td>DN-56<\/td>\n<\/tr>\n<tr>\n<td>RR00070<\/td>\n<td>DN-70<\/td>\n<\/tr>\n<tr>\n<td>RR00100<\/td>\n<td>DN-100<\/td>\n<\/tr>\n<\/tbody>\n<\/table>","protected":false},"excerpt":{"rendered":"<h3>\u00d6zellikler<\/h3>\n<table>\n<tbody>\n<tr>\n<td><strong>O-halkas\u0131<\/strong><\/td>\n<td>Kau\u00e7uk 70A<\/td>\n<\/tr>\n<tr>\n<td><strong>S\u00fcrekli \u00e7al\u0131\u015fma s\u0131cakl\u0131\u011f\u0131<\/strong><\/td>\n<td>-30\u00b0C +100\u00b0C<\/td>\n<\/tr>\n<\/tbody>\n<\/table>","protected":false},"featured_media":2988,"template":"","meta":{"_kad_blocks_custom_css":"","_kad_blocks_head_custom_js":"","_kad_blocks_body_custom_js":"","_kad_blocks_footer_custom_js":"","_kadence_starter_templates_imported_post":false,"_kad_post_transparent":"default","_kad_post_title":"","_kad_post_layout":"default","_kad_post_sidebar_id":"","_kad_post_content_style":"default","_kad_post_vertical_padding":"default","_kad_post_feature":"","_kad_post_feature_position":"","_kad_post_header":false,"_kad_post_footer":false},"product_cat":[68,74],"product_tag":[],"class_list":{"0":"post-1720","1":"product","2":"type-product","3":"status-publish","4":"has-post-thumbnail","6":"product_cat-tubos-flexibles-racores-y-accesorios","7":"product_cat-tubos-y-racores-gigantes","9":"first","10":"instock","11":"shipping-taxable","12":"product-type-simple","13":"entry","14":"content-bg","15":"loop-entry"},"yoast_head":"<!-- This site is optimized with the Yoast SEO plugin v21.7 - https:\/\/yoast.com\/wordpress\/plugins\/seo\/ -->\n<title>Anillo Estanqueidad JUMBO - Fleximat<\/title>\n<meta name=\"robots\" content=\"index, follow, max-snippet:-1, max-image-preview:large, max-video-preview:-1\" \/>\n<link rel=\"canonical\" href=\"https:\/\/www.fleximat.es\/tr\/urun\/anillo-estanqueidad-jumbo\/\" \/>\n<meta property=\"og:locale\" content=\"tr_TR\" \/>\n<meta property=\"og:type\" content=\"article\" \/>\n<meta property=\"og:title\" content=\"Anillo Estanqueidad JUMBO - Fleximat\" \/>\n<meta property=\"og:description\" content=\"Caracter\u00edsticas    Junta t\u00f3rica Caucho 70 A   Temperatura de trabajo continua -30 \u00baC +100 \u00baC\" \/>\n<meta property=\"og:url\" content=\"https:\/\/www.fleximat.es\/tr\/urun\/anillo-estanqueidad-jumbo\/\" \/>\n<meta property=\"og:site_name\" content=\"Fleximat\" \/>\n<meta property=\"article:modified_time\" content=\"2023-11-27T10:01:38+00:00\" \/>\n<meta property=\"og:image\" content=\"https:\/\/www.fleximat.es\/wp-content\/uploads\/2023\/10\/anillo-torico-1.png\" \/>\n\t<meta property=\"og:image:width\" content=\"699\" \/>\n\t<meta property=\"og:image:height\" content=\"699\" \/>\n\t<meta property=\"og:image:type\" content=\"image\/png\" \/>\n<meta name=\"twitter:card\" content=\"summary_large_image\" \/>\n<meta name=\"twitter:label1\" content=\"Tahmini okuma s\u00fcresi\" \/>\n\t<meta name=\"twitter:data1\" content=\"1 dakika\" \/>\n<script type=\"application\/ld+json\" class=\"yoast-schema-graph\">{\"@context\":\"https:\/\/schema.org\",\"@graph\":[{\"@type\":\"WebPage\",\"@id\":\"https:\/\/www.fleximat.es\/producto\/anillo-estanqueidad-jumbo\/\",\"url\":\"https:\/\/www.fleximat.es\/producto\/anillo-estanqueidad-jumbo\/\",\"name\":\"Anillo Estanqueidad JUMBO - Fleximat\",\"isPartOf\":{\"@id\":\"https:\/\/www.fleximat.es\/bn\/#website\"},\"datePublished\":\"2023-10-18T15:54:06+00:00\",\"dateModified\":\"2023-11-27T10:01:38+00:00\",\"breadcrumb\":{\"@id\":\"https:\/\/www.fleximat.es\/producto\/anillo-estanqueidad-jumbo\/#breadcrumb\"},\"inLanguage\":\"tr\",\"potentialAction\":[{\"@type\":\"ReadAction\",\"target\":[\"https:\/\/www.fleximat.es\/producto\/anillo-estanqueidad-jumbo\/\"]}]},{\"@type\":\"BreadcrumbList\",\"@id\":\"https:\/\/www.fleximat.es\/producto\/anillo-estanqueidad-jumbo\/#breadcrumb\",\"itemListElement\":[{\"@type\":\"ListItem\",\"position\":1,\"name\":\"Portada\",\"item\":\"https:\/\/www.fleximat.es\/\"},{\"@type\":\"ListItem\",\"position\":2,\"name\":\"Productos\",\"item\":\"https:\/\/www.fleximat.es\/en\/productos\/\"},{\"@type\":\"ListItem\",\"position\":3,\"name\":\"Anillo Estanqueidad JUMBO\"}]},{\"@type\":\"WebSite\",\"@id\":\"https:\/\/www.fleximat.es\/bn\/#website\",\"url\":\"https:\/\/www.fleximat.es\/bn\/\",\"name\":\"Fleximat\",\"description\":\"Tu soluci\u00f3n en prensaestopas y tubos flexibles\",\"publisher\":{\"@id\":\"https:\/\/www.fleximat.es\/bn\/#organization\"},\"potentialAction\":[{\"@type\":\"SearchAction\",\"target\":{\"@type\":\"EntryPoint\",\"urlTemplate\":\"https:\/\/www.fleximat.es\/bn\/?s={search_term_string}\"},\"query-input\":\"required name=search_term_string\"}],\"inLanguage\":\"tr\"},{\"@type\":\"Organization\",\"@id\":\"https:\/\/www.fleximat.es\/bn\/#organization\",\"name\":\"Fleximat\",\"url\":\"https:\/\/www.fleximat.es\/bn\/\",\"logo\":{\"@type\":\"ImageObject\",\"inLanguage\":\"tr\",\"@id\":\"https:\/\/www.fleximat.es\/bn\/#\/schema\/logo\/image\/\",\"url\":\"https:\/\/www.fleximat.es\/wp-content\/uploads\/2023\/11\/fleximat-logo-1.png\",\"contentUrl\":\"https:\/\/www.fleximat.es\/wp-content\/uploads\/2023\/11\/fleximat-logo-1.png\",\"width\":1169,\"height\":289,\"caption\":\"Fleximat\"},\"image\":{\"@id\":\"https:\/\/www.fleximat.es\/bn\/#\/schema\/logo\/image\/\"}}]}<\/script>\n<!-- \/ Yoast SEO plugin. -->","yoast_head_json":{"title":"Anillo Estanqueidad JUMBO - Fleximat","robots":{"index":"index","follow":"follow","max-snippet":"max-snippet:-1","max-image-preview":"max-image-preview:large","max-video-preview":"max-video-preview:-1"},"canonical":"https:\/\/www.fleximat.es\/tr\/urun\/anillo-estanqueidad-jumbo\/","og_locale":"tr_TR","og_type":"article","og_title":"Anillo Estanqueidad JUMBO - Fleximat","og_description":"Caracter\u00edsticas    Junta t\u00f3rica Caucho 70 A   Temperatura de trabajo continua -30 \u00baC +100 \u00baC","og_url":"https:\/\/www.fleximat.es\/tr\/urun\/anillo-estanqueidad-jumbo\/","og_site_name":"Fleximat","article_modified_time":"2023-11-27T10:01:38+00:00","og_image":[{"width":699,"height":699,"url":"https:\/\/www.fleximat.es\/wp-content\/uploads\/2023\/10\/anillo-torico-1.png","type":"image\/png"}],"twitter_card":"summary_large_image","twitter_misc":{"Tahmini okuma s\u00fcresi":"1 dakika"},"schema":{"@context":"https:\/\/schema.org","@graph":[{"@type":"WebPage","@id":"https:\/\/www.fleximat.es\/producto\/anillo-estanqueidad-jumbo\/","url":"https:\/\/www.fleximat.es\/producto\/anillo-estanqueidad-jumbo\/","name":"Anillo Estanqueidad JUMBO - Fleximat","isPartOf":{"@id":"https:\/\/www.fleximat.es\/bn\/#website"},"datePublished":"2023-10-18T15:54:06+00:00","dateModified":"2023-11-27T10:01:38+00:00","breadcrumb":{"@id":"https:\/\/www.fleximat.es\/producto\/anillo-estanqueidad-jumbo\/#breadcrumb"},"inLanguage":"tr","potentialAction":[{"@type":"ReadAction","target":["https:\/\/www.fleximat.es\/producto\/anillo-estanqueidad-jumbo\/"]}]},{"@type":"BreadcrumbList","@id":"https:\/\/www.fleximat.es\/producto\/anillo-estanqueidad-jumbo\/#breadcrumb","itemListElement":[{"@type":"ListItem","position":1,"name":"Portada","item":"https:\/\/www.fleximat.es\/"},{"@type":"ListItem","position":2,"name":"Productos","item":"https:\/\/www.fleximat.es\/en\/productos\/"},{"@type":"ListItem","position":3,"name":"Anillo Estanqueidad JUMBO"}]},{"@type":"WebSite","@id":"https:\/\/www.fleximat.es\/bn\/#website","url":"https:\/\/www.fleximat.es\/bn\/","name":"Fleximat","description":"Tu soluci\u00f3n en prensaestopas y tubos flexibles","publisher":{"@id":"https:\/\/www.fleximat.es\/bn\/#organization"},"potentialAction":[{"@type":"SearchAction","target":{"@type":"EntryPoint","urlTemplate":"https:\/\/www.fleximat.es\/bn\/?s={search_term_string}"},"query-input":"required name=search_term_string"}],"inLanguage":"tr"},{"@type":"Organization","@id":"https:\/\/www.fleximat.es\/bn\/#organization","name":"Fleximat","url":"https:\/\/www.fleximat.es\/bn\/","logo":{"@type":"ImageObject","inLanguage":"tr","@id":"https:\/\/www.fleximat.es\/bn\/#\/schema\/logo\/image\/","url":"https:\/\/www.fleximat.es\/wp-content\/uploads\/2023\/11\/fleximat-logo-1.png","contentUrl":"https:\/\/www.fleximat.es\/wp-content\/uploads\/2023\/11\/fleximat-logo-1.png","width":1169,"height":289,"caption":"Fleximat"},"image":{"@id":"https:\/\/www.fleximat.es\/bn\/#\/schema\/logo\/image\/"}}]}},"taxonomy_info":{"product_cat":[{"value":68,"label":"Tubos flexibles, racores y accesorios"},{"value":74,"label":"Tubos y racores gigantes"}]},"featured_image_src_large":["https:\/\/www.fleximat.es\/wp-content\/uploads\/2023\/10\/anillo-torico-1.png",699,699,false],"author_info":[],"comment_info":"","_links":{"self":[{"href":"https:\/\/www.fleximat.es\/tr\/wp-json\/wp\/v2\/product\/1720"}],"collection":[{"href":"https:\/\/www.fleximat.es\/tr\/wp-json\/wp\/v2\/product"}],"about":[{"href":"https:\/\/www.fleximat.es\/tr\/wp-json\/wp\/v2\/types\/product"}],"wp:featuredmedia":[{"embeddable":true,"href":"https:\/\/www.fleximat.es\/tr\/wp-json\/wp\/v2\/media\/2988"}],"wp:attachment":[{"href":"https:\/\/www.fleximat.es\/tr\/wp-json\/wp\/v2\/media?parent=1720"}],"wp:term":[{"taxonomy":"product_cat","embeddable":true,"href":"https:\/\/www.fleximat.es\/tr\/wp-json\/wp\/v2\/product_cat?post=1720"},{"taxonomy":"product_tag","embeddable":true,"href":"https:\/\/www.fleximat.es\/tr\/wp-json\/wp\/v2\/product_tag?post=1720"}],"curies":[{"name":"wp","href":"https:\/\/api.w.org\/{rel}","templated":true}]}}