{"id":1838,"date":"2023-10-18T17:55:20","date_gmt":"2023-10-18T15:55:20","guid":{"rendered":"https:\/\/www.fleximat.es\/?post_type=product&#038;p=1838"},"modified":"2023-10-25T09:00:01","modified_gmt":"2023-10-25T07:00:01","slug":"caja-surtido-punteras-sin-aislar","status":"publish","type":"product","link":"https:\/\/www.fleximat.es\/tr\/urun\/caja-surtido-punteras-sin-aislar\/","title":{"rendered":"Yal\u0131t\u0131ms\u0131z U\u00e7 \u00c7e\u015fitleri Kutusu"},"content":{"rendered":"<h3>\u00dcr\u00fcn A\u00e7\u0131klamas\u0131<\/h3>\n<p>Yal\u0131t\u0131lm\u0131\u015f topraklama halkas\u0131, kablonun ba\u011flant\u0131 \u00f6zelliklerini geli\u015ftirmek i\u00e7in \u00e7ok damarl\u0131 bir kablonun ucuna k\u0131vr\u0131lan hafif, yumu\u015fak bir metal borudur.<\/p>\n<p>Yal\u0131t\u0131lm\u0131\u015f topraklama y\u00fcks\u00fcklerinin \u00e7o\u011fu bak\u0131rdan yap\u0131l\u0131r ve genellikle kalay kapl\u0131d\u0131r. Her halka, hem \u00e7ap hem de uzunluk olarak belirli bir tel \u00f6l\u00e7\u00fcs\u00fc i\u00e7in tasarlanm\u0131\u015ft\u0131r.<\/p>\n<p>Ek olarak, uygulamalar\u0131na ba\u011fl\u0131 olarak \u00e7e\u015fitli burun koruyucu t\u00fcrleri vard\u0131r.<\/p>\n<p>Bunlar aras\u0131nda bobin yal\u0131t\u0131ml\u0131 y\u00fcks\u00fckler, \u00e7ift yal\u0131t\u0131ml\u0131 y\u00fcks\u00fckler, yal\u0131t\u0131ms\u0131z y\u00fcks\u00fckler ve toprak ba\u011flant\u0131l\u0131 yal\u0131t\u0131ml\u0131 y\u00fcks\u00fckler bulunur. Buna, bunlar\u0131 gev\u015fek, kartu\u015flu veya \u00e7e\u015fitli boyutlarda bobinler halinde uygulama olana\u011f\u0131n\u0131 da ekliyoruz. Hepsine sahibiz!<\/p>\n<table width=\"423\">\n<tbody>\n<tr>\n<td width=\"226\">\u0130\u00e7erik<\/td>\n<td width=\"67\">Renk<\/td>\n<td width=\"92\">Sanat No.<\/td>\n<\/tr>\n<tr>\n<td>Tip 1<\/td>\n<td width=\"226\">500x0,25-5\/ 034-5\/<\/p>\n<p>0,50-6\/ 0,75-6\/ 1,00-6<\/td>\n<td>0,25 &#8211; 1,00<\/td>\n<td>025 ABD dolar\u0131<\/td>\n<\/tr>\n<tr>\n<td rowspan=\"3\">Tip 2<\/td>\n<td>500x0,50-6\/ 0,75-6<\/td>\n<td>0,50 &#8211; 2,50<\/td>\n<td rowspan=\"3\">050 ABD dolar\u0131<\/td>\n<\/tr>\n<tr>\n<td>400x1,00-6\/ 300x1,50-7<\/td>\n<td><\/td>\n<\/tr>\n<tr>\n<td>200x2,50-7<\/td>\n<td><\/td>\n<\/tr>\n<tr>\n<td rowspan=\"3\">Tip 3<\/td>\n<td>150x4,00-9<\/td>\n<td rowspan=\"3\">4,00 &#8211; 16,00<\/td>\n<td rowspan=\"3\">400 ABD Dolar\u0131<\/td>\n<\/tr>\n<tr>\n<td>75x6,00-12\/ 10,00-12<\/td>\n<\/tr>\n<tr>\n<td>50x16.00-12<\/td>\n<\/tr>\n<\/tbody>\n<\/table>","protected":false},"excerpt":{"rendered":"<h3>\u00d6zellikler<\/h3>\n<table>\n<tbody>\n<tr>\n<td><strong>Malzeme<\/strong><\/td>\n<td>E-Bak\u0131r \/ PP 105\u00b0<\/td>\n<\/tr>\n<tr>\n<td><strong>Y\u00fczey<\/strong><\/td>\n<td>Cincada<\/td>\n<\/tr>\n<tr>\n<td><strong>Asgari banyo<\/strong><\/td>\n<td>3 \u00b5m<\/td>\n<\/tr>\n<\/tbody>\n<\/table>","protected":false},"featured_media":1861,"template":"","meta":{"_kad_blocks_custom_css":"","_kad_blocks_head_custom_js":"","_kad_blocks_body_custom_js":"","_kad_blocks_footer_custom_js":"","_kadence_starter_templates_imported_post":false,"_kad_post_transparent":"default","_kad_post_title":"","_kad_post_layout":"default","_kad_post_sidebar_id":"","_kad_post_content_style":"default","_kad_post_vertical_padding":"default","_kad_post_feature":"","_kad_post_feature_position":"","_kad_post_header":false,"_kad_post_footer":false},"product_cat":[75,79],"product_tag":[],"class_list":{"0":"post-1838","1":"product","2":"type-product","3":"status-publish","4":"has-post-thumbnail","6":"product_cat-punteras-de-conexion","7":"product_cat-surtido-punteras","9":"first","10":"instock","11":"shipping-taxable","12":"product-type-simple","13":"entry","14":"content-bg","15":"loop-entry"},"yoast_head":"<!-- This site is optimized with the Yoast SEO plugin v21.7 - https:\/\/yoast.com\/wordpress\/plugins\/seo\/ -->\n<title>Caja Surtido Punteras Sin Aislar - Fleximat<\/title>\n<meta name=\"robots\" content=\"index, follow, max-snippet:-1, max-image-preview:large, max-video-preview:-1\" \/>\n<link rel=\"canonical\" href=\"https:\/\/www.fleximat.es\/tr\/urun\/caja-surtido-punteras-sin-aislar\/\" \/>\n<meta property=\"og:locale\" content=\"tr_TR\" \/>\n<meta property=\"og:type\" content=\"article\" \/>\n<meta property=\"og:title\" content=\"Caja Surtido Punteras Sin Aislar - Fleximat\" \/>\n<meta property=\"og:description\" content=\"Caracter\u00edsticas    Material E-Cobre \/ PP 105\u00b0   Superficie Cincada   Ba\u00f1o m\u00ednimo 3\u00b5m\" \/>\n<meta property=\"og:url\" content=\"https:\/\/www.fleximat.es\/tr\/urun\/caja-surtido-punteras-sin-aislar\/\" \/>\n<meta property=\"og:site_name\" content=\"Fleximat\" \/>\n<meta property=\"article:modified_time\" content=\"2023-10-25T07:00:01+00:00\" \/>\n<meta property=\"og:image\" content=\"https:\/\/www.fleximat.es\/wp-content\/uploads\/2023\/10\/th_crop_1568882669caja-surtido-puntera-sin-aislar.png\" \/>\n\t<meta property=\"og:image:width\" content=\"600\" \/>\n\t<meta property=\"og:image:height\" content=\"600\" \/>\n\t<meta property=\"og:image:type\" content=\"image\/png\" \/>\n<meta name=\"twitter:card\" content=\"summary_large_image\" \/>\n<meta name=\"twitter:label1\" content=\"Tahmini okuma s\u00fcresi\" \/>\n\t<meta name=\"twitter:data1\" content=\"1 dakika\" \/>\n<script type=\"application\/ld+json\" class=\"yoast-schema-graph\">{\"@context\":\"https:\/\/schema.org\",\"@graph\":[{\"@type\":\"WebPage\",\"@id\":\"https:\/\/www.fleximat.es\/producto\/caja-surtido-punteras-sin-aislar\/\",\"url\":\"https:\/\/www.fleximat.es\/producto\/caja-surtido-punteras-sin-aislar\/\",\"name\":\"Caja Surtido Punteras Sin Aislar - Fleximat\",\"isPartOf\":{\"@id\":\"https:\/\/www.fleximat.es\/bn\/#website\"},\"datePublished\":\"2023-10-18T15:55:20+00:00\",\"dateModified\":\"2023-10-25T07:00:01+00:00\",\"breadcrumb\":{\"@id\":\"https:\/\/www.fleximat.es\/producto\/caja-surtido-punteras-sin-aislar\/#breadcrumb\"},\"inLanguage\":\"tr\",\"potentialAction\":[{\"@type\":\"ReadAction\",\"target\":[\"https:\/\/www.fleximat.es\/producto\/caja-surtido-punteras-sin-aislar\/\"]}]},{\"@type\":\"BreadcrumbList\",\"@id\":\"https:\/\/www.fleximat.es\/producto\/caja-surtido-punteras-sin-aislar\/#breadcrumb\",\"itemListElement\":[{\"@type\":\"ListItem\",\"position\":1,\"name\":\"Portada\",\"item\":\"https:\/\/www.fleximat.es\/\"},{\"@type\":\"ListItem\",\"position\":2,\"name\":\"Productos\",\"item\":\"https:\/\/www.fleximat.es\/en\/productos\/\"},{\"@type\":\"ListItem\",\"position\":3,\"name\":\"Caja Surtido Punteras Sin Aislar\"}]},{\"@type\":\"WebSite\",\"@id\":\"https:\/\/www.fleximat.es\/bn\/#website\",\"url\":\"https:\/\/www.fleximat.es\/bn\/\",\"name\":\"Fleximat\",\"description\":\"Tu soluci\u00f3n en prensaestopas y tubos flexibles\",\"publisher\":{\"@id\":\"https:\/\/www.fleximat.es\/bn\/#organization\"},\"potentialAction\":[{\"@type\":\"SearchAction\",\"target\":{\"@type\":\"EntryPoint\",\"urlTemplate\":\"https:\/\/www.fleximat.es\/bn\/?s={search_term_string}\"},\"query-input\":\"required name=search_term_string\"}],\"inLanguage\":\"tr\"},{\"@type\":\"Organization\",\"@id\":\"https:\/\/www.fleximat.es\/bn\/#organization\",\"name\":\"Fleximat\",\"url\":\"https:\/\/www.fleximat.es\/bn\/\",\"logo\":{\"@type\":\"ImageObject\",\"inLanguage\":\"tr\",\"@id\":\"https:\/\/www.fleximat.es\/bn\/#\/schema\/logo\/image\/\",\"url\":\"https:\/\/www.fleximat.es\/wp-content\/uploads\/2023\/11\/fleximat-logo-1.png\",\"contentUrl\":\"https:\/\/www.fleximat.es\/wp-content\/uploads\/2023\/11\/fleximat-logo-1.png\",\"width\":1169,\"height\":289,\"caption\":\"Fleximat\"},\"image\":{\"@id\":\"https:\/\/www.fleximat.es\/bn\/#\/schema\/logo\/image\/\"}}]}<\/script>\n<!-- \/ Yoast SEO plugin. -->","yoast_head_json":{"title":"Caja Surtido Punteras Sin Aislar - Fleximat","robots":{"index":"index","follow":"follow","max-snippet":"max-snippet:-1","max-image-preview":"max-image-preview:large","max-video-preview":"max-video-preview:-1"},"canonical":"https:\/\/www.fleximat.es\/tr\/urun\/caja-surtido-punteras-sin-aislar\/","og_locale":"tr_TR","og_type":"article","og_title":"Caja Surtido Punteras Sin Aislar - Fleximat","og_description":"Caracter\u00edsticas    Material E-Cobre \/ PP 105\u00b0   Superficie Cincada   Ba\u00f1o m\u00ednimo 3\u00b5m","og_url":"https:\/\/www.fleximat.es\/tr\/urun\/caja-surtido-punteras-sin-aislar\/","og_site_name":"Fleximat","article_modified_time":"2023-10-25T07:00:01+00:00","og_image":[{"width":600,"height":600,"url":"https:\/\/www.fleximat.es\/wp-content\/uploads\/2023\/10\/th_crop_1568882669caja-surtido-puntera-sin-aislar.png","type":"image\/png"}],"twitter_card":"summary_large_image","twitter_misc":{"Tahmini okuma s\u00fcresi":"1 dakika"},"schema":{"@context":"https:\/\/schema.org","@graph":[{"@type":"WebPage","@id":"https:\/\/www.fleximat.es\/producto\/caja-surtido-punteras-sin-aislar\/","url":"https:\/\/www.fleximat.es\/producto\/caja-surtido-punteras-sin-aislar\/","name":"Caja Surtido Punteras Sin Aislar - Fleximat","isPartOf":{"@id":"https:\/\/www.fleximat.es\/bn\/#website"},"datePublished":"2023-10-18T15:55:20+00:00","dateModified":"2023-10-25T07:00:01+00:00","breadcrumb":{"@id":"https:\/\/www.fleximat.es\/producto\/caja-surtido-punteras-sin-aislar\/#breadcrumb"},"inLanguage":"tr","potentialAction":[{"@type":"ReadAction","target":["https:\/\/www.fleximat.es\/producto\/caja-surtido-punteras-sin-aislar\/"]}]},{"@type":"BreadcrumbList","@id":"https:\/\/www.fleximat.es\/producto\/caja-surtido-punteras-sin-aislar\/#breadcrumb","itemListElement":[{"@type":"ListItem","position":1,"name":"Portada","item":"https:\/\/www.fleximat.es\/"},{"@type":"ListItem","position":2,"name":"Productos","item":"https:\/\/www.fleximat.es\/en\/productos\/"},{"@type":"ListItem","position":3,"name":"Caja Surtido Punteras Sin Aislar"}]},{"@type":"WebSite","@id":"https:\/\/www.fleximat.es\/bn\/#website","url":"https:\/\/www.fleximat.es\/bn\/","name":"Fleximat","description":"Tu soluci\u00f3n en prensaestopas y tubos flexibles","publisher":{"@id":"https:\/\/www.fleximat.es\/bn\/#organization"},"potentialAction":[{"@type":"SearchAction","target":{"@type":"EntryPoint","urlTemplate":"https:\/\/www.fleximat.es\/bn\/?s={search_term_string}"},"query-input":"required name=search_term_string"}],"inLanguage":"tr"},{"@type":"Organization","@id":"https:\/\/www.fleximat.es\/bn\/#organization","name":"Fleximat","url":"https:\/\/www.fleximat.es\/bn\/","logo":{"@type":"ImageObject","inLanguage":"tr","@id":"https:\/\/www.fleximat.es\/bn\/#\/schema\/logo\/image\/","url":"https:\/\/www.fleximat.es\/wp-content\/uploads\/2023\/11\/fleximat-logo-1.png","contentUrl":"https:\/\/www.fleximat.es\/wp-content\/uploads\/2023\/11\/fleximat-logo-1.png","width":1169,"height":289,"caption":"Fleximat"},"image":{"@id":"https:\/\/www.fleximat.es\/bn\/#\/schema\/logo\/image\/"}}]}},"taxonomy_info":{"product_cat":[{"value":75,"label":"Punteras de conexi\u00f3n"},{"value":79,"label":"Surtido Punteras"}]},"featured_image_src_large":["https:\/\/www.fleximat.es\/wp-content\/uploads\/2023\/10\/th_crop_1568882669caja-surtido-puntera-sin-aislar.png",600,600,false],"author_info":[],"comment_info":"","_links":{"self":[{"href":"https:\/\/www.fleximat.es\/tr\/wp-json\/wp\/v2\/product\/1838"}],"collection":[{"href":"https:\/\/www.fleximat.es\/tr\/wp-json\/wp\/v2\/product"}],"about":[{"href":"https:\/\/www.fleximat.es\/tr\/wp-json\/wp\/v2\/types\/product"}],"wp:featuredmedia":[{"embeddable":true,"href":"https:\/\/www.fleximat.es\/tr\/wp-json\/wp\/v2\/media\/1861"}],"wp:attachment":[{"href":"https:\/\/www.fleximat.es\/tr\/wp-json\/wp\/v2\/media?parent=1838"}],"wp:term":[{"taxonomy":"product_cat","embeddable":true,"href":"https:\/\/www.fleximat.es\/tr\/wp-json\/wp\/v2\/product_cat?post=1838"},{"taxonomy":"product_tag","embeddable":true,"href":"https:\/\/www.fleximat.es\/tr\/wp-json\/wp\/v2\/product_tag?post=1838"}],"curies":[{"name":"wp","href":"https:\/\/api.w.org\/{rel}","templated":true}]}}