{"id":1330,"date":"2023-10-10T18:47:04","date_gmt":"2023-10-10T16:47:04","guid":{"rendered":"https:\/\/www.fleximat.es\/?page_id=1330"},"modified":"2023-11-23T10:52:13","modified_gmt":"2023-11-23T09:52:13","slug":"politica-de-cookies","status":"publish","type":"page","link":"https:\/\/www.fleximat.es\/zh\/politica-de-cookies\/","title":{"rendered":"Cookie \u653f\u7b56"},"content":{"rendered":"<h2 class=\"wp-block-heading\">\u4ec0\u4e48\u662fcookie\uff1f<\/h2>\n\n\n\n<p>Cookie \u662f\u5f53\u60a8\u8bbf\u95ee\u67d0\u4e9b\u7f51\u9875\u65f6\u4e0b\u8f7d\u5230\u60a8\u7684\u8ba1\u7b97\u673a\u7684\u6587\u4ef6\u3002 Cookie \u5141\u8bb8\u7f51\u7ad9\u5b58\u50a8\u548c\u68c0\u7d22\u6709\u5173\u7528\u6237\u6216\u5176\u8bbe\u5907\u7684\u6d4f\u89c8\u4e60\u60ef\u7684\u4fe1\u606f\uff0c\u5e76\u4e14\u6839\u636e\u5b83\u4eec\u5305\u542b\u7684\u4fe1\u606f\u4ee5\u53ca\u60a8\u4f7f\u7528\u8bbe\u5907\u7684\u65b9\u5f0f\uff0c\u5b83\u4eec\u53ef\u7528\u4e8e\u8bc6\u522b\u7528\u6237\u3002\u7528\u6237\u7684\u6d4f\u89c8\u5668\u4ec5\u5728\u5f53\u524d\u4f1a\u8bdd\u671f\u95f4\u5c06cookie\u5b58\u50a8\u5728\u786c\u76d8\u4e0a\uff0c\u5360\u7528\u6700\u5c0f\u7684\u5185\u5b58\u7a7a\u95f4\u5e76\u4e14\u4e0d\u4f1a\u635f\u5bb3\u8ba1\u7b97\u673a\u3002 Cookie \u4e0d\u5305\u542b\u4efb\u4f55\u7279\u5b9a\u7684\u4e2a\u4eba\u4fe1\u606f\uff0c\u5e76\u4e14\u5927\u591a\u6570\u4f1a\u5728\u6d4f\u89c8\u5668\u4f1a\u8bdd\u7ed3\u675f\u65f6\u4ece\u786c\u76d8\u9a71\u52a8\u5668\u4e2d\u5220\u9664\uff08\u6240\u8c13\u7684\u4f1a\u8bdd Cookie\uff09\u3002<\/p>\n\n\n\n<p>\u5927\u591a\u6570\u6d4f\u89c8\u5668\u90fd\u63a5\u53d7 cookie \u4f5c\u4e3a\u6807\u51c6\uff0c\u5e76\u4e14\u72ec\u7acb\u4e8e\u5b83\u4eec\uff0c\u5728\u5b89\u5168\u8bbe\u7f6e\u4e2d\u5141\u8bb8\u6216\u963b\u6b62\u4e34\u65f6\u6216\u8bb0\u5fc6\u7684 cookie\u3002<\/p>\n\n\n\n<p>\u672a\u7ecf\u60a8\u660e\u786e\u540c\u610f\uff08\u901a\u8fc7\u5728\u6d4f\u89c8\u5668\u4e2d\u6fc0\u6d3b cookie\uff09\uff0c\u672c\u9875\u9762\u4e0d\u4f1a\u5728 cookie \u4e2d\u94fe\u63a5\u4e0e\u60a8\u5728\u6ce8\u518c\u6216\u8d2d\u4e70\u65f6\u63d0\u4f9b\u7684\u4e2a\u4eba\u6570\u636e\u4e00\u8d77\u5b58\u50a8\u7684\u6570\u636e\u3002<\/p>\n\n\n\n<p><strong>\u8be5\u7f51\u7ad9\u4f7f\u7528\u4ec0\u4e48\u7c7b\u578b\u7684 cookie\uff1f<\/strong><\/p>\n\n\n\n<ul class=\"wp-block-list\">\n<li>\u6280\u672f cookie\uff1a\u8fd9\u4e9b cookie \u5141\u8bb8\u7528\u6237\u6d4f\u89c8\u7f51\u9875\u3001\u5e73\u53f0\u6216\u5e94\u7528\u7a0b\u5e8f\u5e76\u4f7f\u7528\u5176\u4e2d\u5b58\u5728\u7684\u4e0d\u540c\u9009\u9879\u6216\u670d\u52a1\uff0c\u4f8b\u5982\u63a7\u5236\u6d41\u91cf\u548c\u6570\u636e\u901a\u4fe1\u3001\u8bc6\u522b\u4f1a\u8bdd\u3001\u8bbf\u95ee\u53d7\u9650\u8bbf\u95ee\u90e8\u5206\uff0c\u8bb0\u4f4f\u6784\u6210\u8ba2\u5355\u7684\u5143\u7d20\uff0c\u6267\u884c\u8ba2\u5355\u7684\u8d2d\u4e70\u6d41\u7a0b\uff0c\u63d0\u51fa\u6ce8\u518c\u6216\u53c2\u4e0e\u6d3b\u52a8\u7684\u8bf7\u6c42\uff0c\u5728\u5bfc\u822a\u8fc7\u7a0b\u4e2d\u4f7f\u7528\u5b89\u5168\u5143\u7d20\uff0c\u5b58\u50a8\u7528\u4e8e\u4f20\u64ad\u89c6\u9891\u6216\u58f0\u97f3\u7684\u5185\u5bb9\u6216\u901a\u8fc7\u793e\u4ea4\u5206\u4eab\u5185\u5bb9\u7f51\u7edc\u3002<\/li>\n\n\n\n<li>\u4e2a\u6027\u5316 cookie\uff1a\u8fd9\u4e9b cookie \u5141\u8bb8\u7528\u6237\u6839\u636e\u7528\u6237\u7ec8\u7aef\u4e0a\u7684\u4e00\u7cfb\u5217\u6807\u51c6\u6765\u8bbf\u95ee\u5177\u6709\u4e00\u4e9b\u9884\u5b9a\u4e49\u4e00\u822c\u7279\u5f81\u7684\u670d\u52a1\uff0c\u4f8b\u5982\u8bed\u8a00\u3001\u7528\u6237\u8bbf\u95ee\u670d\u52a1\u6240\u4f7f\u7528\u7684\u6d4f\u89c8\u5668\u7c7b\u578b\u3001\u533a\u57df\u8bbe\u7f6e\u4ece\u60a8\u8bbf\u95ee\u670d\u52a1\u7684\u4f4d\u7f6e\u7b49<\/li>\n\n\n\n<li>\u5206\u6790 cookie\uff1a\u8fd9\u4e9b cookie \u7ecf\u6211\u4eec\u6216\u7b2c\u4e09\u65b9\u59a5\u5584\u5904\u7406\uff0c\u4f7f\u6211\u4eec\u80fd\u591f\u91cf\u5316\u7528\u6237\u6570\u91cf\uff0c\u4ece\u800c\u5bf9\u6240\u63d0\u4f9b\u670d\u52a1\u7684\u7528\u6237\u4f7f\u7528\u60c5\u51b5\u8fdb\u884c\u6d4b\u91cf\u548c\u7edf\u8ba1\u5206\u6790\u3002\u4e3a\u6b64\uff0c\u6211\u4eec\u4f1a\u5206\u6790\u60a8\u5728\u6211\u4eec\u7f51\u7ad9\u4e0a\u7684\u5bfc\u822a\uff0c\u4ee5\u6539\u8fdb\u6211\u4eec\u63d0\u4f9b\u7684\u4ea7\u54c1\u6216\u670d\u52a1\u3002<\/li>\n\n\n\n<li>\u5e7f\u544a cookie\uff1a\u65e0\u8bba\u662f\u7531\u6211\u4eec\u8fd8\u662f\u7531\u7b2c\u4e09\u65b9\u5904\u7406\uff0c\u8fd9\u4e9b cookie \u90fd\u5141\u8bb8\u6211\u4eec\u4ee5\u6700\u6709\u6548\u7684\u65b9\u5f0f\u7ba1\u7406\u7f51\u7ad9\u4e0a\u5e7f\u544a\u7a7a\u95f4\u7684\u63d0\u4f9b\uff0c\u4f7f\u5e7f\u544a\u5185\u5bb9\u9002\u5e94\u6240\u8bf7\u6c42\u670d\u52a1\u7684\u5185\u5bb9\u6216\u60a8\u4ece\u6211\u4eec\u7684\u7f51\u7ad9\u8fdb\u884c\u7684\u4f7f\u7528\u3002\u4e3a\u6b64\uff0c\u6211\u4eec\u53ef\u4ee5\u5206\u6790\u60a8\u7684\u4e92\u8054\u7f51\u6d4f\u89c8\u4e60\u60ef\uff0c\u5e76\u5411\u60a8\u5c55\u793a\u4e0e\u60a8\u7684\u6d4f\u89c8\u4e2a\u4eba\u8d44\u6599\u76f8\u5173\u7684\u5e7f\u544a\u3002<\/li>\n\n\n\n<li>\u884c\u4e3a\u5e7f\u544a cookie\uff1a\u8fd9\u4e9b cookie \u5141\u8bb8\u4ee5\u5c3d\u53ef\u80fd\u6700\u6709\u6548\u7684\u65b9\u5f0f\u7ba1\u7406\u5e7f\u544a\u7a7a\u95f4\uff0c\u7f16\u8f91\u8005\u5728\u9002\u5f53\u7684\u60c5\u51b5\u4e0b\u5c06\u5e7f\u544a\u7a7a\u95f4\u5305\u542b\u5728\u63d0\u4f9b\u6240\u8bf7\u6c42\u670d\u52a1\u7684\u7f51\u9875\u3001\u5e94\u7528\u7a0b\u5e8f\u6216\u5e73\u53f0\u4e2d\u3002\u8fd9\u4e9b cookie \u5b58\u50a8\u901a\u8fc7\u6301\u7eed\u89c2\u5bdf\u7528\u6237\u6d4f\u89c8\u4e60\u60ef\u800c\u83b7\u5f97\u7684\u7528\u6237\u884c\u4e3a\u4fe1\u606f\uff0c\u4ece\u800c\u5141\u8bb8\u5f00\u53d1\u7279\u5b9a\u7684\u914d\u7f6e\u6587\u4ef6\u4ee5\u57fa\u4e8e\u8be5\u914d\u7f6e\u6587\u4ef6\u663e\u793a\u5e7f\u544a\u3002<\/li>\n<\/ul>\n\n\n\n<h2 class=\"wp-block-heading\">\u7b2c\u4e09\u65b9 cookie<\/h2>\n\n\n\n<p>\u672c\u7f51\u7ad9\u53ef\u80fd\u4f1a\u4f7f\u7528\u7b2c\u4e09\u65b9\u670d\u52a1\uff0c\u8fd9\u4e9b\u670d\u52a1\u5c06\u6536\u96c6\u4fe1\u606f\u7528\u4e8e\u7edf\u8ba1\u76ee\u7684\u3001\u7528\u6237\u5bf9\u672c\u7f51\u7ad9\u7684\u4f7f\u7528\u4ee5\u53ca\u63d0\u4f9b\u4e0e\u672c\u7f51\u7ad9\u6d3b\u52a8\u548c\u5176\u4ed6\u4e92\u8054\u7f51\u670d\u52a1\u76f8\u5173\u7684\u5176\u4ed6\u670d\u52a1\u3002<\/p>\n\n\n\n<p>\u7279\u522b\u662f\uff0c\u672c\u7f51\u7ad9\u4f7f\u7528\uff1a<\/p>\n\n\n\n<ul class=\"wp-block-list\">\n<li>\u997c\u5e72&nbsp;<a href=\"http:\/\/www.google.com\/intl\/es\/analytics\/privacyoverview.html\" target=\"_blank\" rel=\"noreferrer noopener\">\u8c37\u6b4c\u5206\u6790<\/a>- \u7528\u4e8e\u5206\u6790\u548c\u8861\u91cf\u8bbf\u95ee\u8005\u5982\u4f55\u4f7f\u7528\u672c\u7f51\u7ad9\u7684\u76ee\u7684\u3002\u8fd9\u4e9b\u4fe1\u606f\u7528\u4e8e\u51c6\u5907\u62a5\u544a\uff0c\u4ee5\u4fbf\u6211\u4eec\u6539\u8fdb\u672c\u7f51\u7ad9\u3002\u662f<em>\u997c\u5e72<\/em>\u533f\u540d\u6536\u96c6\u4fe1\u606f\uff0c\u5305\u62ec\u7f51\u7ad9\u8bbf\u95ee\u8005\u6570\u91cf\u3001\u4ed6\u4eec\u5982\u4f55\u5230\u8fbe\u7f51\u7ad9\u4ee5\u53ca\u60a8\u5728\u6d4f\u89c8\u6211\u4eec\u7f51\u7ad9\u65f6\u8bbf\u95ee\u7684\u9875\u9762\u3002<\/li>\n\n\n\n<li>\u997c\u5e72&nbsp;<a href=\"https:\/\/support.google.com\/youtube\/answer\/2407785?hl=es-419\" target=\"_blank\" rel=\"noreferrer noopener\">YouTube<\/a>\uff1a\u7528\u4e8e\u7edf\u8ba1\u5176\u4ed6\u7f51\u7ad9\u5d4c\u5165\u89c6\u9891\u7684\u89c2\u770b\u6b21\u6570\u3002<\/li>\n\n\n\n<li>\u997c\u5e72&nbsp;<a href=\"http:\/\/www.addthis.com\/privacy\" target=\"_blank\" rel=\"noreferrer noopener\">\u6dfb\u52a0\u8fd9\u4e2a<\/a>\uff1a\u662f\u4e00\u5bb6\u6280\u672f\u516c\u53f8\uff0c\u5141\u8bb8\u7f51\u7ad9\u53ca\u5176\u7528\u6237\u901a\u8fc7\u5171\u4eab\u56fe\u6807\u548c\u793e\u4ea4\u4e66\u7b7e\u76ee\u7684\u5730\u8f7b\u677e\u5730\u4e0e\u4ed6\u4eba\u5171\u4eab\u5185\u5bb9\u3002 AddThis cookie \u7528\u4e8e\u5171\u4eab\u5185\u5bb9\u3002 AddThis \u8fd8\u7528\u4e8e\u6536\u96c6\u6709\u5173\u5982\u4f55\u5171\u4eab\u7f51\u7ad9\u5185\u5bb9\u7684\u4fe1\u606f\u3002 Cookie \u6709\u52a9\u4e8e\u552f\u4e00\u5730\u8bc6\u522b\u7528\u6237\uff08\u867d\u7136\u4e0d\u662f\u4e2a\u4eba\uff0c\u800c\u662f\u5730\u5740\uff09\uff0c\u4ee5\u514d\u5728\u6307\u5b9a\u7684\u65f6\u95f4\u5185\u91cd\u590d\u4efb\u52a1\u3002<\/li>\n\n\n\n<li>\u5176\u4ed6\u4e2a\u6027\u5316 cookie\uff1a\u8fd9\u4e9b cookie \u5141\u8bb8\u7528\u6237\u6307\u5b9a\u6216\u4e2a\u6027\u5316\u7f51\u7ad9\u4e00\u822c\u9009\u9879\u7684\u67d0\u4e9b\u7279\u5f81\u3002\u4f8b\u5982\uff0c\u5b9a\u4e49\u8bed\u8a00\u3001\u533a\u57df\u8bbe\u7f6e\u6216\u6d4f\u89c8\u5668\u7c7b\u578b\u3002<a href=\"http:\/\/www.addthis.com\/privacy\" target=\"_blank\" rel=\"noreferrer noopener\">\u6dfb\u52a0\u8fd9\u4e2a<\/a><br><a href=\"https:\/\/es-es.facebook.com\/help\/cookies\" target=\"_blank\" rel=\"noreferrer noopener\">Facebook<\/a><br><a href=\"https:\/\/twitter.com\/privacy\" target=\"_blank\" rel=\"noreferrer noopener\">\u63a8\u7279<\/a><br><a href=\"http:\/\/www.google.es\/intl\/es\/policies\/technologies\/types\/\" target=\"_blank\" rel=\"noreferrer noopener\">\u8c37\u6b4c<\/a><br><a href=\"https:\/\/support.google.com\/youtube\/answer\/2407785?hl=es-419\" target=\"_blank\" rel=\"noreferrer noopener\">YouTube<\/a>\u7528\u6237\u901a\u8fc7\u4f7f\u7528\u672c\u7f51\u7ad9\u660e\u786e\u540c\u610f\u4ee5\u4e0a\u8ff0\u65b9\u5f0f\u548c\u76ee\u7684\u5904\u7406\u6240\u6536\u96c6\u7684\u4fe1\u606f\u3002\u60a8\u8fd8\u627f\u8ba4\uff0c\u60a8\u77e5\u9053\u53ef\u4ee5\u901a\u8fc7\u5728\u6d4f\u89c8\u5668\u4e2d\u4e3a\u6b64\u76ee\u7684\u9009\u62e9\u9002\u5f53\u7684\u8bbe\u7f6e\u6765\u62d2\u7edd\u4f7f\u7528 Cookie\uff0c\u4ece\u800c\u62d2\u7edd\u5904\u7406\u6b64\u7c7b\u6570\u636e\u6216\u4fe1\u606f\u3002\u5c3d\u7ba1\u6b64\u9009\u9879\u963b\u6b62\u6d4f\u89c8\u5668\u4e2d\u7684 Cookie \u53ef\u80fd\u65e0\u6cd5\u8ba9\u60a8\u5145\u5206\u4f7f\u7528\u7f51\u7ad9\u7684\u6240\u6709\u529f\u80fd<\/li>\n<\/ul>\n\n\n\n<p>\u60a8\u53ef\u4ee5\u901a\u8fc7\u914d\u7f6e\u8ba1\u7b97\u673a\u4e0a\u5b89\u88c5\u7684\u6d4f\u89c8\u5668\u7684\u9009\u9879\u6765\u5141\u8bb8\u3001\u963b\u6b62\u6216\u5220\u9664\u8ba1\u7b97\u673a\u4e0a\u5b89\u88c5\u7684 cookie\uff1a<\/p>\n\n\n\n<ul class=\"wp-block-list\">\n<li><a href=\"http:\/\/support.google.com\/chrome\/bin\/answer.py?hl=es&amp;answer=95647\" target=\"_blank\" rel=\"noreferrer noopener\">\u94ec\u5408\u91d1<\/a><\/li>\n\n\n\n<li><a href=\"http:\/\/windows.microsoft.com\/es-es\/windows7\/how-to-manage-cookies-in-internet-explorer-9\" target=\"_blank\" rel=\"noreferrer noopener\">\u63a2\u9669\u5bb6<\/a><\/li>\n\n\n\n<li><a href=\"http:\/\/support.mozilla.org\/es\/kb\/habilitar-y-deshabilitar-cookies-que-los-sitios-we\" target=\"_blank\" rel=\"noreferrer noopener\">\u706b\u72d0\u6d4f\u89c8\u5668<\/a><\/li>\n\n\n\n<li><a href=\"http:\/\/support.apple.com\/kb\/ph5042\" target=\"_blank\" rel=\"noreferrer noopener\">\u82f9\u679c\u6d4f\u89c8\u5668<\/a><\/li>\n<\/ul>\n\n\n\n<p>\u5982\u679c\u60a8\u5bf9\u6b64 cookie \u653f\u7b56\u6709\u7591\u95ee\uff0c\u53ef\u4ee5\u901a\u8fc7\u4ee5\u4e0b\u65b9\u5f0f\u8054\u7cfb\u6211\u4eec\uff1a&nbsp;<a href=\"mailto:comercial@fleximat.es\">comercial@fleximat.es<\/a><\/p>","protected":false},"excerpt":{"rendered":"<p>\u00bfQu\u00e9 son las cookies? Cookie es un fichero que se descarga en su ordenador al acceder a determinadas p\u00e1ginas web. Las cookies permiten a una p\u00e1gina web, entre otras cosas, almacenar y recuperar informaci\u00f3n sobre los h\u00e1bitos de navegaci\u00f3n de un usuario o de su equipo y, dependiendo de la informaci\u00f3n que contengan y de&#8230;<\/p>","protected":false},"author":1,"featured_media":0,"parent":0,"menu_order":17,"comment_status":"closed","ping_status":"closed","template":"","meta":{"_kad_blocks_custom_css":"","_kad_blocks_head_custom_js":"","_kad_blocks_body_custom_js":"","_kad_blocks_footer_custom_js":"","_kadence_starter_templates_imported_post":false,"_kad_post_transparent":"","_kad_post_title":"","_kad_post_layout":"","_kad_post_sidebar_id":"","_kad_post_content_style":"","_kad_post_vertical_padding":"","_kad_post_feature":"","_kad_post_feature_position":"","_kad_post_header":false,"_kad_post_footer":false,"footnotes":""},"class_list":["post-1330","page","type-page","status-publish","hentry"],"yoast_head":"<!-- This site is optimized with the Yoast SEO plugin v21.7 - https:\/\/yoast.com\/wordpress\/plugins\/seo\/ -->\n<title>Pol\u00edtica de Cookies - Fleximat<\/title>\n<meta name=\"robots\" content=\"index, follow, max-snippet:-1, max-image-preview:large, max-video-preview:-1\" \/>\n<link rel=\"canonical\" href=\"https:\/\/www.fleximat.es\/zh\/politica-de-cookies\/\" \/>\n<meta property=\"og:locale\" content=\"zh_CN\" \/>\n<meta property=\"og:type\" content=\"article\" \/>\n<meta property=\"og:title\" content=\"Pol\u00edtica de Cookies - Fleximat\" \/>\n<meta property=\"og:description\" content=\"\u00bfQu\u00e9 son las cookies? Cookie es un fichero que se descarga en su ordenador al acceder a determinadas p\u00e1ginas web. Las cookies permiten a una p\u00e1gina web, entre otras cosas, almacenar y recuperar informaci\u00f3n sobre los h\u00e1bitos de navegaci\u00f3n de un usuario o de su equipo y, dependiendo de la informaci\u00f3n que contengan y de...\" \/>\n<meta property=\"og:url\" content=\"https:\/\/www.fleximat.es\/zh\/politica-de-cookies\/\" \/>\n<meta property=\"og:site_name\" content=\"Fleximat\" \/>\n<meta property=\"article:modified_time\" content=\"2023-11-23T09:52:13+00:00\" \/>\n<meta name=\"twitter:card\" content=\"summary_large_image\" \/>\n<meta name=\"twitter:label1\" content=\"\u9884\u8ba1\u9605\u8bfb\u65f6\u95f4\" \/>\n\t<meta name=\"twitter:data1\" content=\"5 \u5206\" \/>\n<script type=\"application\/ld+json\" class=\"yoast-schema-graph\">{\"@context\":\"https:\/\/schema.org\",\"@graph\":[{\"@type\":\"WebPage\",\"@id\":\"https:\/\/www.fleximat.es\/politica-de-cookies\/\",\"url\":\"https:\/\/www.fleximat.es\/politica-de-cookies\/\",\"name\":\"Pol\u00edtica de Cookies - Fleximat\",\"isPartOf\":{\"@id\":\"https:\/\/www.fleximat.es\/bn\/#website\"},\"datePublished\":\"2023-10-10T16:47:04+00:00\",\"dateModified\":\"2023-11-23T09:52:13+00:00\",\"breadcrumb\":{\"@id\":\"https:\/\/www.fleximat.es\/politica-de-cookies\/#breadcrumb\"},\"inLanguage\":\"zh-Hans\",\"potentialAction\":[{\"@type\":\"ReadAction\",\"target\":[\"https:\/\/www.fleximat.es\/politica-de-cookies\/\"]}]},{\"@type\":\"BreadcrumbList\",\"@id\":\"https:\/\/www.fleximat.es\/politica-de-cookies\/#breadcrumb\",\"itemListElement\":[{\"@type\":\"ListItem\",\"position\":1,\"name\":\"Portada\",\"item\":\"https:\/\/www.fleximat.es\/\"},{\"@type\":\"ListItem\",\"position\":2,\"name\":\"Pol\u00edtica de Cookies\"}]},{\"@type\":\"WebSite\",\"@id\":\"https:\/\/www.fleximat.es\/bn\/#website\",\"url\":\"https:\/\/www.fleximat.es\/bn\/\",\"name\":\"Fleximat\",\"description\":\"Tu soluci\u00f3n en prensaestopas y tubos flexibles\",\"publisher\":{\"@id\":\"https:\/\/www.fleximat.es\/bn\/#organization\"},\"potentialAction\":[{\"@type\":\"SearchAction\",\"target\":{\"@type\":\"EntryPoint\",\"urlTemplate\":\"https:\/\/www.fleximat.es\/bn\/?s={search_term_string}\"},\"query-input\":\"required name=search_term_string\"}],\"inLanguage\":\"zh-Hans\"},{\"@type\":\"Organization\",\"@id\":\"https:\/\/www.fleximat.es\/bn\/#organization\",\"name\":\"Fleximat\",\"url\":\"https:\/\/www.fleximat.es\/bn\/\",\"logo\":{\"@type\":\"ImageObject\",\"inLanguage\":\"zh-Hans\",\"@id\":\"https:\/\/www.fleximat.es\/bn\/#\/schema\/logo\/image\/\",\"url\":\"https:\/\/www.fleximat.es\/wp-content\/uploads\/2023\/11\/fleximat-logo-1.png\",\"contentUrl\":\"https:\/\/www.fleximat.es\/wp-content\/uploads\/2023\/11\/fleximat-logo-1.png\",\"width\":1169,\"height\":289,\"caption\":\"Fleximat\"},\"image\":{\"@id\":\"https:\/\/www.fleximat.es\/bn\/#\/schema\/logo\/image\/\"}}]}<\/script>\n<!-- \/ Yoast SEO plugin. -->","yoast_head_json":{"title":"Pol\u00edtica de Cookies - Fleximat","robots":{"index":"index","follow":"follow","max-snippet":"max-snippet:-1","max-image-preview":"max-image-preview:large","max-video-preview":"max-video-preview:-1"},"canonical":"https:\/\/www.fleximat.es\/zh\/politica-de-cookies\/","og_locale":"zh_CN","og_type":"article","og_title":"Pol\u00edtica de Cookies - Fleximat","og_description":"\u00bfQu\u00e9 son las cookies? Cookie es un fichero que se descarga en su ordenador al acceder a determinadas p\u00e1ginas web. Las cookies permiten a una p\u00e1gina web, entre otras cosas, almacenar y recuperar informaci\u00f3n sobre los h\u00e1bitos de navegaci\u00f3n de un usuario o de su equipo y, dependiendo de la informaci\u00f3n que contengan y de...","og_url":"https:\/\/www.fleximat.es\/zh\/politica-de-cookies\/","og_site_name":"Fleximat","article_modified_time":"2023-11-23T09:52:13+00:00","twitter_card":"summary_large_image","twitter_misc":{"\u9884\u8ba1\u9605\u8bfb\u65f6\u95f4":"5 \u5206"},"schema":{"@context":"https:\/\/schema.org","@graph":[{"@type":"WebPage","@id":"https:\/\/www.fleximat.es\/politica-de-cookies\/","url":"https:\/\/www.fleximat.es\/politica-de-cookies\/","name":"Pol\u00edtica de Cookies - Fleximat","isPartOf":{"@id":"https:\/\/www.fleximat.es\/bn\/#website"},"datePublished":"2023-10-10T16:47:04+00:00","dateModified":"2023-11-23T09:52:13+00:00","breadcrumb":{"@id":"https:\/\/www.fleximat.es\/politica-de-cookies\/#breadcrumb"},"inLanguage":"zh-Hans","potentialAction":[{"@type":"ReadAction","target":["https:\/\/www.fleximat.es\/politica-de-cookies\/"]}]},{"@type":"BreadcrumbList","@id":"https:\/\/www.fleximat.es\/politica-de-cookies\/#breadcrumb","itemListElement":[{"@type":"ListItem","position":1,"name":"Portada","item":"https:\/\/www.fleximat.es\/"},{"@type":"ListItem","position":2,"name":"Pol\u00edtica de Cookies"}]},{"@type":"WebSite","@id":"https:\/\/www.fleximat.es\/bn\/#website","url":"https:\/\/www.fleximat.es\/bn\/","name":"Fleximat","description":"Tu soluci\u00f3n en prensaestopas y tubos flexibles","publisher":{"@id":"https:\/\/www.fleximat.es\/bn\/#organization"},"potentialAction":[{"@type":"SearchAction","target":{"@type":"EntryPoint","urlTemplate":"https:\/\/www.fleximat.es\/bn\/?s={search_term_string}"},"query-input":"required name=search_term_string"}],"inLanguage":"zh-Hans"},{"@type":"Organization","@id":"https:\/\/www.fleximat.es\/bn\/#organization","name":"Fleximat","url":"https:\/\/www.fleximat.es\/bn\/","logo":{"@type":"ImageObject","inLanguage":"zh-Hans","@id":"https:\/\/www.fleximat.es\/bn\/#\/schema\/logo\/image\/","url":"https:\/\/www.fleximat.es\/wp-content\/uploads\/2023\/11\/fleximat-logo-1.png","contentUrl":"https:\/\/www.fleximat.es\/wp-content\/uploads\/2023\/11\/fleximat-logo-1.png","width":1169,"height":289,"caption":"Fleximat"},"image":{"@id":"https:\/\/www.fleximat.es\/bn\/#\/schema\/logo\/image\/"}}]}},"taxonomy_info":[],"featured_image_src_large":false,"author_info":{"display_name":"eloi","author_link":"https:\/\/www.fleximat.es\/zh\/author\/eloi\/"},"comment_info":0,"_links":{"self":[{"href":"https:\/\/www.fleximat.es\/zh\/wp-json\/wp\/v2\/pages\/1330"}],"collection":[{"href":"https:\/\/www.fleximat.es\/zh\/wp-json\/wp\/v2\/pages"}],"about":[{"href":"https:\/\/www.fleximat.es\/zh\/wp-json\/wp\/v2\/types\/page"}],"author":[{"embeddable":true,"href":"https:\/\/www.fleximat.es\/zh\/wp-json\/wp\/v2\/users\/1"}],"replies":[{"embeddable":true,"href":"https:\/\/www.fleximat.es\/zh\/wp-json\/wp\/v2\/comments?post=1330"}],"version-history":[{"count":0,"href":"https:\/\/www.fleximat.es\/zh\/wp-json\/wp\/v2\/pages\/1330\/revisions"}],"wp:attachment":[{"href":"https:\/\/www.fleximat.es\/zh\/wp-json\/wp\/v2\/media?parent=1330"}],"curies":[{"name":"wp","href":"https:\/\/api.w.org\/{rel}","templated":true}]}}