{"id":1503,"date":"2023-10-18T17:52:25","date_gmt":"2023-10-18T15:52:25","guid":{"rendered":"https:\/\/www.fleximat.es\/?post_type=product&#038;p=1503"},"modified":"2023-12-03T12:47:32","modified_gmt":"2023-12-03T11:47:32","slug":"prensaestopas-metrica-metalico-ip-68","status":"publish","type":"product","link":"https:\/\/www.fleximat.es\/zh\/product\/prensaestopas-metrica-metalico-ip-68\/","title":{"rendered":"\u516c\u5236\u91d1\u5c5e\u7535\u7f06\u5bc6\u5c01\u5957 IP-68"},"content":{"rendered":"<h4>\u7279\u6027<\/h4>\n<p>\u6613\u4e8e\u7ec4\u88c5<br \/>\n\u4e0d\u542b\u5364\u7d20<br \/>\n\u63d0\u4f9b\u957f\u87ba\u7eb9<\/p>\n<h3>\u4ea7\u54c1\u63cf\u8ff0<\/h3>\n<p>\u91d1\u5c5e\u7535\u7f06\u5bc6\u5c01\u5957\u662f\u4e00\u79cd\u5141\u8bb8\u5728\u4e00\u7aef\u8fdb\u884c\u538b\u7f29\u5bc6\u5c01\uff0c\u540c\u65f6\u786e\u4fdd\u4f7f\u7528\u5916\u87ba\u7eb9\u4e0e\u53e6\u4e00\u7aef\u8fde\u63a5\u7684\u90e8\u4ef6\u3002<\/p>\n<p>\u91d1\u5c5e\u7535\u7f06\u5bc6\u5c01\u5957\u5177\u6709\u591a\u79cd\u7279\u6027\uff0c\u65e0\u8bba\u662f\u673a\u68b0\u3001\u5316\u5b66\u8fd8\u662f\u6027\u80fd\u3002\u7535\u7f06\u5bc6\u5c01\u5957\u7ec4\u88c5\u5feb\u901f\u4e14\u6613\u4e8e\u5b89\u88c5\u3002\u5b83\u4eec\u5177\u6709\u5f88\u5bbd\u7684\u5de5\u4f5c\u6e29\u5ea6\u8303\u56f4\u3002<\/p>\n<p>\u4ece\u673a\u68b0\u89d2\u5ea6\u6765\u770b\uff0c\u5b83\u4eec\u53ef\u4ee5\u627f\u53d7\u5e76\u5438\u6536\u4efb\u4f55\u7c7b\u578b\u7684\u62c9\u529b\u3001\u632f\u52a8\u548c\u51b2\u51fb\u3002<\/p>\n<p>\u91d1\u5c5e\u7535\u7f06\u5bc6\u5c01\u5957\u5b58\u5728\u4e8e\u4efb\u4f55\u9700\u8981\u6301\u7eed\u4f9b\u7535\u7684\u88c5\u7f6e\u3001\u673a\u68b0\u6216\u8bbe\u5907\u4e2d\uff0c\u5e76\u8d1f\u8d23\u786e\u4fdd\u5176\u8fde\u63a5\u3002<\/p>\n<div class=\"table-responsive\">\n<table class=\"table table-bordered table-striped\">\n<thead>\n<tr>\n<td>AG\u87ba\u7eb9<\/td>\n<td>\u4ee3\u7801<\/td>\n<td>\u5514<\/td>\n<td>\u603b\u957f\u5ea6\u6beb\u7c73<\/td>\n<td>\u9aa8\u5bc6\u5ea6<\/td>\n<td>\u5398\u7c73<\/td>\n<td>\u6beb\u7c73<\/td>\n<\/tr>\n<\/thead>\n<tbody>\n<tr>\n<td>\u4e2d\u53f712\u00d71.5<\/td>\n<td>\u5965\u59c6\u582101<\/td>\n<td>22<\/td>\n<td>6<\/td>\n<td>14<\/td>\n<td>14<\/td>\n<td>3 &#8211; 6,5<\/td>\n<\/tr>\n<tr>\n<td>\u4e2d\u53f716\u00d71.5<\/td>\n<td>\u5965\u59c6\u582102<\/td>\n<td>23<\/td>\n<td>7<\/td>\n<td>18<\/td>\n<td>17<\/td>\n<td>4 &#8211; 8<\/td>\n<\/tr>\n<tr>\n<td>\u4e2d\u53f720\u00d71.5<\/td>\n<td>OMBG 03RS<\/td>\n<td>26,5<\/td>\n<td>8<\/td>\n<td>22<\/td>\n<td>22<\/td>\n<td>4 &#8211; 10<\/td>\n<\/tr>\n<tr>\n<td>\u4e2d\u53f720\u00d71.5<\/td>\n<td>\u5965\u59c6\u582103<\/td>\n<td>26,5<\/td>\n<td>8<\/td>\n<td>22<\/td>\n<td>22<\/td>\n<td>6 &#8211; 12<\/td>\n<\/tr>\n<tr>\n<td>\u4e2d\u53f725\u00d71.5<\/td>\n<td>\u5965\u59c6\u582104<\/td>\n<td>28<\/td>\n<td>8<\/td>\n<td>27<\/td>\n<td>24<\/td>\n<td>10 &#8211; 14<\/td>\n<\/tr>\n<tr>\n<td>\u4e2d\u53f732\u00d71.5<\/td>\n<td>\u5965\u59c6\u582105<\/td>\n<td>31,5<\/td>\n<td>9<\/td>\n<td>34<\/td>\n<td>30<\/td>\n<td>13 &#8211; 18<\/td>\n<\/tr>\n<tr>\n<td>\u4e2d\u53f740\u00d71.5<\/td>\n<td>\u5965\u59c6\u582106<\/td>\n<td>38<\/td>\n<td>9<\/td>\n<td>43<\/td>\n<td>40<\/td>\n<td>18 &#8211; 25<\/td>\n<\/tr>\n<tr>\n<td>\u4e2d\u53f750\u00d71.5<\/td>\n<td>\u5965\u59c6\u582107<\/td>\n<td>43<\/td>\n<td>9<\/td>\n<td>55<\/td>\n<td>50<\/td>\n<td>22 &#8211; 32<\/td>\n<\/tr>\n<tr>\n<td>\u4e2d\u53f763\u00d71.5<\/td>\n<td>\u5965\u59c6\u582108<\/td>\n<td>48<\/td>\n<td>14<\/td>\n<td>68<\/td>\n<td>64<\/td>\n<td>33-44<\/td>\n<\/tr>\n<tr>\n<td>\u4e2d\u53f775\u00d71.5<\/td>\n<td>\u5965\u59c6\u582109<\/td>\n<td>&#8211;<\/td>\n<td>15\/20<\/td>\n<td>85<\/td>\n<td>&#8211;<\/td>\n<td>43-53<\/td>\n<\/tr>\n<tr>\n<td>\u4e2d\u53f775\u00d71.5<\/td>\n<td>\u5965\u59c6\u582110<\/td>\n<td>&#8211;<\/td>\n<td>15\/20<\/td>\n<td>85<\/td>\n<td>&#8211;<\/td>\n<td>53-60<\/td>\n<\/tr>\n<\/tbody>\n<\/table>\n<\/div>","protected":false},"excerpt":{"rendered":"<h3>\u6750\u6599<\/h3>\n<table>\n<tbody>\n<tr>\n<td><strong>\u5e3d\u5b50<\/strong><\/td>\n<td>\u9540\u954d\u9ec4\u94dc<\/td>\n<\/tr>\n<tr>\n<td><strong>\u5bc6\u5c01\u57ab\u7247<\/strong><\/td>\n<td>\u9500\u552e\u70b9<\/td>\n<\/tr>\n<tr>\n<td><strong>O \u578b\u5708<\/strong><\/td>\n<td>\u4e01\u8148\u6a61\u80f6<\/td>\n<\/tr>\n<tr>\n<td><strong>\u87ba\u7eb9\u7c7b\u578b<\/strong><\/td>\n<td>\u516c\u5236 (EN 60423)<\/td>\n<\/tr>\n<tr>\n<td><strong>\u677e\u7d27\u5ea6<\/strong><\/td>\n<td>IP68 \u2013 5 \u5df4<\/td>\n<\/tr>\n<tr>\n<td><strong>\u8fde\u7eed\u5de5\u4f5c\u6e29\u5ea6<\/strong><\/td>\n<td>-40\u2103 +100\u2103 +150\u2103\uff08\u4e34\u65f6\uff09<\/td>\n<\/tr>\n<\/tbody>\n<\/table>","protected":false},"featured_media":3073,"template":"","meta":{"_kad_blocks_custom_css":"","_kad_blocks_head_custom_js":"","_kad_blocks_body_custom_js":"","_kad_blocks_footer_custom_js":"","_kadence_starter_templates_imported_post":false,"_kad_post_transparent":"default","_kad_post_title":"","_kad_post_layout":"default","_kad_post_sidebar_id":"","_kad_post_content_style":"default","_kad_post_vertical_padding":"default","_kad_post_feature":"","_kad_post_feature_position":"","_kad_post_header":false,"_kad_post_footer":false},"product_cat":[31,32],"product_tag":[],"class_list":{"0":"post-1503","1":"product","2":"type-product","3":"status-publish","4":"has-post-thumbnail","6":"product_cat-prensaestopas-y-accesorios-metalicos","7":"product_cat-prensaestopas-metalico-ip-68","9":"first","10":"instock","11":"shipping-taxable","12":"product-type-simple","13":"entry","14":"content-bg","15":"loop-entry"},"yoast_head":"<!-- This site is optimized with the Yoast SEO plugin v21.7 - https:\/\/yoast.com\/wordpress\/plugins\/seo\/ -->\n<title>Prensaestopas M\u00e9trica Met\u00e1lico IP-68 - Fleximat<\/title>\n<meta name=\"robots\" content=\"index, follow, max-snippet:-1, max-image-preview:large, max-video-preview:-1\" \/>\n<link rel=\"canonical\" href=\"https:\/\/www.fleximat.es\/zh\/product\/prensaestopas-metrica-metalico-ip-68\/\" \/>\n<meta property=\"og:locale\" content=\"zh_CN\" \/>\n<meta property=\"og:type\" content=\"article\" \/>\n<meta property=\"og:title\" content=\"Prensaestopas M\u00e9trica Met\u00e1lico IP-68 - Fleximat\" \/>\n<meta property=\"og:description\" content=\"Material    Sombrerete Lat\u00f3n Niquelado   Junta de sellado TPV   Junta t\u00f3rica NBR   Tipo de Rosca M\u00e9trica (EN 60423)   Estanqueidad IP68 - 5 bar   Temperatura de trabajo continua -40 \u00baC +100 \u00baC +150 \u00baC\u00a0 (temporal)\" \/>\n<meta property=\"og:url\" content=\"https:\/\/www.fleximat.es\/zh\/product\/prensaestopas-metrica-metalico-ip-68\/\" \/>\n<meta property=\"og:site_name\" content=\"Fleximat\" \/>\n<meta property=\"article:modified_time\" content=\"2023-12-03T11:47:32+00:00\" \/>\n<meta property=\"og:image\" content=\"https:\/\/www.fleximat.es\/wp-content\/uploads\/2023\/12\/prensa-metalico-ip-68.png\" \/>\n\t<meta property=\"og:image:width\" content=\"716\" \/>\n\t<meta property=\"og:image:height\" content=\"677\" \/>\n\t<meta property=\"og:image:type\" content=\"image\/png\" \/>\n<meta name=\"twitter:card\" content=\"summary_large_image\" \/>\n<meta name=\"twitter:label1\" content=\"\u9884\u8ba1\u9605\u8bfb\u65f6\u95f4\" \/>\n\t<meta name=\"twitter:data1\" content=\"1 \u5206\" \/>\n<script type=\"application\/ld+json\" class=\"yoast-schema-graph\">{\"@context\":\"https:\/\/schema.org\",\"@graph\":[{\"@type\":\"WebPage\",\"@id\":\"https:\/\/www.fleximat.es\/producto\/prensaestopas-metrica-metalico-ip-68\/\",\"url\":\"https:\/\/www.fleximat.es\/producto\/prensaestopas-metrica-metalico-ip-68\/\",\"name\":\"Prensaestopas M\u00e9trica Met\u00e1lico IP-68 - Fleximat\",\"isPartOf\":{\"@id\":\"https:\/\/www.fleximat.es\/bn\/#website\"},\"datePublished\":\"2023-10-18T15:52:25+00:00\",\"dateModified\":\"2023-12-03T11:47:32+00:00\",\"breadcrumb\":{\"@id\":\"https:\/\/www.fleximat.es\/producto\/prensaestopas-metrica-metalico-ip-68\/#breadcrumb\"},\"inLanguage\":\"zh-Hans\",\"potentialAction\":[{\"@type\":\"ReadAction\",\"target\":[\"https:\/\/www.fleximat.es\/producto\/prensaestopas-metrica-metalico-ip-68\/\"]}]},{\"@type\":\"BreadcrumbList\",\"@id\":\"https:\/\/www.fleximat.es\/producto\/prensaestopas-metrica-metalico-ip-68\/#breadcrumb\",\"itemListElement\":[{\"@type\":\"ListItem\",\"position\":1,\"name\":\"Portada\",\"item\":\"https:\/\/www.fleximat.es\/\"},{\"@type\":\"ListItem\",\"position\":2,\"name\":\"Productos\",\"item\":\"https:\/\/www.fleximat.es\/en\/productos\/\"},{\"@type\":\"ListItem\",\"position\":3,\"name\":\"Prensaestopas M\u00e9trica Met\u00e1lico IP-68\"}]},{\"@type\":\"WebSite\",\"@id\":\"https:\/\/www.fleximat.es\/bn\/#website\",\"url\":\"https:\/\/www.fleximat.es\/bn\/\",\"name\":\"Fleximat\",\"description\":\"Tu soluci\u00f3n en prensaestopas y tubos flexibles\",\"publisher\":{\"@id\":\"https:\/\/www.fleximat.es\/bn\/#organization\"},\"potentialAction\":[{\"@type\":\"SearchAction\",\"target\":{\"@type\":\"EntryPoint\",\"urlTemplate\":\"https:\/\/www.fleximat.es\/bn\/?s={search_term_string}\"},\"query-input\":\"required name=search_term_string\"}],\"inLanguage\":\"zh-Hans\"},{\"@type\":\"Organization\",\"@id\":\"https:\/\/www.fleximat.es\/bn\/#organization\",\"name\":\"Fleximat\",\"url\":\"https:\/\/www.fleximat.es\/bn\/\",\"logo\":{\"@type\":\"ImageObject\",\"inLanguage\":\"zh-Hans\",\"@id\":\"https:\/\/www.fleximat.es\/bn\/#\/schema\/logo\/image\/\",\"url\":\"https:\/\/www.fleximat.es\/wp-content\/uploads\/2023\/11\/fleximat-logo-1.png\",\"contentUrl\":\"https:\/\/www.fleximat.es\/wp-content\/uploads\/2023\/11\/fleximat-logo-1.png\",\"width\":1169,\"height\":289,\"caption\":\"Fleximat\"},\"image\":{\"@id\":\"https:\/\/www.fleximat.es\/bn\/#\/schema\/logo\/image\/\"}}]}<\/script>\n<!-- \/ Yoast SEO plugin. -->","yoast_head_json":{"title":"Prensaestopas M\u00e9trica Met\u00e1lico IP-68 - Fleximat","robots":{"index":"index","follow":"follow","max-snippet":"max-snippet:-1","max-image-preview":"max-image-preview:large","max-video-preview":"max-video-preview:-1"},"canonical":"https:\/\/www.fleximat.es\/zh\/product\/prensaestopas-metrica-metalico-ip-68\/","og_locale":"zh_CN","og_type":"article","og_title":"Prensaestopas M\u00e9trica Met\u00e1lico IP-68 - Fleximat","og_description":"Material    Sombrerete Lat\u00f3n Niquelado   Junta de sellado TPV   Junta t\u00f3rica NBR   Tipo de Rosca M\u00e9trica (EN 60423)   Estanqueidad IP68 - 5 bar   Temperatura de trabajo continua -40 \u00baC +100 \u00baC +150 \u00baC\u00a0 (temporal)","og_url":"https:\/\/www.fleximat.es\/zh\/product\/prensaestopas-metrica-metalico-ip-68\/","og_site_name":"Fleximat","article_modified_time":"2023-12-03T11:47:32+00:00","og_image":[{"width":716,"height":677,"url":"https:\/\/www.fleximat.es\/wp-content\/uploads\/2023\/12\/prensa-metalico-ip-68.png","type":"image\/png"}],"twitter_card":"summary_large_image","twitter_misc":{"\u9884\u8ba1\u9605\u8bfb\u65f6\u95f4":"1 \u5206"},"schema":{"@context":"https:\/\/schema.org","@graph":[{"@type":"WebPage","@id":"https:\/\/www.fleximat.es\/producto\/prensaestopas-metrica-metalico-ip-68\/","url":"https:\/\/www.fleximat.es\/producto\/prensaestopas-metrica-metalico-ip-68\/","name":"Prensaestopas M\u00e9trica Met\u00e1lico IP-68 - Fleximat","isPartOf":{"@id":"https:\/\/www.fleximat.es\/bn\/#website"},"datePublished":"2023-10-18T15:52:25+00:00","dateModified":"2023-12-03T11:47:32+00:00","breadcrumb":{"@id":"https:\/\/www.fleximat.es\/producto\/prensaestopas-metrica-metalico-ip-68\/#breadcrumb"},"inLanguage":"zh-Hans","potentialAction":[{"@type":"ReadAction","target":["https:\/\/www.fleximat.es\/producto\/prensaestopas-metrica-metalico-ip-68\/"]}]},{"@type":"BreadcrumbList","@id":"https:\/\/www.fleximat.es\/producto\/prensaestopas-metrica-metalico-ip-68\/#breadcrumb","itemListElement":[{"@type":"ListItem","position":1,"name":"Portada","item":"https:\/\/www.fleximat.es\/"},{"@type":"ListItem","position":2,"name":"Productos","item":"https:\/\/www.fleximat.es\/en\/productos\/"},{"@type":"ListItem","position":3,"name":"Prensaestopas M\u00e9trica Met\u00e1lico IP-68"}]},{"@type":"WebSite","@id":"https:\/\/www.fleximat.es\/bn\/#website","url":"https:\/\/www.fleximat.es\/bn\/","name":"Fleximat","description":"Tu soluci\u00f3n en prensaestopas y tubos flexibles","publisher":{"@id":"https:\/\/www.fleximat.es\/bn\/#organization"},"potentialAction":[{"@type":"SearchAction","target":{"@type":"EntryPoint","urlTemplate":"https:\/\/www.fleximat.es\/bn\/?s={search_term_string}"},"query-input":"required name=search_term_string"}],"inLanguage":"zh-Hans"},{"@type":"Organization","@id":"https:\/\/www.fleximat.es\/bn\/#organization","name":"Fleximat","url":"https:\/\/www.fleximat.es\/bn\/","logo":{"@type":"ImageObject","inLanguage":"zh-Hans","@id":"https:\/\/www.fleximat.es\/bn\/#\/schema\/logo\/image\/","url":"https:\/\/www.fleximat.es\/wp-content\/uploads\/2023\/11\/fleximat-logo-1.png","contentUrl":"https:\/\/www.fleximat.es\/wp-content\/uploads\/2023\/11\/fleximat-logo-1.png","width":1169,"height":289,"caption":"Fleximat"},"image":{"@id":"https:\/\/www.fleximat.es\/bn\/#\/schema\/logo\/image\/"}}]}},"taxonomy_info":{"product_cat":[{"value":31,"label":"Prensaestopas y accesorios met\u00e1licos"},{"value":32,"label":"Prensaestopas Met\u00e1lico IP-68"}]},"featured_image_src_large":["https:\/\/www.fleximat.es\/wp-content\/uploads\/2023\/12\/prensa-metalico-ip-68.png",716,677,false],"author_info":[],"comment_info":"","_links":{"self":[{"href":"https:\/\/www.fleximat.es\/zh\/wp-json\/wp\/v2\/product\/1503"}],"collection":[{"href":"https:\/\/www.fleximat.es\/zh\/wp-json\/wp\/v2\/product"}],"about":[{"href":"https:\/\/www.fleximat.es\/zh\/wp-json\/wp\/v2\/types\/product"}],"wp:featuredmedia":[{"embeddable":true,"href":"https:\/\/www.fleximat.es\/zh\/wp-json\/wp\/v2\/media\/3073"}],"wp:attachment":[{"href":"https:\/\/www.fleximat.es\/zh\/wp-json\/wp\/v2\/media?parent=1503"}],"wp:term":[{"taxonomy":"product_cat","embeddable":true,"href":"https:\/\/www.fleximat.es\/zh\/wp-json\/wp\/v2\/product_cat?post=1503"},{"taxonomy":"product_tag","embeddable":true,"href":"https:\/\/www.fleximat.es\/zh\/wp-json\/wp\/v2\/product_tag?post=1503"}],"curies":[{"name":"wp","href":"https:\/\/api.w.org\/{rel}","templated":true}]}}