{"id":1596,"date":"2023-10-18T17:53:12","date_gmt":"2023-10-18T15:53:12","guid":{"rendered":"https:\/\/www.fleximat.es\/?post_type=product&#038;p=1596"},"modified":"2023-12-03T13:01:12","modified_gmt":"2023-12-03T12:01:12","slug":"prensaestopas-metrica-altas-temperaturas-metalico-ip-68","status":"publish","type":"product","link":"https:\/\/www.fleximat.es\/zh\/product\/prensaestopas-metrica-altas-temperaturas-metalico-ip-68\/","title":{"rendered":"\u516c\u5236\u9ad8\u6e29\u7535\u7f06\u5bc6\u5c01\u5957\u91d1\u5c5e IP-68"},"content":{"rendered":"<h4>\u7279\u6027<\/h4>\n<p>\u8010\u9ad8\u6e29\u80fd\u529b\u9ad8\u6216\u4f4e<br \/>\n\u6613\u4e8e\u7ec4\u88c5<br \/>\n\u5e73\u5766\u7684\u8868\u9762<br \/>\n\u957f\u87ba\u7eb9\u7248\u672c<br \/>\n\u65e0\u5364\u7d20<\/p>\n<h3>\u4ea7\u54c1\u63cf\u8ff0<\/h3>\n<p><span style=\"font-weight: 400;\">\u9ad8\u6e29\u538b\u76d6\u662f\u91d1\u5c5e\u538b\u76d6\u7684\u4e00\u79cd\u53d8\u4f53\uff0c\u5305\u62ec\u7531\u975e\u5e38\u7279\u6b8a\u7684\u5851\u6599\u6216\u6a61\u80f6\u6210\u5206\u5236\u6210\u7684\u5185\u57ab\u5708\u3002<\/span><\/p>\n<p>\u9ad8\u6e29\u7535\u7f06\u5bc6\u5c01\u5957\u53ef\u4ee5\u7531\u9540\u954d\u9ec4\u94dc\u6216\u4e0d\u9508\u94a2\u5236\u6210\uff0c\u5177\u4f53\u53d6\u51b3\u4e8e\u5ba2\u6237\u7684\u9700\u6c42\u3002<\/p>\n<p>\u9ad8\u6e29\u586b\u6599\u51fd\u5177\u6709\u975e\u5e38\u7279\u6b8a\u7684\u529f\u80fd\uff0c\u5728\u56fd\u9632\u3001\u55b7\u6c14\u8fd0\u8f93\u548c\u8d85\u91cd\u578b\u673a\u68b0\u7b49\u9886\u57df\u53d7\u5230\u9ad8\u5ea6\u91cd\u89c6\u3002<\/p>\n<div class=\"table-responsive\">\n<table class=\"table table-bordered table-striped\" width=\"483\">\n<thead>\n<tr>\n<td>\u7ebf<\/td>\n<td>\u4ee3\u7801<\/td>\n<td>\u5514<\/td>\n<td>\u603b\u957f\u5ea6\u6beb\u7c73<\/td>\n<td>\u9aa8\u5bc6\u5ea6<\/td>\n<td>\u5398\u7c73<\/td>\n<td>\u6beb\u7c73<\/td>\n<\/tr>\n<\/thead>\n<tbody>\n<tr>\n<td>\u4e2d\u53f712\u00d71.5<\/td>\n<td>MBGS 01<\/td>\n<td>22<\/td>\n<td>6<\/td>\n<td>14<\/td>\n<td>14<\/td>\n<td>3 &#8211; 6,5<\/td>\n<\/tr>\n<tr>\n<td>\u4e2d\u53f716\u00d71.5<\/td>\n<td>MBGS 02<\/td>\n<td>23<\/td>\n<td>7<\/td>\n<td>18<\/td>\n<td>17<\/td>\n<td>4-8<\/td>\n<\/tr>\n<tr>\n<td>\u4e2d\u53f720\u00d71.5<\/td>\n<td>MBGS 03<\/td>\n<td>26,5<\/td>\n<td>8<\/td>\n<td>22<\/td>\n<td>22<\/td>\n<td>6-12<\/td>\n<\/tr>\n<tr>\n<td>\u4e2d\u53f725\u00d71.5<\/td>\n<td>MBGS 04<\/td>\n<td>28<\/td>\n<td>8<\/td>\n<td>27<\/td>\n<td>24<\/td>\n<td>10-14<\/td>\n<\/tr>\n<tr>\n<td>\u4e2d\u53f732\u00d71.5<\/td>\n<td>MBGS 05<\/td>\n<td>31,5<\/td>\n<td>9<\/td>\n<td>34<\/td>\n<td>30<\/td>\n<td>13-18<\/td>\n<\/tr>\n<tr>\n<td>\u4e2d\u53f740\u00d71.5<\/td>\n<td>MBGS 06<\/td>\n<td>38<\/td>\n<td>9<\/td>\n<td>43<\/td>\n<td>40<\/td>\n<td>18-25<\/td>\n<\/tr>\n<tr>\n<td>\u4e2d\u53f750\u00d71.5<\/td>\n<td>MBGS 07<\/td>\n<td>43<\/td>\n<td>9<\/td>\n<td>55<\/td>\n<td>50<\/td>\n<td>22-32<\/td>\n<\/tr>\n<tr>\n<td>\u4e2d\u53f763\u00d71.5<\/td>\n<td>MBGS 08<\/td>\n<td>48<\/td>\n<td>14<\/td>\n<td>68<\/td>\n<td>64<\/td>\n<td>33-34<\/td>\n<\/tr>\n<\/tbody>\n<\/table>\n<\/div>","protected":false},"excerpt":{"rendered":"<h3>\u7279\u5f81<\/h3>\n<table>\n<tbody>\n<tr>\n<td><strong>\u5e3d\u5b50<\/strong><\/td>\n<td>\u9540\u954d\u9ec4\u94dc<\/td>\n<\/tr>\n<tr>\n<td><strong>\u5bc6\u5c01\u57ab\u7247<\/strong><\/td>\n<td>\u7845\u916e<\/td>\n<\/tr>\n<tr>\n<td><strong>\u8eab\u4f53<\/strong><\/td>\n<td>\u4e0d\u9508\u94a2<\/td>\n<\/tr>\n<tr>\n<td><strong>O \u578b\u5708<\/strong><\/td>\n<td>\u7845\u916e<\/td>\n<\/tr>\n<tr>\n<td><strong>\u87ba\u7eb9\u7c7b\u578b<\/strong><\/td>\n<td>\u516c\u5236 (EN 60423)<\/td>\n<\/tr>\n<tr>\n<td><strong>\u677e\u7d27\u5ea6<\/strong><\/td>\n<td>IP68 \u2013 5 \u5df4<\/td>\n<\/tr>\n<tr>\n<td><strong>\u8fde\u7eed\u5de5\u4f5c\u6e29\u5ea6<\/strong><\/td>\n<td>-40\u2103+200\u2103<\/td>\n<\/tr>\n<\/tbody>\n<\/table>","protected":false},"featured_media":1626,"template":"","meta":{"_kad_blocks_custom_css":"","_kad_blocks_head_custom_js":"","_kad_blocks_body_custom_js":"","_kad_blocks_footer_custom_js":"","_kadence_starter_templates_imported_post":false,"_kad_post_transparent":"default","_kad_post_title":"","_kad_post_layout":"default","_kad_post_sidebar_id":"","_kad_post_content_style":"default","_kad_post_vertical_padding":"default","_kad_post_feature":"","_kad_post_feature_position":"","_kad_post_header":false,"_kad_post_footer":false},"product_cat":[31,57],"product_tag":[],"class_list":{"0":"post-1596","1":"product","2":"type-product","3":"status-publish","4":"has-post-thumbnail","6":"product_cat-prensaestopas-y-accesorios-metalicos","7":"product_cat-prensaestopas-metalico-para-altas-temperaturas","9":"first","10":"instock","11":"shipping-taxable","12":"product-type-simple","13":"entry","14":"content-bg","15":"loop-entry"},"yoast_head":"<!-- This site is optimized with the Yoast SEO plugin v21.7 - https:\/\/yoast.com\/wordpress\/plugins\/seo\/ -->\n<title>Prensaestopas M\u00e9trica Altas Temperaturas Met\u00e1lico IP-68 - Fleximat<\/title>\n<meta name=\"robots\" content=\"index, follow, max-snippet:-1, max-image-preview:large, max-video-preview:-1\" \/>\n<link rel=\"canonical\" href=\"https:\/\/www.fleximat.es\/zh\/product\/prensaestopas-metrica-altas-temperaturas-metalico-ip-68\/\" \/>\n<meta property=\"og:locale\" content=\"zh_CN\" \/>\n<meta property=\"og:type\" content=\"article\" \/>\n<meta property=\"og:title\" content=\"Prensaestopas M\u00e9trica Altas Temperaturas Met\u00e1lico IP-68 - Fleximat\" \/>\n<meta property=\"og:description\" content=\"Caracter\u00edsticas    Sombrerete Lat\u00f3n Niquelado   Junta de sellado Silicona   Cuerpo Acero Inoxidable   Junta t\u00f3rica Silicona   Tipo de Rosca Metrica(EN 60423)   Estanqueidad IP68 - 5 bar   Temperatura de trabajo continua -40 \u00baC +200 \u00baC\" \/>\n<meta property=\"og:url\" content=\"https:\/\/www.fleximat.es\/zh\/product\/prensaestopas-metrica-altas-temperaturas-metalico-ip-68\/\" \/>\n<meta property=\"og:site_name\" content=\"Fleximat\" \/>\n<meta property=\"article:modified_time\" content=\"2023-12-03T12:01:12+00:00\" \/>\n<meta property=\"og:image\" content=\"https:\/\/www.fleximat.es\/wp-content\/uploads\/2023\/10\/th_crop_1571848062prensaestopas-para-altas-temperaturas-1.jpg\" \/>\n\t<meta property=\"og:image:width\" content=\"600\" \/>\n\t<meta property=\"og:image:height\" content=\"600\" \/>\n\t<meta property=\"og:image:type\" content=\"image\/jpeg\" \/>\n<meta name=\"twitter:card\" content=\"summary_large_image\" \/>\n<meta name=\"twitter:label1\" content=\"\u9884\u8ba1\u9605\u8bfb\u65f6\u95f4\" \/>\n\t<meta name=\"twitter:data1\" content=\"1 \u5206\" \/>\n<script type=\"application\/ld+json\" class=\"yoast-schema-graph\">{\"@context\":\"https:\/\/schema.org\",\"@graph\":[{\"@type\":\"WebPage\",\"@id\":\"https:\/\/www.fleximat.es\/producto\/prensaestopas-metrica-altas-temperaturas-metalico-ip-68\/\",\"url\":\"https:\/\/www.fleximat.es\/producto\/prensaestopas-metrica-altas-temperaturas-metalico-ip-68\/\",\"name\":\"Prensaestopas M\u00e9trica Altas Temperaturas Met\u00e1lico IP-68 - Fleximat\",\"isPartOf\":{\"@id\":\"https:\/\/www.fleximat.es\/bn\/#website\"},\"datePublished\":\"2023-10-18T15:53:12+00:00\",\"dateModified\":\"2023-12-03T12:01:12+00:00\",\"breadcrumb\":{\"@id\":\"https:\/\/www.fleximat.es\/producto\/prensaestopas-metrica-altas-temperaturas-metalico-ip-68\/#breadcrumb\"},\"inLanguage\":\"zh-Hans\",\"potentialAction\":[{\"@type\":\"ReadAction\",\"target\":[\"https:\/\/www.fleximat.es\/producto\/prensaestopas-metrica-altas-temperaturas-metalico-ip-68\/\"]}]},{\"@type\":\"BreadcrumbList\",\"@id\":\"https:\/\/www.fleximat.es\/producto\/prensaestopas-metrica-altas-temperaturas-metalico-ip-68\/#breadcrumb\",\"itemListElement\":[{\"@type\":\"ListItem\",\"position\":1,\"name\":\"Portada\",\"item\":\"https:\/\/www.fleximat.es\/\"},{\"@type\":\"ListItem\",\"position\":2,\"name\":\"Productos\",\"item\":\"https:\/\/www.fleximat.es\/en\/productos\/\"},{\"@type\":\"ListItem\",\"position\":3,\"name\":\"Prensaestopas M\u00e9trica Altas Temperaturas Met\u00e1lico IP-68\"}]},{\"@type\":\"WebSite\",\"@id\":\"https:\/\/www.fleximat.es\/bn\/#website\",\"url\":\"https:\/\/www.fleximat.es\/bn\/\",\"name\":\"Fleximat\",\"description\":\"Tu soluci\u00f3n en prensaestopas y tubos flexibles\",\"publisher\":{\"@id\":\"https:\/\/www.fleximat.es\/bn\/#organization\"},\"potentialAction\":[{\"@type\":\"SearchAction\",\"target\":{\"@type\":\"EntryPoint\",\"urlTemplate\":\"https:\/\/www.fleximat.es\/bn\/?s={search_term_string}\"},\"query-input\":\"required name=search_term_string\"}],\"inLanguage\":\"zh-Hans\"},{\"@type\":\"Organization\",\"@id\":\"https:\/\/www.fleximat.es\/bn\/#organization\",\"name\":\"Fleximat\",\"url\":\"https:\/\/www.fleximat.es\/bn\/\",\"logo\":{\"@type\":\"ImageObject\",\"inLanguage\":\"zh-Hans\",\"@id\":\"https:\/\/www.fleximat.es\/bn\/#\/schema\/logo\/image\/\",\"url\":\"https:\/\/www.fleximat.es\/wp-content\/uploads\/2023\/11\/fleximat-logo-1.png\",\"contentUrl\":\"https:\/\/www.fleximat.es\/wp-content\/uploads\/2023\/11\/fleximat-logo-1.png\",\"width\":1169,\"height\":289,\"caption\":\"Fleximat\"},\"image\":{\"@id\":\"https:\/\/www.fleximat.es\/bn\/#\/schema\/logo\/image\/\"}}]}<\/script>\n<!-- \/ Yoast SEO plugin. -->","yoast_head_json":{"title":"Prensaestopas M\u00e9trica Altas Temperaturas Met\u00e1lico IP-68 - Fleximat","robots":{"index":"index","follow":"follow","max-snippet":"max-snippet:-1","max-image-preview":"max-image-preview:large","max-video-preview":"max-video-preview:-1"},"canonical":"https:\/\/www.fleximat.es\/zh\/product\/prensaestopas-metrica-altas-temperaturas-metalico-ip-68\/","og_locale":"zh_CN","og_type":"article","og_title":"Prensaestopas M\u00e9trica Altas Temperaturas Met\u00e1lico IP-68 - Fleximat","og_description":"Caracter\u00edsticas    Sombrerete Lat\u00f3n Niquelado   Junta de sellado Silicona   Cuerpo Acero Inoxidable   Junta t\u00f3rica Silicona   Tipo de Rosca Metrica(EN 60423)   Estanqueidad IP68 - 5 bar   Temperatura de trabajo continua -40 \u00baC +200 \u00baC","og_url":"https:\/\/www.fleximat.es\/zh\/product\/prensaestopas-metrica-altas-temperaturas-metalico-ip-68\/","og_site_name":"Fleximat","article_modified_time":"2023-12-03T12:01:12+00:00","og_image":[{"width":600,"height":600,"url":"https:\/\/www.fleximat.es\/wp-content\/uploads\/2023\/10\/th_crop_1571848062prensaestopas-para-altas-temperaturas-1.jpg","type":"image\/jpeg"}],"twitter_card":"summary_large_image","twitter_misc":{"\u9884\u8ba1\u9605\u8bfb\u65f6\u95f4":"1 \u5206"},"schema":{"@context":"https:\/\/schema.org","@graph":[{"@type":"WebPage","@id":"https:\/\/www.fleximat.es\/producto\/prensaestopas-metrica-altas-temperaturas-metalico-ip-68\/","url":"https:\/\/www.fleximat.es\/producto\/prensaestopas-metrica-altas-temperaturas-metalico-ip-68\/","name":"Prensaestopas M\u00e9trica Altas Temperaturas Met\u00e1lico IP-68 - Fleximat","isPartOf":{"@id":"https:\/\/www.fleximat.es\/bn\/#website"},"datePublished":"2023-10-18T15:53:12+00:00","dateModified":"2023-12-03T12:01:12+00:00","breadcrumb":{"@id":"https:\/\/www.fleximat.es\/producto\/prensaestopas-metrica-altas-temperaturas-metalico-ip-68\/#breadcrumb"},"inLanguage":"zh-Hans","potentialAction":[{"@type":"ReadAction","target":["https:\/\/www.fleximat.es\/producto\/prensaestopas-metrica-altas-temperaturas-metalico-ip-68\/"]}]},{"@type":"BreadcrumbList","@id":"https:\/\/www.fleximat.es\/producto\/prensaestopas-metrica-altas-temperaturas-metalico-ip-68\/#breadcrumb","itemListElement":[{"@type":"ListItem","position":1,"name":"Portada","item":"https:\/\/www.fleximat.es\/"},{"@type":"ListItem","position":2,"name":"Productos","item":"https:\/\/www.fleximat.es\/en\/productos\/"},{"@type":"ListItem","position":3,"name":"Prensaestopas M\u00e9trica Altas Temperaturas Met\u00e1lico IP-68"}]},{"@type":"WebSite","@id":"https:\/\/www.fleximat.es\/bn\/#website","url":"https:\/\/www.fleximat.es\/bn\/","name":"Fleximat","description":"Tu soluci\u00f3n en prensaestopas y tubos flexibles","publisher":{"@id":"https:\/\/www.fleximat.es\/bn\/#organization"},"potentialAction":[{"@type":"SearchAction","target":{"@type":"EntryPoint","urlTemplate":"https:\/\/www.fleximat.es\/bn\/?s={search_term_string}"},"query-input":"required name=search_term_string"}],"inLanguage":"zh-Hans"},{"@type":"Organization","@id":"https:\/\/www.fleximat.es\/bn\/#organization","name":"Fleximat","url":"https:\/\/www.fleximat.es\/bn\/","logo":{"@type":"ImageObject","inLanguage":"zh-Hans","@id":"https:\/\/www.fleximat.es\/bn\/#\/schema\/logo\/image\/","url":"https:\/\/www.fleximat.es\/wp-content\/uploads\/2023\/11\/fleximat-logo-1.png","contentUrl":"https:\/\/www.fleximat.es\/wp-content\/uploads\/2023\/11\/fleximat-logo-1.png","width":1169,"height":289,"caption":"Fleximat"},"image":{"@id":"https:\/\/www.fleximat.es\/bn\/#\/schema\/logo\/image\/"}}]}},"taxonomy_info":{"product_cat":[{"value":31,"label":"Prensaestopas y accesorios met\u00e1licos"},{"value":57,"label":"Prensaestopas Met\u00e1lico para Altas Temperaturas"}]},"featured_image_src_large":["https:\/\/www.fleximat.es\/wp-content\/uploads\/2023\/10\/th_crop_1571848062prensaestopas-para-altas-temperaturas-1.jpg",600,600,false],"author_info":[],"comment_info":"","_links":{"self":[{"href":"https:\/\/www.fleximat.es\/zh\/wp-json\/wp\/v2\/product\/1596"}],"collection":[{"href":"https:\/\/www.fleximat.es\/zh\/wp-json\/wp\/v2\/product"}],"about":[{"href":"https:\/\/www.fleximat.es\/zh\/wp-json\/wp\/v2\/types\/product"}],"wp:featuredmedia":[{"embeddable":true,"href":"https:\/\/www.fleximat.es\/zh\/wp-json\/wp\/v2\/media\/1626"}],"wp:attachment":[{"href":"https:\/\/www.fleximat.es\/zh\/wp-json\/wp\/v2\/media?parent=1596"}],"wp:term":[{"taxonomy":"product_cat","embeddable":true,"href":"https:\/\/www.fleximat.es\/zh\/wp-json\/wp\/v2\/product_cat?post=1596"},{"taxonomy":"product_tag","embeddable":true,"href":"https:\/\/www.fleximat.es\/zh\/wp-json\/wp\/v2\/product_tag?post=1596"}],"curies":[{"name":"wp","href":"https:\/\/api.w.org\/{rel}","templated":true}]}}