{"id":1605,"date":"2023-10-18T17:53:13","date_gmt":"2023-10-18T15:53:13","guid":{"rendered":"https:\/\/www.fleximat.es\/?post_type=product&#038;p=1605"},"modified":"2023-12-01T12:00:56","modified_gmt":"2023-12-01T11:00:56","slug":"tuerca-hexagonal-metrica-pa6-f-v-negro","status":"publish","type":"product","link":"https:\/\/www.fleximat.es\/zh\/product\/tuerca-hexagonal-metrica-pa6-f-v-negro\/","title":{"rendered":"\u516c\u5236\u805a\u9170\u80fa\u87ba\u6bcd PA6 \u9ed1\u8272"},"content":{"rendered":"<h4>\u7279\u6027<\/h4>\n<div id=\"eSelTextTrans\" dir=\"ltr\">\u62e7\u7d27\u586b\u6599\u51fd<\/div>\n<div dir=\"ltr\">\u5305\u542b 30% \u73bb\u7483\u7ea4\u7ef4<\/div>\n<p>\u6297\u7d2b\u5916\u7ebf \u65e0\u5364<\/p>\n<h3>\u4ea7\u54c1\u63cf\u8ff0<\/h3>\n<p>\u87ba\u6bcd\u662f\u586b\u6599\u51fd\u7684\u4e3b\u8981\u9644\u4ef6\uff0c\u7528\u4e8e\u7d27\u56fa\u586b\u6599\u51fd\uff0c\u4ece\u800c\u63d0\u9ad8\u8fde\u63a5\u7684\u5b89\u5168\u6027\u3002<\/p>\n<p>\u87ba\u6bcd\u7684\u5c3a\u5bf8\u4e0e\u7535\u7f06\u5bc6\u5c01\u5957\u7684\u5c3a\u5bf8\u76f8\u540c\u3002<\/p>\n<p>\u805a\u9170\u80fa\u87ba\u6bcd\u5728\u5176\u6210\u5206\u4e2d\u6dfb\u52a0\u4e86\u73bb\u7483\u7ea4\u7ef4 30%\uff0c\u8fd9\u8d4b\u4e88\u4e86\u5b83\u4eec\u4f18\u5f02\u7684\u673a\u68b0\u963b\u529b\u7279\u6027\u3002<\/p>\n<p>\u516d\u89d2\u87ba\u6bcd\u4e5f\u53ef\u63d0\u4f9b\u5706\u5f62\u5e95\u5ea7\u3002<\/p>\n<table class=\"table table-bordered table-striped\">\n<thead>\n<tr>\n<td><strong>\u7ebf\u7a0b\u6570<\/strong><\/td>\n<td><strong>\u4ee3\u7801<\/strong><\/td>\n<td><strong>\u5514<\/strong><\/td>\n<td><strong>\u6beb\u7c73<\/strong><\/td>\n<\/tr>\n<\/thead>\n<tbody>\n<tr>\n<td>\u4e2d\u53f712\u00d71.5<\/td>\n<td>\u6700\u9ad8\u4f4d01<\/td>\n<td>5<\/td>\n<td>18<\/td>\n<\/tr>\n<tr>\n<td>\u4e2d\u53f716\u00d71.5<\/td>\n<td>\u6700\u9ad8\u4f4d01<\/td>\n<td>5<\/td>\n<td>22<\/td>\n<\/tr>\n<tr>\n<td>\u4e2d\u53f720\u00d71.5<\/td>\n<td>\u6700\u9ad8\u4f4d01<\/td>\n<td>6<\/td>\n<td>26<\/td>\n<\/tr>\n<tr>\n<td>\u4e2d\u53f725\u00d71.5<\/td>\n<td>\u6700\u9ad8\u4f4d01<\/td>\n<td>6<\/td>\n<td>32<\/td>\n<\/tr>\n<tr>\n<td>\u4e2d\u53f732\u00d71.5<\/td>\n<td>\u6700\u9ad8\u4f4d01<\/td>\n<td>7<\/td>\n<td>41<\/td>\n<\/tr>\n<tr>\n<td>\u4e2d\u53f740\u00d71.5<\/td>\n<td>\u6700\u9ad8\u4f4d01<\/td>\n<td>7<\/td>\n<td>50<\/td>\n<\/tr>\n<tr>\n<td>\u4e2d\u53f750\u00d71.5<\/td>\n<td>\u6700\u9ad8\u4f4d01<\/td>\n<td>8<\/td>\n<td>60<\/td>\n<\/tr>\n<tr>\n<td>\u4e2d\u53f763\u00d71.5<\/td>\n<td>\u6700\u9ad8\u4f4d01<\/td>\n<td>8<\/td>\n<td>75<\/td>\n<\/tr>\n<\/tbody>\n<\/table>","protected":false},"excerpt":{"rendered":"<h3>\u7279\u5f81<\/h3>\n<table>\n<tbody>\n<tr>\n<td><strong>\u87ba\u7eb9\u7c7b\u578b<\/strong><\/td>\n<td>\u516c\u5236 EN 60423<\/td>\n<\/tr>\n<tr>\n<td><strong>\u8fde\u7eed\u5de5\u4f5c\u6e29\u5ea6<\/strong><\/td>\n<td>-20\u2103+100\u2103<\/td>\n<\/tr>\n<\/tbody>\n<\/table>","protected":false},"featured_media":3061,"template":"","meta":{"_kad_blocks_custom_css":"","_kad_blocks_head_custom_js":"","_kad_blocks_body_custom_js":"","_kad_blocks_footer_custom_js":"","_kadence_starter_templates_imported_post":false,"_kad_post_transparent":"default","_kad_post_title":"","_kad_post_layout":"default","_kad_post_sidebar_id":"","_kad_post_content_style":"default","_kad_post_vertical_padding":"default","_kad_post_feature":"","_kad_post_feature_position":"","_kad_post_header":false,"_kad_post_footer":false},"product_cat":[29,61],"product_tag":[],"class_list":{"0":"post-1605","1":"product","2":"type-product","3":"status-publish","4":"has-post-thumbnail","6":"product_cat-prensaestopas-y-accesorios-plasticos-de-poliamida","7":"product_cat-tuercas-de-poliamida","9":"first","10":"instock","11":"shipping-taxable","12":"product-type-simple","13":"entry","14":"content-bg","15":"loop-entry"},"yoast_head":"<!-- This site is optimized with the Yoast SEO plugin v21.7 - https:\/\/yoast.com\/wordpress\/plugins\/seo\/ -->\n<title>Tuerca Poliamida M\u00e9trica PA6 Negro - Fleximat<\/title>\n<meta name=\"robots\" content=\"index, follow, max-snippet:-1, max-image-preview:large, max-video-preview:-1\" \/>\n<link rel=\"canonical\" href=\"https:\/\/www.fleximat.es\/zh\/product\/tuerca-hexagonal-metrica-pa6-f-v-negro\/\" \/>\n<meta property=\"og:locale\" content=\"zh_CN\" \/>\n<meta property=\"og:type\" content=\"article\" \/>\n<meta property=\"og:title\" content=\"Tuerca Poliamida M\u00e9trica PA6 Negro - Fleximat\" \/>\n<meta property=\"og:description\" content=\"Caracter\u00edsticas    Tipo de Rosca M\u00e9trica EN 60423   Temperatura de trabajo continua -20 \u00baC +100 \u00baC\" \/>\n<meta property=\"og:url\" content=\"https:\/\/www.fleximat.es\/zh\/product\/tuerca-hexagonal-metrica-pa6-f-v-negro\/\" \/>\n<meta property=\"og:site_name\" content=\"Fleximat\" \/>\n<meta property=\"article:modified_time\" content=\"2023-12-01T11:00:56+00:00\" \/>\n<meta property=\"og:image\" content=\"https:\/\/www.fleximat.es\/wp-content\/uploads\/2023\/10\/tuerca-hexagonal-con-base-redonda-pa6-700x529-1-negro-1.png\" \/>\n\t<meta property=\"og:image:width\" content=\"700\" \/>\n\t<meta property=\"og:image:height\" content=\"700\" \/>\n\t<meta property=\"og:image:type\" content=\"image\/png\" \/>\n<meta name=\"twitter:card\" content=\"summary_large_image\" \/>\n<meta name=\"twitter:label1\" content=\"\u9884\u8ba1\u9605\u8bfb\u65f6\u95f4\" \/>\n\t<meta name=\"twitter:data1\" content=\"1 \u5206\" \/>\n<script type=\"application\/ld+json\" class=\"yoast-schema-graph\">{\"@context\":\"https:\/\/schema.org\",\"@graph\":[{\"@type\":\"WebPage\",\"@id\":\"https:\/\/www.fleximat.es\/producto\/tuerca-hexagonal-metrica-pa6-f-v-negro\/\",\"url\":\"https:\/\/www.fleximat.es\/producto\/tuerca-hexagonal-metrica-pa6-f-v-negro\/\",\"name\":\"Tuerca Poliamida M\u00e9trica PA6 Negro - Fleximat\",\"isPartOf\":{\"@id\":\"https:\/\/www.fleximat.es\/bn\/#website\"},\"datePublished\":\"2023-10-18T15:53:13+00:00\",\"dateModified\":\"2023-12-01T11:00:56+00:00\",\"breadcrumb\":{\"@id\":\"https:\/\/www.fleximat.es\/producto\/tuerca-hexagonal-metrica-pa6-f-v-negro\/#breadcrumb\"},\"inLanguage\":\"zh-Hans\",\"potentialAction\":[{\"@type\":\"ReadAction\",\"target\":[\"https:\/\/www.fleximat.es\/producto\/tuerca-hexagonal-metrica-pa6-f-v-negro\/\"]}]},{\"@type\":\"BreadcrumbList\",\"@id\":\"https:\/\/www.fleximat.es\/producto\/tuerca-hexagonal-metrica-pa6-f-v-negro\/#breadcrumb\",\"itemListElement\":[{\"@type\":\"ListItem\",\"position\":1,\"name\":\"Portada\",\"item\":\"https:\/\/www.fleximat.es\/\"},{\"@type\":\"ListItem\",\"position\":2,\"name\":\"Productos\",\"item\":\"https:\/\/www.fleximat.es\/en\/productos\/\"},{\"@type\":\"ListItem\",\"position\":3,\"name\":\"Tuerca Poliamida M\u00e9trica PA6 Negro\"}]},{\"@type\":\"WebSite\",\"@id\":\"https:\/\/www.fleximat.es\/bn\/#website\",\"url\":\"https:\/\/www.fleximat.es\/bn\/\",\"name\":\"Fleximat\",\"description\":\"Tu soluci\u00f3n en prensaestopas y tubos flexibles\",\"publisher\":{\"@id\":\"https:\/\/www.fleximat.es\/bn\/#organization\"},\"potentialAction\":[{\"@type\":\"SearchAction\",\"target\":{\"@type\":\"EntryPoint\",\"urlTemplate\":\"https:\/\/www.fleximat.es\/bn\/?s={search_term_string}\"},\"query-input\":\"required name=search_term_string\"}],\"inLanguage\":\"zh-Hans\"},{\"@type\":\"Organization\",\"@id\":\"https:\/\/www.fleximat.es\/bn\/#organization\",\"name\":\"Fleximat\",\"url\":\"https:\/\/www.fleximat.es\/bn\/\",\"logo\":{\"@type\":\"ImageObject\",\"inLanguage\":\"zh-Hans\",\"@id\":\"https:\/\/www.fleximat.es\/bn\/#\/schema\/logo\/image\/\",\"url\":\"https:\/\/www.fleximat.es\/wp-content\/uploads\/2023\/11\/fleximat-logo-1.png\",\"contentUrl\":\"https:\/\/www.fleximat.es\/wp-content\/uploads\/2023\/11\/fleximat-logo-1.png\",\"width\":1169,\"height\":289,\"caption\":\"Fleximat\"},\"image\":{\"@id\":\"https:\/\/www.fleximat.es\/bn\/#\/schema\/logo\/image\/\"}}]}<\/script>\n<!-- \/ Yoast SEO plugin. -->","yoast_head_json":{"title":"Tuerca Poliamida M\u00e9trica PA6 Negro - Fleximat","robots":{"index":"index","follow":"follow","max-snippet":"max-snippet:-1","max-image-preview":"max-image-preview:large","max-video-preview":"max-video-preview:-1"},"canonical":"https:\/\/www.fleximat.es\/zh\/product\/tuerca-hexagonal-metrica-pa6-f-v-negro\/","og_locale":"zh_CN","og_type":"article","og_title":"Tuerca Poliamida M\u00e9trica PA6 Negro - Fleximat","og_description":"Caracter\u00edsticas    Tipo de Rosca M\u00e9trica EN 60423   Temperatura de trabajo continua -20 \u00baC +100 \u00baC","og_url":"https:\/\/www.fleximat.es\/zh\/product\/tuerca-hexagonal-metrica-pa6-f-v-negro\/","og_site_name":"Fleximat","article_modified_time":"2023-12-01T11:00:56+00:00","og_image":[{"width":700,"height":700,"url":"https:\/\/www.fleximat.es\/wp-content\/uploads\/2023\/10\/tuerca-hexagonal-con-base-redonda-pa6-700x529-1-negro-1.png","type":"image\/png"}],"twitter_card":"summary_large_image","twitter_misc":{"\u9884\u8ba1\u9605\u8bfb\u65f6\u95f4":"1 \u5206"},"schema":{"@context":"https:\/\/schema.org","@graph":[{"@type":"WebPage","@id":"https:\/\/www.fleximat.es\/producto\/tuerca-hexagonal-metrica-pa6-f-v-negro\/","url":"https:\/\/www.fleximat.es\/producto\/tuerca-hexagonal-metrica-pa6-f-v-negro\/","name":"Tuerca Poliamida M\u00e9trica PA6 Negro - Fleximat","isPartOf":{"@id":"https:\/\/www.fleximat.es\/bn\/#website"},"datePublished":"2023-10-18T15:53:13+00:00","dateModified":"2023-12-01T11:00:56+00:00","breadcrumb":{"@id":"https:\/\/www.fleximat.es\/producto\/tuerca-hexagonal-metrica-pa6-f-v-negro\/#breadcrumb"},"inLanguage":"zh-Hans","potentialAction":[{"@type":"ReadAction","target":["https:\/\/www.fleximat.es\/producto\/tuerca-hexagonal-metrica-pa6-f-v-negro\/"]}]},{"@type":"BreadcrumbList","@id":"https:\/\/www.fleximat.es\/producto\/tuerca-hexagonal-metrica-pa6-f-v-negro\/#breadcrumb","itemListElement":[{"@type":"ListItem","position":1,"name":"Portada","item":"https:\/\/www.fleximat.es\/"},{"@type":"ListItem","position":2,"name":"Productos","item":"https:\/\/www.fleximat.es\/en\/productos\/"},{"@type":"ListItem","position":3,"name":"Tuerca Poliamida M\u00e9trica PA6 Negro"}]},{"@type":"WebSite","@id":"https:\/\/www.fleximat.es\/bn\/#website","url":"https:\/\/www.fleximat.es\/bn\/","name":"Fleximat","description":"Tu soluci\u00f3n en prensaestopas y tubos flexibles","publisher":{"@id":"https:\/\/www.fleximat.es\/bn\/#organization"},"potentialAction":[{"@type":"SearchAction","target":{"@type":"EntryPoint","urlTemplate":"https:\/\/www.fleximat.es\/bn\/?s={search_term_string}"},"query-input":"required name=search_term_string"}],"inLanguage":"zh-Hans"},{"@type":"Organization","@id":"https:\/\/www.fleximat.es\/bn\/#organization","name":"Fleximat","url":"https:\/\/www.fleximat.es\/bn\/","logo":{"@type":"ImageObject","inLanguage":"zh-Hans","@id":"https:\/\/www.fleximat.es\/bn\/#\/schema\/logo\/image\/","url":"https:\/\/www.fleximat.es\/wp-content\/uploads\/2023\/11\/fleximat-logo-1.png","contentUrl":"https:\/\/www.fleximat.es\/wp-content\/uploads\/2023\/11\/fleximat-logo-1.png","width":1169,"height":289,"caption":"Fleximat"},"image":{"@id":"https:\/\/www.fleximat.es\/bn\/#\/schema\/logo\/image\/"}}]}},"taxonomy_info":{"product_cat":[{"value":29,"label":"Prensaestopas y accesorios pl\u00e1sticos de Poliamida"},{"value":61,"label":"Tuercas de poliamida"}]},"featured_image_src_large":["https:\/\/www.fleximat.es\/wp-content\/uploads\/2023\/10\/tuerca-hexagonal-con-base-redonda-pa6-700x529-1-negro-1.png",700,700,false],"author_info":[],"comment_info":"","_links":{"self":[{"href":"https:\/\/www.fleximat.es\/zh\/wp-json\/wp\/v2\/product\/1605"}],"collection":[{"href":"https:\/\/www.fleximat.es\/zh\/wp-json\/wp\/v2\/product"}],"about":[{"href":"https:\/\/www.fleximat.es\/zh\/wp-json\/wp\/v2\/types\/product"}],"wp:featuredmedia":[{"embeddable":true,"href":"https:\/\/www.fleximat.es\/zh\/wp-json\/wp\/v2\/media\/3061"}],"wp:attachment":[{"href":"https:\/\/www.fleximat.es\/zh\/wp-json\/wp\/v2\/media?parent=1605"}],"wp:term":[{"taxonomy":"product_cat","embeddable":true,"href":"https:\/\/www.fleximat.es\/zh\/wp-json\/wp\/v2\/product_cat?post=1605"},{"taxonomy":"product_tag","embeddable":true,"href":"https:\/\/www.fleximat.es\/zh\/wp-json\/wp\/v2\/product_tag?post=1605"}],"curies":[{"name":"wp","href":"https:\/\/api.w.org\/{rel}","templated":true}]}}