{"id":1668,"date":"2023-10-18T17:53:40","date_gmt":"2023-10-18T15:53:40","guid":{"rendered":"https:\/\/www.fleximat.es\/?post_type=product&#038;p=1668"},"modified":"2023-12-01T10:39:33","modified_gmt":"2023-12-01T09:39:33","slug":"tapon-redondo-metrica-pa6","status":"publish","type":"product","link":"https:\/\/www.fleximat.es\/zh\/product\/tapon-redondo-metrica-pa6\/","title":{"rendered":"PA6 \u516c\u5236\u5706\u5f62\u63d2\u5934"},"content":{"rendered":"<h4>\u7279\u6027<\/h4>\n<p>\u7528\u4e8e\u672a\u4f7f\u7528\u7684\u87ba\u7eb9\u5b54\u6297\u7d2b\u5916\u7ebf\u65e0\u5364\u7d20<\/p>\n<h3>\u4ea7\u54c1\u63cf\u8ff0<\/h3>\n<p>\u805a\u9170\u80fa\u585e\u662f\u7528\u4e8e\u9700\u8981\u5bc6\u5c01\u6027\u7684\u8bbe\u5907\u7684\u5bc6\u5c01\u5143\u4ef6\u3002<\/p>\n<p>\u5176\u529f\u80fd\u662f\u4fdd\u62a4\u8bbe\u5907\u514d\u53d7\u7070\u5c18\u3001\u6c34\u6216\u5176\u4ed6\u5143\u7d20\u7684\u5f71\u54cd\u3002<\/p>\n<p>\u5b83\u7684\u8bbe\u8ba1\u7b80\u5355\u800c\u575a\u56fa\uff0c\u5b89\u88c5\u4e5f\u975e\u5e38\u7b80\u5355\u3002<\/p>\n<table class=\"table table-bordered table-striped\">\n<thead>\n<tr>\n<td><strong>\u7ebf<\/strong><\/td>\n<td><strong>\u4ee3\u7801 \u9ed1\u8272\/\u6df1\u7070\u8272\/\u6d45\u7070\u8272<\/strong><\/p>\n<p>&nbsp;<\/td>\n<td><strong>\u5514<\/strong><\/td>\n<td><strong>\u603b\u957f\u5ea6\u6beb\u7c73<\/strong><\/td>\n<td><strong>\u603b\u957f\u5ea6\u6beb\u7c73<\/strong><\/td>\n<\/tr>\n<\/thead>\n<tbody>\n<tr>\n<td>\u4e2d\u53f712\u00d71.5<\/td>\n<td>MOBK 01\/MOGK 01\/\u83ab\u5c14\u514b 01<\/td>\n<td>8,5<\/td>\n<td>6<\/td>\n<td>15<\/td>\n<\/tr>\n<tr>\n<td>\u4e2d\u53f716\u00d71.5<\/td>\n<td>MOBK 02\/MOGK 02\/\u83ab\u5c14\u514b 02<\/td>\n<td>10<\/td>\n<td>7<\/td>\n<td>20<\/td>\n<\/tr>\n<tr>\n<td>\u4e2d\u53f720\u00d71.5<\/td>\n<td>MOBK 03\/MOGK 03\/MOLK 03<\/td>\n<td>10<\/td>\n<td>7<\/td>\n<td>24<\/td>\n<\/tr>\n<tr>\n<td>\u4e2d\u53f725\u00d71.5<\/td>\n<td>MOBK 04\/MOGK 04\/MOLK 04<\/td>\n<td>14<\/td>\n<td>10<\/td>\n<td>30<\/td>\n<\/tr>\n<tr>\n<td>\u4e2d\u53f732\u00d71.5<\/td>\n<td>MOBK 05\/MOGK 05\/MOLK 05<\/td>\n<td>14<\/td>\n<td>10<\/td>\n<td>37<\/td>\n<\/tr>\n<tr>\n<td>\u4e2d\u53f740\u00d71.5<\/td>\n<td>MOBK 06\/MOGK 06\/MOLK 06<\/td>\n<td>15<\/td>\n<td>10<\/td>\n<td>48<\/td>\n<\/tr>\n<\/tbody>\n<\/table>","protected":false},"excerpt":{"rendered":"<h3>\u7279\u5f81<\/h3>\n<table>\n<tbody>\n<tr>\n<td>O \u578b\u5708<\/td>\n<td>\u4e01\u8148\u6a61\u80f6<\/td>\n<\/tr>\n<tr>\n<td>\u87ba\u7eb9\u7c7b\u578b<\/td>\n<td>\u516c\u5236 (EN 60423)<\/td>\n<\/tr>\n<tr>\n<td>\u677e\u7d27\u5ea6<\/td>\n<td>IP54<\/td>\n<\/tr>\n<tr>\n<td>\u8fde\u7eed\u5de5\u4f5c\u6e29\u5ea6<\/td>\n<td>-30\u2103 +80\u2103 +150\u2103\uff08\u4e34\u65f6\uff09<\/td>\n<\/tr>\n<\/tbody>\n<\/table>","protected":false},"featured_media":1691,"template":"","meta":{"_kad_blocks_custom_css":"","_kad_blocks_head_custom_js":"","_kad_blocks_body_custom_js":"","_kad_blocks_footer_custom_js":"","_kadence_starter_templates_imported_post":false,"_kad_post_transparent":"default","_kad_post_title":"","_kad_post_layout":"default","_kad_post_sidebar_id":"","_kad_post_content_style":"default","_kad_post_vertical_padding":"default","_kad_post_feature":"","_kad_post_feature_position":"","_kad_post_header":false,"_kad_post_footer":false},"product_cat":[29,70],"product_tag":[],"class_list":{"0":"post-1668","1":"product","2":"type-product","3":"status-publish","4":"has-post-thumbnail","6":"product_cat-prensaestopas-y-accesorios-plasticos-de-poliamida","7":"product_cat-tapones","9":"first","10":"instock","11":"shipping-taxable","12":"product-type-simple","13":"entry","14":"content-bg","15":"loop-entry"},"yoast_head":"<!-- This site is optimized with the Yoast SEO plugin v21.7 - https:\/\/yoast.com\/wordpress\/plugins\/seo\/ -->\n<title>Tap\u00f3n Redondo M\u00e9trica PA6 - Fleximat<\/title>\n<meta name=\"robots\" content=\"index, follow, max-snippet:-1, max-image-preview:large, max-video-preview:-1\" \/>\n<link rel=\"canonical\" href=\"https:\/\/www.fleximat.es\/zh\/product\/tapon-redondo-metrica-pa6\/\" \/>\n<meta property=\"og:locale\" content=\"zh_CN\" \/>\n<meta property=\"og:type\" content=\"article\" \/>\n<meta property=\"og:title\" content=\"Tap\u00f3n Redondo M\u00e9trica PA6 - Fleximat\" \/>\n<meta property=\"og:description\" content=\"Caracter\u00edsticas    Junta t\u00f3rica NBR   Tipo de Rosca M\u00e9trica (EN 60423)   Estanqueidad IP54   Temperatura de trabajo continua -30 \u00baC +80 \u00baC +150 \u00baC (temporal)\" \/>\n<meta property=\"og:url\" content=\"https:\/\/www.fleximat.es\/zh\/product\/tapon-redondo-metrica-pa6\/\" \/>\n<meta property=\"og:site_name\" content=\"Fleximat\" \/>\n<meta property=\"article:modified_time\" content=\"2023-12-01T09:39:33+00:00\" \/>\n<meta property=\"og:image\" content=\"https:\/\/www.fleximat.es\/wp-content\/uploads\/2023\/10\/th_crop_1571734281tapones-3-colores.jpg\" \/>\n\t<meta property=\"og:image:width\" content=\"600\" \/>\n\t<meta property=\"og:image:height\" content=\"600\" \/>\n\t<meta property=\"og:image:type\" content=\"image\/jpeg\" \/>\n<meta name=\"twitter:card\" content=\"summary_large_image\" \/>\n<meta name=\"twitter:label1\" content=\"\u9884\u8ba1\u9605\u8bfb\u65f6\u95f4\" \/>\n\t<meta name=\"twitter:data1\" content=\"1 \u5206\" \/>\n<script type=\"application\/ld+json\" class=\"yoast-schema-graph\">{\"@context\":\"https:\/\/schema.org\",\"@graph\":[{\"@type\":\"WebPage\",\"@id\":\"https:\/\/www.fleximat.es\/producto\/tapon-redondo-metrica-pa6\/\",\"url\":\"https:\/\/www.fleximat.es\/producto\/tapon-redondo-metrica-pa6\/\",\"name\":\"Tap\u00f3n Redondo M\u00e9trica PA6 - Fleximat\",\"isPartOf\":{\"@id\":\"https:\/\/www.fleximat.es\/bn\/#website\"},\"datePublished\":\"2023-10-18T15:53:40+00:00\",\"dateModified\":\"2023-12-01T09:39:33+00:00\",\"breadcrumb\":{\"@id\":\"https:\/\/www.fleximat.es\/producto\/tapon-redondo-metrica-pa6\/#breadcrumb\"},\"inLanguage\":\"zh-Hans\",\"potentialAction\":[{\"@type\":\"ReadAction\",\"target\":[\"https:\/\/www.fleximat.es\/producto\/tapon-redondo-metrica-pa6\/\"]}]},{\"@type\":\"BreadcrumbList\",\"@id\":\"https:\/\/www.fleximat.es\/producto\/tapon-redondo-metrica-pa6\/#breadcrumb\",\"itemListElement\":[{\"@type\":\"ListItem\",\"position\":1,\"name\":\"Portada\",\"item\":\"https:\/\/www.fleximat.es\/\"},{\"@type\":\"ListItem\",\"position\":2,\"name\":\"Productos\",\"item\":\"https:\/\/www.fleximat.es\/en\/productos\/\"},{\"@type\":\"ListItem\",\"position\":3,\"name\":\"Tap\u00f3n Redondo M\u00e9trica PA6\"}]},{\"@type\":\"WebSite\",\"@id\":\"https:\/\/www.fleximat.es\/bn\/#website\",\"url\":\"https:\/\/www.fleximat.es\/bn\/\",\"name\":\"Fleximat\",\"description\":\"Tu soluci\u00f3n en prensaestopas y tubos flexibles\",\"publisher\":{\"@id\":\"https:\/\/www.fleximat.es\/bn\/#organization\"},\"potentialAction\":[{\"@type\":\"SearchAction\",\"target\":{\"@type\":\"EntryPoint\",\"urlTemplate\":\"https:\/\/www.fleximat.es\/bn\/?s={search_term_string}\"},\"query-input\":\"required name=search_term_string\"}],\"inLanguage\":\"zh-Hans\"},{\"@type\":\"Organization\",\"@id\":\"https:\/\/www.fleximat.es\/bn\/#organization\",\"name\":\"Fleximat\",\"url\":\"https:\/\/www.fleximat.es\/bn\/\",\"logo\":{\"@type\":\"ImageObject\",\"inLanguage\":\"zh-Hans\",\"@id\":\"https:\/\/www.fleximat.es\/bn\/#\/schema\/logo\/image\/\",\"url\":\"https:\/\/www.fleximat.es\/wp-content\/uploads\/2023\/11\/fleximat-logo-1.png\",\"contentUrl\":\"https:\/\/www.fleximat.es\/wp-content\/uploads\/2023\/11\/fleximat-logo-1.png\",\"width\":1169,\"height\":289,\"caption\":\"Fleximat\"},\"image\":{\"@id\":\"https:\/\/www.fleximat.es\/bn\/#\/schema\/logo\/image\/\"}}]}<\/script>\n<!-- \/ Yoast SEO plugin. -->","yoast_head_json":{"title":"Tap\u00f3n Redondo M\u00e9trica PA6 - Fleximat","robots":{"index":"index","follow":"follow","max-snippet":"max-snippet:-1","max-image-preview":"max-image-preview:large","max-video-preview":"max-video-preview:-1"},"canonical":"https:\/\/www.fleximat.es\/zh\/product\/tapon-redondo-metrica-pa6\/","og_locale":"zh_CN","og_type":"article","og_title":"Tap\u00f3n Redondo M\u00e9trica PA6 - Fleximat","og_description":"Caracter\u00edsticas    Junta t\u00f3rica NBR   Tipo de Rosca M\u00e9trica (EN 60423)   Estanqueidad IP54   Temperatura de trabajo continua -30 \u00baC +80 \u00baC +150 \u00baC (temporal)","og_url":"https:\/\/www.fleximat.es\/zh\/product\/tapon-redondo-metrica-pa6\/","og_site_name":"Fleximat","article_modified_time":"2023-12-01T09:39:33+00:00","og_image":[{"width":600,"height":600,"url":"https:\/\/www.fleximat.es\/wp-content\/uploads\/2023\/10\/th_crop_1571734281tapones-3-colores.jpg","type":"image\/jpeg"}],"twitter_card":"summary_large_image","twitter_misc":{"\u9884\u8ba1\u9605\u8bfb\u65f6\u95f4":"1 \u5206"},"schema":{"@context":"https:\/\/schema.org","@graph":[{"@type":"WebPage","@id":"https:\/\/www.fleximat.es\/producto\/tapon-redondo-metrica-pa6\/","url":"https:\/\/www.fleximat.es\/producto\/tapon-redondo-metrica-pa6\/","name":"Tap\u00f3n Redondo M\u00e9trica PA6 - Fleximat","isPartOf":{"@id":"https:\/\/www.fleximat.es\/bn\/#website"},"datePublished":"2023-10-18T15:53:40+00:00","dateModified":"2023-12-01T09:39:33+00:00","breadcrumb":{"@id":"https:\/\/www.fleximat.es\/producto\/tapon-redondo-metrica-pa6\/#breadcrumb"},"inLanguage":"zh-Hans","potentialAction":[{"@type":"ReadAction","target":["https:\/\/www.fleximat.es\/producto\/tapon-redondo-metrica-pa6\/"]}]},{"@type":"BreadcrumbList","@id":"https:\/\/www.fleximat.es\/producto\/tapon-redondo-metrica-pa6\/#breadcrumb","itemListElement":[{"@type":"ListItem","position":1,"name":"Portada","item":"https:\/\/www.fleximat.es\/"},{"@type":"ListItem","position":2,"name":"Productos","item":"https:\/\/www.fleximat.es\/en\/productos\/"},{"@type":"ListItem","position":3,"name":"Tap\u00f3n Redondo M\u00e9trica PA6"}]},{"@type":"WebSite","@id":"https:\/\/www.fleximat.es\/bn\/#website","url":"https:\/\/www.fleximat.es\/bn\/","name":"Fleximat","description":"Tu soluci\u00f3n en prensaestopas y tubos flexibles","publisher":{"@id":"https:\/\/www.fleximat.es\/bn\/#organization"},"potentialAction":[{"@type":"SearchAction","target":{"@type":"EntryPoint","urlTemplate":"https:\/\/www.fleximat.es\/bn\/?s={search_term_string}"},"query-input":"required name=search_term_string"}],"inLanguage":"zh-Hans"},{"@type":"Organization","@id":"https:\/\/www.fleximat.es\/bn\/#organization","name":"Fleximat","url":"https:\/\/www.fleximat.es\/bn\/","logo":{"@type":"ImageObject","inLanguage":"zh-Hans","@id":"https:\/\/www.fleximat.es\/bn\/#\/schema\/logo\/image\/","url":"https:\/\/www.fleximat.es\/wp-content\/uploads\/2023\/11\/fleximat-logo-1.png","contentUrl":"https:\/\/www.fleximat.es\/wp-content\/uploads\/2023\/11\/fleximat-logo-1.png","width":1169,"height":289,"caption":"Fleximat"},"image":{"@id":"https:\/\/www.fleximat.es\/bn\/#\/schema\/logo\/image\/"}}]}},"taxonomy_info":{"product_cat":[{"value":29,"label":"Prensaestopas y accesorios pl\u00e1sticos de Poliamida"},{"value":70,"label":"Tapones"}]},"featured_image_src_large":["https:\/\/www.fleximat.es\/wp-content\/uploads\/2023\/10\/th_crop_1571734281tapones-3-colores.jpg",600,600,false],"author_info":[],"comment_info":"","_links":{"self":[{"href":"https:\/\/www.fleximat.es\/zh\/wp-json\/wp\/v2\/product\/1668"}],"collection":[{"href":"https:\/\/www.fleximat.es\/zh\/wp-json\/wp\/v2\/product"}],"about":[{"href":"https:\/\/www.fleximat.es\/zh\/wp-json\/wp\/v2\/types\/product"}],"wp:featuredmedia":[{"embeddable":true,"href":"https:\/\/www.fleximat.es\/zh\/wp-json\/wp\/v2\/media\/1691"}],"wp:attachment":[{"href":"https:\/\/www.fleximat.es\/zh\/wp-json\/wp\/v2\/media?parent=1668"}],"wp:term":[{"taxonomy":"product_cat","embeddable":true,"href":"https:\/\/www.fleximat.es\/zh\/wp-json\/wp\/v2\/product_cat?post=1668"},{"taxonomy":"product_tag","embeddable":true,"href":"https:\/\/www.fleximat.es\/zh\/wp-json\/wp\/v2\/product_tag?post=1668"}],"curies":[{"name":"wp","href":"https:\/\/api.w.org\/{rel}","templated":true}]}}