{"id":1705,"date":"2023-10-18T17:54:04","date_gmt":"2023-10-18T15:54:04","guid":{"rendered":"https:\/\/www.fleximat.es\/?post_type=product&#038;p=1705"},"modified":"2023-10-25T09:19:12","modified_gmt":"2023-10-25T07:19:12","slug":"racor-liquid-tight-con-prensaestopas-metalico-ip-67","status":"publish","type":"product","link":"https:\/\/www.fleximat.es\/zh\/product\/racor-liquid-tight-con-prensaestopas-metalico-ip-67\/","title":{"rendered":"\u5e26\u91d1\u5c5e\u7535\u7f06\u5bc6\u5c01\u5957\u7684\u6db2\u5bc6\u63a5\u5934 IP-67"},"content":{"rendered":"<h4>\u7279\u6027<\/h4>\n<p>\u6613\u4e8e\u7ec4\u88c5\u56fa\u5b9a\u6216\u65cb\u8f6c\u4e3b\u4f53\u7248\u672c\u4e0e LGT \u6216 CTS\u3001CTPS \u7ba1\u9053\u4e00\u8d77\u8ba2\u8d2d<\/p>\n<h3>\u4ea7\u54c1\u63cf\u8ff0<\/h3>\n<p>\u7ba1\u4ef6\u662f\u7ba1\u9053\u7684\u8fde\u63a5\u9644\u4ef6\u3002<\/p>\n<p>\u6839\u636e\u4fdd\u62a4\u7684\u9700\u8981\uff0c\u914d\u4ef6\u53ef\u4ee5\u5177\u6709\u4e0d\u540c\u7684\u4e3b\u4f53\u548c\u87ba\u7eb9\u3002<\/p>\n<p>\u914d\u4ef6\u53ef\u4ee5\u662f\u5851\u6599\u6216\u91d1\u5c5e\u7684\u3002<\/p>\n<p>\u6211\u4eec\u6709\u5e26\u65cb\u8f6c\u4f53\u548c\u5185\u7f6e\u586b\u6599\u51fd\u7684\u7248\u672c\u3002<\/p>\n<h3>\u4e0d\u6269\u6563\u6761\u7ea6<\/h3>\n<table class=\"table table-bordered table-striped\">\n<thead>\n<tr>\n<td>\u4ee3\u7801<\/td>\n<td>NPT \u87ba\u7eb9<\/td>\n<td>\u87ba\u65cb\u957f\u5ea6<\/td>\n<td>GL \u6beb\u7c73\u3002<\/td>\n<td>\u4e59\u6beb\u7c73\u3002<\/td>\n<td>\u5398\u7c73\u3002<\/td>\n<td>\u76f4\u5f84\u6beb\u7c73\u3002<\/td>\n<td>\u7535\u7f06\u6beb\u7c73\u3002<\/td>\n<\/tr>\n<\/thead>\n<tbody>\n<tr>\n<td>MLSRN 00<\/td>\n<td>1\/4&#8243;<\/td>\n<td>10 &#8211; 1\/4&#8243;<\/td>\n<td>10<\/td>\n<td>20<\/td>\n<td>22<\/td>\n<td>14<\/td>\n<td>3-6,5<\/td>\n<\/tr>\n<tr>\n<td>MLSRN 1A<\/td>\n<td>3\/8&#8243;<\/td>\n<td>10 &#8211; 1\/4&#8243;<\/td>\n<td>10<\/td>\n<td>20<\/td>\n<td>22<\/td>\n<td>18<\/td>\n<td>4-8<\/td>\n<\/tr>\n<tr>\n<td>MLSRN 01<\/td>\n<td>3\/8&#8243;<\/td>\n<td>13 &#8211; 3\/8&#8243;<\/td>\n<td>11,5<\/td>\n<td>24<\/td>\n<td>26<\/td>\n<td>20<\/td>\n<td>5-10<\/td>\n<\/tr>\n<tr>\n<td>MLSRN 2A<\/td>\n<td>1\/2&#8243;<\/td>\n<td>16 &#8211; 1\/2&#8243;<\/td>\n<td>13<\/td>\n<td>27<\/td>\n<td>29<\/td>\n<td>22<\/td>\n<td>6-12<\/td>\n<\/tr>\n<tr>\n<td>MLSRN 02<\/td>\n<td>1\/2&#8243;<\/td>\n<td>16 &#8211; 1\/2&#8243;<\/td>\n<td>13<\/td>\n<td>27<\/td>\n<td>29<\/td>\n<td>24<\/td>\n<td>10-14<\/td>\n<\/tr>\n<tr>\n<td>MLSRN 03<\/td>\n<td>3\/4&#8243;<\/td>\n<td>21 &#8211; 3\/4&#8243;<\/td>\n<td>15<\/td>\n<td>33<\/td>\n<td>35<\/td>\n<td>30<\/td>\n<td>13-18<\/td>\n<\/tr>\n<tr>\n<td>MLSRN 04<\/td>\n<td>1&#8243;<\/td>\n<td>26 &#8211; 1&#8243;<\/td>\n<td>15<\/td>\n<td>43<\/td>\n<td>45<\/td>\n<td>40<\/td>\n<td>18-25<\/td>\n<\/tr>\n<tr>\n<td>MLSRN 05<\/td>\n<td>\u00a01 1\/4&#8243;<\/td>\n<td>35 &#8211; 1 1\/4&#8243;<\/td>\n<td>16<\/td>\n<td>52<\/td>\n<td>54<\/td>\n<td>50<\/td>\n<td>22-32<\/td>\n<\/tr>\n<tr>\n<td>MLSRN 06<\/td>\n<td>1 1\/2&#8243;<\/td>\n<td>40 &#8211; 1 1\/2&#8243;<\/td>\n<td>18<\/td>\n<td>60<\/td>\n<td>63<\/td>\n<td>55<\/td>\n<td>30-38<\/td>\n<\/tr>\n<tr>\n<td>MLSRN 07<\/td>\n<td>2&#8243;<\/td>\n<td>51 &#8211; 2&#8243;<\/td>\n<td>20<\/td>\n<td>74<\/td>\n<td>77<\/td>\n<td>65<\/td>\n<td>34-44<\/td>\n<\/tr>\n<tr>\n<td>MLSRN 08<\/td>\n<td>2 1\/2&#8243;<\/td>\n<td>63 &#8211; 2 1\/2&#8243;<\/td>\n<td>20<\/td>\n<td>90<\/td>\n<td>90<\/td>\n<td>75<\/td>\n<td>45-55<\/td>\n<\/tr>\n<tr>\n<td>MLSRN 09<\/td>\n<td>3&#8243;<\/td>\n<td>78-3&#8243;<\/td>\n<td>24<\/td>\n<td>105<\/td>\n<td>110<\/td>\n<td>90<\/td>\n<td>50-63<\/td>\n<\/tr>\n<tr>\n<td>MLSRN 10<\/td>\n<td>4&#8243;<\/td>\n<td>102-4&#8243;<\/td>\n<td>30<\/td>\n<td>136<\/td>\n<td>140<\/td>\n<td>100<\/td>\n<td>60-70<\/td>\n<\/tr>\n<\/tbody>\n<\/table>\n<h3>PG<\/h3>\n<table class=\"table table-bordered table-striped\">\n<thead>\n<tr>\n<td>\u4ee3\u7801<\/td>\n<td>\u7ebf<\/td>\n<td>\u87ba\u65cb\u957f\u5ea6<\/td>\n<td>GL \u6beb\u7c73\u3002<\/td>\n<td>\u4e59\u6beb\u7c73\u3002<\/td>\n<td>\u5398\u7c73\u3002<\/td>\n<td>\u76f4\u5f84\u6beb\u7c73\u3002<\/td>\n<td>\u7535\u7f06\u6beb\u7c73\u3002<\/td>\n<\/tr>\n<\/thead>\n<tbody>\n<tr>\n<td>MLSRP 00<\/td>\n<td>PG 7<\/td>\n<td>10 &#8211; 1\/4&#8243;<\/td>\n<td>6<\/td>\n<td>20<\/td>\n<td>22<\/td>\n<td>14<\/td>\n<td>3-6,5<\/td>\n<\/tr>\n<tr>\n<td>MLSRP 1A<\/td>\n<td>PG 9<\/td>\n<td>10 &#8211; 1\/4&#8243;<\/td>\n<td>6<\/td>\n<td>20<\/td>\n<td>22<\/td>\n<td>17<\/td>\n<td>4-8<\/td>\n<\/tr>\n<tr>\n<td>MLSRP 01<\/td>\n<td>PG 11<\/td>\n<td>13 &#8211; 3\/8&#8243;<\/td>\n<td>6<\/td>\n<td>24<\/td>\n<td>26<\/td>\n<td>20<\/td>\n<td>5-10<\/td>\n<\/tr>\n<tr>\n<td>MLSRP 2A<\/td>\n<td>GP 13.5<\/td>\n<td>16 &#8211; 1\/2&#8243;<\/td>\n<td>6,5<\/td>\n<td>27<\/td>\n<td>29<\/td>\n<td>22<\/td>\n<td>6-12<\/td>\n<\/tr>\n<tr>\n<td>MLSRP 02<\/td>\n<td>PG 16<\/td>\n<td>16 &#8211; 1\/2&#8243;<\/td>\n<td>6,5<\/td>\n<td>27<\/td>\n<td>29<\/td>\n<td>24<\/td>\n<td>10-14<\/td>\n<\/tr>\n<tr>\n<td>MLSRP 03<\/td>\n<td>PG 21<\/td>\n<td>21 &#8211; 3\/4&#8243;<\/td>\n<td>7<\/td>\n<td>33<\/td>\n<td>35<\/td>\n<td>30<\/td>\n<td>13-18<\/td>\n<\/tr>\n<tr>\n<td>MLSRP 04<\/td>\n<td>PG 29<\/td>\n<td>26 &#8211; 1&#8243;<\/td>\n<td>8<\/td>\n<td>43<\/td>\n<td>45<\/td>\n<td>40<\/td>\n<td>18-25<\/td>\n<\/tr>\n<tr>\n<td>MLSRP 05<\/td>\n<td>PG 36<\/td>\n<td>35 &#8211; 1 1\/4&#8243;<\/td>\n<td>10<\/td>\n<td>52<\/td>\n<td>54<\/td>\n<td>50<\/td>\n<td>22-32<\/td>\n<\/tr>\n<tr>\n<td>MLSRP 06<\/td>\n<td>PG 42<\/td>\n<td>40 &#8211; 1 1\/2&#8243;<\/td>\n<td>12<\/td>\n<td>60<\/td>\n<td>63<\/td>\n<td>57<\/td>\n<td>30-38<\/td>\n<\/tr>\n<tr>\n<td>MLSRP 07<\/td>\n<td>PG 48<\/td>\n<td>51 &#8211; 2&#8243;<\/td>\n<td>14<\/td>\n<td>74<\/td>\n<td>77<\/td>\n<td>64<\/td>\n<td>34-44<\/td>\n<\/tr>\n<\/tbody>\n<\/table>","protected":false},"excerpt":{"rendered":"<h3>\u7279\u5f81<\/h3>\n<table>\n<tbody>\n<tr>\n<td><strong>\u5e3d\u5b50<\/strong><\/td>\n<td>\u9540\u954d\u9ec4\u94dc<\/td>\n<\/tr>\n<tr>\n<td><strong>\u5bc6\u5c01\u57ab\u7247<\/strong><\/td>\n<td>\u9500\u552e\u70b9<\/td>\n<\/tr>\n<tr>\n<td><strong>O \u578b\u5708<\/strong><\/td>\n<td>\u4e01\u8148\u6a61\u80f6<\/td>\n<\/tr>\n<tr>\n<td><strong>\u677e\u7d27\u5ea6<\/strong><\/td>\n<td>IP67\u7ea7<\/td>\n<\/tr>\n<tr>\n<td><strong>\u8fde\u7eed\u5de5\u4f5c\u6e29\u5ea6<\/strong><\/td>\n<td>-20\u2103+80\u2103<\/td>\n<\/tr>\n<\/tbody>\n<\/table>","protected":false},"featured_media":1693,"template":"","meta":{"_kad_blocks_custom_css":"","_kad_blocks_head_custom_js":"","_kad_blocks_body_custom_js":"","_kad_blocks_footer_custom_js":"","_kadence_starter_templates_imported_post":false,"_kad_post_transparent":"default","_kad_post_title":"","_kad_post_layout":"default","_kad_post_sidebar_id":"","_kad_post_content_style":"default","_kad_post_vertical_padding":"default","_kad_post_feature":"","_kad_post_feature_position":"","_kad_post_header":false,"_kad_post_footer":false},"product_cat":[68,71],"product_tag":[],"class_list":{"0":"post-1705","1":"product","2":"type-product","3":"status-publish","4":"has-post-thumbnail","6":"product_cat-tubos-flexibles-racores-y-accesorios","7":"product_cat-racores-y-accesorios-metalicos","9":"first","10":"instock","11":"shipping-taxable","12":"product-type-simple","13":"entry","14":"content-bg","15":"loop-entry"},"yoast_head":"<!-- This site is optimized with the Yoast SEO plugin v21.7 - https:\/\/yoast.com\/wordpress\/plugins\/seo\/ -->\n<title>Racor LIQUID TIGHT con Prensaestopas Met\u00e1lico IP-67 - Fleximat<\/title>\n<meta name=\"robots\" content=\"index, follow, max-snippet:-1, max-image-preview:large, max-video-preview:-1\" \/>\n<link rel=\"canonical\" href=\"https:\/\/www.fleximat.es\/zh\/produto\/racor-liquid-tight-con-prensaestopas-metalico-ip-67\/\" \/>\n<meta property=\"og:locale\" content=\"zh_CN\" \/>\n<meta property=\"og:type\" content=\"article\" \/>\n<meta property=\"og:title\" content=\"Racor LIQUID TIGHT con Prensaestopas Met\u00e1lico IP-67 - Fleximat\" \/>\n<meta property=\"og:description\" content=\"Caracter\u00edsticas    Sombrerete Lat\u00f3n Niquelado   Junta de sellado TPV   Junta t\u00f3rica NBR   Estanqueidad IP67   Temperatura de trabajo continua -20 \u00baC +80 \u00baC\" \/>\n<meta property=\"og:url\" content=\"https:\/\/www.fleximat.es\/zh\/produto\/racor-liquid-tight-con-prensaestopas-metalico-ip-67\/\" \/>\n<meta property=\"og:site_name\" content=\"Fleximat\" \/>\n<meta property=\"article:modified_time\" content=\"2023-10-25T07:19:12+00:00\" \/>\n<meta property=\"og:image\" content=\"https:\/\/www.fleximat.es\/wp-content\/uploads\/2023\/10\/racor-con-prensa-metalico.jpg\" \/>\n\t<meta property=\"og:image:width\" content=\"686\" \/>\n\t<meta property=\"og:image:height\" content=\"760\" \/>\n\t<meta property=\"og:image:type\" content=\"image\/jpeg\" \/>\n<meta name=\"twitter:card\" content=\"summary_large_image\" \/>\n<meta name=\"twitter:label1\" content=\"\u9884\u8ba1\u9605\u8bfb\u65f6\u95f4\" \/>\n\t<meta name=\"twitter:data1\" content=\"1 \u5206\" \/>\n<script type=\"application\/ld+json\" class=\"yoast-schema-graph\">{\"@context\":\"https:\/\/schema.org\",\"@graph\":[{\"@type\":\"WebPage\",\"@id\":\"https:\/\/www.fleximat.es\/gl\/produto\/racor-liquid-tight-con-prensaestopas-metalico-ip-67\/\",\"url\":\"https:\/\/www.fleximat.es\/gl\/produto\/racor-liquid-tight-con-prensaestopas-metalico-ip-67\/\",\"name\":\"Racor LIQUID TIGHT con Prensaestopas Met\u00e1lico IP-67 - Fleximat\",\"isPartOf\":{\"@id\":\"https:\/\/www.fleximat.es\/bn\/#website\"},\"datePublished\":\"2023-10-18T15:54:04+00:00\",\"dateModified\":\"2023-10-25T07:19:12+00:00\",\"breadcrumb\":{\"@id\":\"https:\/\/www.fleximat.es\/gl\/produto\/racor-liquid-tight-con-prensaestopas-metalico-ip-67\/#breadcrumb\"},\"inLanguage\":\"zh-Hans\",\"potentialAction\":[{\"@type\":\"ReadAction\",\"target\":[\"https:\/\/www.fleximat.es\/gl\/produto\/racor-liquid-tight-con-prensaestopas-metalico-ip-67\/\"]}]},{\"@type\":\"BreadcrumbList\",\"@id\":\"https:\/\/www.fleximat.es\/gl\/produto\/racor-liquid-tight-con-prensaestopas-metalico-ip-67\/#breadcrumb\",\"itemListElement\":[{\"@type\":\"ListItem\",\"position\":1,\"name\":\"Portada\",\"item\":\"https:\/\/www.fleximat.es\/\"},{\"@type\":\"ListItem\",\"position\":2,\"name\":\"Productos\",\"item\":\"https:\/\/www.fleximat.es\/en\/productos\/\"},{\"@type\":\"ListItem\",\"position\":3,\"name\":\"Racor LIQUID TIGHT con Prensaestopas Met\u00e1lico IP-67\"}]},{\"@type\":\"WebSite\",\"@id\":\"https:\/\/www.fleximat.es\/bn\/#website\",\"url\":\"https:\/\/www.fleximat.es\/bn\/\",\"name\":\"Fleximat\",\"description\":\"Tu soluci\u00f3n en prensaestopas y tubos flexibles\",\"publisher\":{\"@id\":\"https:\/\/www.fleximat.es\/bn\/#organization\"},\"potentialAction\":[{\"@type\":\"SearchAction\",\"target\":{\"@type\":\"EntryPoint\",\"urlTemplate\":\"https:\/\/www.fleximat.es\/bn\/?s={search_term_string}\"},\"query-input\":\"required name=search_term_string\"}],\"inLanguage\":\"zh-Hans\"},{\"@type\":\"Organization\",\"@id\":\"https:\/\/www.fleximat.es\/bn\/#organization\",\"name\":\"Fleximat\",\"url\":\"https:\/\/www.fleximat.es\/bn\/\",\"logo\":{\"@type\":\"ImageObject\",\"inLanguage\":\"zh-Hans\",\"@id\":\"https:\/\/www.fleximat.es\/bn\/#\/schema\/logo\/image\/\",\"url\":\"https:\/\/www.fleximat.es\/wp-content\/uploads\/2023\/11\/fleximat-logo-1.png\",\"contentUrl\":\"https:\/\/www.fleximat.es\/wp-content\/uploads\/2023\/11\/fleximat-logo-1.png\",\"width\":1169,\"height\":289,\"caption\":\"Fleximat\"},\"image\":{\"@id\":\"https:\/\/www.fleximat.es\/bn\/#\/schema\/logo\/image\/\"}}]}<\/script>\n<!-- \/ Yoast SEO plugin. -->","yoast_head_json":{"title":"Racor LIQUID TIGHT con Prensaestopas Met\u00e1lico IP-67 - Fleximat","robots":{"index":"index","follow":"follow","max-snippet":"max-snippet:-1","max-image-preview":"max-image-preview:large","max-video-preview":"max-video-preview:-1"},"canonical":"https:\/\/www.fleximat.es\/zh\/produto\/racor-liquid-tight-con-prensaestopas-metalico-ip-67\/","og_locale":"zh_CN","og_type":"article","og_title":"Racor LIQUID TIGHT con Prensaestopas Met\u00e1lico IP-67 - Fleximat","og_description":"Caracter\u00edsticas    Sombrerete Lat\u00f3n Niquelado   Junta de sellado TPV   Junta t\u00f3rica NBR   Estanqueidad IP67   Temperatura de trabajo continua -20 \u00baC +80 \u00baC","og_url":"https:\/\/www.fleximat.es\/zh\/produto\/racor-liquid-tight-con-prensaestopas-metalico-ip-67\/","og_site_name":"Fleximat","article_modified_time":"2023-10-25T07:19:12+00:00","og_image":[{"width":686,"height":760,"url":"https:\/\/www.fleximat.es\/wp-content\/uploads\/2023\/10\/racor-con-prensa-metalico.jpg","type":"image\/jpeg"}],"twitter_card":"summary_large_image","twitter_misc":{"\u9884\u8ba1\u9605\u8bfb\u65f6\u95f4":"1 \u5206"},"schema":{"@context":"https:\/\/schema.org","@graph":[{"@type":"WebPage","@id":"https:\/\/www.fleximat.es\/gl\/produto\/racor-liquid-tight-con-prensaestopas-metalico-ip-67\/","url":"https:\/\/www.fleximat.es\/gl\/produto\/racor-liquid-tight-con-prensaestopas-metalico-ip-67\/","name":"Racor LIQUID TIGHT con Prensaestopas Met\u00e1lico IP-67 - Fleximat","isPartOf":{"@id":"https:\/\/www.fleximat.es\/bn\/#website"},"datePublished":"2023-10-18T15:54:04+00:00","dateModified":"2023-10-25T07:19:12+00:00","breadcrumb":{"@id":"https:\/\/www.fleximat.es\/gl\/produto\/racor-liquid-tight-con-prensaestopas-metalico-ip-67\/#breadcrumb"},"inLanguage":"zh-Hans","potentialAction":[{"@type":"ReadAction","target":["https:\/\/www.fleximat.es\/gl\/produto\/racor-liquid-tight-con-prensaestopas-metalico-ip-67\/"]}]},{"@type":"BreadcrumbList","@id":"https:\/\/www.fleximat.es\/gl\/produto\/racor-liquid-tight-con-prensaestopas-metalico-ip-67\/#breadcrumb","itemListElement":[{"@type":"ListItem","position":1,"name":"Portada","item":"https:\/\/www.fleximat.es\/"},{"@type":"ListItem","position":2,"name":"Productos","item":"https:\/\/www.fleximat.es\/en\/productos\/"},{"@type":"ListItem","position":3,"name":"Racor LIQUID TIGHT con Prensaestopas Met\u00e1lico IP-67"}]},{"@type":"WebSite","@id":"https:\/\/www.fleximat.es\/bn\/#website","url":"https:\/\/www.fleximat.es\/bn\/","name":"Fleximat","description":"Tu soluci\u00f3n en prensaestopas y tubos flexibles","publisher":{"@id":"https:\/\/www.fleximat.es\/bn\/#organization"},"potentialAction":[{"@type":"SearchAction","target":{"@type":"EntryPoint","urlTemplate":"https:\/\/www.fleximat.es\/bn\/?s={search_term_string}"},"query-input":"required name=search_term_string"}],"inLanguage":"zh-Hans"},{"@type":"Organization","@id":"https:\/\/www.fleximat.es\/bn\/#organization","name":"Fleximat","url":"https:\/\/www.fleximat.es\/bn\/","logo":{"@type":"ImageObject","inLanguage":"zh-Hans","@id":"https:\/\/www.fleximat.es\/bn\/#\/schema\/logo\/image\/","url":"https:\/\/www.fleximat.es\/wp-content\/uploads\/2023\/11\/fleximat-logo-1.png","contentUrl":"https:\/\/www.fleximat.es\/wp-content\/uploads\/2023\/11\/fleximat-logo-1.png","width":1169,"height":289,"caption":"Fleximat"},"image":{"@id":"https:\/\/www.fleximat.es\/bn\/#\/schema\/logo\/image\/"}}]}},"taxonomy_info":{"product_cat":[{"value":68,"label":"Tubos flexibles, racores y accesorios"},{"value":71,"label":"Racores y accesorios met\u00e1licos"}]},"featured_image_src_large":["https:\/\/www.fleximat.es\/wp-content\/uploads\/2023\/10\/racor-con-prensa-metalico.jpg",686,760,false],"author_info":[],"comment_info":"","_links":{"self":[{"href":"https:\/\/www.fleximat.es\/zh\/wp-json\/wp\/v2\/product\/1705"}],"collection":[{"href":"https:\/\/www.fleximat.es\/zh\/wp-json\/wp\/v2\/product"}],"about":[{"href":"https:\/\/www.fleximat.es\/zh\/wp-json\/wp\/v2\/types\/product"}],"wp:featuredmedia":[{"embeddable":true,"href":"https:\/\/www.fleximat.es\/zh\/wp-json\/wp\/v2\/media\/1693"}],"wp:attachment":[{"href":"https:\/\/www.fleximat.es\/zh\/wp-json\/wp\/v2\/media?parent=1705"}],"wp:term":[{"taxonomy":"product_cat","embeddable":true,"href":"https:\/\/www.fleximat.es\/zh\/wp-json\/wp\/v2\/product_cat?post=1705"},{"taxonomy":"product_tag","embeddable":true,"href":"https:\/\/www.fleximat.es\/zh\/wp-json\/wp\/v2\/product_tag?post=1705"}],"curies":[{"name":"wp","href":"https:\/\/api.w.org\/{rel}","templated":true}]}}