{"id":1725,"date":"2023-10-18T17:54:06","date_gmt":"2023-10-18T15:54:06","guid":{"rendered":"https:\/\/www.fleximat.es\/?post_type=product&#038;p=1725"},"modified":"2023-10-25T09:15:51","modified_gmt":"2023-10-25T07:15:51","slug":"tubo-tpe","status":"publish","type":"product","link":"https:\/\/www.fleximat.es\/zh\/product\/tubo-tpe\/","title":{"rendered":"TPE\u7ba1"},"content":{"rendered":"<h3>\u4ea7\u54c1\u63cf\u8ff0<\/h3>\n<p>\u67d4\u6027\u805a\u9170\u80fa\u7ba1\u7528\u4e8e\u4fdd\u62a4\u548c\u8fde\u63a5\u7535\u7f06\u3002\u8fd9\u4e9b\u805a\u9170\u80fa\u7ba1\u662f\u901a\u8fc7\u6324\u51fa\u5de5\u827a\u5236\u9020\u7684<\/p>\n<p>\u67d4\u6027\u805a\u9170\u80fa\u7ba1\u6709\u591a\u79cd\u5c3a\u5bf8\u3001\u989c\u8272\u548c\u6210\u5206\u53ef\u4f9b\u9009\u62e9\uff0c\u53ef\u6ee1\u8db3\u6bcf\u4e2a\u9879\u76ee\u7684\u9700\u6c42\u3002<\/p>\n<p>\u6211\u4eec\u53ef\u4ee5\u6839\u636e\u9700\u8981\u5236\u9020\u4efb\u4f55\u7c7b\u578b\u7684\u67d4\u6027\u805a\u9170\u80fa\u7ba1\u3002<\/p>\n<table width=\"425\">\n<tbody>\n<tr>\n<td width=\"148\">\u516c\u79f0\u901a\u5f84<\/td>\n<td width=\"90\">\u00d8 \u5916\u5f84\u6beb\u7c73<\/td>\n<td width=\"80\">\u5185\u5f84 \u6beb\u7c73<\/td>\n<td width=\"107\">\u6bcf\u5377\u7c73\u6570<\/td>\n<\/tr>\n<tr>\n<td>4,5<\/td>\n<td>7,1<\/td>\n<td>4,8<\/td>\n<td>100<\/td>\n<\/tr>\n<tr>\n<td>6S<\/td>\n<td>9,1<\/td>\n<td>6,8<\/td>\n<td>100<\/td>\n<\/tr>\n<tr>\n<td>7,5<\/td>\n<td>10<\/td>\n<td>7,1<\/td>\n<td>100<\/td>\n<\/tr>\n<tr>\n<td>8,5<\/td>\n<td>11,4<\/td>\n<td>8,4<\/td>\n<td>100<\/td>\n<\/tr>\n<tr>\n<td>9<\/td>\n<td>13,3<\/td>\n<td>9,2<\/td>\n<td>100<\/td>\n<\/tr>\n<tr>\n<td>10<\/td>\n<td>13<\/td>\n<td>9,9<\/td>\n<td>100<\/td>\n<\/tr>\n<tr>\n<td>11<\/td>\n<td>13,7<\/td>\n<td>10,4<\/td>\n<td>100<\/td>\n<\/tr>\n<tr>\n<td>12<\/td>\n<td>15,7<\/td>\n<td>12,2<\/td>\n<td>100<\/td>\n<\/tr>\n<tr>\n<td>13<\/td>\n<td>15,8<\/td>\n<td>12,7<\/td>\n<td>100<\/td>\n<\/tr>\n<tr>\n<td>13\u697c<\/td>\n<td>17,2<\/td>\n<td>13,3<\/td>\n<td>100<\/td>\n<\/tr>\n<tr>\n<td>14<\/td>\n<td>18,2<\/td>\n<td>14,2<\/td>\n<td>100<\/td>\n<\/tr>\n<tr>\n<td>14S<\/td>\n<td>19,2<\/td>\n<td>15,2<\/td>\n<td>100<\/td>\n<\/tr>\n<tr>\n<td>16S<\/td>\n<td>21<\/td>\n<td>17<\/td>\n<td>100<\/td>\n<\/tr>\n<tr>\n<td>17<\/td>\n<td>21,2<\/td>\n<td>16,6<\/td>\n<td>100<\/td>\n<\/tr>\n<tr>\n<td>18<\/td>\n<td>22,6<\/td>\n<td>17,9<\/td>\n<td>100<\/td>\n<\/tr>\n<tr>\n<td>19<\/td>\n<td>23,9<\/td>\n<td>19,2<\/td>\n<td>100<\/td>\n<\/tr>\n<tr>\n<td>22<\/td>\n<td>25,4<\/td>\n<td>21,3<\/td>\n<td>100<\/td>\n<\/tr>\n<tr>\n<td>23<\/td>\n<td>28,3<\/td>\n<td>23,2<\/td>\n<td>100<\/td>\n<\/tr>\n<tr>\n<td>26<\/td>\n<td>31,2<\/td>\n<td>25,8<\/td>\n<td>50<\/td>\n<\/tr>\n<tr>\n<td>29<\/td>\n<td>34,5<\/td>\n<td>29<\/td>\n<td>50<\/td>\n<\/tr>\n<tr>\n<td>32<\/td>\n<td>38,4<\/td>\n<td>32,5<\/td>\n<td>25<\/td>\n<\/tr>\n<tr>\n<td>37<\/td>\n<td>42,4<\/td>\n<td>36<\/td>\n<td>25<\/td>\n<\/tr>\n<tr>\n<td>48B<\/td>\n<td>54<\/td>\n<td>47,2<\/td>\n<td>25<\/td>\n<\/tr>\n<tr>\n<td>50<\/td>\n<td>54,5<\/td>\n<td>47,7<\/td>\n<td>25<\/td>\n<\/tr>\n<\/tbody>\n<\/table>\n<p>&nbsp;<\/p>\n<p>TPE \u7ba1\u53ef\u7528\u4e8e\uff1a<\/p>\n<ul>\n<li>\u9ed1\u8272\u7684<\/li>\n<li>\u7070\u8272\u7684<\/li>\n<li>\u9ed1\u8272\u516c\u5f00\u8d5b<\/li>\n<li>\u7070\u8272\u5f00\u653e\u5f0f<\/li>\n<\/ul>","protected":false},"excerpt":{"rendered":"<h3>\u7279\u5f81<\/h3>\n<table>\n<tbody>\n<tr>\n<td><strong>\u8fde\u7eed\u5de5\u4f5c\u6e29\u5ea6<\/strong><\/td>\n<td>\u53ef\u71c3\u6027\u7b26\u5408 UL94<\/td>\n<\/tr>\n<tr>\n<td><strong>\u9632\u706b\u6027\u80fd<\/strong><\/td>\n<td>\u00a0V0 \u7b26\u5408 UL94\uff0c\u81ea\u7184\u6027<\/td>\n<\/tr>\n<tr>\n<td><strong>\u673a\u68b0\u5f3a\u5ea6<\/strong><\/td>\n<td>350\u725b\/100\u6beb\u7c73<\/td>\n<\/tr>\n<tr>\n<td><strong>\u5e94\u7528\u9886\u57df<\/strong><\/td>\n<td>\u673a\u5668\u4eba\u3001\u516c\u5171\u4ea4\u901a<\/td>\n<\/tr>\n<\/tbody>\n<\/table>","protected":false},"featured_media":1742,"template":"","meta":{"_kad_blocks_custom_css":"","_kad_blocks_head_custom_js":"","_kad_blocks_body_custom_js":"","_kad_blocks_footer_custom_js":"","_kadence_starter_templates_imported_post":false,"_kad_post_transparent":"default","_kad_post_title":"","_kad_post_layout":"default","_kad_post_sidebar_id":"","_kad_post_content_style":"default","_kad_post_vertical_padding":"default","_kad_post_feature":"","_kad_post_feature_position":"","_kad_post_header":false,"_kad_post_footer":false},"product_cat":[68,77,78],"product_tag":[],"class_list":{"0":"post-1725","1":"product","2":"type-product","3":"status-publish","4":"has-post-thumbnail","6":"product_cat-tubos-flexibles-racores-y-accesorios","7":"product_cat-tubos-flexibles-de-poliamida-y-accesorios","8":"product_cat-tubos-flexibles-poliamida-especiales","10":"first","11":"instock","12":"shipping-taxable","13":"product-type-simple","14":"entry","15":"content-bg","16":"loop-entry"},"yoast_head":"<!-- This site is optimized with the Yoast SEO plugin v21.7 - https:\/\/yoast.com\/wordpress\/plugins\/seo\/ -->\n<title>Tubo TPE - Fleximat<\/title>\n<meta name=\"robots\" content=\"index, follow, max-snippet:-1, max-image-preview:large, max-video-preview:-1\" \/>\n<link rel=\"canonical\" href=\"https:\/\/www.fleximat.es\/zh\/product\/tubo-tpe\/\" \/>\n<meta property=\"og:locale\" content=\"zh_CN\" \/>\n<meta property=\"og:type\" content=\"article\" \/>\n<meta property=\"og:title\" content=\"Tubo TPE - Fleximat\" \/>\n<meta property=\"og:description\" content=\"Caracter\u00edsticas    Temperatura de trabajo continua Flamabilidad seg\u00fan UL94   Resistencia al fuego \u00a0V0 seg\u00fan UL94, Autoextinguible   Resistencia mec\u00e1nica 350n \/ 100mm   Areas de aplicaci\u00f3n Rob\u00f3tica, Transporte P\u00fablico\" \/>\n<meta property=\"og:url\" content=\"https:\/\/www.fleximat.es\/zh\/product\/tubo-tpe\/\" \/>\n<meta property=\"og:site_name\" content=\"Fleximat\" \/>\n<meta property=\"article:modified_time\" content=\"2023-10-25T07:15:51+00:00\" \/>\n<meta property=\"og:image\" content=\"https:\/\/www.fleximat.es\/wp-content\/uploads\/2023\/10\/th_crop_1572264382todos-tipos-tubos.jpg\" \/>\n\t<meta property=\"og:image:width\" content=\"600\" \/>\n\t<meta property=\"og:image:height\" content=\"600\" \/>\n\t<meta property=\"og:image:type\" content=\"image\/jpeg\" \/>\n<meta name=\"twitter:card\" content=\"summary_large_image\" \/>\n<script type=\"application\/ld+json\" class=\"yoast-schema-graph\">{\"@context\":\"https:\/\/schema.org\",\"@graph\":[{\"@type\":\"WebPage\",\"@id\":\"https:\/\/www.fleximat.es\/producto\/tubo-tpe\/\",\"url\":\"https:\/\/www.fleximat.es\/producto\/tubo-tpe\/\",\"name\":\"Tubo TPE - Fleximat\",\"isPartOf\":{\"@id\":\"https:\/\/www.fleximat.es\/bn\/#website\"},\"datePublished\":\"2023-10-18T15:54:06+00:00\",\"dateModified\":\"2023-10-25T07:15:51+00:00\",\"breadcrumb\":{\"@id\":\"https:\/\/www.fleximat.es\/producto\/tubo-tpe\/#breadcrumb\"},\"inLanguage\":\"zh-Hans\",\"potentialAction\":[{\"@type\":\"ReadAction\",\"target\":[\"https:\/\/www.fleximat.es\/producto\/tubo-tpe\/\"]}]},{\"@type\":\"BreadcrumbList\",\"@id\":\"https:\/\/www.fleximat.es\/producto\/tubo-tpe\/#breadcrumb\",\"itemListElement\":[{\"@type\":\"ListItem\",\"position\":1,\"name\":\"Portada\",\"item\":\"https:\/\/www.fleximat.es\/\"},{\"@type\":\"ListItem\",\"position\":2,\"name\":\"Productos\",\"item\":\"https:\/\/www.fleximat.es\/en\/productos\/\"},{\"@type\":\"ListItem\",\"position\":3,\"name\":\"Tubo TPE\"}]},{\"@type\":\"WebSite\",\"@id\":\"https:\/\/www.fleximat.es\/bn\/#website\",\"url\":\"https:\/\/www.fleximat.es\/bn\/\",\"name\":\"Fleximat\",\"description\":\"Tu soluci\u00f3n en prensaestopas y tubos flexibles\",\"publisher\":{\"@id\":\"https:\/\/www.fleximat.es\/bn\/#organization\"},\"potentialAction\":[{\"@type\":\"SearchAction\",\"target\":{\"@type\":\"EntryPoint\",\"urlTemplate\":\"https:\/\/www.fleximat.es\/bn\/?s={search_term_string}\"},\"query-input\":\"required name=search_term_string\"}],\"inLanguage\":\"zh-Hans\"},{\"@type\":\"Organization\",\"@id\":\"https:\/\/www.fleximat.es\/bn\/#organization\",\"name\":\"Fleximat\",\"url\":\"https:\/\/www.fleximat.es\/bn\/\",\"logo\":{\"@type\":\"ImageObject\",\"inLanguage\":\"zh-Hans\",\"@id\":\"https:\/\/www.fleximat.es\/bn\/#\/schema\/logo\/image\/\",\"url\":\"https:\/\/www.fleximat.es\/wp-content\/uploads\/2023\/11\/fleximat-logo-1.png\",\"contentUrl\":\"https:\/\/www.fleximat.es\/wp-content\/uploads\/2023\/11\/fleximat-logo-1.png\",\"width\":1169,\"height\":289,\"caption\":\"Fleximat\"},\"image\":{\"@id\":\"https:\/\/www.fleximat.es\/bn\/#\/schema\/logo\/image\/\"}}]}<\/script>\n<!-- \/ Yoast SEO plugin. -->","yoast_head_json":{"title":"Tubo TPE - Fleximat","robots":{"index":"index","follow":"follow","max-snippet":"max-snippet:-1","max-image-preview":"max-image-preview:large","max-video-preview":"max-video-preview:-1"},"canonical":"https:\/\/www.fleximat.es\/zh\/product\/tubo-tpe\/","og_locale":"zh_CN","og_type":"article","og_title":"Tubo TPE - Fleximat","og_description":"Caracter\u00edsticas    Temperatura de trabajo continua Flamabilidad seg\u00fan UL94   Resistencia al fuego \u00a0V0 seg\u00fan UL94, Autoextinguible   Resistencia mec\u00e1nica 350n \/ 100mm   Areas de aplicaci\u00f3n Rob\u00f3tica, Transporte P\u00fablico","og_url":"https:\/\/www.fleximat.es\/zh\/product\/tubo-tpe\/","og_site_name":"Fleximat","article_modified_time":"2023-10-25T07:15:51+00:00","og_image":[{"width":600,"height":600,"url":"https:\/\/www.fleximat.es\/wp-content\/uploads\/2023\/10\/th_crop_1572264382todos-tipos-tubos.jpg","type":"image\/jpeg"}],"twitter_card":"summary_large_image","schema":{"@context":"https:\/\/schema.org","@graph":[{"@type":"WebPage","@id":"https:\/\/www.fleximat.es\/producto\/tubo-tpe\/","url":"https:\/\/www.fleximat.es\/producto\/tubo-tpe\/","name":"Tubo TPE - Fleximat","isPartOf":{"@id":"https:\/\/www.fleximat.es\/bn\/#website"},"datePublished":"2023-10-18T15:54:06+00:00","dateModified":"2023-10-25T07:15:51+00:00","breadcrumb":{"@id":"https:\/\/www.fleximat.es\/producto\/tubo-tpe\/#breadcrumb"},"inLanguage":"zh-Hans","potentialAction":[{"@type":"ReadAction","target":["https:\/\/www.fleximat.es\/producto\/tubo-tpe\/"]}]},{"@type":"BreadcrumbList","@id":"https:\/\/www.fleximat.es\/producto\/tubo-tpe\/#breadcrumb","itemListElement":[{"@type":"ListItem","position":1,"name":"Portada","item":"https:\/\/www.fleximat.es\/"},{"@type":"ListItem","position":2,"name":"Productos","item":"https:\/\/www.fleximat.es\/en\/productos\/"},{"@type":"ListItem","position":3,"name":"Tubo TPE"}]},{"@type":"WebSite","@id":"https:\/\/www.fleximat.es\/bn\/#website","url":"https:\/\/www.fleximat.es\/bn\/","name":"Fleximat","description":"Tu soluci\u00f3n en prensaestopas y tubos flexibles","publisher":{"@id":"https:\/\/www.fleximat.es\/bn\/#organization"},"potentialAction":[{"@type":"SearchAction","target":{"@type":"EntryPoint","urlTemplate":"https:\/\/www.fleximat.es\/bn\/?s={search_term_string}"},"query-input":"required name=search_term_string"}],"inLanguage":"zh-Hans"},{"@type":"Organization","@id":"https:\/\/www.fleximat.es\/bn\/#organization","name":"Fleximat","url":"https:\/\/www.fleximat.es\/bn\/","logo":{"@type":"ImageObject","inLanguage":"zh-Hans","@id":"https:\/\/www.fleximat.es\/bn\/#\/schema\/logo\/image\/","url":"https:\/\/www.fleximat.es\/wp-content\/uploads\/2023\/11\/fleximat-logo-1.png","contentUrl":"https:\/\/www.fleximat.es\/wp-content\/uploads\/2023\/11\/fleximat-logo-1.png","width":1169,"height":289,"caption":"Fleximat"},"image":{"@id":"https:\/\/www.fleximat.es\/bn\/#\/schema\/logo\/image\/"}}]}},"taxonomy_info":{"product_cat":[{"value":68,"label":"Tubos flexibles, racores y accesorios"},{"value":77,"label":"Tubos flexibles de poliamida y accesorios"},{"value":78,"label":"Tubos Flexibles Poliamida Especiales"}]},"featured_image_src_large":["https:\/\/www.fleximat.es\/wp-content\/uploads\/2023\/10\/th_crop_1572264382todos-tipos-tubos.jpg",600,600,false],"author_info":[],"comment_info":"","_links":{"self":[{"href":"https:\/\/www.fleximat.es\/zh\/wp-json\/wp\/v2\/product\/1725"}],"collection":[{"href":"https:\/\/www.fleximat.es\/zh\/wp-json\/wp\/v2\/product"}],"about":[{"href":"https:\/\/www.fleximat.es\/zh\/wp-json\/wp\/v2\/types\/product"}],"wp:featuredmedia":[{"embeddable":true,"href":"https:\/\/www.fleximat.es\/zh\/wp-json\/wp\/v2\/media\/1742"}],"wp:attachment":[{"href":"https:\/\/www.fleximat.es\/zh\/wp-json\/wp\/v2\/media?parent=1725"}],"wp:term":[{"taxonomy":"product_cat","embeddable":true,"href":"https:\/\/www.fleximat.es\/zh\/wp-json\/wp\/v2\/product_cat?post=1725"},{"taxonomy":"product_tag","embeddable":true,"href":"https:\/\/www.fleximat.es\/zh\/wp-json\/wp\/v2\/product_tag?post=1725"}],"curies":[{"name":"wp","href":"https:\/\/api.w.org\/{rel}","templated":true}]}}