{"id":1763,"date":"2023-10-18T17:54:28","date_gmt":"2023-10-18T15:54:28","guid":{"rendered":"https:\/\/www.fleximat.es\/?post_type=product&#038;p=1763"},"modified":"2023-11-27T09:48:06","modified_gmt":"2023-11-27T08:48:06","slug":"racor-poliamida-metrica","status":"publish","type":"product","link":"https:\/\/www.fleximat.es\/zh\/product\/racor-poliamida-metrica\/","title":{"rendered":"\u516c\u5236\u805a\u9170\u80fa\u63a5\u5934"},"content":{"rendered":"<h4>\u7279\u6027<\/h4>\n<p>\u6297\u7d2b\u5916\u7ebf<br \/>\n\u6613\u4e8e\u7ec4\u88c5<br \/>\n\u65e0\u5364\u7d20<br \/>\n\u4f7f\u7528 PA \u6216 PP \u7ba1\u5e94\u7528<\/p>\n<h3>\u4ea7\u54c1\u63cf\u8ff0<\/h3>\n<p>\u805a\u9170\u80fa\u7ba1\u4ef6\u53ef\u4ee5\u4f5c\u4e3a\u7ba1\u9053\u7684\u8fde\u63a5\u9644\u4ef6\u3002<\/p>\n<p>\u6839\u636e\u4fdd\u62a4\u7684\u9700\u8981\uff0c\u805a\u9170\u80fa\u7ba1\u63a5\u5934\u53ef\u4ee5\u5177\u6709\u4e0d\u540c\u7684\u4e3b\u4f53\u548c\u87ba\u7eb9\u3002<\/p>\n<p>\u8fde\u63a5\u914d\u4ef6\u5c5e\u4e8e\u805a\u9170\u80fa\u63a5\u7ebf\u4fdd\u62a4\u7cfb\u5217\u7684\u4e00\u90e8\u5206\u3002<\/p>\n<table class=\"table table-bordered table-striped\">\n<thead>\n<tr>\n<td>\u4ee3\u7801<\/td>\n<td>\u9002\u7528\u7ba1\u5f84(mm)<\/td>\n<td>\u5514<\/td>\n<td>\u603b\u957f\u5ea6\u6beb\u7c73<\/td>\n<td>\u5230<\/td>\n<td>\u4e59<\/td>\n<td>\u6beb\u7c73<\/td>\n<\/tr>\n<\/thead>\n<tbody>\n<tr>\n<td>ODB10-M12<\/td>\n<td>6.5\u00d710<\/td>\n<td>26<\/td>\n<td>11<\/td>\n<td>6,9<\/td>\n<td>18,7<\/td>\n<td>15<\/td>\n<\/tr>\n<tr>\n<td>ODB12-M12<\/td>\n<td>8.5\u00d712<\/td>\n<td>26<\/td>\n<td>11<\/td>\n<td>8,2<\/td>\n<td>20,7<\/td>\n<td>17<\/td>\n<\/tr>\n<tr>\n<td>ODB13-M16<\/td>\n<td>10\u00d713<\/td>\n<td>26<\/td>\n<td>11<\/td>\n<td>10,8<\/td>\n<td>21,7<\/td>\n<td>18<\/td>\n<\/tr>\n<tr>\n<td>ODB15-M16<\/td>\n<td>12x15.8<\/td>\n<td>26,5<\/td>\n<td>11<\/td>\n<td>10,9<\/td>\n<td>26<\/td>\n<td>20<\/td>\n<\/tr>\n<tr>\n<td>ODB18-M20<\/td>\n<td>14.2\u00d718.4<\/td>\n<td>31<\/td>\n<td>11<\/td>\n<td>14,7<\/td>\n<td>28<\/td>\n<td>23<\/td>\n<\/tr>\n<tr>\n<td>ODB21-M20<\/td>\n<td>16.5\u00d721.2<\/td>\n<td>33<\/td>\n<td>13<\/td>\n<td>15,2<\/td>\n<td>32<\/td>\n<td>27<\/td>\n<\/tr>\n<tr>\n<td>ODB28-M25<\/td>\n<td>23\u00d728.4<\/td>\n<td>39<\/td>\n<td>16<\/td>\n<td>18,7<\/td>\n<td>39,5<\/td>\n<td>34<\/td>\n<\/tr>\n<tr>\n<td>ODB34-M32<\/td>\n<td>29\u00d734.5<\/td>\n<td>43<\/td>\n<td>16<\/td>\n<td>25,7<\/td>\n<td>46,5<\/td>\n<td>40<\/td>\n<\/tr>\n<tr>\n<td>ODB42-M40<\/td>\n<td>36\u00d742.5<\/td>\n<td>45,5<\/td>\n<td>16<\/td>\n<td>32,7<\/td>\n<td>55,5<\/td>\n<td>50<\/td>\n<\/tr>\n<tr>\n<td>ODB54-M63<\/td>\n<td>48\u00d754.5<\/td>\n<td>47,5<\/td>\n<td>16<\/td>\n<td>51,4<\/td>\n<td>67,5<\/td>\n<td>62<\/td>\n<\/tr>\n<tr>\n<td colspan=\"7\">\u7279\u522b\u63aa\u65bd<\/td>\n<\/tr>\n<tr>\n<td>ODB13-M12<\/td>\n<td>10\u00d713<\/td>\n<td>26<\/td>\n<td>11<\/td>\n<td>8<\/td>\n<td>21,7<\/td>\n<td>18<\/td>\n<\/tr>\n<tr>\n<td>ODB13-M20<\/td>\n<td>10\u00d713<\/td>\n<td>26<\/td>\n<td>11<\/td>\n<td>10,5<\/td>\n<td>21,7<\/td>\n<td>18<\/td>\n<\/tr>\n<tr>\n<td>ODB15-M20<\/td>\n<td>12x15.8<\/td>\n<td>26,5<\/td>\n<td>11<\/td>\n<td>13<\/td>\n<td>26<\/td>\n<td>20<\/td>\n<\/tr>\n<tr>\n<td>ODB18-M16<\/td>\n<td>14.2\u00d718.4<\/td>\n<td>31<\/td>\n<td>11<\/td>\n<td>10,3<\/td>\n<td>28<\/td>\n<td>23<\/td>\n<\/tr>\n<tr>\n<td>ODB21-M25<\/td>\n<td>16.5\u00d721.2<\/td>\n<td>33<\/td>\n<td>13<\/td>\n<td>18,6<\/td>\n<td>32<\/td>\n<td>27<\/td>\n<\/tr>\n<tr>\n<td>ODB28-M32<\/td>\n<td>23\u00d728.4<\/td>\n<td>39<\/td>\n<td>16<\/td>\n<td>26,8<\/td>\n<td>39,5<\/td>\n<td>\u00a0 34<\/td>\n<\/tr>\n<tr>\n<td>ODB34-M40<\/td>\n<td>29\u00d734.5<\/td>\n<td>43<\/td>\n<td>16<\/td>\n<td>32,6<\/td>\n<td>46,5<\/td>\n<td>40<\/td>\n<\/tr>\n<tr>\n<td>ODB42-M50<\/td>\n<td>36\u00d742.5<\/td>\n<td>45,5<\/td>\n<td>16<\/td>\n<td>40,2<\/td>\n<td>55,5<\/td>\n<td>50<\/td>\n<\/tr>\n<tr>\n<td>ODB54-M50<\/td>\n<td>48\u00d754.5<\/td>\n<td>47,5<\/td>\n<td>16<\/td>\n<td>43,1<\/td>\n<td>67,5<\/td>\n<td>62<\/td>\n<\/tr>\n<\/tbody>\n<\/table>\n<table class=\"table table-bordered table-striped\" width=\"735\">\n<thead>\n<tr>\n<td>\u4ee3\u7801<\/td>\n<td>\u9002\u7528\u7ba1\u5f84(mm)<\/td>\n<td>\u5514<\/td>\n<td>\u603b\u957f\u5ea6\u6beb\u7c73<\/td>\n<td>\u5230<\/td>\n<td>\u4e59<\/td>\n<td>\u6beb\u7c73<\/td>\n<\/tr>\n<\/thead>\n<tbody>\n<tr>\n<td>ODG10-M12<\/td>\n<td>6.5\u00d710<\/td>\n<td>26<\/td>\n<td>11<\/td>\n<td>6,9<\/td>\n<td>18,7<\/td>\n<td>15<\/td>\n<\/tr>\n<tr>\n<td>ODG12-M12<\/td>\n<td>8.5\u00d712<\/td>\n<td>26<\/td>\n<td>11<\/td>\n<td>8,2<\/td>\n<td>20,7<\/td>\n<td>17<\/td>\n<\/tr>\n<tr>\n<td>ODG13-M16<\/td>\n<td>10\u00d713<\/td>\n<td>26<\/td>\n<td>11<\/td>\n<td>10,8<\/td>\n<td>21,7<\/td>\n<td>18<\/td>\n<\/tr>\n<tr>\n<td>ODG15-M16<\/td>\n<td>12x15.8<\/td>\n<td>26,5<\/td>\n<td>11<\/td>\n<td>10,9<\/td>\n<td>26<\/td>\n<td>20<\/td>\n<\/tr>\n<tr>\n<td>ODG18-M20<\/td>\n<td>14.2\u00d718.4<\/td>\n<td>31<\/td>\n<td>11<\/td>\n<td>14,7<\/td>\n<td>28<\/td>\n<td>23<\/td>\n<\/tr>\n<tr>\n<td>ODG21-M20<\/td>\n<td>16.5\u00d721.2<\/td>\n<td>33<\/td>\n<td>13<\/td>\n<td>15,2<\/td>\n<td>32<\/td>\n<td>27<\/td>\n<\/tr>\n<tr>\n<td>ODG28-M25<\/td>\n<td>23\u00d728.4<\/td>\n<td>39<\/td>\n<td>16<\/td>\n<td>18,7<\/td>\n<td>39,5<\/td>\n<td>34<\/td>\n<\/tr>\n<tr>\n<td>ODG34-M32<\/td>\n<td>29\u00d734.5<\/td>\n<td>43<\/td>\n<td>16<\/td>\n<td>25,7<\/td>\n<td>46,5<\/td>\n<td>40<\/td>\n<\/tr>\n<tr>\n<td>ODG42-M40<\/td>\n<td>36\u00d742.5<\/td>\n<td>45,5<\/td>\n<td>16<\/td>\n<td>32,7<\/td>\n<td>55,5<\/td>\n<td>50<\/td>\n<\/tr>\n<tr>\n<td>ODG54-M63<\/td>\n<td>48\u00d754.5<\/td>\n<td>47,5<\/td>\n<td>16<\/td>\n<td>51,4<\/td>\n<td>67,5<\/td>\n<td>62<\/td>\n<\/tr>\n<tr>\n<td colspan=\"7\">\u7279\u522b\u63aa\u65bd<\/td>\n<\/tr>\n<tr>\n<td>ODG13-M12<\/td>\n<td>10\u00d713<\/td>\n<td>26<\/td>\n<td>11<\/td>\n<td>8<\/td>\n<td>21,7<\/td>\n<td>18<\/td>\n<\/tr>\n<tr>\n<td>ODG13-M20<\/td>\n<td>10\u00d713<\/td>\n<td>26<\/td>\n<td>11<\/td>\n<td>10,5<\/td>\n<td>21,7<\/td>\n<td>18<\/td>\n<\/tr>\n<tr>\n<td>ODG15-M20<\/td>\n<td>12x15.8<\/td>\n<td>26,5<\/td>\n<td>11<\/td>\n<td>13<\/td>\n<td>26<\/td>\n<td>20<\/td>\n<\/tr>\n<tr>\n<td>ODG18-M16<\/td>\n<td>14.2\u00d718.4<\/td>\n<td>31<\/td>\n<td>11<\/td>\n<td>10,3<\/td>\n<td>28<\/td>\n<td>23<\/td>\n<\/tr>\n<tr>\n<td>ODG21-M25<\/td>\n<td>16.5\u00d721.2<\/td>\n<td>33<\/td>\n<td>13<\/td>\n<td>18,6<\/td>\n<td>32<\/td>\n<td>27<\/td>\n<\/tr>\n<tr>\n<td>ODG28-M32<\/td>\n<td>23\u00d728.4<\/td>\n<td>39<\/td>\n<td>16<\/td>\n<td>26,8<\/td>\n<td>39,5<\/td>\n<td>\u00a0 34<\/td>\n<\/tr>\n<tr>\n<td>ODG34-M40<\/td>\n<td>29\u00d734.5<\/td>\n<td>43<\/td>\n<td>16<\/td>\n<td>32,6<\/td>\n<td>46,5<\/td>\n<td>40<\/td>\n<\/tr>\n<tr>\n<td>ODG42-M50<\/td>\n<td>36\u00d742.5<\/td>\n<td>45,5<\/td>\n<td>16<\/td>\n<td>40,2<\/td>\n<td>55,5<\/td>\n<td>50<\/td>\n<\/tr>\n<tr>\n<td>ODG54-M50<\/td>\n<td>48\u00d754.5<\/td>\n<td>47,5<\/td>\n<td>16<\/td>\n<td>43,1<\/td>\n<td>67,5<\/td>\n<td>62<\/td>\n<\/tr>\n<\/tbody>\n<\/table>","protected":false},"excerpt":{"rendered":"<h3>\u7279\u5f81<\/h3>\n<table>\n<tbody>\n<tr>\n<td><strong>\u87ba\u7eb9\u7c7b\u578b<\/strong><\/td>\n<td>\u516c\u5236 (EN 60423)<\/td>\n<\/tr>\n<tr>\n<td><strong>\u8fde\u7eed\u5de5\u4f5c\u6e29\u5ea6<\/strong><\/td>\n<td>-40\u2103+120\u2103<\/td>\n<\/tr>\n<\/tbody>\n<\/table>","protected":false},"featured_media":2961,"template":"","meta":{"_kad_blocks_custom_css":"","_kad_blocks_head_custom_js":"","_kad_blocks_body_custom_js":"","_kad_blocks_footer_custom_js":"","_kadence_starter_templates_imported_post":false,"_kad_post_transparent":"default","_kad_post_title":"","_kad_post_layout":"default","_kad_post_sidebar_id":"","_kad_post_content_style":"default","_kad_post_vertical_padding":"default","_kad_post_feature":"","_kad_post_feature_position":"","_kad_post_header":false,"_kad_post_footer":false},"product_cat":[68,82],"product_tag":[],"class_list":{"0":"post-1763","1":"product","2":"type-product","3":"status-publish","4":"has-post-thumbnail","6":"product_cat-tubos-flexibles-racores-y-accesorios","7":"product_cat-racores-y-accesorios","9":"first","10":"instock","11":"shipping-taxable","12":"product-type-simple","13":"entry","14":"content-bg","15":"loop-entry"},"yoast_head":"<!-- This site is optimized with the Yoast SEO plugin v21.7 - https:\/\/yoast.com\/wordpress\/plugins\/seo\/ -->\n<title>Racor Poliamida M\u00e9trica - Fleximat<\/title>\n<meta name=\"robots\" content=\"index, follow, max-snippet:-1, max-image-preview:large, max-video-preview:-1\" \/>\n<link rel=\"canonical\" href=\"https:\/\/www.fleximat.es\/zh\/product\/racor-poliamida-metrica\/\" \/>\n<meta property=\"og:locale\" content=\"zh_CN\" \/>\n<meta property=\"og:type\" content=\"article\" \/>\n<meta property=\"og:title\" content=\"Racor Poliamida M\u00e9trica - Fleximat\" \/>\n<meta property=\"og:description\" content=\"Caracter\u00edsticas    Tipo de Rosca M\u00e9trica (EN 60423)   Temperatura de trabajo continua -40 \u00b0C +120\u00b0C\" \/>\n<meta property=\"og:url\" content=\"https:\/\/www.fleximat.es\/zh\/product\/racor-poliamida-metrica\/\" \/>\n<meta property=\"og:site_name\" content=\"Fleximat\" \/>\n<meta property=\"article:modified_time\" content=\"2023-11-27T08:48:06+00:00\" \/>\n<meta property=\"og:image\" content=\"https:\/\/www.fleximat.es\/wp-content\/uploads\/2023\/10\/RACOR-CON-TUBO-NEGRO-1.png\" \/>\n\t<meta property=\"og:image:width\" content=\"402\" \/>\n\t<meta property=\"og:image:height\" content=\"457\" \/>\n\t<meta property=\"og:image:type\" content=\"image\/png\" \/>\n<meta name=\"twitter:card\" content=\"summary_large_image\" \/>\n<meta name=\"twitter:label1\" content=\"\u9884\u8ba1\u9605\u8bfb\u65f6\u95f4\" \/>\n\t<meta name=\"twitter:data1\" content=\"1 \u5206\" \/>\n<script type=\"application\/ld+json\" class=\"yoast-schema-graph\">{\"@context\":\"https:\/\/schema.org\",\"@graph\":[{\"@type\":\"WebPage\",\"@id\":\"https:\/\/www.fleximat.es\/producto\/racor-poliamida-metrica\/\",\"url\":\"https:\/\/www.fleximat.es\/producto\/racor-poliamida-metrica\/\",\"name\":\"Racor Poliamida M\u00e9trica - Fleximat\",\"isPartOf\":{\"@id\":\"https:\/\/www.fleximat.es\/bn\/#website\"},\"datePublished\":\"2023-10-18T15:54:28+00:00\",\"dateModified\":\"2023-11-27T08:48:06+00:00\",\"breadcrumb\":{\"@id\":\"https:\/\/www.fleximat.es\/producto\/racor-poliamida-metrica\/#breadcrumb\"},\"inLanguage\":\"zh-Hans\",\"potentialAction\":[{\"@type\":\"ReadAction\",\"target\":[\"https:\/\/www.fleximat.es\/producto\/racor-poliamida-metrica\/\"]}]},{\"@type\":\"BreadcrumbList\",\"@id\":\"https:\/\/www.fleximat.es\/producto\/racor-poliamida-metrica\/#breadcrumb\",\"itemListElement\":[{\"@type\":\"ListItem\",\"position\":1,\"name\":\"Portada\",\"item\":\"https:\/\/www.fleximat.es\/\"},{\"@type\":\"ListItem\",\"position\":2,\"name\":\"Productos\",\"item\":\"https:\/\/www.fleximat.es\/en\/productos\/\"},{\"@type\":\"ListItem\",\"position\":3,\"name\":\"Racor Poliamida M\u00e9trica\"}]},{\"@type\":\"WebSite\",\"@id\":\"https:\/\/www.fleximat.es\/bn\/#website\",\"url\":\"https:\/\/www.fleximat.es\/bn\/\",\"name\":\"Fleximat\",\"description\":\"Tu soluci\u00f3n en prensaestopas y tubos flexibles\",\"publisher\":{\"@id\":\"https:\/\/www.fleximat.es\/bn\/#organization\"},\"potentialAction\":[{\"@type\":\"SearchAction\",\"target\":{\"@type\":\"EntryPoint\",\"urlTemplate\":\"https:\/\/www.fleximat.es\/bn\/?s={search_term_string}\"},\"query-input\":\"required name=search_term_string\"}],\"inLanguage\":\"zh-Hans\"},{\"@type\":\"Organization\",\"@id\":\"https:\/\/www.fleximat.es\/bn\/#organization\",\"name\":\"Fleximat\",\"url\":\"https:\/\/www.fleximat.es\/bn\/\",\"logo\":{\"@type\":\"ImageObject\",\"inLanguage\":\"zh-Hans\",\"@id\":\"https:\/\/www.fleximat.es\/bn\/#\/schema\/logo\/image\/\",\"url\":\"https:\/\/www.fleximat.es\/wp-content\/uploads\/2023\/11\/fleximat-logo-1.png\",\"contentUrl\":\"https:\/\/www.fleximat.es\/wp-content\/uploads\/2023\/11\/fleximat-logo-1.png\",\"width\":1169,\"height\":289,\"caption\":\"Fleximat\"},\"image\":{\"@id\":\"https:\/\/www.fleximat.es\/bn\/#\/schema\/logo\/image\/\"}}]}<\/script>\n<!-- \/ Yoast SEO plugin. -->","yoast_head_json":{"title":"Racor Poliamida M\u00e9trica - Fleximat","robots":{"index":"index","follow":"follow","max-snippet":"max-snippet:-1","max-image-preview":"max-image-preview:large","max-video-preview":"max-video-preview:-1"},"canonical":"https:\/\/www.fleximat.es\/zh\/product\/racor-poliamida-metrica\/","og_locale":"zh_CN","og_type":"article","og_title":"Racor Poliamida M\u00e9trica - Fleximat","og_description":"Caracter\u00edsticas    Tipo de Rosca M\u00e9trica (EN 60423)   Temperatura de trabajo continua -40 \u00b0C +120\u00b0C","og_url":"https:\/\/www.fleximat.es\/zh\/product\/racor-poliamida-metrica\/","og_site_name":"Fleximat","article_modified_time":"2023-11-27T08:48:06+00:00","og_image":[{"width":402,"height":457,"url":"https:\/\/www.fleximat.es\/wp-content\/uploads\/2023\/10\/RACOR-CON-TUBO-NEGRO-1.png","type":"image\/png"}],"twitter_card":"summary_large_image","twitter_misc":{"\u9884\u8ba1\u9605\u8bfb\u65f6\u95f4":"1 \u5206"},"schema":{"@context":"https:\/\/schema.org","@graph":[{"@type":"WebPage","@id":"https:\/\/www.fleximat.es\/producto\/racor-poliamida-metrica\/","url":"https:\/\/www.fleximat.es\/producto\/racor-poliamida-metrica\/","name":"Racor Poliamida M\u00e9trica - Fleximat","isPartOf":{"@id":"https:\/\/www.fleximat.es\/bn\/#website"},"datePublished":"2023-10-18T15:54:28+00:00","dateModified":"2023-11-27T08:48:06+00:00","breadcrumb":{"@id":"https:\/\/www.fleximat.es\/producto\/racor-poliamida-metrica\/#breadcrumb"},"inLanguage":"zh-Hans","potentialAction":[{"@type":"ReadAction","target":["https:\/\/www.fleximat.es\/producto\/racor-poliamida-metrica\/"]}]},{"@type":"BreadcrumbList","@id":"https:\/\/www.fleximat.es\/producto\/racor-poliamida-metrica\/#breadcrumb","itemListElement":[{"@type":"ListItem","position":1,"name":"Portada","item":"https:\/\/www.fleximat.es\/"},{"@type":"ListItem","position":2,"name":"Productos","item":"https:\/\/www.fleximat.es\/en\/productos\/"},{"@type":"ListItem","position":3,"name":"Racor Poliamida M\u00e9trica"}]},{"@type":"WebSite","@id":"https:\/\/www.fleximat.es\/bn\/#website","url":"https:\/\/www.fleximat.es\/bn\/","name":"Fleximat","description":"Tu soluci\u00f3n en prensaestopas y tubos flexibles","publisher":{"@id":"https:\/\/www.fleximat.es\/bn\/#organization"},"potentialAction":[{"@type":"SearchAction","target":{"@type":"EntryPoint","urlTemplate":"https:\/\/www.fleximat.es\/bn\/?s={search_term_string}"},"query-input":"required name=search_term_string"}],"inLanguage":"zh-Hans"},{"@type":"Organization","@id":"https:\/\/www.fleximat.es\/bn\/#organization","name":"Fleximat","url":"https:\/\/www.fleximat.es\/bn\/","logo":{"@type":"ImageObject","inLanguage":"zh-Hans","@id":"https:\/\/www.fleximat.es\/bn\/#\/schema\/logo\/image\/","url":"https:\/\/www.fleximat.es\/wp-content\/uploads\/2023\/11\/fleximat-logo-1.png","contentUrl":"https:\/\/www.fleximat.es\/wp-content\/uploads\/2023\/11\/fleximat-logo-1.png","width":1169,"height":289,"caption":"Fleximat"},"image":{"@id":"https:\/\/www.fleximat.es\/bn\/#\/schema\/logo\/image\/"}}]}},"taxonomy_info":{"product_cat":[{"value":68,"label":"Tubos flexibles, racores y accesorios"},{"value":82,"label":"Racores y accesorios"}]},"featured_image_src_large":["https:\/\/www.fleximat.es\/wp-content\/uploads\/2023\/10\/RACOR-CON-TUBO-NEGRO-1.png",402,457,false],"author_info":[],"comment_info":"","_links":{"self":[{"href":"https:\/\/www.fleximat.es\/zh\/wp-json\/wp\/v2\/product\/1763"}],"collection":[{"href":"https:\/\/www.fleximat.es\/zh\/wp-json\/wp\/v2\/product"}],"about":[{"href":"https:\/\/www.fleximat.es\/zh\/wp-json\/wp\/v2\/types\/product"}],"wp:featuredmedia":[{"embeddable":true,"href":"https:\/\/www.fleximat.es\/zh\/wp-json\/wp\/v2\/media\/2961"}],"wp:attachment":[{"href":"https:\/\/www.fleximat.es\/zh\/wp-json\/wp\/v2\/media?parent=1763"}],"wp:term":[{"taxonomy":"product_cat","embeddable":true,"href":"https:\/\/www.fleximat.es\/zh\/wp-json\/wp\/v2\/product_cat?post=1763"},{"taxonomy":"product_tag","embeddable":true,"href":"https:\/\/www.fleximat.es\/zh\/wp-json\/wp\/v2\/product_tag?post=1763"}],"curies":[{"name":"wp","href":"https:\/\/api.w.org\/{rel}","templated":true}]}}