{"id":1768,"date":"2023-10-18T17:54:28","date_gmt":"2023-10-18T15:54:28","guid":{"rendered":"https:\/\/www.fleximat.es\/?post_type=product&#038;p=1768"},"modified":"2023-10-25T11:32:24","modified_gmt":"2023-10-25T09:32:24","slug":"racor-con-prensa-pg-pa6","status":"publish","type":"product","link":"https:\/\/www.fleximat.es\/zh\/product\/racor-con-prensa-pg-pa6\/","title":{"rendered":"\u4e0e PG PA6 \u538b\u529b\u673a\u914d\u5408"},"content":{"rendered":"<h4>\u7279\u6027<\/h4>\n<p>\u6613\u4e8e\u7ec4\u88c5<br \/>\n\u9002\u7528\u4e8e\u5c4f\u853d\u7535\u7f06\u9002\u7528\u4e8e\u5e26\u5185\u62a4\u5957\u548c\u4e0d\u5e26\u5185\u62a4\u5957\u7684\u7535\u7f06<br \/>\n\u9ad8\u5bfc\u7535\u6027\u957f\u7ebf\u7248\u672c<br \/>\n\u65e0\u5364\u7d20<\/p>\n<h3>\u4ea7\u54c1\u63cf\u8ff0<\/h3>\n<p>\u91d1\u5c5e\u7535\u7f06\u5bc6\u5c01\u5957\u662f\u4e00\u79cd\u5141\u8bb8\u5728\u4e00\u7aef\u8fdb\u884c\u538b\u7f29\u5bc6\u5c01\uff0c\u540c\u65f6\u786e\u4fdd\u4f7f\u7528\u5916\u87ba\u7eb9\u4e0e\u53e6\u4e00\u7aef\u8fde\u63a5\u7684\u90e8\u4ef6\u3002<\/p>\n<p>\u91d1\u5c5e\u7535\u7f06\u5bc6\u5c01\u5957\u5177\u6709\u591a\u79cd\u7279\u6027\uff0c\u65e0\u8bba\u662f\u673a\u68b0\u3001\u5316\u5b66\u8fd8\u662f\u6027\u80fd\u3002\u7535\u7f06\u5bc6\u5c01\u5957\u7ec4\u88c5\u5feb\u901f\u4e14\u6613\u4e8e\u5b89\u88c5\u3002\u5b83\u4eec\u5177\u6709\u5f88\u5bbd\u7684\u5de5\u4f5c\u6e29\u5ea6\u8303\u56f4\u3002<\/p>\n<p>\u4ece\u673a\u68b0\u89d2\u5ea6\u6765\u770b\uff0c\u5b83\u4eec\u53ef\u4ee5\u627f\u53d7\u5e76\u5438\u6536\u4efb\u4f55\u7c7b\u578b\u7684\u62c9\u529b\u3001\u632f\u52a8\u548c\u51b2\u51fb\u3002<\/p>\n<p>\u91d1\u5c5e\u7535\u7f06\u5bc6\u5c01\u5957\u5b58\u5728\u4e8e\u4efb\u4f55\u9700\u8981\u6301\u7eed\u4f9b\u7535\u7684\u88c5\u7f6e\u3001\u673a\u68b0\u6216\u8bbe\u5907\u4e2d\uff0c\u5e76\u8d1f\u8d23\u786e\u4fdd\u5176\u8fde\u63a5\u3002<\/p>\n<table class=\"table table-bordered table-striped\" width=\"486\">\n<thead>\n<tr>\n<td>\u7ebf<\/td>\n<td>\u4ee3\u7801<\/td>\n<td>\u5514<\/td>\n<td>\u603b\u957f\u5ea6\u6beb\u7c73<\/td>\n<td>\u9aa8\u5bc6\u5ea6<\/td>\n<td>\u5398\u7c73<\/td>\n<td>\u6beb\u7c73<\/td>\n<\/tr>\n<\/thead>\n<tbody>\n<tr>\n<td>PG7<\/td>\n<td>OPBT 01<\/td>\n<td>22<\/td>\n<td>6<\/td>\n<td>14<\/td>\n<td>14<\/td>\n<td>3-6,5<\/td>\n<\/tr>\n<tr>\n<td>PG9<\/td>\n<td>OPBT 02<\/td>\n<td>23<\/td>\n<td>6<\/td>\n<td>17<\/td>\n<td>17<\/td>\n<td>4-8<\/td>\n<\/tr>\n<tr>\n<td>PG11<\/td>\n<td>OPBT 03<\/td>\n<td>24,5<\/td>\n<td>6<\/td>\n<td>20<\/td>\n<td>20<\/td>\n<td>5-10<\/td>\n<\/tr>\n<tr>\n<td>GP 13.5<\/td>\n<td>OPBT 04RS<\/td>\n<td>26,5<\/td>\n<td>6,5<\/td>\n<td>22<\/td>\n<td>22<\/td>\n<td>4-10<\/td>\n<\/tr>\n<tr>\n<td>GP 13.5<\/td>\n<td>OPBT 04<\/td>\n<td>26,5<\/td>\n<td>6,5<\/td>\n<td>22<\/td>\n<td>22<\/td>\n<td>6-12<\/td>\n<\/tr>\n<tr>\n<td>PG 16<\/td>\n<td>OPBT 05<\/td>\n<td>28<\/td>\n<td>6,5<\/td>\n<td>24<\/td>\n<td>24<\/td>\n<td>10-14<\/td>\n<\/tr>\n<tr>\n<td>PG 21<\/td>\n<td>OPBT 06<\/td>\n<td>31,5<\/td>\n<td>7<\/td>\n<td>30<\/td>\n<td>30<\/td>\n<td>13-18<\/td>\n<\/tr>\n<tr>\n<td>PG 29<\/td>\n<td>OPBT 07<\/td>\n<td>38<\/td>\n<td>8<\/td>\n<td>40<\/td>\n<td>40<\/td>\n<td>18-25<\/td>\n<\/tr>\n<tr>\n<td>PG 36<\/td>\n<td>OPBT 08<\/td>\n<td>43<\/td>\n<td>10<\/td>\n<td>50<\/td>\n<td>50<\/td>\n<td>22-32<\/td>\n<\/tr>\n<tr>\n<td>PG 42<\/td>\n<td>OPBT 09<\/td>\n<td>47<\/td>\n<td>12<\/td>\n<td>57<\/td>\n<td>57<\/td>\n<td>30-38<\/td>\n<\/tr>\n<tr>\n<td>PG 48<\/td>\n<td>OPBT 10<\/td>\n<td>48<\/td>\n<td>14<\/td>\n<td>64<\/td>\n<td>64<\/td>\n<td>34-44<\/td>\n<\/tr>\n<\/tbody>\n<\/table>","protected":false},"excerpt":{"rendered":"<h3>\u7279\u5f81<\/h3>\n<table>\n<tbody>\n<tr>\n<td><strong>\u5e3d\u5b50<\/strong><\/td>\n<td>\u9540\u954d\u9ec4\u94dc<\/td>\n<\/tr>\n<tr>\n<td><strong>\u5bc6\u5c01\u57ab\u7247<\/strong><\/td>\n<td>\u9500\u552e\u70b9<\/td>\n<\/tr>\n<tr>\n<td><strong>\u8eab\u4f53<\/strong><\/td>\n<td>\u4e0d\u9508\u94a2\u7535\u7f06\u63d2\u5165\u4ef6\uff1aPA6 V2<\/td>\n<\/tr>\n<tr>\n<td><strong>O \u578b\u5708<\/strong><\/td>\n<td>\u4e01\u8148\u6a61\u80f6<\/td>\n<\/tr>\n<tr>\n<td><strong>\u87ba\u7eb9\u7c7b\u578b<\/strong><\/td>\n<td>\u516c\u5236 (EN 60423)<\/td>\n<\/tr>\n<tr>\n<td><strong>\u677e\u7d27\u5ea6<\/strong><\/td>\n<td>IP68 \u2013 5 \u5df4<\/td>\n<\/tr>\n<tr>\n<td><strong>\u8fde\u7eed\u5de5\u4f5c\u6e29\u5ea6<\/strong><\/td>\n<td>-40\u2103+100\u2103<\/td>\n<\/tr>\n<\/tbody>\n<\/table>","protected":false},"featured_media":1821,"template":"","meta":{"_kad_blocks_custom_css":"","_kad_blocks_head_custom_js":"","_kad_blocks_body_custom_js":"","_kad_blocks_footer_custom_js":"","_kadence_starter_templates_imported_post":false,"_kad_post_transparent":"default","_kad_post_title":"","_kad_post_layout":"default","_kad_post_sidebar_id":"","_kad_post_content_style":"default","_kad_post_vertical_padding":"default","_kad_post_feature":"","_kad_post_feature_position":"","_kad_post_header":false,"_kad_post_footer":false},"product_cat":[77],"product_tag":[],"class_list":{"0":"post-1768","1":"product","2":"type-product","3":"status-publish","4":"has-post-thumbnail","6":"product_cat-tubos-flexibles-de-poliamida-y-accesorios","8":"first","9":"instock","10":"shipping-taxable","11":"product-type-simple","12":"entry","13":"content-bg","14":"loop-entry"},"yoast_head":"<!-- This site is optimized with the Yoast SEO plugin v21.7 - https:\/\/yoast.com\/wordpress\/plugins\/seo\/ -->\n<title>Racor con Prensa PG PA6 - Fleximat<\/title>\n<meta name=\"robots\" content=\"index, follow, max-snippet:-1, max-image-preview:large, max-video-preview:-1\" \/>\n<link rel=\"canonical\" href=\"https:\/\/www.fleximat.es\/zh\/product\/racor-con-prensa-pg-pa6\/\" \/>\n<meta property=\"og:locale\" content=\"zh_CN\" \/>\n<meta property=\"og:type\" content=\"article\" \/>\n<meta property=\"og:title\" content=\"Racor con Prensa PG PA6 - Fleximat\" \/>\n<meta property=\"og:description\" content=\"Caracter\u00edsticas    Sombrerete Lat\u00f3n Niquelado   Junta de sellado TPV   Cuerpo Inserto para cable de aceroinnoxidable: PA6 V2   Junta t\u00f3rica NBR   Tipo de Rosca M\u00e9trica (EN 60423)   Estanqueidad IP68 - 5 bar   Temperatura de trabajo continua -40 \u00baC +100 \u00baC\" \/>\n<meta property=\"og:url\" content=\"https:\/\/www.fleximat.es\/zh\/product\/racor-con-prensa-pg-pa6\/\" \/>\n<meta property=\"og:site_name\" content=\"Fleximat\" \/>\n<meta property=\"article:modified_time\" content=\"2023-10-25T09:32:24+00:00\" \/>\n<meta property=\"og:image\" content=\"https:\/\/www.fleximat.es\/wp-content\/uploads\/2023\/10\/racor-con-prensa.jpg\" \/>\n\t<meta property=\"og:image:width\" content=\"650\" \/>\n\t<meta property=\"og:image:height\" content=\"599\" \/>\n\t<meta property=\"og:image:type\" content=\"image\/jpeg\" \/>\n<meta name=\"twitter:card\" content=\"summary_large_image\" \/>\n<meta name=\"twitter:label1\" content=\"\u9884\u8ba1\u9605\u8bfb\u65f6\u95f4\" \/>\n\t<meta name=\"twitter:data1\" content=\"1 \u5206\" \/>\n<script type=\"application\/ld+json\" class=\"yoast-schema-graph\">{\"@context\":\"https:\/\/schema.org\",\"@graph\":[{\"@type\":\"WebPage\",\"@id\":\"https:\/\/www.fleximat.es\/producto\/racor-con-prensa-pg-pa6\/\",\"url\":\"https:\/\/www.fleximat.es\/producto\/racor-con-prensa-pg-pa6\/\",\"name\":\"Racor con Prensa PG PA6 - Fleximat\",\"isPartOf\":{\"@id\":\"https:\/\/www.fleximat.es\/bn\/#website\"},\"datePublished\":\"2023-10-18T15:54:28+00:00\",\"dateModified\":\"2023-10-25T09:32:24+00:00\",\"breadcrumb\":{\"@id\":\"https:\/\/www.fleximat.es\/producto\/racor-con-prensa-pg-pa6\/#breadcrumb\"},\"inLanguage\":\"zh-Hans\",\"potentialAction\":[{\"@type\":\"ReadAction\",\"target\":[\"https:\/\/www.fleximat.es\/producto\/racor-con-prensa-pg-pa6\/\"]}]},{\"@type\":\"BreadcrumbList\",\"@id\":\"https:\/\/www.fleximat.es\/producto\/racor-con-prensa-pg-pa6\/#breadcrumb\",\"itemListElement\":[{\"@type\":\"ListItem\",\"position\":1,\"name\":\"Portada\",\"item\":\"https:\/\/www.fleximat.es\/\"},{\"@type\":\"ListItem\",\"position\":2,\"name\":\"Productos\",\"item\":\"https:\/\/www.fleximat.es\/en\/productos\/\"},{\"@type\":\"ListItem\",\"position\":3,\"name\":\"Racor con Prensa PG PA6\"}]},{\"@type\":\"WebSite\",\"@id\":\"https:\/\/www.fleximat.es\/bn\/#website\",\"url\":\"https:\/\/www.fleximat.es\/bn\/\",\"name\":\"Fleximat\",\"description\":\"Tu soluci\u00f3n en prensaestopas y tubos flexibles\",\"publisher\":{\"@id\":\"https:\/\/www.fleximat.es\/bn\/#organization\"},\"potentialAction\":[{\"@type\":\"SearchAction\",\"target\":{\"@type\":\"EntryPoint\",\"urlTemplate\":\"https:\/\/www.fleximat.es\/bn\/?s={search_term_string}\"},\"query-input\":\"required name=search_term_string\"}],\"inLanguage\":\"zh-Hans\"},{\"@type\":\"Organization\",\"@id\":\"https:\/\/www.fleximat.es\/bn\/#organization\",\"name\":\"Fleximat\",\"url\":\"https:\/\/www.fleximat.es\/bn\/\",\"logo\":{\"@type\":\"ImageObject\",\"inLanguage\":\"zh-Hans\",\"@id\":\"https:\/\/www.fleximat.es\/bn\/#\/schema\/logo\/image\/\",\"url\":\"https:\/\/www.fleximat.es\/wp-content\/uploads\/2023\/11\/fleximat-logo-1.png\",\"contentUrl\":\"https:\/\/www.fleximat.es\/wp-content\/uploads\/2023\/11\/fleximat-logo-1.png\",\"width\":1169,\"height\":289,\"caption\":\"Fleximat\"},\"image\":{\"@id\":\"https:\/\/www.fleximat.es\/bn\/#\/schema\/logo\/image\/\"}}]}<\/script>\n<!-- \/ Yoast SEO plugin. -->","yoast_head_json":{"title":"Racor con Prensa PG PA6 - Fleximat","robots":{"index":"index","follow":"follow","max-snippet":"max-snippet:-1","max-image-preview":"max-image-preview:large","max-video-preview":"max-video-preview:-1"},"canonical":"https:\/\/www.fleximat.es\/zh\/product\/racor-con-prensa-pg-pa6\/","og_locale":"zh_CN","og_type":"article","og_title":"Racor con Prensa PG PA6 - Fleximat","og_description":"Caracter\u00edsticas    Sombrerete Lat\u00f3n Niquelado   Junta de sellado TPV   Cuerpo Inserto para cable de aceroinnoxidable: PA6 V2   Junta t\u00f3rica NBR   Tipo de Rosca M\u00e9trica (EN 60423)   Estanqueidad IP68 - 5 bar   Temperatura de trabajo continua -40 \u00baC +100 \u00baC","og_url":"https:\/\/www.fleximat.es\/zh\/product\/racor-con-prensa-pg-pa6\/","og_site_name":"Fleximat","article_modified_time":"2023-10-25T09:32:24+00:00","og_image":[{"width":650,"height":599,"url":"https:\/\/www.fleximat.es\/wp-content\/uploads\/2023\/10\/racor-con-prensa.jpg","type":"image\/jpeg"}],"twitter_card":"summary_large_image","twitter_misc":{"\u9884\u8ba1\u9605\u8bfb\u65f6\u95f4":"1 \u5206"},"schema":{"@context":"https:\/\/schema.org","@graph":[{"@type":"WebPage","@id":"https:\/\/www.fleximat.es\/producto\/racor-con-prensa-pg-pa6\/","url":"https:\/\/www.fleximat.es\/producto\/racor-con-prensa-pg-pa6\/","name":"Racor con Prensa PG PA6 - Fleximat","isPartOf":{"@id":"https:\/\/www.fleximat.es\/bn\/#website"},"datePublished":"2023-10-18T15:54:28+00:00","dateModified":"2023-10-25T09:32:24+00:00","breadcrumb":{"@id":"https:\/\/www.fleximat.es\/producto\/racor-con-prensa-pg-pa6\/#breadcrumb"},"inLanguage":"zh-Hans","potentialAction":[{"@type":"ReadAction","target":["https:\/\/www.fleximat.es\/producto\/racor-con-prensa-pg-pa6\/"]}]},{"@type":"BreadcrumbList","@id":"https:\/\/www.fleximat.es\/producto\/racor-con-prensa-pg-pa6\/#breadcrumb","itemListElement":[{"@type":"ListItem","position":1,"name":"Portada","item":"https:\/\/www.fleximat.es\/"},{"@type":"ListItem","position":2,"name":"Productos","item":"https:\/\/www.fleximat.es\/en\/productos\/"},{"@type":"ListItem","position":3,"name":"Racor con Prensa PG PA6"}]},{"@type":"WebSite","@id":"https:\/\/www.fleximat.es\/bn\/#website","url":"https:\/\/www.fleximat.es\/bn\/","name":"Fleximat","description":"Tu soluci\u00f3n en prensaestopas y tubos flexibles","publisher":{"@id":"https:\/\/www.fleximat.es\/bn\/#organization"},"potentialAction":[{"@type":"SearchAction","target":{"@type":"EntryPoint","urlTemplate":"https:\/\/www.fleximat.es\/bn\/?s={search_term_string}"},"query-input":"required name=search_term_string"}],"inLanguage":"zh-Hans"},{"@type":"Organization","@id":"https:\/\/www.fleximat.es\/bn\/#organization","name":"Fleximat","url":"https:\/\/www.fleximat.es\/bn\/","logo":{"@type":"ImageObject","inLanguage":"zh-Hans","@id":"https:\/\/www.fleximat.es\/bn\/#\/schema\/logo\/image\/","url":"https:\/\/www.fleximat.es\/wp-content\/uploads\/2023\/11\/fleximat-logo-1.png","contentUrl":"https:\/\/www.fleximat.es\/wp-content\/uploads\/2023\/11\/fleximat-logo-1.png","width":1169,"height":289,"caption":"Fleximat"},"image":{"@id":"https:\/\/www.fleximat.es\/bn\/#\/schema\/logo\/image\/"}}]}},"taxonomy_info":{"product_cat":[{"value":77,"label":"Tubos flexibles de poliamida y accesorios"}]},"featured_image_src_large":["https:\/\/www.fleximat.es\/wp-content\/uploads\/2023\/10\/racor-con-prensa.jpg",650,599,false],"author_info":[],"comment_info":"","_links":{"self":[{"href":"https:\/\/www.fleximat.es\/zh\/wp-json\/wp\/v2\/product\/1768"}],"collection":[{"href":"https:\/\/www.fleximat.es\/zh\/wp-json\/wp\/v2\/product"}],"about":[{"href":"https:\/\/www.fleximat.es\/zh\/wp-json\/wp\/v2\/types\/product"}],"wp:featuredmedia":[{"embeddable":true,"href":"https:\/\/www.fleximat.es\/zh\/wp-json\/wp\/v2\/media\/1821"}],"wp:attachment":[{"href":"https:\/\/www.fleximat.es\/zh\/wp-json\/wp\/v2\/media?parent=1768"}],"wp:term":[{"taxonomy":"product_cat","embeddable":true,"href":"https:\/\/www.fleximat.es\/zh\/wp-json\/wp\/v2\/product_cat?post=1768"},{"taxonomy":"product_tag","embeddable":true,"href":"https:\/\/www.fleximat.es\/zh\/wp-json\/wp\/v2\/product_tag?post=1768"}],"curies":[{"name":"wp","href":"https:\/\/api.w.org\/{rel}","templated":true}]}}