{"id":1807,"date":"2023-10-18T17:54:56","date_gmt":"2023-10-18T15:54:56","guid":{"rendered":"https:\/\/www.fleximat.es\/?post_type=product&#038;p=1807"},"modified":"2023-12-04T17:45:19","modified_gmt":"2023-12-04T16:45:19","slug":"emparejador-hembra-atex","status":"publish","type":"product","link":"https:\/\/www.fleximat.es\/zh\/product\/emparejador-hembra-atex\/","title":{"rendered":"ATEX \u6bcd\u5339\u914d\u5668"},"content":{"rendered":"<h4>\u7279\u6027<\/h4>\n<p>\u6d77\u519b\u5927\u697c<br \/>\n\u79bb\u5cb8<br \/>\n\u98ce\u529b\u53d1\u7535\u5382\u7528\u94e0\u88c5\u7535\u7f06<br \/>\n\u7535\u7f06\u8303\u56f4\u5e7f<\/p>\n<h3>\u4ea7\u54c1\u63cf\u8ff0<\/h3>\n<p>\u91d1\u5c5e\u7535\u7f06\u5bc6\u5c01\u5957\u662f\u4e00\u79cd\u5141\u8bb8\u5728\u4e00\u7aef\u8fdb\u884c\u538b\u7f29\u5bc6\u5c01\uff0c\u540c\u65f6\u786e\u4fdd\u4f7f\u7528\u5916\u87ba\u7eb9\u4e0e\u53e6\u4e00\u7aef\u8fde\u63a5\u7684\u90e8\u4ef6\u3002<\/p>\n<p>\u91d1\u5c5e\u7535\u7f06\u5bc6\u5c01\u5957\u5177\u6709\u591a\u79cd\u7279\u6027\uff0c\u65e0\u8bba\u662f\u673a\u68b0\u3001\u5316\u5b66\u8fd8\u662f\u6027\u80fd\u3002\u7535\u7f06\u5bc6\u5c01\u5957\u7ec4\u88c5\u5feb\u901f\u4e14\u6613\u4e8e\u5b89\u88c5\u3002\u5b83\u4eec\u5177\u6709\u5f88\u5bbd\u7684\u5de5\u4f5c\u6e29\u5ea6\u8303\u56f4\u3002<\/p>\n<p>\u4ece\u673a\u68b0\u89d2\u5ea6\u6765\u770b\uff0c\u5b83\u4eec\u53ef\u4ee5\u627f\u53d7\u5e76\u5438\u6536\u4efb\u4f55\u7c7b\u578b\u7684\u62c9\u529b\u3001\u632f\u52a8\u548c\u51b2\u51fb\u3002<\/p>\n<p>A2 \u516c\u5236\u91d1\u5c5e IP-54 \u7535\u7f06\u5bc6\u5c01\u5957\u662f\u8f83\u65e7\u7684\u7248\u672c\uff0c\u5176\u8bbe\u8ba1\u6bd4\u65b0\u578b\u53f7\u66f4\u65e7\u3002<\/p>\n<table class=\"table table-bordered table-striped\">\n<thead>\n<tr>\n<td>\u7ebf<\/td>\n<td>\u4ee3\u7801<\/td>\n<td>\u603b\u957f\u5ea6\u6beb\u7c73<\/td>\n<td>\u00d8 \u6beb\u7c73<\/td>\n<td>\u6beb\u7c73<\/td>\n<td>\u6beb\u7c73<\/td>\n<\/tr>\n<\/thead>\n<tbody>\n<tr>\n<td>\u4e2d\u53f716\u00d71.5<\/td>\n<td>MACG16A<\/td>\n<td>9<\/td>\n<td>20<\/td>\n<td>20<\/td>\n<td>10,5<\/td>\n<\/tr>\n<tr>\n<td>\u4e2d\u53f718\u00d71.5<\/td>\n<td>MACG18A<\/td>\n<td>10<\/td>\n<td>22<\/td>\n<td>22<\/td>\n<td>11,5<\/td>\n<\/tr>\n<tr>\n<td>\u4e2d\u53f718\u00d71.5<\/td>\n<td>MACG18B<\/td>\n<td>10<\/td>\n<td>22<\/td>\n<td>22<\/td>\n<td>11,5 &#8211; 12,5<\/td>\n<\/tr>\n<tr>\n<td>\u4e2d\u53f724\u00d71.5<\/td>\n<td>MACG24A<\/td>\n<td>11<\/td>\n<td>28<\/td>\n<td>27<\/td>\n<td>11,5<\/td>\n<\/tr>\n<tr>\n<td>\u4e2d\u53f724\u00d71.5<\/td>\n<td>MACG24B<\/td>\n<td>11<\/td>\n<td>28<\/td>\n<td>27<\/td>\n<td>11,5 &#8211; 13,5<\/td>\n<\/tr>\n<tr>\n<td>\u4e2d\u53f724\u00d71.5<\/td>\n<td>MACG24C<\/td>\n<td>11<\/td>\n<td>28<\/td>\n<td>27<\/td>\n<td>13,5 &#8211; 16,5<\/td>\n<\/tr>\n<tr>\n<td>\u4e2d\u53f730\u00d72.0<\/td>\n<td>MACG30A<\/td>\n<td>12<\/td>\n<td>35<\/td>\n<td>32<\/td>\n<td>16,5 &#8211; 18<\/td>\n<\/tr>\n<tr>\n<td>\u4e2d\u53f730\u00d72.0<\/td>\n<td>MACG30B<\/td>\n<td>12<\/td>\n<td>35<\/td>\n<td>32<\/td>\n<td>18 &#8211; 19,5<\/td>\n<\/tr>\n<tr>\n<td>\u4e2d\u53f730\u00d72.0<\/td>\n<td>MACG30C<\/td>\n<td>12<\/td>\n<td>35<\/td>\n<td>32<\/td>\n<td>19,5 &#8211; 20,5<\/td>\n<\/tr>\n<tr>\n<td>\u4e2d\u53f736\u00d72.0<\/td>\n<td>MACG36A<\/td>\n<td>13<\/td>\n<td>40<\/td>\n<td>40<\/td>\n<td>20,5 &#8211; 22,5<\/td>\n<\/tr>\n<tr>\n<td>\u4e2d\u53f736\u00d72.0<\/td>\n<td>MACG36B<\/td>\n<td>13<\/td>\n<td>40<\/td>\n<td>40<\/td>\n<td>22,5 &#8211; 25,5<\/td>\n<\/tr>\n<tr>\n<td>\u4e2d\u53f745\u00d72.0<\/td>\n<td>MACG45A<\/td>\n<td>14<\/td>\n<td>50<\/td>\n<td>50<\/td>\n<td>25,5 &#8211; 27,5<\/td>\n<\/tr>\n<tr>\n<td>\u4e2d\u53f745\u00d72.0<\/td>\n<td>MACG45B<\/td>\n<td>14<\/td>\n<td>50<\/td>\n<td>50<\/td>\n<td>27,5 &#8211; 31,5<\/td>\n<\/tr>\n<tr>\n<td>\u4e2d\u53f756\u00d72.0<\/td>\n<td>MACG56A<\/td>\n<td>15<\/td>\n<td>62<\/td>\n<td>60<\/td>\n<td>31,5 &#8211; 34<\/td>\n<\/tr>\n<tr>\n<td>\u4e2d\u53f756\u00d72.0<\/td>\n<td>MACG56B<\/td>\n<td>15<\/td>\n<td>62<\/td>\n<td>60<\/td>\n<td>34 &#8211; 37,5<\/td>\n<\/tr>\n<tr>\n<td>\u4e2d\u53f756\u00d72.0<\/td>\n<td>MACG56C<\/td>\n<td>15<\/td>\n<td>62<\/td>\n<td>60<\/td>\n<td>37,5 &#8211; 41<\/td>\n<\/tr>\n<tr>\n<td>\u4e2d\u53f772\u00d72.0<\/td>\n<td>MACG72A<\/td>\n<td>16<\/td>\n<td>78<\/td>\n<td>75<\/td>\n<td>41 &#8211; 46<\/td>\n<\/tr>\n<tr>\n<td>\u4e2d\u53f772\u00d72.0<\/td>\n<td>MACG72B<\/td>\n<td>16<\/td>\n<td>78<\/td>\n<td>75<\/td>\n<td>46 &#8211; 50,5<\/td>\n<\/tr>\n<\/tbody>\n<\/table>","protected":false},"excerpt":{"rendered":"<table>\n<tbody>\n<tr>\n<td>\n<h3>\u7279\u5f81<\/h3>\n<\/td>\n<td><img decoding=\"async\" class=\"size-full wp-image-2038 alignright\" src=\"https:\/\/www.fleximat.es\/wp-content\/uploads\/2023\/10\/directiva-atex-para-entornos-de-trabajo.png\" alt=\"\" width=\"60\" \/><\/td>\n<\/tr>\n<tr>\n<td><strong>\u5bc6\u5c01\u57ab\u7247<\/strong><\/td>\n<td>\u9540\u954d\u9ec4\u94dc<\/td>\n<\/tr>\n<tr>\n<td><strong>O \u578b\u5708<\/strong><\/td>\n<td>\u4e01\u8148\u6a61\u80f6<\/td>\n<\/tr>\n<tr>\n<td><strong>\u87ba\u7eb9\u7c7b\u578b<\/strong><\/td>\n<td>PG (DIN 40430)<\/td>\n<\/tr>\n<tr>\n<td><strong>\u677e\u7d27\u5ea6<\/strong><\/td>\n<td>IP54<\/td>\n<\/tr>\n<tr>\n<td><strong>\u8fde\u7eed\u5de5\u4f5c\u6e29\u5ea6<\/strong><\/td>\n<td>-40\u2103+100\u2103<\/td>\n<\/tr>\n<\/tbody>\n<\/table>","protected":false},"featured_media":3097,"template":"","meta":{"_kad_blocks_custom_css":"","_kad_blocks_head_custom_js":"","_kad_blocks_body_custom_js":"","_kad_blocks_footer_custom_js":"","_kadence_starter_templates_imported_post":false,"_kad_post_transparent":"default","_kad_post_title":"","_kad_post_layout":"default","_kad_post_sidebar_id":"","_kad_post_content_style":"default","_kad_post_vertical_padding":"default","_kad_post_feature":"","_kad_post_feature_position":"","_kad_post_header":false,"_kad_post_footer":false},"product_cat":[84,86],"product_tag":[],"class_list":{"0":"post-1807","1":"product","2":"type-product","3":"status-publish","4":"has-post-thumbnail","6":"product_cat-prensaestopas-y-accesorios-atex","7":"product_cat-accesorios-atex","9":"first","10":"instock","11":"shipping-taxable","12":"product-type-simple","13":"entry","14":"content-bg","15":"loop-entry"},"yoast_head":"<!-- This site is optimized with the Yoast SEO plugin v21.7 - https:\/\/yoast.com\/wordpress\/plugins\/seo\/ -->\n<title>Emparejador Hembra ATEX - Fleximat<\/title>\n<meta name=\"robots\" content=\"index, follow, max-snippet:-1, max-image-preview:large, max-video-preview:-1\" \/>\n<link rel=\"canonical\" href=\"https:\/\/www.fleximat.es\/zh\/product\/emparejador-hembra-atex\/\" \/>\n<meta property=\"og:locale\" content=\"zh_CN\" \/>\n<meta property=\"og:type\" content=\"article\" \/>\n<meta property=\"og:title\" content=\"Emparejador Hembra ATEX - Fleximat\" \/>\n<meta property=\"og:description\" content=\"Caracter\u00edsticas     Junta de sellado Lat\u00f3n Niquelado   Junta t\u00f3rica NBR   Tipo de Rosca PG (DIN 40430)   Estanqueidad IP54   Temperatura de trabajo continua -40 \u00baC +100 \u00baC\" \/>\n<meta property=\"og:url\" content=\"https:\/\/www.fleximat.es\/zh\/product\/emparejador-hembra-atex\/\" \/>\n<meta property=\"og:site_name\" content=\"Fleximat\" \/>\n<meta property=\"article:modified_time\" content=\"2023-12-04T16:45:19+00:00\" \/>\n<meta property=\"og:image\" content=\"https:\/\/www.fleximat.es\/wp-content\/uploads\/2023\/12\/th_crop_1563975288emparejador-hembra-atex.png\" \/>\n\t<meta property=\"og:image:width\" content=\"600\" \/>\n\t<meta property=\"og:image:height\" content=\"600\" \/>\n\t<meta property=\"og:image:type\" content=\"image\/png\" \/>\n<meta name=\"twitter:card\" content=\"summary_large_image\" \/>\n<meta name=\"twitter:label1\" content=\"\u9884\u8ba1\u9605\u8bfb\u65f6\u95f4\" \/>\n\t<meta name=\"twitter:data1\" content=\"1 \u5206\" \/>\n<script type=\"application\/ld+json\" class=\"yoast-schema-graph\">{\"@context\":\"https:\/\/schema.org\",\"@graph\":[{\"@type\":\"WebPage\",\"@id\":\"https:\/\/www.fleximat.es\/producto\/emparejador-hembra-atex\/\",\"url\":\"https:\/\/www.fleximat.es\/producto\/emparejador-hembra-atex\/\",\"name\":\"Emparejador Hembra ATEX - Fleximat\",\"isPartOf\":{\"@id\":\"https:\/\/www.fleximat.es\/bn\/#website\"},\"datePublished\":\"2023-10-18T15:54:56+00:00\",\"dateModified\":\"2023-12-04T16:45:19+00:00\",\"breadcrumb\":{\"@id\":\"https:\/\/www.fleximat.es\/producto\/emparejador-hembra-atex\/#breadcrumb\"},\"inLanguage\":\"zh-Hans\",\"potentialAction\":[{\"@type\":\"ReadAction\",\"target\":[\"https:\/\/www.fleximat.es\/producto\/emparejador-hembra-atex\/\"]}]},{\"@type\":\"BreadcrumbList\",\"@id\":\"https:\/\/www.fleximat.es\/producto\/emparejador-hembra-atex\/#breadcrumb\",\"itemListElement\":[{\"@type\":\"ListItem\",\"position\":1,\"name\":\"Portada\",\"item\":\"https:\/\/www.fleximat.es\/\"},{\"@type\":\"ListItem\",\"position\":2,\"name\":\"Productos\",\"item\":\"https:\/\/www.fleximat.es\/en\/productos\/\"},{\"@type\":\"ListItem\",\"position\":3,\"name\":\"Emparejador Hembra ATEX\"}]},{\"@type\":\"WebSite\",\"@id\":\"https:\/\/www.fleximat.es\/bn\/#website\",\"url\":\"https:\/\/www.fleximat.es\/bn\/\",\"name\":\"Fleximat\",\"description\":\"Tu soluci\u00f3n en prensaestopas y tubos flexibles\",\"publisher\":{\"@id\":\"https:\/\/www.fleximat.es\/bn\/#organization\"},\"potentialAction\":[{\"@type\":\"SearchAction\",\"target\":{\"@type\":\"EntryPoint\",\"urlTemplate\":\"https:\/\/www.fleximat.es\/bn\/?s={search_term_string}\"},\"query-input\":\"required name=search_term_string\"}],\"inLanguage\":\"zh-Hans\"},{\"@type\":\"Organization\",\"@id\":\"https:\/\/www.fleximat.es\/bn\/#organization\",\"name\":\"Fleximat\",\"url\":\"https:\/\/www.fleximat.es\/bn\/\",\"logo\":{\"@type\":\"ImageObject\",\"inLanguage\":\"zh-Hans\",\"@id\":\"https:\/\/www.fleximat.es\/bn\/#\/schema\/logo\/image\/\",\"url\":\"https:\/\/www.fleximat.es\/wp-content\/uploads\/2023\/11\/fleximat-logo-1.png\",\"contentUrl\":\"https:\/\/www.fleximat.es\/wp-content\/uploads\/2023\/11\/fleximat-logo-1.png\",\"width\":1169,\"height\":289,\"caption\":\"Fleximat\"},\"image\":{\"@id\":\"https:\/\/www.fleximat.es\/bn\/#\/schema\/logo\/image\/\"}}]}<\/script>\n<!-- \/ Yoast SEO plugin. -->","yoast_head_json":{"title":"Emparejador Hembra ATEX - Fleximat","robots":{"index":"index","follow":"follow","max-snippet":"max-snippet:-1","max-image-preview":"max-image-preview:large","max-video-preview":"max-video-preview:-1"},"canonical":"https:\/\/www.fleximat.es\/zh\/product\/emparejador-hembra-atex\/","og_locale":"zh_CN","og_type":"article","og_title":"Emparejador Hembra ATEX - Fleximat","og_description":"Caracter\u00edsticas     Junta de sellado Lat\u00f3n Niquelado   Junta t\u00f3rica NBR   Tipo de Rosca PG (DIN 40430)   Estanqueidad IP54   Temperatura de trabajo continua -40 \u00baC +100 \u00baC","og_url":"https:\/\/www.fleximat.es\/zh\/product\/emparejador-hembra-atex\/","og_site_name":"Fleximat","article_modified_time":"2023-12-04T16:45:19+00:00","og_image":[{"width":600,"height":600,"url":"https:\/\/www.fleximat.es\/wp-content\/uploads\/2023\/12\/th_crop_1563975288emparejador-hembra-atex.png","type":"image\/png"}],"twitter_card":"summary_large_image","twitter_misc":{"\u9884\u8ba1\u9605\u8bfb\u65f6\u95f4":"1 \u5206"},"schema":{"@context":"https:\/\/schema.org","@graph":[{"@type":"WebPage","@id":"https:\/\/www.fleximat.es\/producto\/emparejador-hembra-atex\/","url":"https:\/\/www.fleximat.es\/producto\/emparejador-hembra-atex\/","name":"Emparejador Hembra ATEX - Fleximat","isPartOf":{"@id":"https:\/\/www.fleximat.es\/bn\/#website"},"datePublished":"2023-10-18T15:54:56+00:00","dateModified":"2023-12-04T16:45:19+00:00","breadcrumb":{"@id":"https:\/\/www.fleximat.es\/producto\/emparejador-hembra-atex\/#breadcrumb"},"inLanguage":"zh-Hans","potentialAction":[{"@type":"ReadAction","target":["https:\/\/www.fleximat.es\/producto\/emparejador-hembra-atex\/"]}]},{"@type":"BreadcrumbList","@id":"https:\/\/www.fleximat.es\/producto\/emparejador-hembra-atex\/#breadcrumb","itemListElement":[{"@type":"ListItem","position":1,"name":"Portada","item":"https:\/\/www.fleximat.es\/"},{"@type":"ListItem","position":2,"name":"Productos","item":"https:\/\/www.fleximat.es\/en\/productos\/"},{"@type":"ListItem","position":3,"name":"Emparejador Hembra ATEX"}]},{"@type":"WebSite","@id":"https:\/\/www.fleximat.es\/bn\/#website","url":"https:\/\/www.fleximat.es\/bn\/","name":"Fleximat","description":"Tu soluci\u00f3n en prensaestopas y tubos flexibles","publisher":{"@id":"https:\/\/www.fleximat.es\/bn\/#organization"},"potentialAction":[{"@type":"SearchAction","target":{"@type":"EntryPoint","urlTemplate":"https:\/\/www.fleximat.es\/bn\/?s={search_term_string}"},"query-input":"required name=search_term_string"}],"inLanguage":"zh-Hans"},{"@type":"Organization","@id":"https:\/\/www.fleximat.es\/bn\/#organization","name":"Fleximat","url":"https:\/\/www.fleximat.es\/bn\/","logo":{"@type":"ImageObject","inLanguage":"zh-Hans","@id":"https:\/\/www.fleximat.es\/bn\/#\/schema\/logo\/image\/","url":"https:\/\/www.fleximat.es\/wp-content\/uploads\/2023\/11\/fleximat-logo-1.png","contentUrl":"https:\/\/www.fleximat.es\/wp-content\/uploads\/2023\/11\/fleximat-logo-1.png","width":1169,"height":289,"caption":"Fleximat"},"image":{"@id":"https:\/\/www.fleximat.es\/bn\/#\/schema\/logo\/image\/"}}]}},"taxonomy_info":{"product_cat":[{"value":84,"label":"Prensaestopas y accesorios ATEX"},{"value":86,"label":"Accesorios ATEX"}]},"featured_image_src_large":["https:\/\/www.fleximat.es\/wp-content\/uploads\/2023\/12\/th_crop_1563975288emparejador-hembra-atex.png",600,600,false],"author_info":[],"comment_info":"","_links":{"self":[{"href":"https:\/\/www.fleximat.es\/zh\/wp-json\/wp\/v2\/product\/1807"}],"collection":[{"href":"https:\/\/www.fleximat.es\/zh\/wp-json\/wp\/v2\/product"}],"about":[{"href":"https:\/\/www.fleximat.es\/zh\/wp-json\/wp\/v2\/types\/product"}],"wp:featuredmedia":[{"embeddable":true,"href":"https:\/\/www.fleximat.es\/zh\/wp-json\/wp\/v2\/media\/3097"}],"wp:attachment":[{"href":"https:\/\/www.fleximat.es\/zh\/wp-json\/wp\/v2\/media?parent=1807"}],"wp:term":[{"taxonomy":"product_cat","embeddable":true,"href":"https:\/\/www.fleximat.es\/zh\/wp-json\/wp\/v2\/product_cat?post=1807"},{"taxonomy":"product_tag","embeddable":true,"href":"https:\/\/www.fleximat.es\/zh\/wp-json\/wp\/v2\/product_tag?post=1807"}],"curies":[{"name":"wp","href":"https:\/\/api.w.org\/{rel}","templated":true}]}}